{"id":18580,"date":"2024-05-31T16:09:37","date_gmt":"2024-05-31T15:09:37","guid":{"rendered":"https:\/\/pharmadreams.shop\/?post_type=product&#038;p=18580"},"modified":"2024-05-31T16:09:37","modified_gmt":"2024-05-31T15:09:37","slug":"avene-cicalfate-creme-reparatrice-protectrice-100ml","status":"publish","type":"product","link":"https:\/\/pharmadreams.shop\/index.php\/product\/avene-cicalfate-creme-reparatrice-protectrice-100ml\/","title":{"rendered":"AVENE CICALFATE+ CREME REPARATRICE PROTECTRICE 100ML"},"content":{"rendered":"","protected":false},"excerpt":{"rendered":"<p style=\"font-weight: 400;\"><b><strong>Indication:<\/strong><\/b><\/p>\n<p style=\"font-weight: 400;\">Peaux sensibles irrit\u00e9es.<\/p>\n<p style=\"font-weight: 400;\">Irritations s\u00e8ches.<\/p>\n<p style=\"font-weight: 400;\">Nourrissons, enfants, adultes.<\/p>\n<p style=\"font-weight: 400;\">Visage, corps, mains.<\/p>\n<p style=\"font-weight: 400;\"><b><strong>Description:<\/strong><\/b><\/p>\n<p style=\"font-weight: 400;\">La cr\u00e8me r\u00e9paratrice protectrice pour apaiser, r\u00e9parer (favorise la r\u00e9paration \u00e9pidermique) et assainir les peaux irrit\u00e9es de toute la famille au quotidien.<\/p>\n<p style=\"font-weight: 400;\">Une formule \u00e0 la fois R\u00c9PARATRICE et PROTECTRICE, tr\u00e8s bien tol\u00e9r\u00e9e, Cicalfate+ est la cr\u00e8me pour les irritations de toute la famille ; elle peut \u00eatre appliqu\u00e9e sur la peau comme sur les zones intimes externes<\/p>\n","protected":false},"featured_media":18581,"comment_status":"open","ping_status":"closed","template":"","meta":[],"product_brand":[],"product_cat":[78,86,131],"product_tag":[],"class_list":{"0":"post-18580","1":"product","2":"type-product","3":"status-publish","4":"has-post-thumbnail","6":"product_cat-cremes","7":"product_cat-peaux-sensibles-et-rougeurs","8":"product_cat-traitement-de-cicatrices","10":"first","11":"instock","12":"shipping-taxable","13":"purchasable","14":"product-type-simple"},"yoast_head":"<!-- This site is optimized with the Yoast SEO plugin v23.0 - https:\/\/yoast.com\/wordpress\/plugins\/seo\/ -->\n<title>AVENE CICALFATE+ CREME REPARATRICE PROTECTRICE 100ML - pharmadreams<\/title>\n<meta name=\"robots\" content=\"index, follow, max-snippet:-1, max-image-preview:large, max-video-preview:-1\" \/>\n<link rel=\"canonical\" href=\"https:\/\/pharmadreams.shop\/index.php\/product\/avene-cicalfate-creme-reparatrice-protectrice-100ml\/\" \/>\n<meta property=\"og:locale\" content=\"fr_FR\" \/>\n<meta property=\"og:type\" content=\"article\" \/>\n<meta property=\"og:title\" content=\"AVENE CICALFATE+ CREME REPARATRICE PROTECTRICE 100ML - pharmadreams\" \/>\n<meta property=\"og:description\" content=\"Indication: Peaux sensibles irrit\u00e9es. Irritations s\u00e8ches. Nourrissons, enfants, adultes. Visage, corps, mains. Description: La cr\u00e8me r\u00e9paratrice protectrice pour apaiser, r\u00e9parer (favorise la r\u00e9paration \u00e9pidermique) et assainir les peaux irrit\u00e9es de toute la famille au quotidien. Une formule \u00e0 la fois R\u00c9PARATRICE et PROTECTRICE, tr\u00e8s bien tol\u00e9r\u00e9e, Cicalfate+ est la cr\u00e8me pour les irritations de toute la famille ; elle peut \u00eatre appliqu\u00e9e sur la peau comme sur les zones intimes externes\" \/>\n<meta property=\"og:url\" content=\"https:\/\/pharmadreams.shop\/index.php\/product\/avene-cicalfate-creme-reparatrice-protectrice-100ml\/\" \/>\n<meta property=\"og:site_name\" content=\"pharmadreams\" \/>\n<meta property=\"og:image\" content=\"https:\/\/pharmadreams.shop\/wp-content\/uploads\/2024\/05\/avene-cicalfate-creme-reparatrice-protectrice-100ml.jpg\" \/>\n\t<meta property=\"og:image:width\" content=\"500\" \/>\n\t<meta property=\"og:image:height\" content=\"500\" \/>\n\t<meta property=\"og:image:type\" content=\"image\/jpeg\" \/>\n<meta name=\"twitter:card\" content=\"summary_large_image\" \/>\n<meta name=\"twitter:label1\" content=\"Dur\u00e9e de lecture estim\u00e9e\" \/>\n\t<meta name=\"twitter:data1\" content=\"1 minute\" \/>\n<script type=\"application\/ld+json\" class=\"yoast-schema-graph\">{\"@context\":\"https:\/\/schema.org\",\"@graph\":[{\"@type\":\"WebPage\",\"@id\":\"https:\/\/pharmadreams.shop\/index.php\/product\/avene-cicalfate-creme-reparatrice-protectrice-100ml\/\",\"url\":\"https:\/\/pharmadreams.shop\/index.php\/product\/avene-cicalfate-creme-reparatrice-protectrice-100ml\/\",\"name\":\"AVENE CICALFATE+ CREME REPARATRICE PROTECTRICE 100ML - pharmadreams\",\"isPartOf\":{\"@id\":\"https:\/\/pharmadreams.shop\/#website\"},\"primaryImageOfPage\":{\"@id\":\"https:\/\/pharmadreams.shop\/index.php\/product\/avene-cicalfate-creme-reparatrice-protectrice-100ml\/#primaryimage\"},\"image\":{\"@id\":\"https:\/\/pharmadreams.shop\/index.php\/product\/avene-cicalfate-creme-reparatrice-protectrice-100ml\/#primaryimage\"},\"thumbnailUrl\":\"https:\/\/pharmadreams.shop\/wp-content\/uploads\/2024\/05\/avene-cicalfate-creme-reparatrice-protectrice-100ml.jpg\",\"datePublished\":\"2024-05-31T15:09:37+00:00\",\"dateModified\":\"2024-05-31T15:09:37+00:00\",\"breadcrumb\":{\"@id\":\"https:\/\/pharmadreams.shop\/index.php\/product\/avene-cicalfate-creme-reparatrice-protectrice-100ml\/#breadcrumb\"},\"inLanguage\":\"fr-FR\",\"potentialAction\":[{\"@type\":\"ReadAction\",\"target\":[\"https:\/\/pharmadreams.shop\/index.php\/product\/avene-cicalfate-creme-reparatrice-protectrice-100ml\/\"]}]},{\"@type\":\"ImageObject\",\"inLanguage\":\"fr-FR\",\"@id\":\"https:\/\/pharmadreams.shop\/index.php\/product\/avene-cicalfate-creme-reparatrice-protectrice-100ml\/#primaryimage\",\"url\":\"https:\/\/pharmadreams.shop\/wp-content\/uploads\/2024\/05\/avene-cicalfate-creme-reparatrice-protectrice-100ml.jpg\",\"contentUrl\":\"https:\/\/pharmadreams.shop\/wp-content\/uploads\/2024\/05\/avene-cicalfate-creme-reparatrice-protectrice-100ml.jpg\",\"width\":500,\"height\":500},{\"@type\":\"BreadcrumbList\",\"@id\":\"https:\/\/pharmadreams.shop\/index.php\/product\/avene-cicalfate-creme-reparatrice-protectrice-100ml\/#breadcrumb\",\"itemListElement\":[{\"@type\":\"ListItem\",\"position\":1,\"name\":\"Accueil\",\"item\":\"https:\/\/pharmadreams.shop\/\"},{\"@type\":\"ListItem\",\"position\":2,\"name\":\"Shop\",\"item\":\"https:\/\/pharmadreams.shop\/index.php\/shop\/\"},{\"@type\":\"ListItem\",\"position\":3,\"name\":\"AVENE CICALFATE+ CREME REPARATRICE PROTECTRICE 100ML\"}]},{\"@type\":\"WebSite\",\"@id\":\"https:\/\/pharmadreams.shop\/#website\",\"url\":\"https:\/\/pharmadreams.shop\/\",\"name\":\"pharmadreams\",\"description\":\"Parapharmacie en ligne\",\"potentialAction\":[{\"@type\":\"SearchAction\",\"target\":{\"@type\":\"EntryPoint\",\"urlTemplate\":\"https:\/\/pharmadreams.shop\/?s={search_term_string}\"},\"query-input\":\"required name=search_term_string\"}],\"inLanguage\":\"fr-FR\"}]}<\/script>\n<!-- \/ Yoast SEO plugin. -->","yoast_head_json":{"title":"AVENE CICALFATE+ CREME REPARATRICE PROTECTRICE 100ML - pharmadreams","robots":{"index":"index","follow":"follow","max-snippet":"max-snippet:-1","max-image-preview":"max-image-preview:large","max-video-preview":"max-video-preview:-1"},"canonical":"https:\/\/pharmadreams.shop\/index.php\/product\/avene-cicalfate-creme-reparatrice-protectrice-100ml\/","og_locale":"fr_FR","og_type":"article","og_title":"AVENE CICALFATE+ CREME REPARATRICE PROTECTRICE 100ML - pharmadreams","og_description":"Indication: Peaux sensibles irrit\u00e9es. Irritations s\u00e8ches. Nourrissons, enfants, adultes. Visage, corps, mains. Description: La cr\u00e8me r\u00e9paratrice protectrice pour apaiser, r\u00e9parer (favorise la r\u00e9paration \u00e9pidermique) et assainir les peaux irrit\u00e9es de toute la famille au quotidien. Une formule \u00e0 la fois R\u00c9PARATRICE et PROTECTRICE, tr\u00e8s bien tol\u00e9r\u00e9e, Cicalfate+ est la cr\u00e8me pour les irritations de toute la famille ; elle peut \u00eatre appliqu\u00e9e sur la peau comme sur les zones intimes externes","og_url":"https:\/\/pharmadreams.shop\/index.php\/product\/avene-cicalfate-creme-reparatrice-protectrice-100ml\/","og_site_name":"pharmadreams","og_image":[{"width":500,"height":500,"url":"https:\/\/pharmadreams.shop\/wp-content\/uploads\/2024\/05\/avene-cicalfate-creme-reparatrice-protectrice-100ml.jpg","type":"image\/jpeg"}],"twitter_card":"summary_large_image","twitter_misc":{"Dur\u00e9e de lecture estim\u00e9e":"1 minute"},"schema":{"@context":"https:\/\/schema.org","@graph":[{"@type":"WebPage","@id":"https:\/\/pharmadreams.shop\/index.php\/product\/avene-cicalfate-creme-reparatrice-protectrice-100ml\/","url":"https:\/\/pharmadreams.shop\/index.php\/product\/avene-cicalfate-creme-reparatrice-protectrice-100ml\/","name":"AVENE CICALFATE+ CREME REPARATRICE PROTECTRICE 100ML - pharmadreams","isPartOf":{"@id":"https:\/\/pharmadreams.shop\/#website"},"primaryImageOfPage":{"@id":"https:\/\/pharmadreams.shop\/index.php\/product\/avene-cicalfate-creme-reparatrice-protectrice-100ml\/#primaryimage"},"image":{"@id":"https:\/\/pharmadreams.shop\/index.php\/product\/avene-cicalfate-creme-reparatrice-protectrice-100ml\/#primaryimage"},"thumbnailUrl":"https:\/\/pharmadreams.shop\/wp-content\/uploads\/2024\/05\/avene-cicalfate-creme-reparatrice-protectrice-100ml.jpg","datePublished":"2024-05-31T15:09:37+00:00","dateModified":"2024-05-31T15:09:37+00:00","breadcrumb":{"@id":"https:\/\/pharmadreams.shop\/index.php\/product\/avene-cicalfate-creme-reparatrice-protectrice-100ml\/#breadcrumb"},"inLanguage":"fr-FR","potentialAction":[{"@type":"ReadAction","target":["https:\/\/pharmadreams.shop\/index.php\/product\/avene-cicalfate-creme-reparatrice-protectrice-100ml\/"]}]},{"@type":"ImageObject","inLanguage":"fr-FR","@id":"https:\/\/pharmadreams.shop\/index.php\/product\/avene-cicalfate-creme-reparatrice-protectrice-100ml\/#primaryimage","url":"https:\/\/pharmadreams.shop\/wp-content\/uploads\/2024\/05\/avene-cicalfate-creme-reparatrice-protectrice-100ml.jpg","contentUrl":"https:\/\/pharmadreams.shop\/wp-content\/uploads\/2024\/05\/avene-cicalfate-creme-reparatrice-protectrice-100ml.jpg","width":500,"height":500},{"@type":"BreadcrumbList","@id":"https:\/\/pharmadreams.shop\/index.php\/product\/avene-cicalfate-creme-reparatrice-protectrice-100ml\/#breadcrumb","itemListElement":[{"@type":"ListItem","position":1,"name":"Accueil","item":"https:\/\/pharmadreams.shop\/"},{"@type":"ListItem","position":2,"name":"Shop","item":"https:\/\/pharmadreams.shop\/index.php\/shop\/"},{"@type":"ListItem","position":3,"name":"AVENE CICALFATE+ CREME REPARATRICE PROTECTRICE 100ML"}]},{"@type":"WebSite","@id":"https:\/\/pharmadreams.shop\/#website","url":"https:\/\/pharmadreams.shop\/","name":"pharmadreams","description":"Parapharmacie en ligne","potentialAction":[{"@type":"SearchAction","target":{"@type":"EntryPoint","urlTemplate":"https:\/\/pharmadreams.shop\/?s={search_term_string}"},"query-input":"required name=search_term_string"}],"inLanguage":"fr-FR"}]}},"_links":{"self":[{"href":"https:\/\/pharmadreams.shop\/index.php\/wp-json\/wp\/v2\/product\/18580","targetHints":{"allow":["GET"]}}],"collection":[{"href":"https:\/\/pharmadreams.shop\/index.php\/wp-json\/wp\/v2\/product"}],"about":[{"href":"https:\/\/pharmadreams.shop\/index.php\/wp-json\/wp\/v2\/types\/product"}],"replies":[{"embeddable":true,"href":"https:\/\/pharmadreams.shop\/index.php\/wp-json\/wp\/v2\/comments?post=18580"}],"version-history":[{"count":0,"href":"https:\/\/pharmadreams.shop\/index.php\/wp-json\/wp\/v2\/product\/18580\/revisions"}],"wp:featuredmedia":[{"embeddable":true,"href":"https:\/\/pharmadreams.shop\/index.php\/wp-json\/wp\/v2\/media\/18581"}],"wp:attachment":[{"href":"https:\/\/pharmadreams.shop\/index.php\/wp-json\/wp\/v2\/media?parent=18580"}],"wp:term":[{"taxonomy":"product_brand","embeddable":true,"href":"https:\/\/pharmadreams.shop\/index.php\/wp-json\/wp\/v2\/product_brand?post=18580"},{"taxonomy":"product_cat","embeddable":true,"href":"https:\/\/pharmadreams.shop\/index.php\/wp-json\/wp\/v2\/product_cat?post=18580"},{"taxonomy":"product_tag","embeddable":true,"href":"https:\/\/pharmadreams.shop\/index.php\/wp-json\/wp\/v2\/product_tag?post=18580"}],"curies":[{"name":"wp","href":"https:\/\/api.w.org\/{rel}","templated":true}]}}