{"id":18584,"date":"2024-06-03T10:05:20","date_gmt":"2024-06-03T09:05:20","guid":{"rendered":"https:\/\/pharmadreams.shop\/?post_type=product&#038;p=18584"},"modified":"2024-06-11T15:52:09","modified_gmt":"2024-06-11T14:52:09","slug":"daylong-actinica-lotion-80ml","status":"publish","type":"product","link":"https:\/\/pharmadreams.shop\/index.php\/product\/daylong-actinica-lotion-80ml\/","title":{"rendered":"DAYLONG Actinica Lotion 80ml"},"content":{"rendered":"","protected":false},"excerpt":{"rendered":"<p><a href=\"https:\/\/www.actinica.fr\/\" target=\"_blank\" rel=\"noopener\"><strong>Actinica Lotion<\/strong><\/a>\u00a0pr\u00e9vient des diff\u00e9rentes forme de cancer de la peau (non m\u00e9lanome) chez un patient \u00e0 risque (immunosupprim\u00e9). L\u2019efficacit\u00e9 de cette lotion a \u00e9t\u00e9 cliniquement prouv\u00e9 pour pr\u00e9venir des k\u00e9ratoses actiniques et des carcinomes \u00e9pidermo\u00efdes. Elle peut s\u2019appliquer sur le visage, le cou, le cuir chevelu, le d\u00e9collet\u00e9, l\u2019avant-bras, le dos de la main.<\/p>\n<p>C\u2019est une tr\u00e8s haute protection solaire et un dispositif m\u00e9dical qui permet \u00e9galement, en plus de la prot\u00e9ger, d\u2019hydrater votre peau.<\/p>\n","protected":false},"featured_media":18585,"comment_status":"open","ping_status":"closed","template":"","meta":[],"product_brand":[],"product_cat":[231,194,233],"product_tag":[],"class_list":{"0":"post-18584","1":"product","2":"type-product","3":"status-publish","4":"has-post-thumbnail","6":"product_cat-ecran-solaire","7":"product_cat-peaux-sensibles","8":"product_cat-protection-solaire","10":"first","11":"instock","12":"sale","13":"shipping-taxable","14":"purchasable","15":"product-type-simple"},"yoast_head":"<!-- This site is optimized with the Yoast SEO plugin v23.0 - https:\/\/yoast.com\/wordpress\/plugins\/seo\/ -->\n<title>DAYLONG Actinica Lotion 80ml - pharmadreams<\/title>\n<meta name=\"robots\" content=\"index, follow, max-snippet:-1, max-image-preview:large, max-video-preview:-1\" \/>\n<link rel=\"canonical\" href=\"https:\/\/pharmadreams.shop\/index.php\/product\/daylong-actinica-lotion-80ml\/\" \/>\n<meta property=\"og:locale\" content=\"fr_FR\" \/>\n<meta property=\"og:type\" content=\"article\" \/>\n<meta property=\"og:title\" content=\"DAYLONG Actinica Lotion 80ml - pharmadreams\" \/>\n<meta property=\"og:description\" content=\"Actinica Lotion\u00a0pr\u00e9vient des diff\u00e9rentes forme de cancer de la peau (non m\u00e9lanome) chez un patient \u00e0 risque (immunosupprim\u00e9). L\u2019efficacit\u00e9 de cette lotion a \u00e9t\u00e9 cliniquement prouv\u00e9 pour pr\u00e9venir des k\u00e9ratoses actiniques et des carcinomes \u00e9pidermo\u00efdes. Elle peut s\u2019appliquer sur le visage, le cou, le cuir chevelu, le d\u00e9collet\u00e9, l\u2019avant-bras, le dos de la main.  C\u2019est une tr\u00e8s haute protection solaire et un dispositif m\u00e9dical qui permet \u00e9galement, en plus de la prot\u00e9ger, d\u2019hydrater votre peau.\" \/>\n<meta property=\"og:url\" content=\"https:\/\/pharmadreams.shop\/index.php\/product\/daylong-actinica-lotion-80ml\/\" \/>\n<meta property=\"og:site_name\" content=\"pharmadreams\" \/>\n<meta property=\"article:modified_time\" content=\"2024-06-11T14:52:09+00:00\" \/>\n<meta property=\"og:image\" content=\"https:\/\/pharmadreams.shop\/wp-content\/uploads\/2024\/06\/daylong-actinica-lotion-80ml-p1.webp\" \/>\n\t<meta property=\"og:image:width\" content=\"650\" \/>\n\t<meta property=\"og:image:height\" content=\"650\" \/>\n\t<meta property=\"og:image:type\" content=\"image\/webp\" \/>\n<meta name=\"twitter:card\" content=\"summary_large_image\" \/>\n<meta name=\"twitter:label1\" content=\"Dur\u00e9e de lecture estim\u00e9e\" \/>\n\t<meta name=\"twitter:data1\" content=\"1 minute\" \/>\n<script type=\"application\/ld+json\" class=\"yoast-schema-graph\">{\"@context\":\"https:\/\/schema.org\",\"@graph\":[{\"@type\":\"WebPage\",\"@id\":\"https:\/\/pharmadreams.shop\/index.php\/product\/daylong-actinica-lotion-80ml\/\",\"url\":\"https:\/\/pharmadreams.shop\/index.php\/product\/daylong-actinica-lotion-80ml\/\",\"name\":\"DAYLONG Actinica Lotion 80ml - pharmadreams\",\"isPartOf\":{\"@id\":\"https:\/\/pharmadreams.shop\/#website\"},\"primaryImageOfPage\":{\"@id\":\"https:\/\/pharmadreams.shop\/index.php\/product\/daylong-actinica-lotion-80ml\/#primaryimage\"},\"image\":{\"@id\":\"https:\/\/pharmadreams.shop\/index.php\/product\/daylong-actinica-lotion-80ml\/#primaryimage\"},\"thumbnailUrl\":\"https:\/\/pharmadreams.shop\/wp-content\/uploads\/2024\/06\/daylong-actinica-lotion-80ml-p1.webp\",\"datePublished\":\"2024-06-03T09:05:20+00:00\",\"dateModified\":\"2024-06-11T14:52:09+00:00\",\"breadcrumb\":{\"@id\":\"https:\/\/pharmadreams.shop\/index.php\/product\/daylong-actinica-lotion-80ml\/#breadcrumb\"},\"inLanguage\":\"fr-FR\",\"potentialAction\":[{\"@type\":\"ReadAction\",\"target\":[\"https:\/\/pharmadreams.shop\/index.php\/product\/daylong-actinica-lotion-80ml\/\"]}]},{\"@type\":\"ImageObject\",\"inLanguage\":\"fr-FR\",\"@id\":\"https:\/\/pharmadreams.shop\/index.php\/product\/daylong-actinica-lotion-80ml\/#primaryimage\",\"url\":\"https:\/\/pharmadreams.shop\/wp-content\/uploads\/2024\/06\/daylong-actinica-lotion-80ml-p1.webp\",\"contentUrl\":\"https:\/\/pharmadreams.shop\/wp-content\/uploads\/2024\/06\/daylong-actinica-lotion-80ml-p1.webp\",\"width\":650,\"height\":650},{\"@type\":\"BreadcrumbList\",\"@id\":\"https:\/\/pharmadreams.shop\/index.php\/product\/daylong-actinica-lotion-80ml\/#breadcrumb\",\"itemListElement\":[{\"@type\":\"ListItem\",\"position\":1,\"name\":\"Accueil\",\"item\":\"https:\/\/pharmadreams.shop\/\"},{\"@type\":\"ListItem\",\"position\":2,\"name\":\"Shop\",\"item\":\"https:\/\/pharmadreams.shop\/index.php\/shop\/\"},{\"@type\":\"ListItem\",\"position\":3,\"name\":\"DAYLONG Actinica Lotion 80ml\"}]},{\"@type\":\"WebSite\",\"@id\":\"https:\/\/pharmadreams.shop\/#website\",\"url\":\"https:\/\/pharmadreams.shop\/\",\"name\":\"pharmadreams\",\"description\":\"Parapharmacie en ligne\",\"potentialAction\":[{\"@type\":\"SearchAction\",\"target\":{\"@type\":\"EntryPoint\",\"urlTemplate\":\"https:\/\/pharmadreams.shop\/?s={search_term_string}\"},\"query-input\":\"required name=search_term_string\"}],\"inLanguage\":\"fr-FR\"}]}<\/script>\n<!-- \/ Yoast SEO plugin. -->","yoast_head_json":{"title":"DAYLONG Actinica Lotion 80ml - pharmadreams","robots":{"index":"index","follow":"follow","max-snippet":"max-snippet:-1","max-image-preview":"max-image-preview:large","max-video-preview":"max-video-preview:-1"},"canonical":"https:\/\/pharmadreams.shop\/index.php\/product\/daylong-actinica-lotion-80ml\/","og_locale":"fr_FR","og_type":"article","og_title":"DAYLONG Actinica Lotion 80ml - pharmadreams","og_description":"Actinica Lotion\u00a0pr\u00e9vient des diff\u00e9rentes forme de cancer de la peau (non m\u00e9lanome) chez un patient \u00e0 risque (immunosupprim\u00e9). L\u2019efficacit\u00e9 de cette lotion a \u00e9t\u00e9 cliniquement prouv\u00e9 pour pr\u00e9venir des k\u00e9ratoses actiniques et des carcinomes \u00e9pidermo\u00efdes. Elle peut s\u2019appliquer sur le visage, le cou, le cuir chevelu, le d\u00e9collet\u00e9, l\u2019avant-bras, le dos de la main.  C\u2019est une tr\u00e8s haute protection solaire et un dispositif m\u00e9dical qui permet \u00e9galement, en plus de la prot\u00e9ger, d\u2019hydrater votre peau.","og_url":"https:\/\/pharmadreams.shop\/index.php\/product\/daylong-actinica-lotion-80ml\/","og_site_name":"pharmadreams","article_modified_time":"2024-06-11T14:52:09+00:00","og_image":[{"width":650,"height":650,"url":"https:\/\/pharmadreams.shop\/wp-content\/uploads\/2024\/06\/daylong-actinica-lotion-80ml-p1.webp","type":"image\/webp"}],"twitter_card":"summary_large_image","twitter_misc":{"Dur\u00e9e de lecture estim\u00e9e":"1 minute"},"schema":{"@context":"https:\/\/schema.org","@graph":[{"@type":"WebPage","@id":"https:\/\/pharmadreams.shop\/index.php\/product\/daylong-actinica-lotion-80ml\/","url":"https:\/\/pharmadreams.shop\/index.php\/product\/daylong-actinica-lotion-80ml\/","name":"DAYLONG Actinica Lotion 80ml - pharmadreams","isPartOf":{"@id":"https:\/\/pharmadreams.shop\/#website"},"primaryImageOfPage":{"@id":"https:\/\/pharmadreams.shop\/index.php\/product\/daylong-actinica-lotion-80ml\/#primaryimage"},"image":{"@id":"https:\/\/pharmadreams.shop\/index.php\/product\/daylong-actinica-lotion-80ml\/#primaryimage"},"thumbnailUrl":"https:\/\/pharmadreams.shop\/wp-content\/uploads\/2024\/06\/daylong-actinica-lotion-80ml-p1.webp","datePublished":"2024-06-03T09:05:20+00:00","dateModified":"2024-06-11T14:52:09+00:00","breadcrumb":{"@id":"https:\/\/pharmadreams.shop\/index.php\/product\/daylong-actinica-lotion-80ml\/#breadcrumb"},"inLanguage":"fr-FR","potentialAction":[{"@type":"ReadAction","target":["https:\/\/pharmadreams.shop\/index.php\/product\/daylong-actinica-lotion-80ml\/"]}]},{"@type":"ImageObject","inLanguage":"fr-FR","@id":"https:\/\/pharmadreams.shop\/index.php\/product\/daylong-actinica-lotion-80ml\/#primaryimage","url":"https:\/\/pharmadreams.shop\/wp-content\/uploads\/2024\/06\/daylong-actinica-lotion-80ml-p1.webp","contentUrl":"https:\/\/pharmadreams.shop\/wp-content\/uploads\/2024\/06\/daylong-actinica-lotion-80ml-p1.webp","width":650,"height":650},{"@type":"BreadcrumbList","@id":"https:\/\/pharmadreams.shop\/index.php\/product\/daylong-actinica-lotion-80ml\/#breadcrumb","itemListElement":[{"@type":"ListItem","position":1,"name":"Accueil","item":"https:\/\/pharmadreams.shop\/"},{"@type":"ListItem","position":2,"name":"Shop","item":"https:\/\/pharmadreams.shop\/index.php\/shop\/"},{"@type":"ListItem","position":3,"name":"DAYLONG Actinica Lotion 80ml"}]},{"@type":"WebSite","@id":"https:\/\/pharmadreams.shop\/#website","url":"https:\/\/pharmadreams.shop\/","name":"pharmadreams","description":"Parapharmacie en ligne","potentialAction":[{"@type":"SearchAction","target":{"@type":"EntryPoint","urlTemplate":"https:\/\/pharmadreams.shop\/?s={search_term_string}"},"query-input":"required name=search_term_string"}],"inLanguage":"fr-FR"}]}},"_links":{"self":[{"href":"https:\/\/pharmadreams.shop\/index.php\/wp-json\/wp\/v2\/product\/18584","targetHints":{"allow":["GET"]}}],"collection":[{"href":"https:\/\/pharmadreams.shop\/index.php\/wp-json\/wp\/v2\/product"}],"about":[{"href":"https:\/\/pharmadreams.shop\/index.php\/wp-json\/wp\/v2\/types\/product"}],"replies":[{"embeddable":true,"href":"https:\/\/pharmadreams.shop\/index.php\/wp-json\/wp\/v2\/comments?post=18584"}],"version-history":[{"count":0,"href":"https:\/\/pharmadreams.shop\/index.php\/wp-json\/wp\/v2\/product\/18584\/revisions"}],"wp:featuredmedia":[{"embeddable":true,"href":"https:\/\/pharmadreams.shop\/index.php\/wp-json\/wp\/v2\/media\/18585"}],"wp:attachment":[{"href":"https:\/\/pharmadreams.shop\/index.php\/wp-json\/wp\/v2\/media?parent=18584"}],"wp:term":[{"taxonomy":"product_brand","embeddable":true,"href":"https:\/\/pharmadreams.shop\/index.php\/wp-json\/wp\/v2\/product_brand?post=18584"},{"taxonomy":"product_cat","embeddable":true,"href":"https:\/\/pharmadreams.shop\/index.php\/wp-json\/wp\/v2\/product_cat?post=18584"},{"taxonomy":"product_tag","embeddable":true,"href":"https:\/\/pharmadreams.shop\/index.php\/wp-json\/wp\/v2\/product_tag?post=18584"}],"curies":[{"name":"wp","href":"https:\/\/api.w.org\/{rel}","templated":true}]}}