{"id":18587,"date":"2024-06-03T10:17:46","date_gmt":"2024-06-03T09:17:46","guid":{"rendered":"https:\/\/pharmadreams.shop\/?post_type=product&#038;p=18587"},"modified":"2024-06-03T10:17:47","modified_gmt":"2024-06-03T09:17:47","slug":"noreva-xerodiane-ap-baume-relipidant-200ml","status":"publish","type":"product","link":"https:\/\/pharmadreams.shop\/index.php\/product\/noreva-xerodiane-ap-baume-relipidant-200ml\/","title":{"rendered":"NOREVA Xerodiane Ap+ Baume Relipidant 200ml"},"content":{"rendered":"","protected":false},"excerpt":{"rendered":"<p>Prot\u00e9ger, nourrir, apaiser et r\u00e9parer les peaux sensibles \u00e0 tendance atopique.<br \/>\nXerodiane AP+ baume nourrissant relipidant formul\u00e9 pour les peaux sensibles, s\u00e8ches, tr\u00e8s s\u00e8ches et atopiques.<\/p>\n<ul>\n<li><strong>Double brevet<\/strong><\/li>\n<li><strong>Efficacit\u00e9 prouv\u00e9e sur peaux atopiques en 1 seule application par jour<\/strong><\/li>\n<li><strong>Effet longue dur\u00e9e<\/strong><\/li>\n<li><strong>P\u00e9n\u00e9tre rapidement<\/strong><\/li>\n<li><strong>Contient de l\u2019Inca Inchi riche en om\u00e9gas 3, 6 et 9<\/strong><\/li>\n<\/ul>\n","protected":false},"featured_media":18588,"comment_status":"open","ping_status":"closed","template":"","meta":[],"product_brand":[],"product_cat":[85,86,81],"product_tag":[],"class_list":{"0":"post-18587","1":"product","2":"type-product","3":"status-publish","4":"has-post-thumbnail","6":"product_cat-hydratation-et-nutrition","7":"product_cat-peaux-sensibles-et-rougeurs","8":"product_cat-soins-hydratants","10":"first","11":"instock","12":"shipping-taxable","13":"purchasable","14":"product-type-simple"},"yoast_head":"<!-- This site is optimized with the Yoast SEO plugin v23.0 - https:\/\/yoast.com\/wordpress\/plugins\/seo\/ -->\n<title>NOREVA Xerodiane Ap+ Baume Relipidant 200ml - pharmadreams<\/title>\n<meta name=\"robots\" content=\"index, follow, max-snippet:-1, max-image-preview:large, max-video-preview:-1\" \/>\n<link rel=\"canonical\" href=\"https:\/\/pharmadreams.shop\/index.php\/product\/noreva-xerodiane-ap-baume-relipidant-200ml\/\" \/>\n<meta property=\"og:locale\" content=\"fr_FR\" \/>\n<meta property=\"og:type\" content=\"article\" \/>\n<meta property=\"og:title\" content=\"NOREVA Xerodiane Ap+ Baume Relipidant 200ml - pharmadreams\" \/>\n<meta property=\"og:description\" content=\"Prot\u00e9ger, nourrir, apaiser et r\u00e9parer les peaux sensibles \u00e0 tendance atopique. Xerodiane AP+ baume nourrissant relipidant formul\u00e9 pour les peaux sensibles, s\u00e8ches, tr\u00e8s s\u00e8ches et atopiques.   Double brevet  Efficacit\u00e9 prouv\u00e9e sur peaux atopiques en 1 seule application par jour  Effet longue dur\u00e9e  P\u00e9n\u00e9tre rapidement  Contient de l\u2019Inca Inchi riche en om\u00e9gas 3, 6 et 9\" \/>\n<meta property=\"og:url\" content=\"https:\/\/pharmadreams.shop\/index.php\/product\/noreva-xerodiane-ap-baume-relipidant-200ml\/\" \/>\n<meta property=\"og:site_name\" content=\"pharmadreams\" \/>\n<meta property=\"article:modified_time\" content=\"2024-06-03T09:17:47+00:00\" \/>\n<meta property=\"og:image\" content=\"https:\/\/pharmadreams.shop\/wp-content\/uploads\/2024\/06\/NOREVA-XERODIANE-AP-BAUME-RELIPIDANT-200-ML.webp\" \/>\n\t<meta property=\"og:image:width\" content=\"800\" \/>\n\t<meta property=\"og:image:height\" content=\"800\" \/>\n\t<meta property=\"og:image:type\" content=\"image\/webp\" \/>\n<meta name=\"twitter:card\" content=\"summary_large_image\" \/>\n<meta name=\"twitter:label1\" content=\"Dur\u00e9e de lecture estim\u00e9e\" \/>\n\t<meta name=\"twitter:data1\" content=\"1 minute\" \/>\n<script type=\"application\/ld+json\" class=\"yoast-schema-graph\">{\"@context\":\"https:\/\/schema.org\",\"@graph\":[{\"@type\":\"WebPage\",\"@id\":\"https:\/\/pharmadreams.shop\/index.php\/product\/noreva-xerodiane-ap-baume-relipidant-200ml\/\",\"url\":\"https:\/\/pharmadreams.shop\/index.php\/product\/noreva-xerodiane-ap-baume-relipidant-200ml\/\",\"name\":\"NOREVA Xerodiane Ap+ Baume Relipidant 200ml - pharmadreams\",\"isPartOf\":{\"@id\":\"https:\/\/pharmadreams.shop\/#website\"},\"primaryImageOfPage\":{\"@id\":\"https:\/\/pharmadreams.shop\/index.php\/product\/noreva-xerodiane-ap-baume-relipidant-200ml\/#primaryimage\"},\"image\":{\"@id\":\"https:\/\/pharmadreams.shop\/index.php\/product\/noreva-xerodiane-ap-baume-relipidant-200ml\/#primaryimage\"},\"thumbnailUrl\":\"https:\/\/pharmadreams.shop\/wp-content\/uploads\/2024\/06\/NOREVA-XERODIANE-AP-BAUME-RELIPIDANT-200-ML.webp\",\"datePublished\":\"2024-06-03T09:17:46+00:00\",\"dateModified\":\"2024-06-03T09:17:47+00:00\",\"breadcrumb\":{\"@id\":\"https:\/\/pharmadreams.shop\/index.php\/product\/noreva-xerodiane-ap-baume-relipidant-200ml\/#breadcrumb\"},\"inLanguage\":\"fr-FR\",\"potentialAction\":[{\"@type\":\"ReadAction\",\"target\":[\"https:\/\/pharmadreams.shop\/index.php\/product\/noreva-xerodiane-ap-baume-relipidant-200ml\/\"]}]},{\"@type\":\"ImageObject\",\"inLanguage\":\"fr-FR\",\"@id\":\"https:\/\/pharmadreams.shop\/index.php\/product\/noreva-xerodiane-ap-baume-relipidant-200ml\/#primaryimage\",\"url\":\"https:\/\/pharmadreams.shop\/wp-content\/uploads\/2024\/06\/NOREVA-XERODIANE-AP-BAUME-RELIPIDANT-200-ML.webp\",\"contentUrl\":\"https:\/\/pharmadreams.shop\/wp-content\/uploads\/2024\/06\/NOREVA-XERODIANE-AP-BAUME-RELIPIDANT-200-ML.webp\",\"width\":800,\"height\":800},{\"@type\":\"BreadcrumbList\",\"@id\":\"https:\/\/pharmadreams.shop\/index.php\/product\/noreva-xerodiane-ap-baume-relipidant-200ml\/#breadcrumb\",\"itemListElement\":[{\"@type\":\"ListItem\",\"position\":1,\"name\":\"Accueil\",\"item\":\"https:\/\/pharmadreams.shop\/\"},{\"@type\":\"ListItem\",\"position\":2,\"name\":\"Shop\",\"item\":\"https:\/\/pharmadreams.shop\/index.php\/shop\/\"},{\"@type\":\"ListItem\",\"position\":3,\"name\":\"NOREVA Xerodiane Ap+ Baume Relipidant 200ml\"}]},{\"@type\":\"WebSite\",\"@id\":\"https:\/\/pharmadreams.shop\/#website\",\"url\":\"https:\/\/pharmadreams.shop\/\",\"name\":\"pharmadreams\",\"description\":\"Parapharmacie en ligne\",\"potentialAction\":[{\"@type\":\"SearchAction\",\"target\":{\"@type\":\"EntryPoint\",\"urlTemplate\":\"https:\/\/pharmadreams.shop\/?s={search_term_string}\"},\"query-input\":\"required name=search_term_string\"}],\"inLanguage\":\"fr-FR\"}]}<\/script>\n<!-- \/ Yoast SEO plugin. -->","yoast_head_json":{"title":"NOREVA Xerodiane Ap+ Baume Relipidant 200ml - pharmadreams","robots":{"index":"index","follow":"follow","max-snippet":"max-snippet:-1","max-image-preview":"max-image-preview:large","max-video-preview":"max-video-preview:-1"},"canonical":"https:\/\/pharmadreams.shop\/index.php\/product\/noreva-xerodiane-ap-baume-relipidant-200ml\/","og_locale":"fr_FR","og_type":"article","og_title":"NOREVA Xerodiane Ap+ Baume Relipidant 200ml - pharmadreams","og_description":"Prot\u00e9ger, nourrir, apaiser et r\u00e9parer les peaux sensibles \u00e0 tendance atopique. Xerodiane AP+ baume nourrissant relipidant formul\u00e9 pour les peaux sensibles, s\u00e8ches, tr\u00e8s s\u00e8ches et atopiques.   Double brevet  Efficacit\u00e9 prouv\u00e9e sur peaux atopiques en 1 seule application par jour  Effet longue dur\u00e9e  P\u00e9n\u00e9tre rapidement  Contient de l\u2019Inca Inchi riche en om\u00e9gas 3, 6 et 9","og_url":"https:\/\/pharmadreams.shop\/index.php\/product\/noreva-xerodiane-ap-baume-relipidant-200ml\/","og_site_name":"pharmadreams","article_modified_time":"2024-06-03T09:17:47+00:00","og_image":[{"width":800,"height":800,"url":"https:\/\/pharmadreams.shop\/wp-content\/uploads\/2024\/06\/NOREVA-XERODIANE-AP-BAUME-RELIPIDANT-200-ML.webp","type":"image\/webp"}],"twitter_card":"summary_large_image","twitter_misc":{"Dur\u00e9e de lecture estim\u00e9e":"1 minute"},"schema":{"@context":"https:\/\/schema.org","@graph":[{"@type":"WebPage","@id":"https:\/\/pharmadreams.shop\/index.php\/product\/noreva-xerodiane-ap-baume-relipidant-200ml\/","url":"https:\/\/pharmadreams.shop\/index.php\/product\/noreva-xerodiane-ap-baume-relipidant-200ml\/","name":"NOREVA Xerodiane Ap+ Baume Relipidant 200ml - pharmadreams","isPartOf":{"@id":"https:\/\/pharmadreams.shop\/#website"},"primaryImageOfPage":{"@id":"https:\/\/pharmadreams.shop\/index.php\/product\/noreva-xerodiane-ap-baume-relipidant-200ml\/#primaryimage"},"image":{"@id":"https:\/\/pharmadreams.shop\/index.php\/product\/noreva-xerodiane-ap-baume-relipidant-200ml\/#primaryimage"},"thumbnailUrl":"https:\/\/pharmadreams.shop\/wp-content\/uploads\/2024\/06\/NOREVA-XERODIANE-AP-BAUME-RELIPIDANT-200-ML.webp","datePublished":"2024-06-03T09:17:46+00:00","dateModified":"2024-06-03T09:17:47+00:00","breadcrumb":{"@id":"https:\/\/pharmadreams.shop\/index.php\/product\/noreva-xerodiane-ap-baume-relipidant-200ml\/#breadcrumb"},"inLanguage":"fr-FR","potentialAction":[{"@type":"ReadAction","target":["https:\/\/pharmadreams.shop\/index.php\/product\/noreva-xerodiane-ap-baume-relipidant-200ml\/"]}]},{"@type":"ImageObject","inLanguage":"fr-FR","@id":"https:\/\/pharmadreams.shop\/index.php\/product\/noreva-xerodiane-ap-baume-relipidant-200ml\/#primaryimage","url":"https:\/\/pharmadreams.shop\/wp-content\/uploads\/2024\/06\/NOREVA-XERODIANE-AP-BAUME-RELIPIDANT-200-ML.webp","contentUrl":"https:\/\/pharmadreams.shop\/wp-content\/uploads\/2024\/06\/NOREVA-XERODIANE-AP-BAUME-RELIPIDANT-200-ML.webp","width":800,"height":800},{"@type":"BreadcrumbList","@id":"https:\/\/pharmadreams.shop\/index.php\/product\/noreva-xerodiane-ap-baume-relipidant-200ml\/#breadcrumb","itemListElement":[{"@type":"ListItem","position":1,"name":"Accueil","item":"https:\/\/pharmadreams.shop\/"},{"@type":"ListItem","position":2,"name":"Shop","item":"https:\/\/pharmadreams.shop\/index.php\/shop\/"},{"@type":"ListItem","position":3,"name":"NOREVA Xerodiane Ap+ Baume Relipidant 200ml"}]},{"@type":"WebSite","@id":"https:\/\/pharmadreams.shop\/#website","url":"https:\/\/pharmadreams.shop\/","name":"pharmadreams","description":"Parapharmacie en ligne","potentialAction":[{"@type":"SearchAction","target":{"@type":"EntryPoint","urlTemplate":"https:\/\/pharmadreams.shop\/?s={search_term_string}"},"query-input":"required name=search_term_string"}],"inLanguage":"fr-FR"}]}},"_links":{"self":[{"href":"https:\/\/pharmadreams.shop\/index.php\/wp-json\/wp\/v2\/product\/18587","targetHints":{"allow":["GET"]}}],"collection":[{"href":"https:\/\/pharmadreams.shop\/index.php\/wp-json\/wp\/v2\/product"}],"about":[{"href":"https:\/\/pharmadreams.shop\/index.php\/wp-json\/wp\/v2\/types\/product"}],"replies":[{"embeddable":true,"href":"https:\/\/pharmadreams.shop\/index.php\/wp-json\/wp\/v2\/comments?post=18587"}],"version-history":[{"count":0,"href":"https:\/\/pharmadreams.shop\/index.php\/wp-json\/wp\/v2\/product\/18587\/revisions"}],"wp:featuredmedia":[{"embeddable":true,"href":"https:\/\/pharmadreams.shop\/index.php\/wp-json\/wp\/v2\/media\/18588"}],"wp:attachment":[{"href":"https:\/\/pharmadreams.shop\/index.php\/wp-json\/wp\/v2\/media?parent=18587"}],"wp:term":[{"taxonomy":"product_brand","embeddable":true,"href":"https:\/\/pharmadreams.shop\/index.php\/wp-json\/wp\/v2\/product_brand?post=18587"},{"taxonomy":"product_cat","embeddable":true,"href":"https:\/\/pharmadreams.shop\/index.php\/wp-json\/wp\/v2\/product_cat?post=18587"},{"taxonomy":"product_tag","embeddable":true,"href":"https:\/\/pharmadreams.shop\/index.php\/wp-json\/wp\/v2\/product_tag?post=18587"}],"curies":[{"name":"wp","href":"https:\/\/api.w.org\/{rel}","templated":true}]}}