{"id":18609,"date":"2024-06-04T10:17:06","date_gmt":"2024-06-04T09:17:06","guid":{"rendered":"https:\/\/pharmadreams.shop\/?post_type=product&#038;p=18609"},"modified":"2024-06-28T11:16:01","modified_gmt":"2024-06-28T10:16:01","slug":"svr-sun-secure-blur-mousse-teinte-spf50-50ml","status":"publish","type":"product","link":"https:\/\/pharmadreams.shop\/index.php\/product\/svr-sun-secure-blur-mousse-teinte-spf50-50ml\/","title":{"rendered":"SVR Sun Secure Blur Mousse Teinte SPF50+ 50ml"},"content":{"rendered":"","protected":false},"excerpt":{"rendered":"<p><strong>SVR Sun Secure Blur Mousse Teinte H\u00e2l\u00e9e SPF50+ 50ml<\/strong>\u00a0offre une tr\u00e8s haute protection dermatologique int\u00e9grant l\u2019association de filtre brevet\u00e9e1 respectueuse de l\u2019environnement marin.<\/p>\n<p>Sa mousse abricot\u00e9e fond instantan\u00e9ment sur la peau et offre une teinte hal\u00e9e. Les imperfections sont flout\u00e9es, le teint liss\u00e9 et unifi\u00e9, la peau incroyablement velout\u00e9e. Comme une base de maquillage, la protection en plus.<\/p>\n<p>Gr\u00e2ce \u00e0 sa teinte universelle, il convient \u00e0 toutes les carnations. Ce soin r\u00e9siste \u00e0 l\u2019eau, \u00e0 la transpiration et aux frottements pour une protection optimale<\/p>\n","protected":false},"featured_media":18611,"comment_status":"open","ping_status":"closed","template":"","meta":[],"product_brand":[],"product_cat":[231],"product_tag":[],"class_list":{"0":"post-18609","1":"product","2":"type-product","3":"status-publish","4":"has-post-thumbnail","6":"product_cat-ecran-solaire","8":"first","9":"outofstock","10":"sale","11":"shipping-taxable","12":"purchasable","13":"product-type-simple"},"yoast_head":"<!-- This site is optimized with the Yoast SEO plugin v23.0 - https:\/\/yoast.com\/wordpress\/plugins\/seo\/ -->\n<title>SVR Sun Secure Blur Mousse Teinte SPF50+ 50ml - pharmadreams<\/title>\n<meta name=\"robots\" content=\"index, follow, max-snippet:-1, max-image-preview:large, max-video-preview:-1\" \/>\n<link rel=\"canonical\" href=\"https:\/\/pharmadreams.shop\/index.php\/product\/svr-sun-secure-blur-mousse-teinte-spf50-50ml\/\" \/>\n<meta property=\"og:locale\" content=\"fr_FR\" \/>\n<meta property=\"og:type\" content=\"article\" \/>\n<meta property=\"og:title\" content=\"SVR Sun Secure Blur Mousse Teinte SPF50+ 50ml - pharmadreams\" \/>\n<meta property=\"og:description\" content=\"SVR Sun Secure Blur Mousse Teinte H\u00e2l\u00e9e SPF50+ 50ml\u00a0offre une tr\u00e8s haute protection dermatologique int\u00e9grant l\u2019association de filtre brevet\u00e9e1 respectueuse de l\u2019environnement marin.  Sa mousse abricot\u00e9e fond instantan\u00e9ment sur la peau et offre une teinte hal\u00e9e. Les imperfections sont flout\u00e9es, le teint liss\u00e9 et unifi\u00e9, la peau incroyablement velout\u00e9e. Comme une base de maquillage, la protection en plus.  Gr\u00e2ce \u00e0 sa teinte universelle, il convient \u00e0 toutes les carnations. Ce soin r\u00e9siste \u00e0 l\u2019eau, \u00e0 la transpiration et aux frottements pour une protection optimale\" \/>\n<meta property=\"og:url\" content=\"https:\/\/pharmadreams.shop\/index.php\/product\/svr-sun-secure-blur-mousse-teinte-spf50-50ml\/\" \/>\n<meta property=\"og:site_name\" content=\"pharmadreams\" \/>\n<meta property=\"article:modified_time\" content=\"2024-06-28T10:16:01+00:00\" \/>\n<meta property=\"og:image\" content=\"https:\/\/pharmadreams.shop\/wp-content\/uploads\/2024\/06\/317639-laboratoires-svr-sun-secure-blur-teinte-hale-spf50-50ml-solaire-50ml-tube-1000x1000-1.webp\" \/>\n\t<meta property=\"og:image:width\" content=\"1000\" \/>\n\t<meta property=\"og:image:height\" content=\"1000\" \/>\n\t<meta property=\"og:image:type\" content=\"image\/webp\" \/>\n<meta name=\"twitter:card\" content=\"summary_large_image\" \/>\n<meta name=\"twitter:label1\" content=\"Dur\u00e9e de lecture estim\u00e9e\" \/>\n\t<meta name=\"twitter:data1\" content=\"1 minute\" \/>\n<script type=\"application\/ld+json\" class=\"yoast-schema-graph\">{\"@context\":\"https:\/\/schema.org\",\"@graph\":[{\"@type\":\"WebPage\",\"@id\":\"https:\/\/pharmadreams.shop\/index.php\/product\/svr-sun-secure-blur-mousse-teinte-spf50-50ml\/\",\"url\":\"https:\/\/pharmadreams.shop\/index.php\/product\/svr-sun-secure-blur-mousse-teinte-spf50-50ml\/\",\"name\":\"SVR Sun Secure Blur Mousse Teinte SPF50+ 50ml - pharmadreams\",\"isPartOf\":{\"@id\":\"https:\/\/pharmadreams.shop\/#website\"},\"primaryImageOfPage\":{\"@id\":\"https:\/\/pharmadreams.shop\/index.php\/product\/svr-sun-secure-blur-mousse-teinte-spf50-50ml\/#primaryimage\"},\"image\":{\"@id\":\"https:\/\/pharmadreams.shop\/index.php\/product\/svr-sun-secure-blur-mousse-teinte-spf50-50ml\/#primaryimage\"},\"thumbnailUrl\":\"https:\/\/pharmadreams.shop\/wp-content\/uploads\/2024\/06\/317639-laboratoires-svr-sun-secure-blur-teinte-hale-spf50-50ml-solaire-50ml-tube-1000x1000-1.webp\",\"datePublished\":\"2024-06-04T09:17:06+00:00\",\"dateModified\":\"2024-06-28T10:16:01+00:00\",\"breadcrumb\":{\"@id\":\"https:\/\/pharmadreams.shop\/index.php\/product\/svr-sun-secure-blur-mousse-teinte-spf50-50ml\/#breadcrumb\"},\"inLanguage\":\"fr-FR\",\"potentialAction\":[{\"@type\":\"ReadAction\",\"target\":[\"https:\/\/pharmadreams.shop\/index.php\/product\/svr-sun-secure-blur-mousse-teinte-spf50-50ml\/\"]}]},{\"@type\":\"ImageObject\",\"inLanguage\":\"fr-FR\",\"@id\":\"https:\/\/pharmadreams.shop\/index.php\/product\/svr-sun-secure-blur-mousse-teinte-spf50-50ml\/#primaryimage\",\"url\":\"https:\/\/pharmadreams.shop\/wp-content\/uploads\/2024\/06\/317639-laboratoires-svr-sun-secure-blur-teinte-hale-spf50-50ml-solaire-50ml-tube-1000x1000-1.webp\",\"contentUrl\":\"https:\/\/pharmadreams.shop\/wp-content\/uploads\/2024\/06\/317639-laboratoires-svr-sun-secure-blur-teinte-hale-spf50-50ml-solaire-50ml-tube-1000x1000-1.webp\",\"width\":1000,\"height\":1000},{\"@type\":\"BreadcrumbList\",\"@id\":\"https:\/\/pharmadreams.shop\/index.php\/product\/svr-sun-secure-blur-mousse-teinte-spf50-50ml\/#breadcrumb\",\"itemListElement\":[{\"@type\":\"ListItem\",\"position\":1,\"name\":\"Accueil\",\"item\":\"https:\/\/pharmadreams.shop\/\"},{\"@type\":\"ListItem\",\"position\":2,\"name\":\"Shop\",\"item\":\"https:\/\/pharmadreams.shop\/index.php\/shop\/\"},{\"@type\":\"ListItem\",\"position\":3,\"name\":\"SVR Sun Secure Blur Mousse Teinte SPF50+ 50ml\"}]},{\"@type\":\"WebSite\",\"@id\":\"https:\/\/pharmadreams.shop\/#website\",\"url\":\"https:\/\/pharmadreams.shop\/\",\"name\":\"pharmadreams\",\"description\":\"Parapharmacie en ligne\",\"potentialAction\":[{\"@type\":\"SearchAction\",\"target\":{\"@type\":\"EntryPoint\",\"urlTemplate\":\"https:\/\/pharmadreams.shop\/?s={search_term_string}\"},\"query-input\":\"required name=search_term_string\"}],\"inLanguage\":\"fr-FR\"}]}<\/script>\n<!-- \/ Yoast SEO plugin. -->","yoast_head_json":{"title":"SVR Sun Secure Blur Mousse Teinte SPF50+ 50ml - pharmadreams","robots":{"index":"index","follow":"follow","max-snippet":"max-snippet:-1","max-image-preview":"max-image-preview:large","max-video-preview":"max-video-preview:-1"},"canonical":"https:\/\/pharmadreams.shop\/index.php\/product\/svr-sun-secure-blur-mousse-teinte-spf50-50ml\/","og_locale":"fr_FR","og_type":"article","og_title":"SVR Sun Secure Blur Mousse Teinte SPF50+ 50ml - pharmadreams","og_description":"SVR Sun Secure Blur Mousse Teinte H\u00e2l\u00e9e SPF50+ 50ml\u00a0offre une tr\u00e8s haute protection dermatologique int\u00e9grant l\u2019association de filtre brevet\u00e9e1 respectueuse de l\u2019environnement marin.  Sa mousse abricot\u00e9e fond instantan\u00e9ment sur la peau et offre une teinte hal\u00e9e. Les imperfections sont flout\u00e9es, le teint liss\u00e9 et unifi\u00e9, la peau incroyablement velout\u00e9e. Comme une base de maquillage, la protection en plus.  Gr\u00e2ce \u00e0 sa teinte universelle, il convient \u00e0 toutes les carnations. Ce soin r\u00e9siste \u00e0 l\u2019eau, \u00e0 la transpiration et aux frottements pour une protection optimale","og_url":"https:\/\/pharmadreams.shop\/index.php\/product\/svr-sun-secure-blur-mousse-teinte-spf50-50ml\/","og_site_name":"pharmadreams","article_modified_time":"2024-06-28T10:16:01+00:00","og_image":[{"width":1000,"height":1000,"url":"https:\/\/pharmadreams.shop\/wp-content\/uploads\/2024\/06\/317639-laboratoires-svr-sun-secure-blur-teinte-hale-spf50-50ml-solaire-50ml-tube-1000x1000-1.webp","type":"image\/webp"}],"twitter_card":"summary_large_image","twitter_misc":{"Dur\u00e9e de lecture estim\u00e9e":"1 minute"},"schema":{"@context":"https:\/\/schema.org","@graph":[{"@type":"WebPage","@id":"https:\/\/pharmadreams.shop\/index.php\/product\/svr-sun-secure-blur-mousse-teinte-spf50-50ml\/","url":"https:\/\/pharmadreams.shop\/index.php\/product\/svr-sun-secure-blur-mousse-teinte-spf50-50ml\/","name":"SVR Sun Secure Blur Mousse Teinte SPF50+ 50ml - pharmadreams","isPartOf":{"@id":"https:\/\/pharmadreams.shop\/#website"},"primaryImageOfPage":{"@id":"https:\/\/pharmadreams.shop\/index.php\/product\/svr-sun-secure-blur-mousse-teinte-spf50-50ml\/#primaryimage"},"image":{"@id":"https:\/\/pharmadreams.shop\/index.php\/product\/svr-sun-secure-blur-mousse-teinte-spf50-50ml\/#primaryimage"},"thumbnailUrl":"https:\/\/pharmadreams.shop\/wp-content\/uploads\/2024\/06\/317639-laboratoires-svr-sun-secure-blur-teinte-hale-spf50-50ml-solaire-50ml-tube-1000x1000-1.webp","datePublished":"2024-06-04T09:17:06+00:00","dateModified":"2024-06-28T10:16:01+00:00","breadcrumb":{"@id":"https:\/\/pharmadreams.shop\/index.php\/product\/svr-sun-secure-blur-mousse-teinte-spf50-50ml\/#breadcrumb"},"inLanguage":"fr-FR","potentialAction":[{"@type":"ReadAction","target":["https:\/\/pharmadreams.shop\/index.php\/product\/svr-sun-secure-blur-mousse-teinte-spf50-50ml\/"]}]},{"@type":"ImageObject","inLanguage":"fr-FR","@id":"https:\/\/pharmadreams.shop\/index.php\/product\/svr-sun-secure-blur-mousse-teinte-spf50-50ml\/#primaryimage","url":"https:\/\/pharmadreams.shop\/wp-content\/uploads\/2024\/06\/317639-laboratoires-svr-sun-secure-blur-teinte-hale-spf50-50ml-solaire-50ml-tube-1000x1000-1.webp","contentUrl":"https:\/\/pharmadreams.shop\/wp-content\/uploads\/2024\/06\/317639-laboratoires-svr-sun-secure-blur-teinte-hale-spf50-50ml-solaire-50ml-tube-1000x1000-1.webp","width":1000,"height":1000},{"@type":"BreadcrumbList","@id":"https:\/\/pharmadreams.shop\/index.php\/product\/svr-sun-secure-blur-mousse-teinte-spf50-50ml\/#breadcrumb","itemListElement":[{"@type":"ListItem","position":1,"name":"Accueil","item":"https:\/\/pharmadreams.shop\/"},{"@type":"ListItem","position":2,"name":"Shop","item":"https:\/\/pharmadreams.shop\/index.php\/shop\/"},{"@type":"ListItem","position":3,"name":"SVR Sun Secure Blur Mousse Teinte SPF50+ 50ml"}]},{"@type":"WebSite","@id":"https:\/\/pharmadreams.shop\/#website","url":"https:\/\/pharmadreams.shop\/","name":"pharmadreams","description":"Parapharmacie en ligne","potentialAction":[{"@type":"SearchAction","target":{"@type":"EntryPoint","urlTemplate":"https:\/\/pharmadreams.shop\/?s={search_term_string}"},"query-input":"required name=search_term_string"}],"inLanguage":"fr-FR"}]}},"_links":{"self":[{"href":"https:\/\/pharmadreams.shop\/index.php\/wp-json\/wp\/v2\/product\/18609","targetHints":{"allow":["GET"]}}],"collection":[{"href":"https:\/\/pharmadreams.shop\/index.php\/wp-json\/wp\/v2\/product"}],"about":[{"href":"https:\/\/pharmadreams.shop\/index.php\/wp-json\/wp\/v2\/types\/product"}],"replies":[{"embeddable":true,"href":"https:\/\/pharmadreams.shop\/index.php\/wp-json\/wp\/v2\/comments?post=18609"}],"version-history":[{"count":0,"href":"https:\/\/pharmadreams.shop\/index.php\/wp-json\/wp\/v2\/product\/18609\/revisions"}],"wp:featuredmedia":[{"embeddable":true,"href":"https:\/\/pharmadreams.shop\/index.php\/wp-json\/wp\/v2\/media\/18611"}],"wp:attachment":[{"href":"https:\/\/pharmadreams.shop\/index.php\/wp-json\/wp\/v2\/media?parent=18609"}],"wp:term":[{"taxonomy":"product_brand","embeddable":true,"href":"https:\/\/pharmadreams.shop\/index.php\/wp-json\/wp\/v2\/product_brand?post=18609"},{"taxonomy":"product_cat","embeddable":true,"href":"https:\/\/pharmadreams.shop\/index.php\/wp-json\/wp\/v2\/product_cat?post=18609"},{"taxonomy":"product_tag","embeddable":true,"href":"https:\/\/pharmadreams.shop\/index.php\/wp-json\/wp\/v2\/product_tag?post=18609"}],"curies":[{"name":"wp","href":"https:\/\/api.w.org\/{rel}","templated":true}]}}