{"id":18618,"date":"2024-06-04T11:21:20","date_gmt":"2024-06-04T10:21:20","guid":{"rendered":"https:\/\/pharmadreams.shop\/?post_type=product&#038;p=18618"},"modified":"2025-05-20T17:28:38","modified_gmt":"2025-05-20T16:28:38","slug":"svr-clairial-creme-solaire-anti-taches-spf50-40ml","status":"publish","type":"product","link":"https:\/\/pharmadreams.shop\/index.php\/product\/svr-clairial-creme-solaire-anti-taches-spf50-40ml\/","title":{"rendered":"SVR Clairial Cr\u00e8me Solaire Anti-Taches SPF50+ 40ml"},"content":{"rendered":"","protected":false},"excerpt":{"rendered":"<p><strong>SVR Clairial Cr\u00e8me Solaire Anti-Taches SPF50+<\/strong>\u00a0est une cr\u00e8me qui att\u00e9nue les\u00a0<strong>taches brunes li\u00e9es au soleil<\/strong>\u00a0et pr\u00e9vient leur apparition. Cette\u00a0<strong>cr\u00e8me solaire tr\u00e8s haute protection<\/strong>\u00a0est \u00e9labor\u00e9e \u00e0 partir de\u00a0<strong>filtres protecteurs UVA \/ UVB<\/strong>\u00a0\u00e0 large spectre et d\u2019une association d\u2019actifs\u00a0<strong>d\u00e9pigmentants<\/strong>\u00a0nouvelle g\u00e9n\u00e9ration.\u00a0<strong>Clairial Cr\u00e8me Solaire Anti-Taches\u00a0SPF 50+ cr\u00e8me<\/strong>\u00a0s\u2019\u00e9tale facilement sans laisser de traces blanches.<\/p>\n<p>Les taches brunes sont le symbole d\u2019un d\u00e9r\u00e8glement de la production de m\u00e9lanine (un pigment fabriqu\u00e9 par les cellules de la peau) et d\u2019une exposition prolong\u00e9e au soleil. La peau n\u2019arrive plus \u00e0 g\u00e9rer les effets des UV et r\u00e9agit en cr\u00e9ant de petites taches brunes sur le visage ou sur le corps. Les personnes \u00e0 la peau tr\u00e8s claire sont les plus sujettes \u00e0 ce type de probl\u00e8me alors la cr\u00e8me solaire Clairial SPF 50+ saura combler leur besoin de protection.<\/p>\n","protected":false},"featured_media":18619,"comment_status":"open","ping_status":"closed","template":"","meta":[],"product_brand":[],"product_cat":[90,330,233],"product_tag":[],"class_list":{"0":"post-18618","1":"product","2":"type-product","3":"status-publish","4":"has-post-thumbnail","6":"product_cat-anti-tache","7":"product_cat-correction-de-teint","8":"product_cat-protection-solaire","10":"first","11":"instock","12":"shipping-taxable","13":"purchasable","14":"product-type-simple"},"yoast_head":"<!-- This site is optimized with the Yoast SEO plugin v23.0 - https:\/\/yoast.com\/wordpress\/plugins\/seo\/ -->\n<title>SVR Clairial Cr\u00e8me Solaire Anti-Taches SPF50+ 40ml - pharmadreams<\/title>\n<meta name=\"robots\" content=\"index, follow, max-snippet:-1, max-image-preview:large, max-video-preview:-1\" \/>\n<link rel=\"canonical\" href=\"https:\/\/pharmadreams.shop\/index.php\/product\/svr-clairial-creme-solaire-anti-taches-spf50-40ml\/\" \/>\n<meta property=\"og:locale\" content=\"fr_FR\" \/>\n<meta property=\"og:type\" content=\"article\" \/>\n<meta property=\"og:title\" content=\"SVR Clairial Cr\u00e8me Solaire Anti-Taches SPF50+ 40ml - pharmadreams\" \/>\n<meta property=\"og:description\" content=\"SVR Clairial Cr\u00e8me Solaire Anti-Taches SPF50+\u00a0est une cr\u00e8me qui att\u00e9nue les\u00a0taches brunes li\u00e9es au soleil\u00a0et pr\u00e9vient leur apparition. Cette\u00a0cr\u00e8me solaire tr\u00e8s haute protection\u00a0est \u00e9labor\u00e9e \u00e0 partir de\u00a0filtres protecteurs UVA \/ UVB\u00a0\u00e0 large spectre et d\u2019une association d\u2019actifs\u00a0d\u00e9pigmentants\u00a0nouvelle g\u00e9n\u00e9ration.\u00a0Clairial Cr\u00e8me Solaire Anti-Taches\u00a0SPF 50+ cr\u00e8me\u00a0s\u2019\u00e9tale facilement sans laisser de traces blanches.  Les taches brunes sont le symbole d\u2019un d\u00e9r\u00e8glement de la production de m\u00e9lanine (un pigment fabriqu\u00e9 par les cellules de la peau) et d\u2019une exposition prolong\u00e9e au soleil. La peau n\u2019arrive plus \u00e0 g\u00e9rer les effets des UV et r\u00e9agit en cr\u00e9ant de petites taches brunes sur le visage ou sur le corps. Les personnes \u00e0 la peau tr\u00e8s claire sont les plus sujettes \u00e0 ce type de probl\u00e8me alors la cr\u00e8me solaire Clairial SPF 50+ saura combler leur besoin de protection.\" \/>\n<meta property=\"og:url\" content=\"https:\/\/pharmadreams.shop\/index.php\/product\/svr-clairial-creme-solaire-anti-taches-spf50-40ml\/\" \/>\n<meta property=\"og:site_name\" content=\"pharmadreams\" \/>\n<meta property=\"article:modified_time\" content=\"2025-05-20T16:28:38+00:00\" \/>\n<meta property=\"og:image\" content=\"https:\/\/pharmadreams.shop\/wp-content\/uploads\/2024\/06\/317634-laboratoires-svr-clairial-creme-spf50-40ml-creme-de-jour-40ml-tube-1000x1000-1.webp\" \/>\n\t<meta property=\"og:image:width\" content=\"1000\" \/>\n\t<meta property=\"og:image:height\" content=\"1000\" \/>\n\t<meta property=\"og:image:type\" content=\"image\/webp\" \/>\n<meta name=\"twitter:card\" content=\"summary_large_image\" \/>\n<meta name=\"twitter:label1\" content=\"Dur\u00e9e de lecture estim\u00e9e\" \/>\n\t<meta name=\"twitter:data1\" content=\"1 minute\" \/>\n<script type=\"application\/ld+json\" class=\"yoast-schema-graph\">{\"@context\":\"https:\/\/schema.org\",\"@graph\":[{\"@type\":\"WebPage\",\"@id\":\"https:\/\/pharmadreams.shop\/index.php\/product\/svr-clairial-creme-solaire-anti-taches-spf50-40ml\/\",\"url\":\"https:\/\/pharmadreams.shop\/index.php\/product\/svr-clairial-creme-solaire-anti-taches-spf50-40ml\/\",\"name\":\"SVR Clairial Cr\u00e8me Solaire Anti-Taches SPF50+ 40ml - pharmadreams\",\"isPartOf\":{\"@id\":\"https:\/\/pharmadreams.shop\/#website\"},\"primaryImageOfPage\":{\"@id\":\"https:\/\/pharmadreams.shop\/index.php\/product\/svr-clairial-creme-solaire-anti-taches-spf50-40ml\/#primaryimage\"},\"image\":{\"@id\":\"https:\/\/pharmadreams.shop\/index.php\/product\/svr-clairial-creme-solaire-anti-taches-spf50-40ml\/#primaryimage\"},\"thumbnailUrl\":\"https:\/\/pharmadreams.shop\/wp-content\/uploads\/2024\/06\/317634-laboratoires-svr-clairial-creme-spf50-40ml-creme-de-jour-40ml-tube-1000x1000-1.webp\",\"datePublished\":\"2024-06-04T10:21:20+00:00\",\"dateModified\":\"2025-05-20T16:28:38+00:00\",\"breadcrumb\":{\"@id\":\"https:\/\/pharmadreams.shop\/index.php\/product\/svr-clairial-creme-solaire-anti-taches-spf50-40ml\/#breadcrumb\"},\"inLanguage\":\"fr-FR\",\"potentialAction\":[{\"@type\":\"ReadAction\",\"target\":[\"https:\/\/pharmadreams.shop\/index.php\/product\/svr-clairial-creme-solaire-anti-taches-spf50-40ml\/\"]}]},{\"@type\":\"ImageObject\",\"inLanguage\":\"fr-FR\",\"@id\":\"https:\/\/pharmadreams.shop\/index.php\/product\/svr-clairial-creme-solaire-anti-taches-spf50-40ml\/#primaryimage\",\"url\":\"https:\/\/pharmadreams.shop\/wp-content\/uploads\/2024\/06\/317634-laboratoires-svr-clairial-creme-spf50-40ml-creme-de-jour-40ml-tube-1000x1000-1.webp\",\"contentUrl\":\"https:\/\/pharmadreams.shop\/wp-content\/uploads\/2024\/06\/317634-laboratoires-svr-clairial-creme-spf50-40ml-creme-de-jour-40ml-tube-1000x1000-1.webp\",\"width\":1000,\"height\":1000},{\"@type\":\"BreadcrumbList\",\"@id\":\"https:\/\/pharmadreams.shop\/index.php\/product\/svr-clairial-creme-solaire-anti-taches-spf50-40ml\/#breadcrumb\",\"itemListElement\":[{\"@type\":\"ListItem\",\"position\":1,\"name\":\"Accueil\",\"item\":\"https:\/\/pharmadreams.shop\/\"},{\"@type\":\"ListItem\",\"position\":2,\"name\":\"Shop\",\"item\":\"https:\/\/pharmadreams.shop\/index.php\/shop\/\"},{\"@type\":\"ListItem\",\"position\":3,\"name\":\"SVR Clairial Cr\u00e8me Solaire Anti-Taches SPF50+ 40ml\"}]},{\"@type\":\"WebSite\",\"@id\":\"https:\/\/pharmadreams.shop\/#website\",\"url\":\"https:\/\/pharmadreams.shop\/\",\"name\":\"pharmadreams\",\"description\":\"Parapharmacie en ligne\",\"potentialAction\":[{\"@type\":\"SearchAction\",\"target\":{\"@type\":\"EntryPoint\",\"urlTemplate\":\"https:\/\/pharmadreams.shop\/?s={search_term_string}\"},\"query-input\":\"required name=search_term_string\"}],\"inLanguage\":\"fr-FR\"}]}<\/script>\n<!-- \/ Yoast SEO plugin. -->","yoast_head_json":{"title":"SVR Clairial Cr\u00e8me Solaire Anti-Taches SPF50+ 40ml - pharmadreams","robots":{"index":"index","follow":"follow","max-snippet":"max-snippet:-1","max-image-preview":"max-image-preview:large","max-video-preview":"max-video-preview:-1"},"canonical":"https:\/\/pharmadreams.shop\/index.php\/product\/svr-clairial-creme-solaire-anti-taches-spf50-40ml\/","og_locale":"fr_FR","og_type":"article","og_title":"SVR Clairial Cr\u00e8me Solaire Anti-Taches SPF50+ 40ml - pharmadreams","og_description":"SVR Clairial Cr\u00e8me Solaire Anti-Taches SPF50+\u00a0est une cr\u00e8me qui att\u00e9nue les\u00a0taches brunes li\u00e9es au soleil\u00a0et pr\u00e9vient leur apparition. Cette\u00a0cr\u00e8me solaire tr\u00e8s haute protection\u00a0est \u00e9labor\u00e9e \u00e0 partir de\u00a0filtres protecteurs UVA \/ UVB\u00a0\u00e0 large spectre et d\u2019une association d\u2019actifs\u00a0d\u00e9pigmentants\u00a0nouvelle g\u00e9n\u00e9ration.\u00a0Clairial Cr\u00e8me Solaire Anti-Taches\u00a0SPF 50+ cr\u00e8me\u00a0s\u2019\u00e9tale facilement sans laisser de traces blanches.  Les taches brunes sont le symbole d\u2019un d\u00e9r\u00e8glement de la production de m\u00e9lanine (un pigment fabriqu\u00e9 par les cellules de la peau) et d\u2019une exposition prolong\u00e9e au soleil. La peau n\u2019arrive plus \u00e0 g\u00e9rer les effets des UV et r\u00e9agit en cr\u00e9ant de petites taches brunes sur le visage ou sur le corps. Les personnes \u00e0 la peau tr\u00e8s claire sont les plus sujettes \u00e0 ce type de probl\u00e8me alors la cr\u00e8me solaire Clairial SPF 50+ saura combler leur besoin de protection.","og_url":"https:\/\/pharmadreams.shop\/index.php\/product\/svr-clairial-creme-solaire-anti-taches-spf50-40ml\/","og_site_name":"pharmadreams","article_modified_time":"2025-05-20T16:28:38+00:00","og_image":[{"width":1000,"height":1000,"url":"https:\/\/pharmadreams.shop\/wp-content\/uploads\/2024\/06\/317634-laboratoires-svr-clairial-creme-spf50-40ml-creme-de-jour-40ml-tube-1000x1000-1.webp","type":"image\/webp"}],"twitter_card":"summary_large_image","twitter_misc":{"Dur\u00e9e de lecture estim\u00e9e":"1 minute"},"schema":{"@context":"https:\/\/schema.org","@graph":[{"@type":"WebPage","@id":"https:\/\/pharmadreams.shop\/index.php\/product\/svr-clairial-creme-solaire-anti-taches-spf50-40ml\/","url":"https:\/\/pharmadreams.shop\/index.php\/product\/svr-clairial-creme-solaire-anti-taches-spf50-40ml\/","name":"SVR Clairial Cr\u00e8me Solaire Anti-Taches SPF50+ 40ml - pharmadreams","isPartOf":{"@id":"https:\/\/pharmadreams.shop\/#website"},"primaryImageOfPage":{"@id":"https:\/\/pharmadreams.shop\/index.php\/product\/svr-clairial-creme-solaire-anti-taches-spf50-40ml\/#primaryimage"},"image":{"@id":"https:\/\/pharmadreams.shop\/index.php\/product\/svr-clairial-creme-solaire-anti-taches-spf50-40ml\/#primaryimage"},"thumbnailUrl":"https:\/\/pharmadreams.shop\/wp-content\/uploads\/2024\/06\/317634-laboratoires-svr-clairial-creme-spf50-40ml-creme-de-jour-40ml-tube-1000x1000-1.webp","datePublished":"2024-06-04T10:21:20+00:00","dateModified":"2025-05-20T16:28:38+00:00","breadcrumb":{"@id":"https:\/\/pharmadreams.shop\/index.php\/product\/svr-clairial-creme-solaire-anti-taches-spf50-40ml\/#breadcrumb"},"inLanguage":"fr-FR","potentialAction":[{"@type":"ReadAction","target":["https:\/\/pharmadreams.shop\/index.php\/product\/svr-clairial-creme-solaire-anti-taches-spf50-40ml\/"]}]},{"@type":"ImageObject","inLanguage":"fr-FR","@id":"https:\/\/pharmadreams.shop\/index.php\/product\/svr-clairial-creme-solaire-anti-taches-spf50-40ml\/#primaryimage","url":"https:\/\/pharmadreams.shop\/wp-content\/uploads\/2024\/06\/317634-laboratoires-svr-clairial-creme-spf50-40ml-creme-de-jour-40ml-tube-1000x1000-1.webp","contentUrl":"https:\/\/pharmadreams.shop\/wp-content\/uploads\/2024\/06\/317634-laboratoires-svr-clairial-creme-spf50-40ml-creme-de-jour-40ml-tube-1000x1000-1.webp","width":1000,"height":1000},{"@type":"BreadcrumbList","@id":"https:\/\/pharmadreams.shop\/index.php\/product\/svr-clairial-creme-solaire-anti-taches-spf50-40ml\/#breadcrumb","itemListElement":[{"@type":"ListItem","position":1,"name":"Accueil","item":"https:\/\/pharmadreams.shop\/"},{"@type":"ListItem","position":2,"name":"Shop","item":"https:\/\/pharmadreams.shop\/index.php\/shop\/"},{"@type":"ListItem","position":3,"name":"SVR Clairial Cr\u00e8me Solaire Anti-Taches SPF50+ 40ml"}]},{"@type":"WebSite","@id":"https:\/\/pharmadreams.shop\/#website","url":"https:\/\/pharmadreams.shop\/","name":"pharmadreams","description":"Parapharmacie en ligne","potentialAction":[{"@type":"SearchAction","target":{"@type":"EntryPoint","urlTemplate":"https:\/\/pharmadreams.shop\/?s={search_term_string}"},"query-input":"required name=search_term_string"}],"inLanguage":"fr-FR"}]}},"_links":{"self":[{"href":"https:\/\/pharmadreams.shop\/index.php\/wp-json\/wp\/v2\/product\/18618","targetHints":{"allow":["GET"]}}],"collection":[{"href":"https:\/\/pharmadreams.shop\/index.php\/wp-json\/wp\/v2\/product"}],"about":[{"href":"https:\/\/pharmadreams.shop\/index.php\/wp-json\/wp\/v2\/types\/product"}],"replies":[{"embeddable":true,"href":"https:\/\/pharmadreams.shop\/index.php\/wp-json\/wp\/v2\/comments?post=18618"}],"version-history":[{"count":1,"href":"https:\/\/pharmadreams.shop\/index.php\/wp-json\/wp\/v2\/product\/18618\/revisions"}],"predecessor-version":[{"id":19366,"href":"https:\/\/pharmadreams.shop\/index.php\/wp-json\/wp\/v2\/product\/18618\/revisions\/19366"}],"wp:featuredmedia":[{"embeddable":true,"href":"https:\/\/pharmadreams.shop\/index.php\/wp-json\/wp\/v2\/media\/18619"}],"wp:attachment":[{"href":"https:\/\/pharmadreams.shop\/index.php\/wp-json\/wp\/v2\/media?parent=18618"}],"wp:term":[{"taxonomy":"product_brand","embeddable":true,"href":"https:\/\/pharmadreams.shop\/index.php\/wp-json\/wp\/v2\/product_brand?post=18618"},{"taxonomy":"product_cat","embeddable":true,"href":"https:\/\/pharmadreams.shop\/index.php\/wp-json\/wp\/v2\/product_cat?post=18618"},{"taxonomy":"product_tag","embeddable":true,"href":"https:\/\/pharmadreams.shop\/index.php\/wp-json\/wp\/v2\/product_tag?post=18618"}],"curies":[{"name":"wp","href":"https:\/\/api.w.org\/{rel}","templated":true}]}}