{"id":18634,"date":"2024-06-05T15:01:27","date_gmt":"2024-06-05T14:01:27","guid":{"rendered":"https:\/\/pharmadreams.shop\/?post_type=product&#038;p=18634"},"modified":"2024-06-10T11:47:03","modified_gmt":"2024-06-10T10:47:03","slug":"soin-sans-rincage-leave-in-moline-250ml","status":"publish","type":"product","link":"https:\/\/pharmadreams.shop\/index.php\/product\/soin-sans-rincage-leave-in-moline-250ml\/","title":{"rendered":"SOIN SANS RINCAGE LEAVE IN MOLINE 250ML"},"content":{"rendered":"","protected":false},"excerpt":{"rendered":"<p>Ce soin l\u00e9ger sans rin\u00e7age vous permet de d\u00e9finir vos belles boucles et ondulations avec une brillance, une hydratation suppl\u00e9mentaire et une formule qui discipline les frisottis.<\/p>\n<p>Son hydratation facilite le d\u00e9m\u00ealage tout en prot\u00e9geant les cheveux gr\u00e2ce \u00e0 un m\u00e9lange d\u2019huiles v\u00e9g\u00e9tales, du gel de lin et d\u2019aloe vera BIO.<\/p>\n<p>Sp\u00e9cialement formul\u00e9 pour les types de cheveux \u00e9pais et boucl\u00e9s.<\/p>\n<p>Id\u00e9al pour les soins quotidiens .<\/p>\n","protected":false},"featured_media":18635,"comment_status":"open","ping_status":"closed","template":"","meta":[],"product_brand":[],"product_cat":[365,110],"product_tag":[],"class_list":{"0":"post-18634","1":"product","2":"type-product","3":"status-publish","4":"has-post-thumbnail","6":"product_cat-maman-et-bebe","7":"product_cat-soin-cheveux","9":"first","10":"instock","11":"shipping-taxable","12":"purchasable","13":"product-type-simple"},"yoast_head":"<!-- This site is optimized with the Yoast SEO plugin v23.0 - https:\/\/yoast.com\/wordpress\/plugins\/seo\/ -->\n<title>SOIN SANS RINCAGE LEAVE IN MOLINE 250ML - pharmadreams<\/title>\n<meta name=\"robots\" content=\"index, follow, max-snippet:-1, max-image-preview:large, max-video-preview:-1\" \/>\n<link rel=\"canonical\" href=\"https:\/\/pharmadreams.shop\/index.php\/product\/soin-sans-rincage-leave-in-moline-250ml\/\" \/>\n<meta property=\"og:locale\" content=\"fr_FR\" \/>\n<meta property=\"og:type\" content=\"article\" \/>\n<meta property=\"og:title\" content=\"SOIN SANS RINCAGE LEAVE IN MOLINE 250ML - pharmadreams\" \/>\n<meta property=\"og:description\" content=\"Ce soin l\u00e9ger sans rin\u00e7age vous permet de d\u00e9finir vos belles boucles et ondulations avec une brillance, une hydratation suppl\u00e9mentaire et une formule qui discipline les frisottis.  Son hydratation facilite le d\u00e9m\u00ealage tout en prot\u00e9geant les cheveux gr\u00e2ce \u00e0 un m\u00e9lange d\u2019huiles v\u00e9g\u00e9tales, du gel de lin et d\u2019aloe vera BIO.  Sp\u00e9cialement formul\u00e9 pour les types de cheveux \u00e9pais et boucl\u00e9s.  Id\u00e9al pour les soins quotidiens .\" \/>\n<meta property=\"og:url\" content=\"https:\/\/pharmadreams.shop\/index.php\/product\/soin-sans-rincage-leave-in-moline-250ml\/\" \/>\n<meta property=\"og:site_name\" content=\"pharmadreams\" \/>\n<meta property=\"article:modified_time\" content=\"2024-06-10T10:47:03+00:00\" \/>\n<meta property=\"og:image\" content=\"https:\/\/pharmadreams.shop\/wp-content\/uploads\/2024\/06\/leave-in-moline.webp\" \/>\n\t<meta property=\"og:image:width\" content=\"500\" \/>\n\t<meta property=\"og:image:height\" content=\"400\" \/>\n\t<meta property=\"og:image:type\" content=\"image\/webp\" \/>\n<meta name=\"twitter:card\" content=\"summary_large_image\" \/>\n<meta name=\"twitter:label1\" content=\"Dur\u00e9e de lecture estim\u00e9e\" \/>\n\t<meta name=\"twitter:data1\" content=\"1 minute\" \/>\n<script type=\"application\/ld+json\" class=\"yoast-schema-graph\">{\"@context\":\"https:\/\/schema.org\",\"@graph\":[{\"@type\":\"WebPage\",\"@id\":\"https:\/\/pharmadreams.shop\/index.php\/product\/soin-sans-rincage-leave-in-moline-250ml\/\",\"url\":\"https:\/\/pharmadreams.shop\/index.php\/product\/soin-sans-rincage-leave-in-moline-250ml\/\",\"name\":\"SOIN SANS RINCAGE LEAVE IN MOLINE 250ML - pharmadreams\",\"isPartOf\":{\"@id\":\"https:\/\/pharmadreams.shop\/#website\"},\"primaryImageOfPage\":{\"@id\":\"https:\/\/pharmadreams.shop\/index.php\/product\/soin-sans-rincage-leave-in-moline-250ml\/#primaryimage\"},\"image\":{\"@id\":\"https:\/\/pharmadreams.shop\/index.php\/product\/soin-sans-rincage-leave-in-moline-250ml\/#primaryimage\"},\"thumbnailUrl\":\"https:\/\/pharmadreams.shop\/wp-content\/uploads\/2024\/06\/leave-in-moline.webp\",\"datePublished\":\"2024-06-05T14:01:27+00:00\",\"dateModified\":\"2024-06-10T10:47:03+00:00\",\"breadcrumb\":{\"@id\":\"https:\/\/pharmadreams.shop\/index.php\/product\/soin-sans-rincage-leave-in-moline-250ml\/#breadcrumb\"},\"inLanguage\":\"fr-FR\",\"potentialAction\":[{\"@type\":\"ReadAction\",\"target\":[\"https:\/\/pharmadreams.shop\/index.php\/product\/soin-sans-rincage-leave-in-moline-250ml\/\"]}]},{\"@type\":\"ImageObject\",\"inLanguage\":\"fr-FR\",\"@id\":\"https:\/\/pharmadreams.shop\/index.php\/product\/soin-sans-rincage-leave-in-moline-250ml\/#primaryimage\",\"url\":\"https:\/\/pharmadreams.shop\/wp-content\/uploads\/2024\/06\/leave-in-moline.webp\",\"contentUrl\":\"https:\/\/pharmadreams.shop\/wp-content\/uploads\/2024\/06\/leave-in-moline.webp\",\"width\":500,\"height\":400},{\"@type\":\"BreadcrumbList\",\"@id\":\"https:\/\/pharmadreams.shop\/index.php\/product\/soin-sans-rincage-leave-in-moline-250ml\/#breadcrumb\",\"itemListElement\":[{\"@type\":\"ListItem\",\"position\":1,\"name\":\"Accueil\",\"item\":\"https:\/\/pharmadreams.shop\/\"},{\"@type\":\"ListItem\",\"position\":2,\"name\":\"Shop\",\"item\":\"https:\/\/pharmadreams.shop\/index.php\/shop\/\"},{\"@type\":\"ListItem\",\"position\":3,\"name\":\"SOIN SANS RINCAGE LEAVE IN MOLINE 250ML\"}]},{\"@type\":\"WebSite\",\"@id\":\"https:\/\/pharmadreams.shop\/#website\",\"url\":\"https:\/\/pharmadreams.shop\/\",\"name\":\"pharmadreams\",\"description\":\"Parapharmacie en ligne\",\"potentialAction\":[{\"@type\":\"SearchAction\",\"target\":{\"@type\":\"EntryPoint\",\"urlTemplate\":\"https:\/\/pharmadreams.shop\/?s={search_term_string}\"},\"query-input\":\"required name=search_term_string\"}],\"inLanguage\":\"fr-FR\"}]}<\/script>\n<!-- \/ Yoast SEO plugin. -->","yoast_head_json":{"title":"SOIN SANS RINCAGE LEAVE IN MOLINE 250ML - pharmadreams","robots":{"index":"index","follow":"follow","max-snippet":"max-snippet:-1","max-image-preview":"max-image-preview:large","max-video-preview":"max-video-preview:-1"},"canonical":"https:\/\/pharmadreams.shop\/index.php\/product\/soin-sans-rincage-leave-in-moline-250ml\/","og_locale":"fr_FR","og_type":"article","og_title":"SOIN SANS RINCAGE LEAVE IN MOLINE 250ML - pharmadreams","og_description":"Ce soin l\u00e9ger sans rin\u00e7age vous permet de d\u00e9finir vos belles boucles et ondulations avec une brillance, une hydratation suppl\u00e9mentaire et une formule qui discipline les frisottis.  Son hydratation facilite le d\u00e9m\u00ealage tout en prot\u00e9geant les cheveux gr\u00e2ce \u00e0 un m\u00e9lange d\u2019huiles v\u00e9g\u00e9tales, du gel de lin et d\u2019aloe vera BIO.  Sp\u00e9cialement formul\u00e9 pour les types de cheveux \u00e9pais et boucl\u00e9s.  Id\u00e9al pour les soins quotidiens .","og_url":"https:\/\/pharmadreams.shop\/index.php\/product\/soin-sans-rincage-leave-in-moline-250ml\/","og_site_name":"pharmadreams","article_modified_time":"2024-06-10T10:47:03+00:00","og_image":[{"width":500,"height":400,"url":"https:\/\/pharmadreams.shop\/wp-content\/uploads\/2024\/06\/leave-in-moline.webp","type":"image\/webp"}],"twitter_card":"summary_large_image","twitter_misc":{"Dur\u00e9e de lecture estim\u00e9e":"1 minute"},"schema":{"@context":"https:\/\/schema.org","@graph":[{"@type":"WebPage","@id":"https:\/\/pharmadreams.shop\/index.php\/product\/soin-sans-rincage-leave-in-moline-250ml\/","url":"https:\/\/pharmadreams.shop\/index.php\/product\/soin-sans-rincage-leave-in-moline-250ml\/","name":"SOIN SANS RINCAGE LEAVE IN MOLINE 250ML - pharmadreams","isPartOf":{"@id":"https:\/\/pharmadreams.shop\/#website"},"primaryImageOfPage":{"@id":"https:\/\/pharmadreams.shop\/index.php\/product\/soin-sans-rincage-leave-in-moline-250ml\/#primaryimage"},"image":{"@id":"https:\/\/pharmadreams.shop\/index.php\/product\/soin-sans-rincage-leave-in-moline-250ml\/#primaryimage"},"thumbnailUrl":"https:\/\/pharmadreams.shop\/wp-content\/uploads\/2024\/06\/leave-in-moline.webp","datePublished":"2024-06-05T14:01:27+00:00","dateModified":"2024-06-10T10:47:03+00:00","breadcrumb":{"@id":"https:\/\/pharmadreams.shop\/index.php\/product\/soin-sans-rincage-leave-in-moline-250ml\/#breadcrumb"},"inLanguage":"fr-FR","potentialAction":[{"@type":"ReadAction","target":["https:\/\/pharmadreams.shop\/index.php\/product\/soin-sans-rincage-leave-in-moline-250ml\/"]}]},{"@type":"ImageObject","inLanguage":"fr-FR","@id":"https:\/\/pharmadreams.shop\/index.php\/product\/soin-sans-rincage-leave-in-moline-250ml\/#primaryimage","url":"https:\/\/pharmadreams.shop\/wp-content\/uploads\/2024\/06\/leave-in-moline.webp","contentUrl":"https:\/\/pharmadreams.shop\/wp-content\/uploads\/2024\/06\/leave-in-moline.webp","width":500,"height":400},{"@type":"BreadcrumbList","@id":"https:\/\/pharmadreams.shop\/index.php\/product\/soin-sans-rincage-leave-in-moline-250ml\/#breadcrumb","itemListElement":[{"@type":"ListItem","position":1,"name":"Accueil","item":"https:\/\/pharmadreams.shop\/"},{"@type":"ListItem","position":2,"name":"Shop","item":"https:\/\/pharmadreams.shop\/index.php\/shop\/"},{"@type":"ListItem","position":3,"name":"SOIN SANS RINCAGE LEAVE IN MOLINE 250ML"}]},{"@type":"WebSite","@id":"https:\/\/pharmadreams.shop\/#website","url":"https:\/\/pharmadreams.shop\/","name":"pharmadreams","description":"Parapharmacie en ligne","potentialAction":[{"@type":"SearchAction","target":{"@type":"EntryPoint","urlTemplate":"https:\/\/pharmadreams.shop\/?s={search_term_string}"},"query-input":"required name=search_term_string"}],"inLanguage":"fr-FR"}]}},"_links":{"self":[{"href":"https:\/\/pharmadreams.shop\/index.php\/wp-json\/wp\/v2\/product\/18634","targetHints":{"allow":["GET"]}}],"collection":[{"href":"https:\/\/pharmadreams.shop\/index.php\/wp-json\/wp\/v2\/product"}],"about":[{"href":"https:\/\/pharmadreams.shop\/index.php\/wp-json\/wp\/v2\/types\/product"}],"replies":[{"embeddable":true,"href":"https:\/\/pharmadreams.shop\/index.php\/wp-json\/wp\/v2\/comments?post=18634"}],"version-history":[{"count":0,"href":"https:\/\/pharmadreams.shop\/index.php\/wp-json\/wp\/v2\/product\/18634\/revisions"}],"wp:featuredmedia":[{"embeddable":true,"href":"https:\/\/pharmadreams.shop\/index.php\/wp-json\/wp\/v2\/media\/18635"}],"wp:attachment":[{"href":"https:\/\/pharmadreams.shop\/index.php\/wp-json\/wp\/v2\/media?parent=18634"}],"wp:term":[{"taxonomy":"product_brand","embeddable":true,"href":"https:\/\/pharmadreams.shop\/index.php\/wp-json\/wp\/v2\/product_brand?post=18634"},{"taxonomy":"product_cat","embeddable":true,"href":"https:\/\/pharmadreams.shop\/index.php\/wp-json\/wp\/v2\/product_cat?post=18634"},{"taxonomy":"product_tag","embeddable":true,"href":"https:\/\/pharmadreams.shop\/index.php\/wp-json\/wp\/v2\/product_tag?post=18634"}],"curies":[{"name":"wp","href":"https:\/\/api.w.org\/{rel}","templated":true}]}}