{"id":18637,"date":"2024-06-05T15:13:15","date_gmt":"2024-06-05T14:13:15","guid":{"rendered":"https:\/\/pharmadreams.shop\/?post_type=product&#038;p=18637"},"modified":"2024-06-10T11:46:36","modified_gmt":"2024-06-10T10:46:36","slug":"gel-lavant-2en-1-moline-250ml","status":"publish","type":"product","link":"https:\/\/pharmadreams.shop\/index.php\/product\/gel-lavant-2en-1-moline-250ml\/","title":{"rendered":"GEL LAVANT 2EN 1 MOLINE 250ML"},"content":{"rendered":"","protected":false},"excerpt":{"rendered":"<ul>\n<li>Le gel lavant 2en 1 cheveux et corps, est sp\u00e9cialement con\u00e7u pour la toilette quotidienne des b\u00e9b\u00e9s et des jeunes enfants.<\/li>\n<li>Il nettoie en douceur les cheveux d\u00e9licats et la peau fragile de b\u00e9b\u00e9.<\/li>\n<li>Enrichi en Aloe vera et en Provitamine B5, il pr\u00e9vient le dess\u00e8chement cutan\u00e9. Ces substances d\u2019origine naturelle laissent la peau douce et facilitent le d\u00e9m\u00ealage des cheveux.<\/li>\n<li>Son format pompe est tr\u00e8s pratique pour limiter l\u2019encombrement de votre salle de bain et n\u2019utiliser que la juste dose de produit n\u00e9cessaire.<\/li>\n<li>Ne pique pas les yeux.<\/li>\n<\/ul>\n","protected":false},"featured_media":18638,"comment_status":"open","ping_status":"closed","template":"","meta":[],"product_brand":[],"product_cat":[365,241],"product_tag":[],"class_list":{"0":"post-18637","1":"product","2":"type-product","3":"status-publish","4":"has-post-thumbnail","6":"product_cat-maman-et-bebe","7":"product_cat-soins-corps-et-douche","9":"first","10":"instock","11":"shipping-taxable","12":"purchasable","13":"product-type-simple"},"yoast_head":"<!-- This site is optimized with the Yoast SEO plugin v23.0 - https:\/\/yoast.com\/wordpress\/plugins\/seo\/ -->\n<title>GEL LAVANT 2EN 1 MOLINE 250ML - pharmadreams<\/title>\n<meta name=\"robots\" content=\"index, follow, max-snippet:-1, max-image-preview:large, max-video-preview:-1\" \/>\n<link rel=\"canonical\" href=\"https:\/\/pharmadreams.shop\/index.php\/product\/gel-lavant-2en-1-moline-250ml\/\" \/>\n<meta property=\"og:locale\" content=\"fr_FR\" \/>\n<meta property=\"og:type\" content=\"article\" \/>\n<meta property=\"og:title\" content=\"GEL LAVANT 2EN 1 MOLINE 250ML - pharmadreams\" \/>\n<meta property=\"og:description\" content=\"Le gel lavant 2en 1 cheveux et corps, est sp\u00e9cialement con\u00e7u pour la toilette quotidienne des b\u00e9b\u00e9s et des jeunes enfants.  Il nettoie en douceur les cheveux d\u00e9licats et la peau fragile de b\u00e9b\u00e9.  Enrichi en Aloe vera et en Provitamine B5, il pr\u00e9vient le dess\u00e8chement cutan\u00e9. Ces substances d\u2019origine naturelle laissent la peau douce et facilitent le d\u00e9m\u00ealage des cheveux.  Son format pompe est tr\u00e8s pratique pour limiter l\u2019encombrement de votre salle de bain et n\u2019utiliser que la juste dose de produit n\u00e9cessaire.  Ne pique pas les yeux.\" \/>\n<meta property=\"og:url\" content=\"https:\/\/pharmadreams.shop\/index.php\/product\/gel-lavant-2en-1-moline-250ml\/\" \/>\n<meta property=\"og:site_name\" content=\"pharmadreams\" \/>\n<meta property=\"article:modified_time\" content=\"2024-06-10T10:46:36+00:00\" \/>\n<meta property=\"og:image\" content=\"https:\/\/pharmadreams.shop\/wp-content\/uploads\/2024\/06\/gel.webp\" \/>\n\t<meta property=\"og:image:width\" content=\"500\" \/>\n\t<meta property=\"og:image:height\" content=\"400\" \/>\n\t<meta property=\"og:image:type\" content=\"image\/webp\" \/>\n<meta name=\"twitter:card\" content=\"summary_large_image\" \/>\n<meta name=\"twitter:label1\" content=\"Dur\u00e9e de lecture estim\u00e9e\" \/>\n\t<meta name=\"twitter:data1\" content=\"1 minute\" \/>\n<script type=\"application\/ld+json\" class=\"yoast-schema-graph\">{\"@context\":\"https:\/\/schema.org\",\"@graph\":[{\"@type\":\"WebPage\",\"@id\":\"https:\/\/pharmadreams.shop\/index.php\/product\/gel-lavant-2en-1-moline-250ml\/\",\"url\":\"https:\/\/pharmadreams.shop\/index.php\/product\/gel-lavant-2en-1-moline-250ml\/\",\"name\":\"GEL LAVANT 2EN 1 MOLINE 250ML - pharmadreams\",\"isPartOf\":{\"@id\":\"https:\/\/pharmadreams.shop\/#website\"},\"primaryImageOfPage\":{\"@id\":\"https:\/\/pharmadreams.shop\/index.php\/product\/gel-lavant-2en-1-moline-250ml\/#primaryimage\"},\"image\":{\"@id\":\"https:\/\/pharmadreams.shop\/index.php\/product\/gel-lavant-2en-1-moline-250ml\/#primaryimage\"},\"thumbnailUrl\":\"https:\/\/pharmadreams.shop\/wp-content\/uploads\/2024\/06\/gel.webp\",\"datePublished\":\"2024-06-05T14:13:15+00:00\",\"dateModified\":\"2024-06-10T10:46:36+00:00\",\"breadcrumb\":{\"@id\":\"https:\/\/pharmadreams.shop\/index.php\/product\/gel-lavant-2en-1-moline-250ml\/#breadcrumb\"},\"inLanguage\":\"fr-FR\",\"potentialAction\":[{\"@type\":\"ReadAction\",\"target\":[\"https:\/\/pharmadreams.shop\/index.php\/product\/gel-lavant-2en-1-moline-250ml\/\"]}]},{\"@type\":\"ImageObject\",\"inLanguage\":\"fr-FR\",\"@id\":\"https:\/\/pharmadreams.shop\/index.php\/product\/gel-lavant-2en-1-moline-250ml\/#primaryimage\",\"url\":\"https:\/\/pharmadreams.shop\/wp-content\/uploads\/2024\/06\/gel.webp\",\"contentUrl\":\"https:\/\/pharmadreams.shop\/wp-content\/uploads\/2024\/06\/gel.webp\",\"width\":500,\"height\":400},{\"@type\":\"BreadcrumbList\",\"@id\":\"https:\/\/pharmadreams.shop\/index.php\/product\/gel-lavant-2en-1-moline-250ml\/#breadcrumb\",\"itemListElement\":[{\"@type\":\"ListItem\",\"position\":1,\"name\":\"Accueil\",\"item\":\"https:\/\/pharmadreams.shop\/\"},{\"@type\":\"ListItem\",\"position\":2,\"name\":\"Shop\",\"item\":\"https:\/\/pharmadreams.shop\/index.php\/shop\/\"},{\"@type\":\"ListItem\",\"position\":3,\"name\":\"GEL LAVANT 2EN 1 MOLINE 250ML\"}]},{\"@type\":\"WebSite\",\"@id\":\"https:\/\/pharmadreams.shop\/#website\",\"url\":\"https:\/\/pharmadreams.shop\/\",\"name\":\"pharmadreams\",\"description\":\"Parapharmacie en ligne\",\"potentialAction\":[{\"@type\":\"SearchAction\",\"target\":{\"@type\":\"EntryPoint\",\"urlTemplate\":\"https:\/\/pharmadreams.shop\/?s={search_term_string}\"},\"query-input\":\"required name=search_term_string\"}],\"inLanguage\":\"fr-FR\"}]}<\/script>\n<!-- \/ Yoast SEO plugin. -->","yoast_head_json":{"title":"GEL LAVANT 2EN 1 MOLINE 250ML - pharmadreams","robots":{"index":"index","follow":"follow","max-snippet":"max-snippet:-1","max-image-preview":"max-image-preview:large","max-video-preview":"max-video-preview:-1"},"canonical":"https:\/\/pharmadreams.shop\/index.php\/product\/gel-lavant-2en-1-moline-250ml\/","og_locale":"fr_FR","og_type":"article","og_title":"GEL LAVANT 2EN 1 MOLINE 250ML - pharmadreams","og_description":"Le gel lavant 2en 1 cheveux et corps, est sp\u00e9cialement con\u00e7u pour la toilette quotidienne des b\u00e9b\u00e9s et des jeunes enfants.  Il nettoie en douceur les cheveux d\u00e9licats et la peau fragile de b\u00e9b\u00e9.  Enrichi en Aloe vera et en Provitamine B5, il pr\u00e9vient le dess\u00e8chement cutan\u00e9. Ces substances d\u2019origine naturelle laissent la peau douce et facilitent le d\u00e9m\u00ealage des cheveux.  Son format pompe est tr\u00e8s pratique pour limiter l\u2019encombrement de votre salle de bain et n\u2019utiliser que la juste dose de produit n\u00e9cessaire.  Ne pique pas les yeux.","og_url":"https:\/\/pharmadreams.shop\/index.php\/product\/gel-lavant-2en-1-moline-250ml\/","og_site_name":"pharmadreams","article_modified_time":"2024-06-10T10:46:36+00:00","og_image":[{"width":500,"height":400,"url":"https:\/\/pharmadreams.shop\/wp-content\/uploads\/2024\/06\/gel.webp","type":"image\/webp"}],"twitter_card":"summary_large_image","twitter_misc":{"Dur\u00e9e de lecture estim\u00e9e":"1 minute"},"schema":{"@context":"https:\/\/schema.org","@graph":[{"@type":"WebPage","@id":"https:\/\/pharmadreams.shop\/index.php\/product\/gel-lavant-2en-1-moline-250ml\/","url":"https:\/\/pharmadreams.shop\/index.php\/product\/gel-lavant-2en-1-moline-250ml\/","name":"GEL LAVANT 2EN 1 MOLINE 250ML - pharmadreams","isPartOf":{"@id":"https:\/\/pharmadreams.shop\/#website"},"primaryImageOfPage":{"@id":"https:\/\/pharmadreams.shop\/index.php\/product\/gel-lavant-2en-1-moline-250ml\/#primaryimage"},"image":{"@id":"https:\/\/pharmadreams.shop\/index.php\/product\/gel-lavant-2en-1-moline-250ml\/#primaryimage"},"thumbnailUrl":"https:\/\/pharmadreams.shop\/wp-content\/uploads\/2024\/06\/gel.webp","datePublished":"2024-06-05T14:13:15+00:00","dateModified":"2024-06-10T10:46:36+00:00","breadcrumb":{"@id":"https:\/\/pharmadreams.shop\/index.php\/product\/gel-lavant-2en-1-moline-250ml\/#breadcrumb"},"inLanguage":"fr-FR","potentialAction":[{"@type":"ReadAction","target":["https:\/\/pharmadreams.shop\/index.php\/product\/gel-lavant-2en-1-moline-250ml\/"]}]},{"@type":"ImageObject","inLanguage":"fr-FR","@id":"https:\/\/pharmadreams.shop\/index.php\/product\/gel-lavant-2en-1-moline-250ml\/#primaryimage","url":"https:\/\/pharmadreams.shop\/wp-content\/uploads\/2024\/06\/gel.webp","contentUrl":"https:\/\/pharmadreams.shop\/wp-content\/uploads\/2024\/06\/gel.webp","width":500,"height":400},{"@type":"BreadcrumbList","@id":"https:\/\/pharmadreams.shop\/index.php\/product\/gel-lavant-2en-1-moline-250ml\/#breadcrumb","itemListElement":[{"@type":"ListItem","position":1,"name":"Accueil","item":"https:\/\/pharmadreams.shop\/"},{"@type":"ListItem","position":2,"name":"Shop","item":"https:\/\/pharmadreams.shop\/index.php\/shop\/"},{"@type":"ListItem","position":3,"name":"GEL LAVANT 2EN 1 MOLINE 250ML"}]},{"@type":"WebSite","@id":"https:\/\/pharmadreams.shop\/#website","url":"https:\/\/pharmadreams.shop\/","name":"pharmadreams","description":"Parapharmacie en ligne","potentialAction":[{"@type":"SearchAction","target":{"@type":"EntryPoint","urlTemplate":"https:\/\/pharmadreams.shop\/?s={search_term_string}"},"query-input":"required name=search_term_string"}],"inLanguage":"fr-FR"}]}},"_links":{"self":[{"href":"https:\/\/pharmadreams.shop\/index.php\/wp-json\/wp\/v2\/product\/18637","targetHints":{"allow":["GET"]}}],"collection":[{"href":"https:\/\/pharmadreams.shop\/index.php\/wp-json\/wp\/v2\/product"}],"about":[{"href":"https:\/\/pharmadreams.shop\/index.php\/wp-json\/wp\/v2\/types\/product"}],"replies":[{"embeddable":true,"href":"https:\/\/pharmadreams.shop\/index.php\/wp-json\/wp\/v2\/comments?post=18637"}],"version-history":[{"count":0,"href":"https:\/\/pharmadreams.shop\/index.php\/wp-json\/wp\/v2\/product\/18637\/revisions"}],"wp:featuredmedia":[{"embeddable":true,"href":"https:\/\/pharmadreams.shop\/index.php\/wp-json\/wp\/v2\/media\/18638"}],"wp:attachment":[{"href":"https:\/\/pharmadreams.shop\/index.php\/wp-json\/wp\/v2\/media?parent=18637"}],"wp:term":[{"taxonomy":"product_brand","embeddable":true,"href":"https:\/\/pharmadreams.shop\/index.php\/wp-json\/wp\/v2\/product_brand?post=18637"},{"taxonomy":"product_cat","embeddable":true,"href":"https:\/\/pharmadreams.shop\/index.php\/wp-json\/wp\/v2\/product_cat?post=18637"},{"taxonomy":"product_tag","embeddable":true,"href":"https:\/\/pharmadreams.shop\/index.php\/wp-json\/wp\/v2\/product_tag?post=18637"}],"curies":[{"name":"wp","href":"https:\/\/api.w.org\/{rel}","templated":true}]}}