{"id":18640,"date":"2024-06-05T15:17:03","date_gmt":"2024-06-05T14:17:03","guid":{"rendered":"https:\/\/pharmadreams.shop\/?post_type=product&#038;p=18640"},"modified":"2024-06-10T11:46:09","modified_gmt":"2024-06-10T10:46:09","slug":"eau-de-senteur-pour-bebe-moline-50ml","status":"publish","type":"product","link":"https:\/\/pharmadreams.shop\/index.php\/product\/eau-de-senteur-pour-bebe-moline-50ml\/","title":{"rendered":"EAU DE SENTEUR POUR BEBE MOLINE 50ML"},"content":{"rendered":"","protected":false},"excerpt":{"rendered":"<p>Une formule l\u00e9g\u00e8re qui rafra\u00eechit et parfume d\u00e9licatement la peau et les cheveux de b\u00e9b\u00e9.<\/p>\n<ul>\n<li>Hypoallerg\u00e9nique<\/li>\n<li>Sans alcool<\/li>\n<\/ul>\n","protected":false},"featured_media":18641,"comment_status":"open","ping_status":"closed","template":"","meta":[],"product_brand":[],"product_cat":[262,365],"product_tag":[],"class_list":{"0":"post-18640","1":"product","2":"type-product","3":"status-publish","4":"has-post-thumbnail","6":"product_cat-eau-de-senteur","7":"product_cat-maman-et-bebe","9":"first","10":"instock","11":"shipping-taxable","12":"purchasable","13":"product-type-simple"},"yoast_head":"<!-- This site is optimized with the Yoast SEO plugin v23.0 - https:\/\/yoast.com\/wordpress\/plugins\/seo\/ -->\n<title>EAU DE SENTEUR POUR BEBE MOLINE 50ML - pharmadreams<\/title>\n<meta name=\"robots\" content=\"index, follow, max-snippet:-1, max-image-preview:large, max-video-preview:-1\" \/>\n<link rel=\"canonical\" href=\"https:\/\/pharmadreams.shop\/index.php\/product\/eau-de-senteur-pour-bebe-moline-50ml\/\" \/>\n<meta property=\"og:locale\" content=\"fr_FR\" \/>\n<meta property=\"og:type\" content=\"article\" \/>\n<meta property=\"og:title\" content=\"EAU DE SENTEUR POUR BEBE MOLINE 50ML - pharmadreams\" \/>\n<meta property=\"og:description\" content=\"Une formule l\u00e9g\u00e8re qui rafra\u00eechit et parfume d\u00e9licatement la peau et les cheveux de b\u00e9b\u00e9.   Hypoallerg\u00e9nique  Sans alcool\" \/>\n<meta property=\"og:url\" content=\"https:\/\/pharmadreams.shop\/index.php\/product\/eau-de-senteur-pour-bebe-moline-50ml\/\" \/>\n<meta property=\"og:site_name\" content=\"pharmadreams\" \/>\n<meta property=\"article:modified_time\" content=\"2024-06-10T10:46:09+00:00\" \/>\n<meta property=\"og:image\" content=\"https:\/\/pharmadreams.shop\/wp-content\/uploads\/2024\/06\/parfume.webp\" \/>\n\t<meta property=\"og:image:width\" content=\"500\" \/>\n\t<meta property=\"og:image:height\" content=\"400\" \/>\n\t<meta property=\"og:image:type\" content=\"image\/webp\" \/>\n<meta name=\"twitter:card\" content=\"summary_large_image\" \/>\n<meta name=\"twitter:label1\" content=\"Dur\u00e9e de lecture estim\u00e9e\" \/>\n\t<meta name=\"twitter:data1\" content=\"1 minute\" \/>\n<script type=\"application\/ld+json\" class=\"yoast-schema-graph\">{\"@context\":\"https:\/\/schema.org\",\"@graph\":[{\"@type\":\"WebPage\",\"@id\":\"https:\/\/pharmadreams.shop\/index.php\/product\/eau-de-senteur-pour-bebe-moline-50ml\/\",\"url\":\"https:\/\/pharmadreams.shop\/index.php\/product\/eau-de-senteur-pour-bebe-moline-50ml\/\",\"name\":\"EAU DE SENTEUR POUR BEBE MOLINE 50ML - pharmadreams\",\"isPartOf\":{\"@id\":\"https:\/\/pharmadreams.shop\/#website\"},\"primaryImageOfPage\":{\"@id\":\"https:\/\/pharmadreams.shop\/index.php\/product\/eau-de-senteur-pour-bebe-moline-50ml\/#primaryimage\"},\"image\":{\"@id\":\"https:\/\/pharmadreams.shop\/index.php\/product\/eau-de-senteur-pour-bebe-moline-50ml\/#primaryimage\"},\"thumbnailUrl\":\"https:\/\/pharmadreams.shop\/wp-content\/uploads\/2024\/06\/parfume.webp\",\"datePublished\":\"2024-06-05T14:17:03+00:00\",\"dateModified\":\"2024-06-10T10:46:09+00:00\",\"breadcrumb\":{\"@id\":\"https:\/\/pharmadreams.shop\/index.php\/product\/eau-de-senteur-pour-bebe-moline-50ml\/#breadcrumb\"},\"inLanguage\":\"fr-FR\",\"potentialAction\":[{\"@type\":\"ReadAction\",\"target\":[\"https:\/\/pharmadreams.shop\/index.php\/product\/eau-de-senteur-pour-bebe-moline-50ml\/\"]}]},{\"@type\":\"ImageObject\",\"inLanguage\":\"fr-FR\",\"@id\":\"https:\/\/pharmadreams.shop\/index.php\/product\/eau-de-senteur-pour-bebe-moline-50ml\/#primaryimage\",\"url\":\"https:\/\/pharmadreams.shop\/wp-content\/uploads\/2024\/06\/parfume.webp\",\"contentUrl\":\"https:\/\/pharmadreams.shop\/wp-content\/uploads\/2024\/06\/parfume.webp\",\"width\":500,\"height\":400},{\"@type\":\"BreadcrumbList\",\"@id\":\"https:\/\/pharmadreams.shop\/index.php\/product\/eau-de-senteur-pour-bebe-moline-50ml\/#breadcrumb\",\"itemListElement\":[{\"@type\":\"ListItem\",\"position\":1,\"name\":\"Accueil\",\"item\":\"https:\/\/pharmadreams.shop\/\"},{\"@type\":\"ListItem\",\"position\":2,\"name\":\"Shop\",\"item\":\"https:\/\/pharmadreams.shop\/index.php\/shop\/\"},{\"@type\":\"ListItem\",\"position\":3,\"name\":\"EAU DE SENTEUR POUR BEBE MOLINE 50ML\"}]},{\"@type\":\"WebSite\",\"@id\":\"https:\/\/pharmadreams.shop\/#website\",\"url\":\"https:\/\/pharmadreams.shop\/\",\"name\":\"pharmadreams\",\"description\":\"Parapharmacie en ligne\",\"potentialAction\":[{\"@type\":\"SearchAction\",\"target\":{\"@type\":\"EntryPoint\",\"urlTemplate\":\"https:\/\/pharmadreams.shop\/?s={search_term_string}\"},\"query-input\":\"required name=search_term_string\"}],\"inLanguage\":\"fr-FR\"}]}<\/script>\n<!-- \/ Yoast SEO plugin. -->","yoast_head_json":{"title":"EAU DE SENTEUR POUR BEBE MOLINE 50ML - pharmadreams","robots":{"index":"index","follow":"follow","max-snippet":"max-snippet:-1","max-image-preview":"max-image-preview:large","max-video-preview":"max-video-preview:-1"},"canonical":"https:\/\/pharmadreams.shop\/index.php\/product\/eau-de-senteur-pour-bebe-moline-50ml\/","og_locale":"fr_FR","og_type":"article","og_title":"EAU DE SENTEUR POUR BEBE MOLINE 50ML - pharmadreams","og_description":"Une formule l\u00e9g\u00e8re qui rafra\u00eechit et parfume d\u00e9licatement la peau et les cheveux de b\u00e9b\u00e9.   Hypoallerg\u00e9nique  Sans alcool","og_url":"https:\/\/pharmadreams.shop\/index.php\/product\/eau-de-senteur-pour-bebe-moline-50ml\/","og_site_name":"pharmadreams","article_modified_time":"2024-06-10T10:46:09+00:00","og_image":[{"width":500,"height":400,"url":"https:\/\/pharmadreams.shop\/wp-content\/uploads\/2024\/06\/parfume.webp","type":"image\/webp"}],"twitter_card":"summary_large_image","twitter_misc":{"Dur\u00e9e de lecture estim\u00e9e":"1 minute"},"schema":{"@context":"https:\/\/schema.org","@graph":[{"@type":"WebPage","@id":"https:\/\/pharmadreams.shop\/index.php\/product\/eau-de-senteur-pour-bebe-moline-50ml\/","url":"https:\/\/pharmadreams.shop\/index.php\/product\/eau-de-senteur-pour-bebe-moline-50ml\/","name":"EAU DE SENTEUR POUR BEBE MOLINE 50ML - pharmadreams","isPartOf":{"@id":"https:\/\/pharmadreams.shop\/#website"},"primaryImageOfPage":{"@id":"https:\/\/pharmadreams.shop\/index.php\/product\/eau-de-senteur-pour-bebe-moline-50ml\/#primaryimage"},"image":{"@id":"https:\/\/pharmadreams.shop\/index.php\/product\/eau-de-senteur-pour-bebe-moline-50ml\/#primaryimage"},"thumbnailUrl":"https:\/\/pharmadreams.shop\/wp-content\/uploads\/2024\/06\/parfume.webp","datePublished":"2024-06-05T14:17:03+00:00","dateModified":"2024-06-10T10:46:09+00:00","breadcrumb":{"@id":"https:\/\/pharmadreams.shop\/index.php\/product\/eau-de-senteur-pour-bebe-moline-50ml\/#breadcrumb"},"inLanguage":"fr-FR","potentialAction":[{"@type":"ReadAction","target":["https:\/\/pharmadreams.shop\/index.php\/product\/eau-de-senteur-pour-bebe-moline-50ml\/"]}]},{"@type":"ImageObject","inLanguage":"fr-FR","@id":"https:\/\/pharmadreams.shop\/index.php\/product\/eau-de-senteur-pour-bebe-moline-50ml\/#primaryimage","url":"https:\/\/pharmadreams.shop\/wp-content\/uploads\/2024\/06\/parfume.webp","contentUrl":"https:\/\/pharmadreams.shop\/wp-content\/uploads\/2024\/06\/parfume.webp","width":500,"height":400},{"@type":"BreadcrumbList","@id":"https:\/\/pharmadreams.shop\/index.php\/product\/eau-de-senteur-pour-bebe-moline-50ml\/#breadcrumb","itemListElement":[{"@type":"ListItem","position":1,"name":"Accueil","item":"https:\/\/pharmadreams.shop\/"},{"@type":"ListItem","position":2,"name":"Shop","item":"https:\/\/pharmadreams.shop\/index.php\/shop\/"},{"@type":"ListItem","position":3,"name":"EAU DE SENTEUR POUR BEBE MOLINE 50ML"}]},{"@type":"WebSite","@id":"https:\/\/pharmadreams.shop\/#website","url":"https:\/\/pharmadreams.shop\/","name":"pharmadreams","description":"Parapharmacie en ligne","potentialAction":[{"@type":"SearchAction","target":{"@type":"EntryPoint","urlTemplate":"https:\/\/pharmadreams.shop\/?s={search_term_string}"},"query-input":"required name=search_term_string"}],"inLanguage":"fr-FR"}]}},"_links":{"self":[{"href":"https:\/\/pharmadreams.shop\/index.php\/wp-json\/wp\/v2\/product\/18640","targetHints":{"allow":["GET"]}}],"collection":[{"href":"https:\/\/pharmadreams.shop\/index.php\/wp-json\/wp\/v2\/product"}],"about":[{"href":"https:\/\/pharmadreams.shop\/index.php\/wp-json\/wp\/v2\/types\/product"}],"replies":[{"embeddable":true,"href":"https:\/\/pharmadreams.shop\/index.php\/wp-json\/wp\/v2\/comments?post=18640"}],"version-history":[{"count":0,"href":"https:\/\/pharmadreams.shop\/index.php\/wp-json\/wp\/v2\/product\/18640\/revisions"}],"wp:featuredmedia":[{"embeddable":true,"href":"https:\/\/pharmadreams.shop\/index.php\/wp-json\/wp\/v2\/media\/18641"}],"wp:attachment":[{"href":"https:\/\/pharmadreams.shop\/index.php\/wp-json\/wp\/v2\/media?parent=18640"}],"wp:term":[{"taxonomy":"product_brand","embeddable":true,"href":"https:\/\/pharmadreams.shop\/index.php\/wp-json\/wp\/v2\/product_brand?post=18640"},{"taxonomy":"product_cat","embeddable":true,"href":"https:\/\/pharmadreams.shop\/index.php\/wp-json\/wp\/v2\/product_cat?post=18640"},{"taxonomy":"product_tag","embeddable":true,"href":"https:\/\/pharmadreams.shop\/index.php\/wp-json\/wp\/v2\/product_tag?post=18640"}],"curies":[{"name":"wp","href":"https:\/\/api.w.org\/{rel}","templated":true}]}}