{"id":18643,"date":"2024-06-05T15:36:52","date_gmt":"2024-06-05T14:36:52","guid":{"rendered":"https:\/\/pharmadreams.shop\/?post_type=product&#038;p=18643"},"modified":"2024-06-05T15:36:53","modified_gmt":"2024-06-05T14:36:53","slug":"baume-a-levres-moline","status":"publish","type":"product","link":"https:\/\/pharmadreams.shop\/index.php\/product\/baume-a-levres-moline\/","title":{"rendered":"BAUME A LEVRES moline"},"content":{"rendered":"","protected":false},"excerpt":{"rendered":"<p>Avec sa formule 100% naturelle, le baume \u00e0 l\u00e8vres Moline r\u00e9pare et nourrit les l\u00e8vres, m\u00eame les plus abim\u00e9es.<\/p>\n<p>Enrichi en cire d\u2019abeille et en miel aux vertus cicatrisantes et adoucissantes, il prot\u00e8ge vos l\u00e8vres de la s\u00e9cheresse pour un sourire plein de douceur.<\/p>\n<p>Son format g\u00e9n\u00e9reux et sa haute teneur en vitamine E garantissent une hydratation longue dur\u00e9e.<\/p>\n<p>Incroyablement hydratant et non collant, il convient aux enfants et m\u00eame aux hommes.<\/p>\n","protected":false},"featured_media":18644,"comment_status":"open","ping_status":"closed","template":"","meta":[],"product_brand":[],"product_cat":[244],"product_tag":[],"class_list":{"0":"post-18643","1":"product","2":"type-product","3":"status-publish","4":"has-post-thumbnail","6":"product_cat-baume-a-levres","8":"first","9":"instock","10":"shipping-taxable","11":"purchasable","12":"product-type-simple"},"yoast_head":"<!-- This site is optimized with the Yoast SEO plugin v23.0 - https:\/\/yoast.com\/wordpress\/plugins\/seo\/ -->\n<title>BAUME A LEVRES moline - pharmadreams<\/title>\n<meta name=\"robots\" content=\"index, follow, max-snippet:-1, max-image-preview:large, max-video-preview:-1\" \/>\n<link rel=\"canonical\" href=\"https:\/\/pharmadreams.shop\/index.php\/product\/baume-a-levres-moline\/\" \/>\n<meta property=\"og:locale\" content=\"fr_FR\" \/>\n<meta property=\"og:type\" content=\"article\" \/>\n<meta property=\"og:title\" content=\"BAUME A LEVRES moline - pharmadreams\" \/>\n<meta property=\"og:description\" content=\"Avec sa formule 100% naturelle, le baume \u00e0 l\u00e8vres Moline r\u00e9pare et nourrit les l\u00e8vres, m\u00eame les plus abim\u00e9es.  Enrichi en cire d\u2019abeille et en miel aux vertus cicatrisantes et adoucissantes, il prot\u00e8ge vos l\u00e8vres de la s\u00e9cheresse pour un sourire plein de douceur.  Son format g\u00e9n\u00e9reux et sa haute teneur en vitamine E garantissent une hydratation longue dur\u00e9e.  Incroyablement hydratant et non collant, il convient aux enfants et m\u00eame aux hommes.\" \/>\n<meta property=\"og:url\" content=\"https:\/\/pharmadreams.shop\/index.php\/product\/baume-a-levres-moline\/\" \/>\n<meta property=\"og:site_name\" content=\"pharmadreams\" \/>\n<meta property=\"article:modified_time\" content=\"2024-06-05T14:36:53+00:00\" \/>\n<meta property=\"og:image\" content=\"https:\/\/pharmadreams.shop\/wp-content\/uploads\/2024\/06\/Baume-a-levres-moline.webp\" \/>\n\t<meta property=\"og:image:width\" content=\"500\" \/>\n\t<meta property=\"og:image:height\" content=\"400\" \/>\n\t<meta property=\"og:image:type\" content=\"image\/webp\" \/>\n<meta name=\"twitter:card\" content=\"summary_large_image\" \/>\n<meta name=\"twitter:label1\" content=\"Dur\u00e9e de lecture estim\u00e9e\" \/>\n\t<meta name=\"twitter:data1\" content=\"1 minute\" \/>\n<script type=\"application\/ld+json\" class=\"yoast-schema-graph\">{\"@context\":\"https:\/\/schema.org\",\"@graph\":[{\"@type\":\"WebPage\",\"@id\":\"https:\/\/pharmadreams.shop\/index.php\/product\/baume-a-levres-moline\/\",\"url\":\"https:\/\/pharmadreams.shop\/index.php\/product\/baume-a-levres-moline\/\",\"name\":\"BAUME A LEVRES moline - pharmadreams\",\"isPartOf\":{\"@id\":\"https:\/\/pharmadreams.shop\/#website\"},\"primaryImageOfPage\":{\"@id\":\"https:\/\/pharmadreams.shop\/index.php\/product\/baume-a-levres-moline\/#primaryimage\"},\"image\":{\"@id\":\"https:\/\/pharmadreams.shop\/index.php\/product\/baume-a-levres-moline\/#primaryimage\"},\"thumbnailUrl\":\"https:\/\/pharmadreams.shop\/wp-content\/uploads\/2024\/06\/Baume-a-levres-moline.webp\",\"datePublished\":\"2024-06-05T14:36:52+00:00\",\"dateModified\":\"2024-06-05T14:36:53+00:00\",\"breadcrumb\":{\"@id\":\"https:\/\/pharmadreams.shop\/index.php\/product\/baume-a-levres-moline\/#breadcrumb\"},\"inLanguage\":\"fr-FR\",\"potentialAction\":[{\"@type\":\"ReadAction\",\"target\":[\"https:\/\/pharmadreams.shop\/index.php\/product\/baume-a-levres-moline\/\"]}]},{\"@type\":\"ImageObject\",\"inLanguage\":\"fr-FR\",\"@id\":\"https:\/\/pharmadreams.shop\/index.php\/product\/baume-a-levres-moline\/#primaryimage\",\"url\":\"https:\/\/pharmadreams.shop\/wp-content\/uploads\/2024\/06\/Baume-a-levres-moline.webp\",\"contentUrl\":\"https:\/\/pharmadreams.shop\/wp-content\/uploads\/2024\/06\/Baume-a-levres-moline.webp\",\"width\":500,\"height\":400},{\"@type\":\"BreadcrumbList\",\"@id\":\"https:\/\/pharmadreams.shop\/index.php\/product\/baume-a-levres-moline\/#breadcrumb\",\"itemListElement\":[{\"@type\":\"ListItem\",\"position\":1,\"name\":\"Accueil\",\"item\":\"https:\/\/pharmadreams.shop\/\"},{\"@type\":\"ListItem\",\"position\":2,\"name\":\"Shop\",\"item\":\"https:\/\/pharmadreams.shop\/index.php\/shop\/\"},{\"@type\":\"ListItem\",\"position\":3,\"name\":\"BAUME A LEVRES moline\"}]},{\"@type\":\"WebSite\",\"@id\":\"https:\/\/pharmadreams.shop\/#website\",\"url\":\"https:\/\/pharmadreams.shop\/\",\"name\":\"pharmadreams\",\"description\":\"Parapharmacie en ligne\",\"potentialAction\":[{\"@type\":\"SearchAction\",\"target\":{\"@type\":\"EntryPoint\",\"urlTemplate\":\"https:\/\/pharmadreams.shop\/?s={search_term_string}\"},\"query-input\":\"required name=search_term_string\"}],\"inLanguage\":\"fr-FR\"}]}<\/script>\n<!-- \/ Yoast SEO plugin. -->","yoast_head_json":{"title":"BAUME A LEVRES moline - pharmadreams","robots":{"index":"index","follow":"follow","max-snippet":"max-snippet:-1","max-image-preview":"max-image-preview:large","max-video-preview":"max-video-preview:-1"},"canonical":"https:\/\/pharmadreams.shop\/index.php\/product\/baume-a-levres-moline\/","og_locale":"fr_FR","og_type":"article","og_title":"BAUME A LEVRES moline - pharmadreams","og_description":"Avec sa formule 100% naturelle, le baume \u00e0 l\u00e8vres Moline r\u00e9pare et nourrit les l\u00e8vres, m\u00eame les plus abim\u00e9es.  Enrichi en cire d\u2019abeille et en miel aux vertus cicatrisantes et adoucissantes, il prot\u00e8ge vos l\u00e8vres de la s\u00e9cheresse pour un sourire plein de douceur.  Son format g\u00e9n\u00e9reux et sa haute teneur en vitamine E garantissent une hydratation longue dur\u00e9e.  Incroyablement hydratant et non collant, il convient aux enfants et m\u00eame aux hommes.","og_url":"https:\/\/pharmadreams.shop\/index.php\/product\/baume-a-levres-moline\/","og_site_name":"pharmadreams","article_modified_time":"2024-06-05T14:36:53+00:00","og_image":[{"width":500,"height":400,"url":"https:\/\/pharmadreams.shop\/wp-content\/uploads\/2024\/06\/Baume-a-levres-moline.webp","type":"image\/webp"}],"twitter_card":"summary_large_image","twitter_misc":{"Dur\u00e9e de lecture estim\u00e9e":"1 minute"},"schema":{"@context":"https:\/\/schema.org","@graph":[{"@type":"WebPage","@id":"https:\/\/pharmadreams.shop\/index.php\/product\/baume-a-levres-moline\/","url":"https:\/\/pharmadreams.shop\/index.php\/product\/baume-a-levres-moline\/","name":"BAUME A LEVRES moline - pharmadreams","isPartOf":{"@id":"https:\/\/pharmadreams.shop\/#website"},"primaryImageOfPage":{"@id":"https:\/\/pharmadreams.shop\/index.php\/product\/baume-a-levres-moline\/#primaryimage"},"image":{"@id":"https:\/\/pharmadreams.shop\/index.php\/product\/baume-a-levres-moline\/#primaryimage"},"thumbnailUrl":"https:\/\/pharmadreams.shop\/wp-content\/uploads\/2024\/06\/Baume-a-levres-moline.webp","datePublished":"2024-06-05T14:36:52+00:00","dateModified":"2024-06-05T14:36:53+00:00","breadcrumb":{"@id":"https:\/\/pharmadreams.shop\/index.php\/product\/baume-a-levres-moline\/#breadcrumb"},"inLanguage":"fr-FR","potentialAction":[{"@type":"ReadAction","target":["https:\/\/pharmadreams.shop\/index.php\/product\/baume-a-levres-moline\/"]}]},{"@type":"ImageObject","inLanguage":"fr-FR","@id":"https:\/\/pharmadreams.shop\/index.php\/product\/baume-a-levres-moline\/#primaryimage","url":"https:\/\/pharmadreams.shop\/wp-content\/uploads\/2024\/06\/Baume-a-levres-moline.webp","contentUrl":"https:\/\/pharmadreams.shop\/wp-content\/uploads\/2024\/06\/Baume-a-levres-moline.webp","width":500,"height":400},{"@type":"BreadcrumbList","@id":"https:\/\/pharmadreams.shop\/index.php\/product\/baume-a-levres-moline\/#breadcrumb","itemListElement":[{"@type":"ListItem","position":1,"name":"Accueil","item":"https:\/\/pharmadreams.shop\/"},{"@type":"ListItem","position":2,"name":"Shop","item":"https:\/\/pharmadreams.shop\/index.php\/shop\/"},{"@type":"ListItem","position":3,"name":"BAUME A LEVRES moline"}]},{"@type":"WebSite","@id":"https:\/\/pharmadreams.shop\/#website","url":"https:\/\/pharmadreams.shop\/","name":"pharmadreams","description":"Parapharmacie en ligne","potentialAction":[{"@type":"SearchAction","target":{"@type":"EntryPoint","urlTemplate":"https:\/\/pharmadreams.shop\/?s={search_term_string}"},"query-input":"required name=search_term_string"}],"inLanguage":"fr-FR"}]}},"_links":{"self":[{"href":"https:\/\/pharmadreams.shop\/index.php\/wp-json\/wp\/v2\/product\/18643","targetHints":{"allow":["GET"]}}],"collection":[{"href":"https:\/\/pharmadreams.shop\/index.php\/wp-json\/wp\/v2\/product"}],"about":[{"href":"https:\/\/pharmadreams.shop\/index.php\/wp-json\/wp\/v2\/types\/product"}],"replies":[{"embeddable":true,"href":"https:\/\/pharmadreams.shop\/index.php\/wp-json\/wp\/v2\/comments?post=18643"}],"version-history":[{"count":0,"href":"https:\/\/pharmadreams.shop\/index.php\/wp-json\/wp\/v2\/product\/18643\/revisions"}],"wp:featuredmedia":[{"embeddable":true,"href":"https:\/\/pharmadreams.shop\/index.php\/wp-json\/wp\/v2\/media\/18644"}],"wp:attachment":[{"href":"https:\/\/pharmadreams.shop\/index.php\/wp-json\/wp\/v2\/media?parent=18643"}],"wp:term":[{"taxonomy":"product_brand","embeddable":true,"href":"https:\/\/pharmadreams.shop\/index.php\/wp-json\/wp\/v2\/product_brand?post=18643"},{"taxonomy":"product_cat","embeddable":true,"href":"https:\/\/pharmadreams.shop\/index.php\/wp-json\/wp\/v2\/product_cat?post=18643"},{"taxonomy":"product_tag","embeddable":true,"href":"https:\/\/pharmadreams.shop\/index.php\/wp-json\/wp\/v2\/product_tag?post=18643"}],"curies":[{"name":"wp","href":"https:\/\/api.w.org\/{rel}","templated":true}]}}