{"id":18647,"date":"2024-06-05T16:21:56","date_gmt":"2024-06-05T15:21:56","guid":{"rendered":"https:\/\/pharmadreams.shop\/?post_type=product&#038;p=18647"},"modified":"2024-06-05T16:21:57","modified_gmt":"2024-06-05T15:21:57","slug":"cytol-cytolnat-arthrogine-gel-creme-50ml","status":"publish","type":"product","link":"https:\/\/pharmadreams.shop\/index.php\/product\/cytol-cytolnat-arthrogine-gel-creme-50ml\/","title":{"rendered":"CYTOL CYTOLNAT ARTHROGINE GEL-CREME 50ML"},"content":{"rendered":"","protected":false},"excerpt":{"rendered":"<p>ARTHROGINE\u00a0est un gel de massage qui agit sur les cartilages et articulations et optimise la sensation de d\u00e9tente.<\/p>\n<p><strong>Conseils d&rsquo;utilisation :<\/strong><\/p>\n<p>Appliquer le gel sur une peau saine et masser par de l\u00e9gers mouvements circulaires jusqu\u2019\u00e0 p\u00e9n\u00e9tration totale du gel. Renouveler l\u2019application si n\u00e9cessaire plusieurs fois par jour.<\/p>\n","protected":false},"featured_media":18648,"comment_status":"open","ping_status":"closed","template":"","meta":[],"product_brand":[],"product_cat":[138],"product_tag":[],"class_list":{"0":"post-18647","1":"product","2":"type-product","3":"status-publish","4":"has-post-thumbnail","6":"product_cat-anti-inflammatoire","8":"first","9":"instock","10":"shipping-taxable","11":"purchasable","12":"product-type-simple"},"yoast_head":"<!-- This site is optimized with the Yoast SEO plugin v23.0 - https:\/\/yoast.com\/wordpress\/plugins\/seo\/ -->\n<title>CYTOL CYTOLNAT ARTHROGINE GEL-CREME 50ML - pharmadreams<\/title>\n<meta name=\"robots\" content=\"index, follow, max-snippet:-1, max-image-preview:large, max-video-preview:-1\" \/>\n<link rel=\"canonical\" href=\"https:\/\/pharmadreams.shop\/index.php\/product\/cytol-cytolnat-arthrogine-gel-creme-50ml\/\" \/>\n<meta property=\"og:locale\" content=\"fr_FR\" \/>\n<meta property=\"og:type\" content=\"article\" \/>\n<meta property=\"og:title\" content=\"CYTOL CYTOLNAT ARTHROGINE GEL-CREME 50ML - pharmadreams\" \/>\n<meta property=\"og:description\" content=\"ARTHROGINE\u00a0est un gel de massage qui agit sur les cartilages et articulations et optimise la sensation de d\u00e9tente.  Conseils d&#039;utilisation :  Appliquer le gel sur une peau saine et masser par de l\u00e9gers mouvements circulaires jusqu\u2019\u00e0 p\u00e9n\u00e9tration totale du gel. Renouveler l\u2019application si n\u00e9cessaire plusieurs fois par jour.\" \/>\n<meta property=\"og:url\" content=\"https:\/\/pharmadreams.shop\/index.php\/product\/cytol-cytolnat-arthrogine-gel-creme-50ml\/\" \/>\n<meta property=\"og:site_name\" content=\"pharmadreams\" \/>\n<meta property=\"article:modified_time\" content=\"2024-06-05T15:21:57+00:00\" \/>\n<meta property=\"og:image\" content=\"https:\/\/pharmadreams.shop\/wp-content\/uploads\/2024\/06\/arthrogine-gel-creme-50ml.jpg\" \/>\n\t<meta property=\"og:image:width\" content=\"500\" \/>\n\t<meta property=\"og:image:height\" content=\"500\" \/>\n\t<meta property=\"og:image:type\" content=\"image\/jpeg\" \/>\n<meta name=\"twitter:card\" content=\"summary_large_image\" \/>\n<meta name=\"twitter:label1\" content=\"Dur\u00e9e de lecture estim\u00e9e\" \/>\n\t<meta name=\"twitter:data1\" content=\"1 minute\" \/>\n<script type=\"application\/ld+json\" class=\"yoast-schema-graph\">{\"@context\":\"https:\/\/schema.org\",\"@graph\":[{\"@type\":\"WebPage\",\"@id\":\"https:\/\/pharmadreams.shop\/index.php\/product\/cytol-cytolnat-arthrogine-gel-creme-50ml\/\",\"url\":\"https:\/\/pharmadreams.shop\/index.php\/product\/cytol-cytolnat-arthrogine-gel-creme-50ml\/\",\"name\":\"CYTOL CYTOLNAT ARTHROGINE GEL-CREME 50ML - pharmadreams\",\"isPartOf\":{\"@id\":\"https:\/\/pharmadreams.shop\/#website\"},\"primaryImageOfPage\":{\"@id\":\"https:\/\/pharmadreams.shop\/index.php\/product\/cytol-cytolnat-arthrogine-gel-creme-50ml\/#primaryimage\"},\"image\":{\"@id\":\"https:\/\/pharmadreams.shop\/index.php\/product\/cytol-cytolnat-arthrogine-gel-creme-50ml\/#primaryimage\"},\"thumbnailUrl\":\"https:\/\/pharmadreams.shop\/wp-content\/uploads\/2024\/06\/arthrogine-gel-creme-50ml.jpg\",\"datePublished\":\"2024-06-05T15:21:56+00:00\",\"dateModified\":\"2024-06-05T15:21:57+00:00\",\"breadcrumb\":{\"@id\":\"https:\/\/pharmadreams.shop\/index.php\/product\/cytol-cytolnat-arthrogine-gel-creme-50ml\/#breadcrumb\"},\"inLanguage\":\"fr-FR\",\"potentialAction\":[{\"@type\":\"ReadAction\",\"target\":[\"https:\/\/pharmadreams.shop\/index.php\/product\/cytol-cytolnat-arthrogine-gel-creme-50ml\/\"]}]},{\"@type\":\"ImageObject\",\"inLanguage\":\"fr-FR\",\"@id\":\"https:\/\/pharmadreams.shop\/index.php\/product\/cytol-cytolnat-arthrogine-gel-creme-50ml\/#primaryimage\",\"url\":\"https:\/\/pharmadreams.shop\/wp-content\/uploads\/2024\/06\/arthrogine-gel-creme-50ml.jpg\",\"contentUrl\":\"https:\/\/pharmadreams.shop\/wp-content\/uploads\/2024\/06\/arthrogine-gel-creme-50ml.jpg\",\"width\":500,\"height\":500},{\"@type\":\"BreadcrumbList\",\"@id\":\"https:\/\/pharmadreams.shop\/index.php\/product\/cytol-cytolnat-arthrogine-gel-creme-50ml\/#breadcrumb\",\"itemListElement\":[{\"@type\":\"ListItem\",\"position\":1,\"name\":\"Accueil\",\"item\":\"https:\/\/pharmadreams.shop\/\"},{\"@type\":\"ListItem\",\"position\":2,\"name\":\"Shop\",\"item\":\"https:\/\/pharmadreams.shop\/index.php\/shop\/\"},{\"@type\":\"ListItem\",\"position\":3,\"name\":\"CYTOL CYTOLNAT ARTHROGINE GEL-CREME 50ML\"}]},{\"@type\":\"WebSite\",\"@id\":\"https:\/\/pharmadreams.shop\/#website\",\"url\":\"https:\/\/pharmadreams.shop\/\",\"name\":\"pharmadreams\",\"description\":\"Parapharmacie en ligne\",\"potentialAction\":[{\"@type\":\"SearchAction\",\"target\":{\"@type\":\"EntryPoint\",\"urlTemplate\":\"https:\/\/pharmadreams.shop\/?s={search_term_string}\"},\"query-input\":\"required name=search_term_string\"}],\"inLanguage\":\"fr-FR\"}]}<\/script>\n<!-- \/ Yoast SEO plugin. -->","yoast_head_json":{"title":"CYTOL CYTOLNAT ARTHROGINE GEL-CREME 50ML - pharmadreams","robots":{"index":"index","follow":"follow","max-snippet":"max-snippet:-1","max-image-preview":"max-image-preview:large","max-video-preview":"max-video-preview:-1"},"canonical":"https:\/\/pharmadreams.shop\/index.php\/product\/cytol-cytolnat-arthrogine-gel-creme-50ml\/","og_locale":"fr_FR","og_type":"article","og_title":"CYTOL CYTOLNAT ARTHROGINE GEL-CREME 50ML - pharmadreams","og_description":"ARTHROGINE\u00a0est un gel de massage qui agit sur les cartilages et articulations et optimise la sensation de d\u00e9tente.  Conseils d'utilisation :  Appliquer le gel sur une peau saine et masser par de l\u00e9gers mouvements circulaires jusqu\u2019\u00e0 p\u00e9n\u00e9tration totale du gel. Renouveler l\u2019application si n\u00e9cessaire plusieurs fois par jour.","og_url":"https:\/\/pharmadreams.shop\/index.php\/product\/cytol-cytolnat-arthrogine-gel-creme-50ml\/","og_site_name":"pharmadreams","article_modified_time":"2024-06-05T15:21:57+00:00","og_image":[{"width":500,"height":500,"url":"https:\/\/pharmadreams.shop\/wp-content\/uploads\/2024\/06\/arthrogine-gel-creme-50ml.jpg","type":"image\/jpeg"}],"twitter_card":"summary_large_image","twitter_misc":{"Dur\u00e9e de lecture estim\u00e9e":"1 minute"},"schema":{"@context":"https:\/\/schema.org","@graph":[{"@type":"WebPage","@id":"https:\/\/pharmadreams.shop\/index.php\/product\/cytol-cytolnat-arthrogine-gel-creme-50ml\/","url":"https:\/\/pharmadreams.shop\/index.php\/product\/cytol-cytolnat-arthrogine-gel-creme-50ml\/","name":"CYTOL CYTOLNAT ARTHROGINE GEL-CREME 50ML - pharmadreams","isPartOf":{"@id":"https:\/\/pharmadreams.shop\/#website"},"primaryImageOfPage":{"@id":"https:\/\/pharmadreams.shop\/index.php\/product\/cytol-cytolnat-arthrogine-gel-creme-50ml\/#primaryimage"},"image":{"@id":"https:\/\/pharmadreams.shop\/index.php\/product\/cytol-cytolnat-arthrogine-gel-creme-50ml\/#primaryimage"},"thumbnailUrl":"https:\/\/pharmadreams.shop\/wp-content\/uploads\/2024\/06\/arthrogine-gel-creme-50ml.jpg","datePublished":"2024-06-05T15:21:56+00:00","dateModified":"2024-06-05T15:21:57+00:00","breadcrumb":{"@id":"https:\/\/pharmadreams.shop\/index.php\/product\/cytol-cytolnat-arthrogine-gel-creme-50ml\/#breadcrumb"},"inLanguage":"fr-FR","potentialAction":[{"@type":"ReadAction","target":["https:\/\/pharmadreams.shop\/index.php\/product\/cytol-cytolnat-arthrogine-gel-creme-50ml\/"]}]},{"@type":"ImageObject","inLanguage":"fr-FR","@id":"https:\/\/pharmadreams.shop\/index.php\/product\/cytol-cytolnat-arthrogine-gel-creme-50ml\/#primaryimage","url":"https:\/\/pharmadreams.shop\/wp-content\/uploads\/2024\/06\/arthrogine-gel-creme-50ml.jpg","contentUrl":"https:\/\/pharmadreams.shop\/wp-content\/uploads\/2024\/06\/arthrogine-gel-creme-50ml.jpg","width":500,"height":500},{"@type":"BreadcrumbList","@id":"https:\/\/pharmadreams.shop\/index.php\/product\/cytol-cytolnat-arthrogine-gel-creme-50ml\/#breadcrumb","itemListElement":[{"@type":"ListItem","position":1,"name":"Accueil","item":"https:\/\/pharmadreams.shop\/"},{"@type":"ListItem","position":2,"name":"Shop","item":"https:\/\/pharmadreams.shop\/index.php\/shop\/"},{"@type":"ListItem","position":3,"name":"CYTOL CYTOLNAT ARTHROGINE GEL-CREME 50ML"}]},{"@type":"WebSite","@id":"https:\/\/pharmadreams.shop\/#website","url":"https:\/\/pharmadreams.shop\/","name":"pharmadreams","description":"Parapharmacie en ligne","potentialAction":[{"@type":"SearchAction","target":{"@type":"EntryPoint","urlTemplate":"https:\/\/pharmadreams.shop\/?s={search_term_string}"},"query-input":"required name=search_term_string"}],"inLanguage":"fr-FR"}]}},"_links":{"self":[{"href":"https:\/\/pharmadreams.shop\/index.php\/wp-json\/wp\/v2\/product\/18647","targetHints":{"allow":["GET"]}}],"collection":[{"href":"https:\/\/pharmadreams.shop\/index.php\/wp-json\/wp\/v2\/product"}],"about":[{"href":"https:\/\/pharmadreams.shop\/index.php\/wp-json\/wp\/v2\/types\/product"}],"replies":[{"embeddable":true,"href":"https:\/\/pharmadreams.shop\/index.php\/wp-json\/wp\/v2\/comments?post=18647"}],"version-history":[{"count":0,"href":"https:\/\/pharmadreams.shop\/index.php\/wp-json\/wp\/v2\/product\/18647\/revisions"}],"wp:featuredmedia":[{"embeddable":true,"href":"https:\/\/pharmadreams.shop\/index.php\/wp-json\/wp\/v2\/media\/18648"}],"wp:attachment":[{"href":"https:\/\/pharmadreams.shop\/index.php\/wp-json\/wp\/v2\/media?parent=18647"}],"wp:term":[{"taxonomy":"product_brand","embeddable":true,"href":"https:\/\/pharmadreams.shop\/index.php\/wp-json\/wp\/v2\/product_brand?post=18647"},{"taxonomy":"product_cat","embeddable":true,"href":"https:\/\/pharmadreams.shop\/index.php\/wp-json\/wp\/v2\/product_cat?post=18647"},{"taxonomy":"product_tag","embeddable":true,"href":"https:\/\/pharmadreams.shop\/index.php\/wp-json\/wp\/v2\/product_tag?post=18647"}],"curies":[{"name":"wp","href":"https:\/\/api.w.org\/{rel}","templated":true}]}}