{"id":18667,"date":"2024-06-07T11:49:03","date_gmt":"2024-06-07T10:49:03","guid":{"rendered":"https:\/\/pharmadreams.shop\/?post_type=product&#038;p=18667"},"modified":"2024-06-07T11:49:04","modified_gmt":"2024-06-07T10:49:04","slug":"avene-xeracalm-a-d-huile-lavante-relipidante-400ml","status":"publish","type":"product","link":"https:\/\/pharmadreams.shop\/index.php\/product\/avene-xeracalm-a-d-huile-lavante-relipidante-400ml\/","title":{"rendered":"AVENE Xeracalm A.D Huile Lavante Relipidante 400ml"},"content":{"rendered":"","protected":false},"excerpt":{"rendered":"<p>Av\u00e8ne XeraCalm AD Huile Lavante Relipidante 400ml\u00a0est un\u00a0soin lavant au pouvoir relipidant\u00a0qui\u00a0nettoie en douceur\u00a0et\u00a0prot\u00e8ge\u00a0les peaux tr\u00e8s s\u00e8ches \u00e0 tendance atopique.<\/p>\n<p>Gr\u00e2ce \u00e0 sa base lavante, tr\u00e8s douce, \u00e9labor\u00e9e avec un minimum d\u2019ingr\u00e9dients et au pH neutre, l\u2019huile Av\u00e8ne XeraCalm AD Lavante Relipidante lave tout en prot\u00e9geant contre les effets dess\u00e9chants de l\u2019eau. Le complexe l-modulia permet de\u00a0<strong>diminuer<\/strong>\u00a0et d\u2019<strong>apaiser les sensations de d\u00e9mangeaisons<\/strong>,\u00a0<strong>r\u00e9duit les rougeurs<\/strong>\u00a0et\u00a0<strong>irritations<\/strong>\u00a0dues \u00e0 l\u2019hyper-r\u00e9activit\u00e9 de la peau. Les Cer-Omega permettent de\u00a0<strong>r\u00e9parer<\/strong>\u00a0et\u00a0<strong>nourrir la peau<\/strong>, renfor\u00e7ant aussi son film protecteur. La peau est\u00a0<strong>douce<\/strong>\u00a0et\u00a0<strong>confortable<\/strong>,\u00a0<strong>plus r\u00e9sistante<\/strong>\u00a0aux agressions ext\u00e9rieures.<\/p>\n<p>Pour les\u00a0<strong>peaux tr\u00e8s s\u00e8ches sujettes \u00e0 l\u2019ecz\u00e9ma atopique<\/strong>\u00a0et aux\u00a0<strong>d\u00e9mangeaisons<\/strong>.<\/p>\n<p>Sans parfum. Sans savon. Hypoallerg\u00e9nique.<\/p>\n<p>Fabriqu\u00e9 en France.<\/p>\n<p><strong>Mode d\u2019emploi<\/strong><\/p>\n<p>Pour la douche : \u00e9mulsionner dans les mains pr\u00e9alablement mouill\u00e9es et appliquer sur la peau.<\/p>\n<p>Pour le bain : verser l\u2019\u00e9quivalent de 5 pressions pendant le remplissage de la baignoire.<\/p>\n<p>Rincer abondamment et s\u00e9cher d\u00e9licatement.<\/p>\n","protected":false},"featured_media":18668,"comment_status":"open","ping_status":"closed","template":"","meta":[],"product_brand":[],"product_cat":[304,86,79,325],"product_tag":[],"class_list":{"0":"post-18667","1":"product","2":"type-product","3":"status-publish","4":"has-post-thumbnail","6":"product_cat-nettoyant-visage","7":"product_cat-peaux-sensibles-et-rougeurs","8":"product_cat-peaux-seches","9":"product_cat-soin-lavant","11":"first","12":"instock","13":"shipping-taxable","14":"purchasable","15":"product-type-simple"},"yoast_head":"<!-- This site is optimized with the Yoast SEO plugin v23.0 - https:\/\/yoast.com\/wordpress\/plugins\/seo\/ -->\n<title>AVENE Xeracalm A.D Huile Lavante Relipidante 400ml - pharmadreams<\/title>\n<meta name=\"robots\" content=\"index, follow, max-snippet:-1, max-image-preview:large, max-video-preview:-1\" \/>\n<link rel=\"canonical\" href=\"https:\/\/pharmadreams.shop\/index.php\/product\/avene-xeracalm-a-d-huile-lavante-relipidante-400ml\/\" \/>\n<meta property=\"og:locale\" content=\"fr_FR\" \/>\n<meta property=\"og:type\" content=\"article\" \/>\n<meta property=\"og:title\" content=\"AVENE Xeracalm A.D Huile Lavante Relipidante 400ml - pharmadreams\" \/>\n<meta property=\"og:description\" content=\"Av\u00e8ne XeraCalm AD Huile Lavante Relipidante 400ml\u00a0est un\u00a0soin lavant au pouvoir relipidant\u00a0qui\u00a0nettoie en douceur\u00a0et\u00a0prot\u00e8ge\u00a0les peaux tr\u00e8s s\u00e8ches \u00e0 tendance atopique.  Gr\u00e2ce \u00e0 sa base lavante, tr\u00e8s douce, \u00e9labor\u00e9e avec un minimum d\u2019ingr\u00e9dients et au pH neutre, l\u2019huile Av\u00e8ne XeraCalm AD Lavante Relipidante lave tout en prot\u00e9geant contre les effets dess\u00e9chants de l\u2019eau. Le complexe l-modulia permet de\u00a0diminuer\u00a0et d\u2019apaiser les sensations de d\u00e9mangeaisons,\u00a0r\u00e9duit les rougeurs\u00a0et\u00a0irritations\u00a0dues \u00e0 l\u2019hyper-r\u00e9activit\u00e9 de la peau. Les Cer-Omega permettent de\u00a0r\u00e9parer\u00a0et\u00a0nourrir la peau, renfor\u00e7ant aussi son film protecteur. La peau est\u00a0douce\u00a0et\u00a0confortable,\u00a0plus r\u00e9sistante\u00a0aux agressions ext\u00e9rieures.  Pour les\u00a0peaux tr\u00e8s s\u00e8ches sujettes \u00e0 l\u2019ecz\u00e9ma atopique\u00a0et aux\u00a0d\u00e9mangeaisons.  Sans parfum. Sans savon. Hypoallerg\u00e9nique.  Fabriqu\u00e9 en France.  Mode d\u2019emploi  Pour la douche : \u00e9mulsionner dans les mains pr\u00e9alablement mouill\u00e9es et appliquer sur la peau.  Pour le bain : verser l\u2019\u00e9quivalent de 5 pressions pendant le remplissage de la baignoire.  Rincer abondamment et s\u00e9cher d\u00e9licatement.\" \/>\n<meta property=\"og:url\" content=\"https:\/\/pharmadreams.shop\/index.php\/product\/avene-xeracalm-a-d-huile-lavante-relipidante-400ml\/\" \/>\n<meta property=\"og:site_name\" content=\"pharmadreams\" \/>\n<meta property=\"article:modified_time\" content=\"2024-06-07T10:49:04+00:00\" \/>\n<meta property=\"og:image\" content=\"https:\/\/pharmadreams.shop\/wp-content\/uploads\/2024\/06\/AVENE-Cleanance-Eau-Micellaire-400ml.webp\" \/>\n\t<meta property=\"og:image:width\" content=\"1000\" \/>\n\t<meta property=\"og:image:height\" content=\"1000\" \/>\n\t<meta property=\"og:image:type\" content=\"image\/webp\" \/>\n<meta name=\"twitter:card\" content=\"summary_large_image\" \/>\n<meta name=\"twitter:label1\" content=\"Dur\u00e9e de lecture estim\u00e9e\" \/>\n\t<meta name=\"twitter:data1\" content=\"1 minute\" \/>\n<script type=\"application\/ld+json\" class=\"yoast-schema-graph\">{\"@context\":\"https:\/\/schema.org\",\"@graph\":[{\"@type\":\"WebPage\",\"@id\":\"https:\/\/pharmadreams.shop\/index.php\/product\/avene-xeracalm-a-d-huile-lavante-relipidante-400ml\/\",\"url\":\"https:\/\/pharmadreams.shop\/index.php\/product\/avene-xeracalm-a-d-huile-lavante-relipidante-400ml\/\",\"name\":\"AVENE Xeracalm A.D Huile Lavante Relipidante 400ml - pharmadreams\",\"isPartOf\":{\"@id\":\"https:\/\/pharmadreams.shop\/#website\"},\"primaryImageOfPage\":{\"@id\":\"https:\/\/pharmadreams.shop\/index.php\/product\/avene-xeracalm-a-d-huile-lavante-relipidante-400ml\/#primaryimage\"},\"image\":{\"@id\":\"https:\/\/pharmadreams.shop\/index.php\/product\/avene-xeracalm-a-d-huile-lavante-relipidante-400ml\/#primaryimage\"},\"thumbnailUrl\":\"https:\/\/pharmadreams.shop\/wp-content\/uploads\/2024\/06\/AVENE-Cleanance-Eau-Micellaire-400ml.webp\",\"datePublished\":\"2024-06-07T10:49:03+00:00\",\"dateModified\":\"2024-06-07T10:49:04+00:00\",\"breadcrumb\":{\"@id\":\"https:\/\/pharmadreams.shop\/index.php\/product\/avene-xeracalm-a-d-huile-lavante-relipidante-400ml\/#breadcrumb\"},\"inLanguage\":\"fr-FR\",\"potentialAction\":[{\"@type\":\"ReadAction\",\"target\":[\"https:\/\/pharmadreams.shop\/index.php\/product\/avene-xeracalm-a-d-huile-lavante-relipidante-400ml\/\"]}]},{\"@type\":\"ImageObject\",\"inLanguage\":\"fr-FR\",\"@id\":\"https:\/\/pharmadreams.shop\/index.php\/product\/avene-xeracalm-a-d-huile-lavante-relipidante-400ml\/#primaryimage\",\"url\":\"https:\/\/pharmadreams.shop\/wp-content\/uploads\/2024\/06\/AVENE-Cleanance-Eau-Micellaire-400ml.webp\",\"contentUrl\":\"https:\/\/pharmadreams.shop\/wp-content\/uploads\/2024\/06\/AVENE-Cleanance-Eau-Micellaire-400ml.webp\",\"width\":1000,\"height\":1000},{\"@type\":\"BreadcrumbList\",\"@id\":\"https:\/\/pharmadreams.shop\/index.php\/product\/avene-xeracalm-a-d-huile-lavante-relipidante-400ml\/#breadcrumb\",\"itemListElement\":[{\"@type\":\"ListItem\",\"position\":1,\"name\":\"Accueil\",\"item\":\"https:\/\/pharmadreams.shop\/\"},{\"@type\":\"ListItem\",\"position\":2,\"name\":\"Shop\",\"item\":\"https:\/\/pharmadreams.shop\/index.php\/shop\/\"},{\"@type\":\"ListItem\",\"position\":3,\"name\":\"AVENE Xeracalm A.D Huile Lavante Relipidante 400ml\"}]},{\"@type\":\"WebSite\",\"@id\":\"https:\/\/pharmadreams.shop\/#website\",\"url\":\"https:\/\/pharmadreams.shop\/\",\"name\":\"pharmadreams\",\"description\":\"Parapharmacie en ligne\",\"potentialAction\":[{\"@type\":\"SearchAction\",\"target\":{\"@type\":\"EntryPoint\",\"urlTemplate\":\"https:\/\/pharmadreams.shop\/?s={search_term_string}\"},\"query-input\":\"required name=search_term_string\"}],\"inLanguage\":\"fr-FR\"}]}<\/script>\n<!-- \/ Yoast SEO plugin. -->","yoast_head_json":{"title":"AVENE Xeracalm A.D Huile Lavante Relipidante 400ml - pharmadreams","robots":{"index":"index","follow":"follow","max-snippet":"max-snippet:-1","max-image-preview":"max-image-preview:large","max-video-preview":"max-video-preview:-1"},"canonical":"https:\/\/pharmadreams.shop\/index.php\/product\/avene-xeracalm-a-d-huile-lavante-relipidante-400ml\/","og_locale":"fr_FR","og_type":"article","og_title":"AVENE Xeracalm A.D Huile Lavante Relipidante 400ml - pharmadreams","og_description":"Av\u00e8ne XeraCalm AD Huile Lavante Relipidante 400ml\u00a0est un\u00a0soin lavant au pouvoir relipidant\u00a0qui\u00a0nettoie en douceur\u00a0et\u00a0prot\u00e8ge\u00a0les peaux tr\u00e8s s\u00e8ches \u00e0 tendance atopique.  Gr\u00e2ce \u00e0 sa base lavante, tr\u00e8s douce, \u00e9labor\u00e9e avec un minimum d\u2019ingr\u00e9dients et au pH neutre, l\u2019huile Av\u00e8ne XeraCalm AD Lavante Relipidante lave tout en prot\u00e9geant contre les effets dess\u00e9chants de l\u2019eau. Le complexe l-modulia permet de\u00a0diminuer\u00a0et d\u2019apaiser les sensations de d\u00e9mangeaisons,\u00a0r\u00e9duit les rougeurs\u00a0et\u00a0irritations\u00a0dues \u00e0 l\u2019hyper-r\u00e9activit\u00e9 de la peau. Les Cer-Omega permettent de\u00a0r\u00e9parer\u00a0et\u00a0nourrir la peau, renfor\u00e7ant aussi son film protecteur. La peau est\u00a0douce\u00a0et\u00a0confortable,\u00a0plus r\u00e9sistante\u00a0aux agressions ext\u00e9rieures.  Pour les\u00a0peaux tr\u00e8s s\u00e8ches sujettes \u00e0 l\u2019ecz\u00e9ma atopique\u00a0et aux\u00a0d\u00e9mangeaisons.  Sans parfum. Sans savon. Hypoallerg\u00e9nique.  Fabriqu\u00e9 en France.  Mode d\u2019emploi  Pour la douche : \u00e9mulsionner dans les mains pr\u00e9alablement mouill\u00e9es et appliquer sur la peau.  Pour le bain : verser l\u2019\u00e9quivalent de 5 pressions pendant le remplissage de la baignoire.  Rincer abondamment et s\u00e9cher d\u00e9licatement.","og_url":"https:\/\/pharmadreams.shop\/index.php\/product\/avene-xeracalm-a-d-huile-lavante-relipidante-400ml\/","og_site_name":"pharmadreams","article_modified_time":"2024-06-07T10:49:04+00:00","og_image":[{"width":1000,"height":1000,"url":"https:\/\/pharmadreams.shop\/wp-content\/uploads\/2024\/06\/AVENE-Cleanance-Eau-Micellaire-400ml.webp","type":"image\/webp"}],"twitter_card":"summary_large_image","twitter_misc":{"Dur\u00e9e de lecture estim\u00e9e":"1 minute"},"schema":{"@context":"https:\/\/schema.org","@graph":[{"@type":"WebPage","@id":"https:\/\/pharmadreams.shop\/index.php\/product\/avene-xeracalm-a-d-huile-lavante-relipidante-400ml\/","url":"https:\/\/pharmadreams.shop\/index.php\/product\/avene-xeracalm-a-d-huile-lavante-relipidante-400ml\/","name":"AVENE Xeracalm A.D Huile Lavante Relipidante 400ml - pharmadreams","isPartOf":{"@id":"https:\/\/pharmadreams.shop\/#website"},"primaryImageOfPage":{"@id":"https:\/\/pharmadreams.shop\/index.php\/product\/avene-xeracalm-a-d-huile-lavante-relipidante-400ml\/#primaryimage"},"image":{"@id":"https:\/\/pharmadreams.shop\/index.php\/product\/avene-xeracalm-a-d-huile-lavante-relipidante-400ml\/#primaryimage"},"thumbnailUrl":"https:\/\/pharmadreams.shop\/wp-content\/uploads\/2024\/06\/AVENE-Cleanance-Eau-Micellaire-400ml.webp","datePublished":"2024-06-07T10:49:03+00:00","dateModified":"2024-06-07T10:49:04+00:00","breadcrumb":{"@id":"https:\/\/pharmadreams.shop\/index.php\/product\/avene-xeracalm-a-d-huile-lavante-relipidante-400ml\/#breadcrumb"},"inLanguage":"fr-FR","potentialAction":[{"@type":"ReadAction","target":["https:\/\/pharmadreams.shop\/index.php\/product\/avene-xeracalm-a-d-huile-lavante-relipidante-400ml\/"]}]},{"@type":"ImageObject","inLanguage":"fr-FR","@id":"https:\/\/pharmadreams.shop\/index.php\/product\/avene-xeracalm-a-d-huile-lavante-relipidante-400ml\/#primaryimage","url":"https:\/\/pharmadreams.shop\/wp-content\/uploads\/2024\/06\/AVENE-Cleanance-Eau-Micellaire-400ml.webp","contentUrl":"https:\/\/pharmadreams.shop\/wp-content\/uploads\/2024\/06\/AVENE-Cleanance-Eau-Micellaire-400ml.webp","width":1000,"height":1000},{"@type":"BreadcrumbList","@id":"https:\/\/pharmadreams.shop\/index.php\/product\/avene-xeracalm-a-d-huile-lavante-relipidante-400ml\/#breadcrumb","itemListElement":[{"@type":"ListItem","position":1,"name":"Accueil","item":"https:\/\/pharmadreams.shop\/"},{"@type":"ListItem","position":2,"name":"Shop","item":"https:\/\/pharmadreams.shop\/index.php\/shop\/"},{"@type":"ListItem","position":3,"name":"AVENE Xeracalm A.D Huile Lavante Relipidante 400ml"}]},{"@type":"WebSite","@id":"https:\/\/pharmadreams.shop\/#website","url":"https:\/\/pharmadreams.shop\/","name":"pharmadreams","description":"Parapharmacie en ligne","potentialAction":[{"@type":"SearchAction","target":{"@type":"EntryPoint","urlTemplate":"https:\/\/pharmadreams.shop\/?s={search_term_string}"},"query-input":"required name=search_term_string"}],"inLanguage":"fr-FR"}]}},"_links":{"self":[{"href":"https:\/\/pharmadreams.shop\/index.php\/wp-json\/wp\/v2\/product\/18667","targetHints":{"allow":["GET"]}}],"collection":[{"href":"https:\/\/pharmadreams.shop\/index.php\/wp-json\/wp\/v2\/product"}],"about":[{"href":"https:\/\/pharmadreams.shop\/index.php\/wp-json\/wp\/v2\/types\/product"}],"replies":[{"embeddable":true,"href":"https:\/\/pharmadreams.shop\/index.php\/wp-json\/wp\/v2\/comments?post=18667"}],"version-history":[{"count":0,"href":"https:\/\/pharmadreams.shop\/index.php\/wp-json\/wp\/v2\/product\/18667\/revisions"}],"wp:featuredmedia":[{"embeddable":true,"href":"https:\/\/pharmadreams.shop\/index.php\/wp-json\/wp\/v2\/media\/18668"}],"wp:attachment":[{"href":"https:\/\/pharmadreams.shop\/index.php\/wp-json\/wp\/v2\/media?parent=18667"}],"wp:term":[{"taxonomy":"product_brand","embeddable":true,"href":"https:\/\/pharmadreams.shop\/index.php\/wp-json\/wp\/v2\/product_brand?post=18667"},{"taxonomy":"product_cat","embeddable":true,"href":"https:\/\/pharmadreams.shop\/index.php\/wp-json\/wp\/v2\/product_cat?post=18667"},{"taxonomy":"product_tag","embeddable":true,"href":"https:\/\/pharmadreams.shop\/index.php\/wp-json\/wp\/v2\/product_tag?post=18667"}],"curies":[{"name":"wp","href":"https:\/\/api.w.org\/{rel}","templated":true}]}}