{"id":18709,"date":"2024-06-13T15:20:14","date_gmt":"2024-06-13T14:20:14","guid":{"rendered":"https:\/\/pharmadreams.shop\/?post_type=product&#038;p=18709"},"modified":"2024-06-13T16:54:10","modified_gmt":"2024-06-13T15:54:10","slug":"dermedic-sunbrella-ecran-ultra-light-peaux-normales-a-seches-50ml","status":"publish","type":"product","link":"https:\/\/pharmadreams.shop\/index.php\/product\/dermedic-sunbrella-ecran-ultra-light-peaux-normales-a-seches-50ml\/","title":{"rendered":"DERMEDIC SUNBRELLA ECRAN ULTRA LIGHT PEAUX NORMALES A SECHES  50ML"},"content":{"rendered":"","protected":false},"excerpt":{"rendered":"<p style=\"font-weight: 400;\"><b><strong>DERMEDIC SUNBRELLA cr\u00e8me pour les peaux S\u00e8ches SPF50+<\/strong><\/b><\/p>\n<p style=\"font-weight: 400;\">La Cr\u00e8me solaire DERMEDIC SUNBRELLA sp50+ Photo stable et imperm\u00e9able de texture riche pour les peaux normales \u00e0 s\u00e8ches enrichie en Complexe de filtres UVA et UVB, Syst\u00e8me de protection avanc\u00e9e, Extraits d\u2019Arnica et d\u2019Hamam\u00e9lis, Allanto\u00efne, Glyc\u00e9rine, Eau thermale<\/p>\n<p style=\"font-weight: 400;\">DERMEDIC SUNBRELLA permet d&rsquo;offrir une protection efficace et durable contre les rayons UVA et UVB &#8211; SPF 50+, de renforcer les parois des vaisseaux et les rendre moins fragiles et de R\u00e9duire l&rsquo;\u00e9ryth\u00e8me<\/p>\n<p style=\"font-weight: 400;\">Hypoallerg\u00e9nique<\/p>\n<p style=\"font-weight: 400;\"><b><strong>CONSEIL D\u2019UTILISATION\u00a0:<\/strong><\/b><\/p>\n<p style=\"font-weight: 400;\">Appliquer uniform\u00e9ment sur la peau au moins 15 minutes avant l\u2019exposition au soleil. L\u2019application doit \u00eatre r\u00e9p\u00e9t\u00e9e plusieurs fois pendant le bronzage.<\/p>\n<p style=\"font-weight: 400;\">\n","protected":false},"featured_media":18719,"comment_status":"open","ping_status":"closed","template":"","meta":[],"product_brand":[],"product_cat":[231,226,79,20],"product_tag":[],"class_list":{"0":"post-18709","1":"product","2":"type-product","3":"status-publish","4":"has-post-thumbnail","6":"product_cat-ecran-solaire","7":"product_cat-peaux-normales","8":"product_cat-peaux-seches","9":"product_cat-visage","11":"first","12":"instock","13":"sale","14":"shipping-taxable","15":"purchasable","16":"product-type-simple"},"yoast_head":"<!-- This site is optimized with the Yoast SEO plugin v23.0 - https:\/\/yoast.com\/wordpress\/plugins\/seo\/ -->\n<title>DERMEDIC SUNBRELLA ECRAN ULTRA LIGHT PEAUX NORMALES A SECHES 50ML - pharmadreams<\/title>\n<meta name=\"robots\" content=\"index, follow, max-snippet:-1, max-image-preview:large, max-video-preview:-1\" \/>\n<link rel=\"canonical\" href=\"https:\/\/pharmadreams.shop\/index.php\/product\/dermedic-sunbrella-ecran-ultra-light-peaux-normales-a-seches-50ml\/\" \/>\n<meta property=\"og:locale\" content=\"fr_FR\" \/>\n<meta property=\"og:type\" content=\"article\" \/>\n<meta property=\"og:title\" content=\"DERMEDIC SUNBRELLA ECRAN ULTRA LIGHT PEAUX NORMALES A SECHES 50ML - pharmadreams\" \/>\n<meta property=\"og:description\" content=\"DERMEDIC SUNBRELLA cr\u00e8me pour les peaux S\u00e8ches SPF50+ La Cr\u00e8me solaire DERMEDIC SUNBRELLA sp50+ Photo stable et imperm\u00e9able de texture riche pour les peaux normales \u00e0 s\u00e8ches enrichie en Complexe de filtres UVA et UVB, Syst\u00e8me de protection avanc\u00e9e, Extraits d\u2019Arnica et d\u2019Hamam\u00e9lis, Allanto\u00efne, Glyc\u00e9rine, Eau thermale DERMEDIC SUNBRELLA permet d&#039;offrir une protection efficace et durable contre les rayons UVA et UVB - SPF 50+, de renforcer les parois des vaisseaux et les rendre moins fragiles et de R\u00e9duire l&#039;\u00e9ryth\u00e8me Hypoallerg\u00e9nique CONSEIL D\u2019UTILISATION\u00a0: Appliquer uniform\u00e9ment sur la peau au moins 15 minutes avant l\u2019exposition au soleil. L\u2019application doit \u00eatre r\u00e9p\u00e9t\u00e9e plusieurs fois pendant le bronzage.\" \/>\n<meta property=\"og:url\" content=\"https:\/\/pharmadreams.shop\/index.php\/product\/dermedic-sunbrella-ecran-ultra-light-peaux-normales-a-seches-50ml\/\" \/>\n<meta property=\"og:site_name\" content=\"pharmadreams\" \/>\n<meta property=\"article:modified_time\" content=\"2024-06-13T15:54:10+00:00\" \/>\n<meta property=\"og:image\" content=\"https:\/\/pharmadreams.shop\/wp-content\/uploads\/2024\/06\/DERMEDIC-SUNBRELLA-Ecran-fluide-ultra-leger-SPF-50-Peaux-seche-et-normales-sensibles-40-ml.webp\" \/>\n\t<meta property=\"og:image:width\" content=\"600\" \/>\n\t<meta property=\"og:image:height\" content=\"600\" \/>\n\t<meta property=\"og:image:type\" content=\"image\/webp\" \/>\n<meta name=\"twitter:card\" content=\"summary_large_image\" \/>\n<meta name=\"twitter:label1\" content=\"Dur\u00e9e de lecture estim\u00e9e\" \/>\n\t<meta name=\"twitter:data1\" content=\"1 minute\" \/>\n<script type=\"application\/ld+json\" class=\"yoast-schema-graph\">{\"@context\":\"https:\/\/schema.org\",\"@graph\":[{\"@type\":\"WebPage\",\"@id\":\"https:\/\/pharmadreams.shop\/index.php\/product\/dermedic-sunbrella-ecran-ultra-light-peaux-normales-a-seches-50ml\/\",\"url\":\"https:\/\/pharmadreams.shop\/index.php\/product\/dermedic-sunbrella-ecran-ultra-light-peaux-normales-a-seches-50ml\/\",\"name\":\"DERMEDIC SUNBRELLA ECRAN ULTRA LIGHT PEAUX NORMALES A SECHES 50ML - pharmadreams\",\"isPartOf\":{\"@id\":\"https:\/\/pharmadreams.shop\/#website\"},\"primaryImageOfPage\":{\"@id\":\"https:\/\/pharmadreams.shop\/index.php\/product\/dermedic-sunbrella-ecran-ultra-light-peaux-normales-a-seches-50ml\/#primaryimage\"},\"image\":{\"@id\":\"https:\/\/pharmadreams.shop\/index.php\/product\/dermedic-sunbrella-ecran-ultra-light-peaux-normales-a-seches-50ml\/#primaryimage\"},\"thumbnailUrl\":\"https:\/\/pharmadreams.shop\/wp-content\/uploads\/2024\/06\/DERMEDIC-SUNBRELLA-Ecran-fluide-ultra-leger-SPF-50-Peaux-seche-et-normales-sensibles-40-ml.webp\",\"datePublished\":\"2024-06-13T14:20:14+00:00\",\"dateModified\":\"2024-06-13T15:54:10+00:00\",\"breadcrumb\":{\"@id\":\"https:\/\/pharmadreams.shop\/index.php\/product\/dermedic-sunbrella-ecran-ultra-light-peaux-normales-a-seches-50ml\/#breadcrumb\"},\"inLanguage\":\"fr-FR\",\"potentialAction\":[{\"@type\":\"ReadAction\",\"target\":[\"https:\/\/pharmadreams.shop\/index.php\/product\/dermedic-sunbrella-ecran-ultra-light-peaux-normales-a-seches-50ml\/\"]}]},{\"@type\":\"ImageObject\",\"inLanguage\":\"fr-FR\",\"@id\":\"https:\/\/pharmadreams.shop\/index.php\/product\/dermedic-sunbrella-ecran-ultra-light-peaux-normales-a-seches-50ml\/#primaryimage\",\"url\":\"https:\/\/pharmadreams.shop\/wp-content\/uploads\/2024\/06\/DERMEDIC-SUNBRELLA-Ecran-fluide-ultra-leger-SPF-50-Peaux-seche-et-normales-sensibles-40-ml.webp\",\"contentUrl\":\"https:\/\/pharmadreams.shop\/wp-content\/uploads\/2024\/06\/DERMEDIC-SUNBRELLA-Ecran-fluide-ultra-leger-SPF-50-Peaux-seche-et-normales-sensibles-40-ml.webp\",\"width\":600,\"height\":600},{\"@type\":\"BreadcrumbList\",\"@id\":\"https:\/\/pharmadreams.shop\/index.php\/product\/dermedic-sunbrella-ecran-ultra-light-peaux-normales-a-seches-50ml\/#breadcrumb\",\"itemListElement\":[{\"@type\":\"ListItem\",\"position\":1,\"name\":\"Accueil\",\"item\":\"https:\/\/pharmadreams.shop\/\"},{\"@type\":\"ListItem\",\"position\":2,\"name\":\"Shop\",\"item\":\"https:\/\/pharmadreams.shop\/index.php\/shop\/\"},{\"@type\":\"ListItem\",\"position\":3,\"name\":\"DERMEDIC SUNBRELLA ECRAN ULTRA LIGHT PEAUX NORMALES A SECHES 50ML\"}]},{\"@type\":\"WebSite\",\"@id\":\"https:\/\/pharmadreams.shop\/#website\",\"url\":\"https:\/\/pharmadreams.shop\/\",\"name\":\"pharmadreams\",\"description\":\"Parapharmacie en ligne\",\"potentialAction\":[{\"@type\":\"SearchAction\",\"target\":{\"@type\":\"EntryPoint\",\"urlTemplate\":\"https:\/\/pharmadreams.shop\/?s={search_term_string}\"},\"query-input\":\"required name=search_term_string\"}],\"inLanguage\":\"fr-FR\"}]}<\/script>\n<!-- \/ Yoast SEO plugin. -->","yoast_head_json":{"title":"DERMEDIC SUNBRELLA ECRAN ULTRA LIGHT PEAUX NORMALES A SECHES 50ML - pharmadreams","robots":{"index":"index","follow":"follow","max-snippet":"max-snippet:-1","max-image-preview":"max-image-preview:large","max-video-preview":"max-video-preview:-1"},"canonical":"https:\/\/pharmadreams.shop\/index.php\/product\/dermedic-sunbrella-ecran-ultra-light-peaux-normales-a-seches-50ml\/","og_locale":"fr_FR","og_type":"article","og_title":"DERMEDIC SUNBRELLA ECRAN ULTRA LIGHT PEAUX NORMALES A SECHES 50ML - pharmadreams","og_description":"DERMEDIC SUNBRELLA cr\u00e8me pour les peaux S\u00e8ches SPF50+ La Cr\u00e8me solaire DERMEDIC SUNBRELLA sp50+ Photo stable et imperm\u00e9able de texture riche pour les peaux normales \u00e0 s\u00e8ches enrichie en Complexe de filtres UVA et UVB, Syst\u00e8me de protection avanc\u00e9e, Extraits d\u2019Arnica et d\u2019Hamam\u00e9lis, Allanto\u00efne, Glyc\u00e9rine, Eau thermale DERMEDIC SUNBRELLA permet d'offrir une protection efficace et durable contre les rayons UVA et UVB - SPF 50+, de renforcer les parois des vaisseaux et les rendre moins fragiles et de R\u00e9duire l'\u00e9ryth\u00e8me Hypoallerg\u00e9nique CONSEIL D\u2019UTILISATION\u00a0: Appliquer uniform\u00e9ment sur la peau au moins 15 minutes avant l\u2019exposition au soleil. L\u2019application doit \u00eatre r\u00e9p\u00e9t\u00e9e plusieurs fois pendant le bronzage.","og_url":"https:\/\/pharmadreams.shop\/index.php\/product\/dermedic-sunbrella-ecran-ultra-light-peaux-normales-a-seches-50ml\/","og_site_name":"pharmadreams","article_modified_time":"2024-06-13T15:54:10+00:00","og_image":[{"width":600,"height":600,"url":"https:\/\/pharmadreams.shop\/wp-content\/uploads\/2024\/06\/DERMEDIC-SUNBRELLA-Ecran-fluide-ultra-leger-SPF-50-Peaux-seche-et-normales-sensibles-40-ml.webp","type":"image\/webp"}],"twitter_card":"summary_large_image","twitter_misc":{"Dur\u00e9e de lecture estim\u00e9e":"1 minute"},"schema":{"@context":"https:\/\/schema.org","@graph":[{"@type":"WebPage","@id":"https:\/\/pharmadreams.shop\/index.php\/product\/dermedic-sunbrella-ecran-ultra-light-peaux-normales-a-seches-50ml\/","url":"https:\/\/pharmadreams.shop\/index.php\/product\/dermedic-sunbrella-ecran-ultra-light-peaux-normales-a-seches-50ml\/","name":"DERMEDIC SUNBRELLA ECRAN ULTRA LIGHT PEAUX NORMALES A SECHES 50ML - pharmadreams","isPartOf":{"@id":"https:\/\/pharmadreams.shop\/#website"},"primaryImageOfPage":{"@id":"https:\/\/pharmadreams.shop\/index.php\/product\/dermedic-sunbrella-ecran-ultra-light-peaux-normales-a-seches-50ml\/#primaryimage"},"image":{"@id":"https:\/\/pharmadreams.shop\/index.php\/product\/dermedic-sunbrella-ecran-ultra-light-peaux-normales-a-seches-50ml\/#primaryimage"},"thumbnailUrl":"https:\/\/pharmadreams.shop\/wp-content\/uploads\/2024\/06\/DERMEDIC-SUNBRELLA-Ecran-fluide-ultra-leger-SPF-50-Peaux-seche-et-normales-sensibles-40-ml.webp","datePublished":"2024-06-13T14:20:14+00:00","dateModified":"2024-06-13T15:54:10+00:00","breadcrumb":{"@id":"https:\/\/pharmadreams.shop\/index.php\/product\/dermedic-sunbrella-ecran-ultra-light-peaux-normales-a-seches-50ml\/#breadcrumb"},"inLanguage":"fr-FR","potentialAction":[{"@type":"ReadAction","target":["https:\/\/pharmadreams.shop\/index.php\/product\/dermedic-sunbrella-ecran-ultra-light-peaux-normales-a-seches-50ml\/"]}]},{"@type":"ImageObject","inLanguage":"fr-FR","@id":"https:\/\/pharmadreams.shop\/index.php\/product\/dermedic-sunbrella-ecran-ultra-light-peaux-normales-a-seches-50ml\/#primaryimage","url":"https:\/\/pharmadreams.shop\/wp-content\/uploads\/2024\/06\/DERMEDIC-SUNBRELLA-Ecran-fluide-ultra-leger-SPF-50-Peaux-seche-et-normales-sensibles-40-ml.webp","contentUrl":"https:\/\/pharmadreams.shop\/wp-content\/uploads\/2024\/06\/DERMEDIC-SUNBRELLA-Ecran-fluide-ultra-leger-SPF-50-Peaux-seche-et-normales-sensibles-40-ml.webp","width":600,"height":600},{"@type":"BreadcrumbList","@id":"https:\/\/pharmadreams.shop\/index.php\/product\/dermedic-sunbrella-ecran-ultra-light-peaux-normales-a-seches-50ml\/#breadcrumb","itemListElement":[{"@type":"ListItem","position":1,"name":"Accueil","item":"https:\/\/pharmadreams.shop\/"},{"@type":"ListItem","position":2,"name":"Shop","item":"https:\/\/pharmadreams.shop\/index.php\/shop\/"},{"@type":"ListItem","position":3,"name":"DERMEDIC SUNBRELLA ECRAN ULTRA LIGHT PEAUX NORMALES A SECHES 50ML"}]},{"@type":"WebSite","@id":"https:\/\/pharmadreams.shop\/#website","url":"https:\/\/pharmadreams.shop\/","name":"pharmadreams","description":"Parapharmacie en ligne","potentialAction":[{"@type":"SearchAction","target":{"@type":"EntryPoint","urlTemplate":"https:\/\/pharmadreams.shop\/?s={search_term_string}"},"query-input":"required name=search_term_string"}],"inLanguage":"fr-FR"}]}},"_links":{"self":[{"href":"https:\/\/pharmadreams.shop\/index.php\/wp-json\/wp\/v2\/product\/18709","targetHints":{"allow":["GET"]}}],"collection":[{"href":"https:\/\/pharmadreams.shop\/index.php\/wp-json\/wp\/v2\/product"}],"about":[{"href":"https:\/\/pharmadreams.shop\/index.php\/wp-json\/wp\/v2\/types\/product"}],"replies":[{"embeddable":true,"href":"https:\/\/pharmadreams.shop\/index.php\/wp-json\/wp\/v2\/comments?post=18709"}],"version-history":[{"count":0,"href":"https:\/\/pharmadreams.shop\/index.php\/wp-json\/wp\/v2\/product\/18709\/revisions"}],"wp:featuredmedia":[{"embeddable":true,"href":"https:\/\/pharmadreams.shop\/index.php\/wp-json\/wp\/v2\/media\/18719"}],"wp:attachment":[{"href":"https:\/\/pharmadreams.shop\/index.php\/wp-json\/wp\/v2\/media?parent=18709"}],"wp:term":[{"taxonomy":"product_brand","embeddable":true,"href":"https:\/\/pharmadreams.shop\/index.php\/wp-json\/wp\/v2\/product_brand?post=18709"},{"taxonomy":"product_cat","embeddable":true,"href":"https:\/\/pharmadreams.shop\/index.php\/wp-json\/wp\/v2\/product_cat?post=18709"},{"taxonomy":"product_tag","embeddable":true,"href":"https:\/\/pharmadreams.shop\/index.php\/wp-json\/wp\/v2\/product_tag?post=18709"}],"curies":[{"name":"wp","href":"https:\/\/api.w.org\/{rel}","templated":true}]}}