{"id":18712,"date":"2024-06-13T15:30:26","date_gmt":"2024-06-13T14:30:26","guid":{"rendered":"https:\/\/pharmadreams.shop\/?post_type=product&#038;p=18712"},"modified":"2024-06-13T15:30:26","modified_gmt":"2024-06-13T14:30:26","slug":"dermedic-sunbrella-creme-spf-50-peaux-normal-a-seches-eau-micellaire-offerte","status":"publish","type":"product","link":"https:\/\/pharmadreams.shop\/index.php\/product\/dermedic-sunbrella-creme-spf-50-peaux-normal-a-seches-eau-micellaire-offerte\/","title":{"rendered":"Dermedic sunbrella Cr\u00e8me spf 50 Peaux normal a s\u00e8ches+ Eau micellaire Offerte"},"content":{"rendered":"","protected":false},"excerpt":{"rendered":"<p>La Creme solaire DERMEDIC SUNBRELLA spf 50+ Photostable et imperm\u00e9able de texture riche pour les peaux normales \u00e0 s\u00e8ches enrichie en Complexe de filtres UVA et UVB, Syst\u00e8me de protection avanc\u00e9e, Extraits d\u2019Arnica et d\u2019Hamam\u00e9lis, Allanto\u00efne, Glyc\u00e9rine, Eau thermale<\/p>\n<p>SunBrella Creme permet d\u2019offrir une protection efficace et durable contre les rayons UVA et UVB \u2013 SPF 50+, de renforcer les parois des vaisseaux et les rendre moins fragiles et de R\u00e9duire l\u2019\u00e9ryth\u00e8me Hypoallerg\u00e9nique<\/p>\n<p>Mode d\u2019application :<\/p>\n<p>Appliquer une couche r\u00e9guli\u00e8re sur la peau au moins 15 minutes avant l\u2019exposition au soleil. Renouvelez l\u2019application pour maintenir la protection surtout apr\u00e8s avoir nag\u00e9<\/p>\n<p>Dermedic \u2013 eau micellaire H2O avec eau thermale<br \/>\n\u00c9limine le maquillage et toutes les impuret\u00e9s, laissant une sensation de fra\u00eecheur et de propret\u00e9<\/p>\n<p>Adoucit et maintient l\u2019hydratation de la couche corn\u00e9e de la peau<\/p>\n<p>Ne bouche pas les pores et ne laisse pas de film sur la peau<\/p>\n<p>N\u2019irrite pas les yeux<br \/>\nTest\u00e9 cliniquement<br \/>\nHypoallerg\u00e9nique<br \/>\nEmballage: Bouteille 200 ml<\/p>\n","protected":false},"featured_media":18713,"comment_status":"open","ping_status":"closed","template":"","meta":[],"product_brand":[],"product_cat":[108,226,79,233,20],"product_tag":[],"class_list":{"0":"post-18712","1":"product","2":"type-product","3":"status-publish","4":"has-post-thumbnail","6":"product_cat-eau-micellaire","7":"product_cat-peaux-normales","8":"product_cat-peaux-seches","9":"product_cat-protection-solaire","10":"product_cat-visage","12":"first","13":"instock","14":"shipping-taxable","15":"purchasable","16":"product-type-simple"},"yoast_head":"<!-- This site is optimized with the Yoast SEO plugin v23.0 - https:\/\/yoast.com\/wordpress\/plugins\/seo\/ -->\n<title>Dermedic sunbrella Cr\u00e8me spf 50 Peaux normal a s\u00e8ches+ Eau micellaire Offerte - pharmadreams<\/title>\n<meta name=\"robots\" content=\"index, follow, max-snippet:-1, max-image-preview:large, max-video-preview:-1\" \/>\n<link rel=\"canonical\" href=\"https:\/\/pharmadreams.shop\/index.php\/product\/dermedic-sunbrella-creme-spf-50-peaux-normal-a-seches-eau-micellaire-offerte\/\" \/>\n<meta property=\"og:locale\" content=\"fr_FR\" \/>\n<meta property=\"og:type\" content=\"article\" \/>\n<meta property=\"og:title\" content=\"Dermedic sunbrella Cr\u00e8me spf 50 Peaux normal a s\u00e8ches+ Eau micellaire Offerte - pharmadreams\" \/>\n<meta property=\"og:description\" content=\"La Creme solaire DERMEDIC SUNBRELLA spf 50+ Photostable et imperm\u00e9able de texture riche pour les peaux normales \u00e0 s\u00e8ches enrichie en Complexe de filtres UVA et UVB, Syst\u00e8me de protection avanc\u00e9e, Extraits d\u2019Arnica et d\u2019Hamam\u00e9lis, Allanto\u00efne, Glyc\u00e9rine, Eau thermale  SunBrella Creme permet d\u2019offrir une protection efficace et durable contre les rayons UVA et UVB \u2013 SPF 50+, de renforcer les parois des vaisseaux et les rendre moins fragiles et de R\u00e9duire l\u2019\u00e9ryth\u00e8me Hypoallerg\u00e9nique  Mode d\u2019application :  Appliquer une couche r\u00e9guli\u00e8re sur la peau au moins 15 minutes avant l\u2019exposition au soleil. Renouvelez l\u2019application pour maintenir la protection surtout apr\u00e8s avoir nag\u00e9  Dermedic \u2013 eau micellaire H2O avec eau thermale \u00c9limine le maquillage et toutes les impuret\u00e9s, laissant une sensation de fra\u00eecheur et de propret\u00e9  Adoucit et maintient l\u2019hydratation de la couche corn\u00e9e de la peau  Ne bouche pas les pores et ne laisse pas de film sur la peau  N\u2019irrite pas les yeux Test\u00e9 cliniquement Hypoallerg\u00e9nique Emballage: Bouteille 200 ml\" \/>\n<meta property=\"og:url\" content=\"https:\/\/pharmadreams.shop\/index.php\/product\/dermedic-sunbrella-creme-spf-50-peaux-normal-a-seches-eau-micellaire-offerte\/\" \/>\n<meta property=\"og:site_name\" content=\"pharmadreams\" \/>\n<meta property=\"og:image\" content=\"https:\/\/pharmadreams.shop\/wp-content\/uploads\/2024\/06\/11sunbrella-ecran-creme-solaire-spf-50-peaux-mixte-a-grasse-50-ml-500x500-1.webp\" \/>\n\t<meta property=\"og:image:width\" content=\"600\" \/>\n\t<meta property=\"og:image:height\" content=\"600\" \/>\n\t<meta property=\"og:image:type\" content=\"image\/webp\" \/>\n<meta name=\"twitter:card\" content=\"summary_large_image\" \/>\n<meta name=\"twitter:label1\" content=\"Dur\u00e9e de lecture estim\u00e9e\" \/>\n\t<meta name=\"twitter:data1\" content=\"1 minute\" \/>\n<script type=\"application\/ld+json\" class=\"yoast-schema-graph\">{\"@context\":\"https:\/\/schema.org\",\"@graph\":[{\"@type\":\"WebPage\",\"@id\":\"https:\/\/pharmadreams.shop\/index.php\/product\/dermedic-sunbrella-creme-spf-50-peaux-normal-a-seches-eau-micellaire-offerte\/\",\"url\":\"https:\/\/pharmadreams.shop\/index.php\/product\/dermedic-sunbrella-creme-spf-50-peaux-normal-a-seches-eau-micellaire-offerte\/\",\"name\":\"Dermedic sunbrella Cr\u00e8me spf 50 Peaux normal a s\u00e8ches+ Eau micellaire Offerte - pharmadreams\",\"isPartOf\":{\"@id\":\"https:\/\/pharmadreams.shop\/#website\"},\"primaryImageOfPage\":{\"@id\":\"https:\/\/pharmadreams.shop\/index.php\/product\/dermedic-sunbrella-creme-spf-50-peaux-normal-a-seches-eau-micellaire-offerte\/#primaryimage\"},\"image\":{\"@id\":\"https:\/\/pharmadreams.shop\/index.php\/product\/dermedic-sunbrella-creme-spf-50-peaux-normal-a-seches-eau-micellaire-offerte\/#primaryimage\"},\"thumbnailUrl\":\"https:\/\/pharmadreams.shop\/wp-content\/uploads\/2024\/06\/11sunbrella-ecran-creme-solaire-spf-50-peaux-mixte-a-grasse-50-ml-500x500-1.webp\",\"datePublished\":\"2024-06-13T14:30:26+00:00\",\"dateModified\":\"2024-06-13T14:30:26+00:00\",\"breadcrumb\":{\"@id\":\"https:\/\/pharmadreams.shop\/index.php\/product\/dermedic-sunbrella-creme-spf-50-peaux-normal-a-seches-eau-micellaire-offerte\/#breadcrumb\"},\"inLanguage\":\"fr-FR\",\"potentialAction\":[{\"@type\":\"ReadAction\",\"target\":[\"https:\/\/pharmadreams.shop\/index.php\/product\/dermedic-sunbrella-creme-spf-50-peaux-normal-a-seches-eau-micellaire-offerte\/\"]}]},{\"@type\":\"ImageObject\",\"inLanguage\":\"fr-FR\",\"@id\":\"https:\/\/pharmadreams.shop\/index.php\/product\/dermedic-sunbrella-creme-spf-50-peaux-normal-a-seches-eau-micellaire-offerte\/#primaryimage\",\"url\":\"https:\/\/pharmadreams.shop\/wp-content\/uploads\/2024\/06\/11sunbrella-ecran-creme-solaire-spf-50-peaux-mixte-a-grasse-50-ml-500x500-1.webp\",\"contentUrl\":\"https:\/\/pharmadreams.shop\/wp-content\/uploads\/2024\/06\/11sunbrella-ecran-creme-solaire-spf-50-peaux-mixte-a-grasse-50-ml-500x500-1.webp\",\"width\":600,\"height\":600},{\"@type\":\"BreadcrumbList\",\"@id\":\"https:\/\/pharmadreams.shop\/index.php\/product\/dermedic-sunbrella-creme-spf-50-peaux-normal-a-seches-eau-micellaire-offerte\/#breadcrumb\",\"itemListElement\":[{\"@type\":\"ListItem\",\"position\":1,\"name\":\"Accueil\",\"item\":\"https:\/\/pharmadreams.shop\/\"},{\"@type\":\"ListItem\",\"position\":2,\"name\":\"Shop\",\"item\":\"https:\/\/pharmadreams.shop\/index.php\/shop\/\"},{\"@type\":\"ListItem\",\"position\":3,\"name\":\"Dermedic sunbrella Cr\u00e8me spf 50 Peaux normal a s\u00e8ches+ Eau micellaire Offerte\"}]},{\"@type\":\"WebSite\",\"@id\":\"https:\/\/pharmadreams.shop\/#website\",\"url\":\"https:\/\/pharmadreams.shop\/\",\"name\":\"pharmadreams\",\"description\":\"Parapharmacie en ligne\",\"potentialAction\":[{\"@type\":\"SearchAction\",\"target\":{\"@type\":\"EntryPoint\",\"urlTemplate\":\"https:\/\/pharmadreams.shop\/?s={search_term_string}\"},\"query-input\":\"required name=search_term_string\"}],\"inLanguage\":\"fr-FR\"}]}<\/script>\n<!-- \/ Yoast SEO plugin. -->","yoast_head_json":{"title":"Dermedic sunbrella Cr\u00e8me spf 50 Peaux normal a s\u00e8ches+ Eau micellaire Offerte - pharmadreams","robots":{"index":"index","follow":"follow","max-snippet":"max-snippet:-1","max-image-preview":"max-image-preview:large","max-video-preview":"max-video-preview:-1"},"canonical":"https:\/\/pharmadreams.shop\/index.php\/product\/dermedic-sunbrella-creme-spf-50-peaux-normal-a-seches-eau-micellaire-offerte\/","og_locale":"fr_FR","og_type":"article","og_title":"Dermedic sunbrella Cr\u00e8me spf 50 Peaux normal a s\u00e8ches+ Eau micellaire Offerte - pharmadreams","og_description":"La Creme solaire DERMEDIC SUNBRELLA spf 50+ Photostable et imperm\u00e9able de texture riche pour les peaux normales \u00e0 s\u00e8ches enrichie en Complexe de filtres UVA et UVB, Syst\u00e8me de protection avanc\u00e9e, Extraits d\u2019Arnica et d\u2019Hamam\u00e9lis, Allanto\u00efne, Glyc\u00e9rine, Eau thermale  SunBrella Creme permet d\u2019offrir une protection efficace et durable contre les rayons UVA et UVB \u2013 SPF 50+, de renforcer les parois des vaisseaux et les rendre moins fragiles et de R\u00e9duire l\u2019\u00e9ryth\u00e8me Hypoallerg\u00e9nique  Mode d\u2019application :  Appliquer une couche r\u00e9guli\u00e8re sur la peau au moins 15 minutes avant l\u2019exposition au soleil. Renouvelez l\u2019application pour maintenir la protection surtout apr\u00e8s avoir nag\u00e9  Dermedic \u2013 eau micellaire H2O avec eau thermale \u00c9limine le maquillage et toutes les impuret\u00e9s, laissant une sensation de fra\u00eecheur et de propret\u00e9  Adoucit et maintient l\u2019hydratation de la couche corn\u00e9e de la peau  Ne bouche pas les pores et ne laisse pas de film sur la peau  N\u2019irrite pas les yeux Test\u00e9 cliniquement Hypoallerg\u00e9nique Emballage: Bouteille 200 ml","og_url":"https:\/\/pharmadreams.shop\/index.php\/product\/dermedic-sunbrella-creme-spf-50-peaux-normal-a-seches-eau-micellaire-offerte\/","og_site_name":"pharmadreams","og_image":[{"width":600,"height":600,"url":"https:\/\/pharmadreams.shop\/wp-content\/uploads\/2024\/06\/11sunbrella-ecran-creme-solaire-spf-50-peaux-mixte-a-grasse-50-ml-500x500-1.webp","type":"image\/webp"}],"twitter_card":"summary_large_image","twitter_misc":{"Dur\u00e9e de lecture estim\u00e9e":"1 minute"},"schema":{"@context":"https:\/\/schema.org","@graph":[{"@type":"WebPage","@id":"https:\/\/pharmadreams.shop\/index.php\/product\/dermedic-sunbrella-creme-spf-50-peaux-normal-a-seches-eau-micellaire-offerte\/","url":"https:\/\/pharmadreams.shop\/index.php\/product\/dermedic-sunbrella-creme-spf-50-peaux-normal-a-seches-eau-micellaire-offerte\/","name":"Dermedic sunbrella Cr\u00e8me spf 50 Peaux normal a s\u00e8ches+ Eau micellaire Offerte - pharmadreams","isPartOf":{"@id":"https:\/\/pharmadreams.shop\/#website"},"primaryImageOfPage":{"@id":"https:\/\/pharmadreams.shop\/index.php\/product\/dermedic-sunbrella-creme-spf-50-peaux-normal-a-seches-eau-micellaire-offerte\/#primaryimage"},"image":{"@id":"https:\/\/pharmadreams.shop\/index.php\/product\/dermedic-sunbrella-creme-spf-50-peaux-normal-a-seches-eau-micellaire-offerte\/#primaryimage"},"thumbnailUrl":"https:\/\/pharmadreams.shop\/wp-content\/uploads\/2024\/06\/11sunbrella-ecran-creme-solaire-spf-50-peaux-mixte-a-grasse-50-ml-500x500-1.webp","datePublished":"2024-06-13T14:30:26+00:00","dateModified":"2024-06-13T14:30:26+00:00","breadcrumb":{"@id":"https:\/\/pharmadreams.shop\/index.php\/product\/dermedic-sunbrella-creme-spf-50-peaux-normal-a-seches-eau-micellaire-offerte\/#breadcrumb"},"inLanguage":"fr-FR","potentialAction":[{"@type":"ReadAction","target":["https:\/\/pharmadreams.shop\/index.php\/product\/dermedic-sunbrella-creme-spf-50-peaux-normal-a-seches-eau-micellaire-offerte\/"]}]},{"@type":"ImageObject","inLanguage":"fr-FR","@id":"https:\/\/pharmadreams.shop\/index.php\/product\/dermedic-sunbrella-creme-spf-50-peaux-normal-a-seches-eau-micellaire-offerte\/#primaryimage","url":"https:\/\/pharmadreams.shop\/wp-content\/uploads\/2024\/06\/11sunbrella-ecran-creme-solaire-spf-50-peaux-mixte-a-grasse-50-ml-500x500-1.webp","contentUrl":"https:\/\/pharmadreams.shop\/wp-content\/uploads\/2024\/06\/11sunbrella-ecran-creme-solaire-spf-50-peaux-mixte-a-grasse-50-ml-500x500-1.webp","width":600,"height":600},{"@type":"BreadcrumbList","@id":"https:\/\/pharmadreams.shop\/index.php\/product\/dermedic-sunbrella-creme-spf-50-peaux-normal-a-seches-eau-micellaire-offerte\/#breadcrumb","itemListElement":[{"@type":"ListItem","position":1,"name":"Accueil","item":"https:\/\/pharmadreams.shop\/"},{"@type":"ListItem","position":2,"name":"Shop","item":"https:\/\/pharmadreams.shop\/index.php\/shop\/"},{"@type":"ListItem","position":3,"name":"Dermedic sunbrella Cr\u00e8me spf 50 Peaux normal a s\u00e8ches+ Eau micellaire Offerte"}]},{"@type":"WebSite","@id":"https:\/\/pharmadreams.shop\/#website","url":"https:\/\/pharmadreams.shop\/","name":"pharmadreams","description":"Parapharmacie en ligne","potentialAction":[{"@type":"SearchAction","target":{"@type":"EntryPoint","urlTemplate":"https:\/\/pharmadreams.shop\/?s={search_term_string}"},"query-input":"required name=search_term_string"}],"inLanguage":"fr-FR"}]}},"_links":{"self":[{"href":"https:\/\/pharmadreams.shop\/index.php\/wp-json\/wp\/v2\/product\/18712","targetHints":{"allow":["GET"]}}],"collection":[{"href":"https:\/\/pharmadreams.shop\/index.php\/wp-json\/wp\/v2\/product"}],"about":[{"href":"https:\/\/pharmadreams.shop\/index.php\/wp-json\/wp\/v2\/types\/product"}],"replies":[{"embeddable":true,"href":"https:\/\/pharmadreams.shop\/index.php\/wp-json\/wp\/v2\/comments?post=18712"}],"version-history":[{"count":0,"href":"https:\/\/pharmadreams.shop\/index.php\/wp-json\/wp\/v2\/product\/18712\/revisions"}],"wp:featuredmedia":[{"embeddable":true,"href":"https:\/\/pharmadreams.shop\/index.php\/wp-json\/wp\/v2\/media\/18713"}],"wp:attachment":[{"href":"https:\/\/pharmadreams.shop\/index.php\/wp-json\/wp\/v2\/media?parent=18712"}],"wp:term":[{"taxonomy":"product_brand","embeddable":true,"href":"https:\/\/pharmadreams.shop\/index.php\/wp-json\/wp\/v2\/product_brand?post=18712"},{"taxonomy":"product_cat","embeddable":true,"href":"https:\/\/pharmadreams.shop\/index.php\/wp-json\/wp\/v2\/product_cat?post=18712"},{"taxonomy":"product_tag","embeddable":true,"href":"https:\/\/pharmadreams.shop\/index.php\/wp-json\/wp\/v2\/product_tag?post=18712"}],"curies":[{"name":"wp","href":"https:\/\/api.w.org\/{rel}","templated":true}]}}