{"id":18748,"date":"2024-06-27T10:38:55","date_gmt":"2024-06-27T09:38:55","guid":{"rendered":"https:\/\/pharmadreams.shop\/?post_type=product&#038;p=18748"},"modified":"2024-06-27T10:38:56","modified_gmt":"2024-06-27T09:38:56","slug":"avene-haute-protection-spf50-compact-teinte-beige-sable-10g","status":"publish","type":"product","link":"https:\/\/pharmadreams.shop\/index.php\/product\/avene-haute-protection-spf50-compact-teinte-beige-sable-10g\/","title":{"rendered":"AVENE HAUTE PROTECTION SPF50 COMPACT TEINTE BEIGE SABLE 10G"},"content":{"rendered":"","protected":false},"excerpt":{"rendered":"<p style=\"font-weight: 400;\">Compact teint\u00e9 SPF50 Sable, complexe de filtres 100% min\u00e9raux stables, offre une tr\u00e8s bonne tol\u00e9rance et une haute protection contre les UVB et les UVA (courts et longs). Sp\u00e9cifiquement formul\u00e9 pour les peaux sensibles \u00e0 intol\u00e9rantes, il permet de masquer les imperfections cutan\u00e9es. Il maquille les peaux dont la pigmentation est irr\u00e9guli\u00e8re, pour un teint naturel, homog\u00e8ne et mat. La Provitamine E (Pr\u00e9-tocoph\u00e9ryl), puissant antioxydant, ajoute une protection cellulaire contre les radicaux libres.<\/p>\n<p style=\"font-weight: 400;\">La haute protection solaire 100% min\u00e9rale pour les peaux intol\u00e9rantes, qui maquille et prot\u00e8ge. Utilisation sur cicatrices r\u00e9centes et dans la pr\u00e9vention des hyperpigmentations.<\/p>\n","protected":false},"featured_media":18749,"comment_status":"open","ping_status":"closed","template":"","meta":[],"product_brand":[],"product_cat":[194,233,20],"product_tag":[],"class_list":{"0":"post-18748","1":"product","2":"type-product","3":"status-publish","4":"has-post-thumbnail","6":"product_cat-peaux-sensibles","7":"product_cat-protection-solaire","8":"product_cat-visage","10":"first","11":"instock","12":"shipping-taxable","13":"purchasable","14":"product-type-simple"},"yoast_head":"<!-- This site is optimized with the Yoast SEO plugin v23.0 - https:\/\/yoast.com\/wordpress\/plugins\/seo\/ -->\n<title>AVENE HAUTE PROTECTION SPF50 COMPACT TEINTE BEIGE SABLE 10G - pharmadreams<\/title>\n<meta name=\"robots\" content=\"index, follow, max-snippet:-1, max-image-preview:large, max-video-preview:-1\" \/>\n<link rel=\"canonical\" href=\"https:\/\/pharmadreams.shop\/index.php\/product\/avene-haute-protection-spf50-compact-teinte-beige-sable-10g\/\" \/>\n<meta property=\"og:locale\" content=\"fr_FR\" \/>\n<meta property=\"og:type\" content=\"article\" \/>\n<meta property=\"og:title\" content=\"AVENE HAUTE PROTECTION SPF50 COMPACT TEINTE BEIGE SABLE 10G - pharmadreams\" \/>\n<meta property=\"og:description\" content=\"Compact teint\u00e9 SPF50 Sable, complexe de filtres 100% min\u00e9raux stables, offre une tr\u00e8s bonne tol\u00e9rance et une haute protection contre les UVB et les UVA (courts et longs). Sp\u00e9cifiquement formul\u00e9 pour les peaux sensibles \u00e0 intol\u00e9rantes, il permet de masquer les imperfections cutan\u00e9es. Il maquille les peaux dont la pigmentation est irr\u00e9guli\u00e8re, pour un teint naturel, homog\u00e8ne et mat. La Provitamine E (Pr\u00e9-tocoph\u00e9ryl), puissant antioxydant, ajoute une protection cellulaire contre les radicaux libres. La haute protection solaire 100% min\u00e9rale pour les peaux intol\u00e9rantes, qui maquille et prot\u00e8ge. Utilisation sur cicatrices r\u00e9centes et dans la pr\u00e9vention des hyperpigmentations.\" \/>\n<meta property=\"og:url\" content=\"https:\/\/pharmadreams.shop\/index.php\/product\/avene-haute-protection-spf50-compact-teinte-beige-sable-10g\/\" \/>\n<meta property=\"og:site_name\" content=\"pharmadreams\" \/>\n<meta property=\"article:modified_time\" content=\"2024-06-27T09:38:56+00:00\" \/>\n<meta property=\"og:image\" content=\"https:\/\/pharmadreams.shop\/wp-content\/uploads\/2024\/06\/avene-haute-protection-spf50-compact-teinte-beige-sable-10g.png\" \/>\n\t<meta property=\"og:image:width\" content=\"500\" \/>\n\t<meta property=\"og:image:height\" content=\"500\" \/>\n\t<meta property=\"og:image:type\" content=\"image\/png\" \/>\n<meta name=\"twitter:card\" content=\"summary_large_image\" \/>\n<meta name=\"twitter:label1\" content=\"Dur\u00e9e de lecture estim\u00e9e\" \/>\n\t<meta name=\"twitter:data1\" content=\"1 minute\" \/>\n<script type=\"application\/ld+json\" class=\"yoast-schema-graph\">{\"@context\":\"https:\/\/schema.org\",\"@graph\":[{\"@type\":\"WebPage\",\"@id\":\"https:\/\/pharmadreams.shop\/index.php\/product\/avene-haute-protection-spf50-compact-teinte-beige-sable-10g\/\",\"url\":\"https:\/\/pharmadreams.shop\/index.php\/product\/avene-haute-protection-spf50-compact-teinte-beige-sable-10g\/\",\"name\":\"AVENE HAUTE PROTECTION SPF50 COMPACT TEINTE BEIGE SABLE 10G - pharmadreams\",\"isPartOf\":{\"@id\":\"https:\/\/pharmadreams.shop\/#website\"},\"primaryImageOfPage\":{\"@id\":\"https:\/\/pharmadreams.shop\/index.php\/product\/avene-haute-protection-spf50-compact-teinte-beige-sable-10g\/#primaryimage\"},\"image\":{\"@id\":\"https:\/\/pharmadreams.shop\/index.php\/product\/avene-haute-protection-spf50-compact-teinte-beige-sable-10g\/#primaryimage\"},\"thumbnailUrl\":\"https:\/\/pharmadreams.shop\/wp-content\/uploads\/2024\/06\/avene-haute-protection-spf50-compact-teinte-beige-sable-10g.png\",\"datePublished\":\"2024-06-27T09:38:55+00:00\",\"dateModified\":\"2024-06-27T09:38:56+00:00\",\"breadcrumb\":{\"@id\":\"https:\/\/pharmadreams.shop\/index.php\/product\/avene-haute-protection-spf50-compact-teinte-beige-sable-10g\/#breadcrumb\"},\"inLanguage\":\"fr-FR\",\"potentialAction\":[{\"@type\":\"ReadAction\",\"target\":[\"https:\/\/pharmadreams.shop\/index.php\/product\/avene-haute-protection-spf50-compact-teinte-beige-sable-10g\/\"]}]},{\"@type\":\"ImageObject\",\"inLanguage\":\"fr-FR\",\"@id\":\"https:\/\/pharmadreams.shop\/index.php\/product\/avene-haute-protection-spf50-compact-teinte-beige-sable-10g\/#primaryimage\",\"url\":\"https:\/\/pharmadreams.shop\/wp-content\/uploads\/2024\/06\/avene-haute-protection-spf50-compact-teinte-beige-sable-10g.png\",\"contentUrl\":\"https:\/\/pharmadreams.shop\/wp-content\/uploads\/2024\/06\/avene-haute-protection-spf50-compact-teinte-beige-sable-10g.png\",\"width\":500,\"height\":500},{\"@type\":\"BreadcrumbList\",\"@id\":\"https:\/\/pharmadreams.shop\/index.php\/product\/avene-haute-protection-spf50-compact-teinte-beige-sable-10g\/#breadcrumb\",\"itemListElement\":[{\"@type\":\"ListItem\",\"position\":1,\"name\":\"Accueil\",\"item\":\"https:\/\/pharmadreams.shop\/\"},{\"@type\":\"ListItem\",\"position\":2,\"name\":\"Shop\",\"item\":\"https:\/\/pharmadreams.shop\/index.php\/shop\/\"},{\"@type\":\"ListItem\",\"position\":3,\"name\":\"AVENE HAUTE PROTECTION SPF50 COMPACT TEINTE BEIGE SABLE 10G\"}]},{\"@type\":\"WebSite\",\"@id\":\"https:\/\/pharmadreams.shop\/#website\",\"url\":\"https:\/\/pharmadreams.shop\/\",\"name\":\"pharmadreams\",\"description\":\"Parapharmacie en ligne\",\"potentialAction\":[{\"@type\":\"SearchAction\",\"target\":{\"@type\":\"EntryPoint\",\"urlTemplate\":\"https:\/\/pharmadreams.shop\/?s={search_term_string}\"},\"query-input\":\"required name=search_term_string\"}],\"inLanguage\":\"fr-FR\"}]}<\/script>\n<!-- \/ Yoast SEO plugin. -->","yoast_head_json":{"title":"AVENE HAUTE PROTECTION SPF50 COMPACT TEINTE BEIGE SABLE 10G - pharmadreams","robots":{"index":"index","follow":"follow","max-snippet":"max-snippet:-1","max-image-preview":"max-image-preview:large","max-video-preview":"max-video-preview:-1"},"canonical":"https:\/\/pharmadreams.shop\/index.php\/product\/avene-haute-protection-spf50-compact-teinte-beige-sable-10g\/","og_locale":"fr_FR","og_type":"article","og_title":"AVENE HAUTE PROTECTION SPF50 COMPACT TEINTE BEIGE SABLE 10G - pharmadreams","og_description":"Compact teint\u00e9 SPF50 Sable, complexe de filtres 100% min\u00e9raux stables, offre une tr\u00e8s bonne tol\u00e9rance et une haute protection contre les UVB et les UVA (courts et longs). Sp\u00e9cifiquement formul\u00e9 pour les peaux sensibles \u00e0 intol\u00e9rantes, il permet de masquer les imperfections cutan\u00e9es. Il maquille les peaux dont la pigmentation est irr\u00e9guli\u00e8re, pour un teint naturel, homog\u00e8ne et mat. La Provitamine E (Pr\u00e9-tocoph\u00e9ryl), puissant antioxydant, ajoute une protection cellulaire contre les radicaux libres. La haute protection solaire 100% min\u00e9rale pour les peaux intol\u00e9rantes, qui maquille et prot\u00e8ge. Utilisation sur cicatrices r\u00e9centes et dans la pr\u00e9vention des hyperpigmentations.","og_url":"https:\/\/pharmadreams.shop\/index.php\/product\/avene-haute-protection-spf50-compact-teinte-beige-sable-10g\/","og_site_name":"pharmadreams","article_modified_time":"2024-06-27T09:38:56+00:00","og_image":[{"width":500,"height":500,"url":"https:\/\/pharmadreams.shop\/wp-content\/uploads\/2024\/06\/avene-haute-protection-spf50-compact-teinte-beige-sable-10g.png","type":"image\/png"}],"twitter_card":"summary_large_image","twitter_misc":{"Dur\u00e9e de lecture estim\u00e9e":"1 minute"},"schema":{"@context":"https:\/\/schema.org","@graph":[{"@type":"WebPage","@id":"https:\/\/pharmadreams.shop\/index.php\/product\/avene-haute-protection-spf50-compact-teinte-beige-sable-10g\/","url":"https:\/\/pharmadreams.shop\/index.php\/product\/avene-haute-protection-spf50-compact-teinte-beige-sable-10g\/","name":"AVENE HAUTE PROTECTION SPF50 COMPACT TEINTE BEIGE SABLE 10G - pharmadreams","isPartOf":{"@id":"https:\/\/pharmadreams.shop\/#website"},"primaryImageOfPage":{"@id":"https:\/\/pharmadreams.shop\/index.php\/product\/avene-haute-protection-spf50-compact-teinte-beige-sable-10g\/#primaryimage"},"image":{"@id":"https:\/\/pharmadreams.shop\/index.php\/product\/avene-haute-protection-spf50-compact-teinte-beige-sable-10g\/#primaryimage"},"thumbnailUrl":"https:\/\/pharmadreams.shop\/wp-content\/uploads\/2024\/06\/avene-haute-protection-spf50-compact-teinte-beige-sable-10g.png","datePublished":"2024-06-27T09:38:55+00:00","dateModified":"2024-06-27T09:38:56+00:00","breadcrumb":{"@id":"https:\/\/pharmadreams.shop\/index.php\/product\/avene-haute-protection-spf50-compact-teinte-beige-sable-10g\/#breadcrumb"},"inLanguage":"fr-FR","potentialAction":[{"@type":"ReadAction","target":["https:\/\/pharmadreams.shop\/index.php\/product\/avene-haute-protection-spf50-compact-teinte-beige-sable-10g\/"]}]},{"@type":"ImageObject","inLanguage":"fr-FR","@id":"https:\/\/pharmadreams.shop\/index.php\/product\/avene-haute-protection-spf50-compact-teinte-beige-sable-10g\/#primaryimage","url":"https:\/\/pharmadreams.shop\/wp-content\/uploads\/2024\/06\/avene-haute-protection-spf50-compact-teinte-beige-sable-10g.png","contentUrl":"https:\/\/pharmadreams.shop\/wp-content\/uploads\/2024\/06\/avene-haute-protection-spf50-compact-teinte-beige-sable-10g.png","width":500,"height":500},{"@type":"BreadcrumbList","@id":"https:\/\/pharmadreams.shop\/index.php\/product\/avene-haute-protection-spf50-compact-teinte-beige-sable-10g\/#breadcrumb","itemListElement":[{"@type":"ListItem","position":1,"name":"Accueil","item":"https:\/\/pharmadreams.shop\/"},{"@type":"ListItem","position":2,"name":"Shop","item":"https:\/\/pharmadreams.shop\/index.php\/shop\/"},{"@type":"ListItem","position":3,"name":"AVENE HAUTE PROTECTION SPF50 COMPACT TEINTE BEIGE SABLE 10G"}]},{"@type":"WebSite","@id":"https:\/\/pharmadreams.shop\/#website","url":"https:\/\/pharmadreams.shop\/","name":"pharmadreams","description":"Parapharmacie en ligne","potentialAction":[{"@type":"SearchAction","target":{"@type":"EntryPoint","urlTemplate":"https:\/\/pharmadreams.shop\/?s={search_term_string}"},"query-input":"required name=search_term_string"}],"inLanguage":"fr-FR"}]}},"_links":{"self":[{"href":"https:\/\/pharmadreams.shop\/index.php\/wp-json\/wp\/v2\/product\/18748","targetHints":{"allow":["GET"]}}],"collection":[{"href":"https:\/\/pharmadreams.shop\/index.php\/wp-json\/wp\/v2\/product"}],"about":[{"href":"https:\/\/pharmadreams.shop\/index.php\/wp-json\/wp\/v2\/types\/product"}],"replies":[{"embeddable":true,"href":"https:\/\/pharmadreams.shop\/index.php\/wp-json\/wp\/v2\/comments?post=18748"}],"version-history":[{"count":0,"href":"https:\/\/pharmadreams.shop\/index.php\/wp-json\/wp\/v2\/product\/18748\/revisions"}],"wp:featuredmedia":[{"embeddable":true,"href":"https:\/\/pharmadreams.shop\/index.php\/wp-json\/wp\/v2\/media\/18749"}],"wp:attachment":[{"href":"https:\/\/pharmadreams.shop\/index.php\/wp-json\/wp\/v2\/media?parent=18748"}],"wp:term":[{"taxonomy":"product_brand","embeddable":true,"href":"https:\/\/pharmadreams.shop\/index.php\/wp-json\/wp\/v2\/product_brand?post=18748"},{"taxonomy":"product_cat","embeddable":true,"href":"https:\/\/pharmadreams.shop\/index.php\/wp-json\/wp\/v2\/product_cat?post=18748"},{"taxonomy":"product_tag","embeddable":true,"href":"https:\/\/pharmadreams.shop\/index.php\/wp-json\/wp\/v2\/product_tag?post=18748"}],"curies":[{"name":"wp","href":"https:\/\/api.w.org\/{rel}","templated":true}]}}