{"id":18769,"date":"2024-08-26T11:52:25","date_gmt":"2024-08-26T10:52:25","guid":{"rendered":"https:\/\/pharmadreams.shop\/?post_type=product&#038;p=18769"},"modified":"2024-08-26T11:52:25","modified_gmt":"2024-08-26T10:52:25","slug":"pin-up-secret-creme-sans-huile-50ml","status":"publish","type":"product","link":"https:\/\/pharmadreams.shop\/index.php\/product\/pin-up-secret-creme-sans-huile-50ml\/","title":{"rendered":"PIN UP SECRET CREME SANS HUILE 50ML"},"content":{"rendered":"","protected":false},"excerpt":{"rendered":"<p>Soin hydratant matifiant pour une peau lisse et \u00e9clatante.<\/p>\n<p style=\"font-weight: 400;\"><b><strong>Actions :<\/strong><\/b><\/p>\n<p style=\"font-weight: 400;\">\u25ba\u00a0R\u00e9gule le pH<\/p>\n<p style=\"font-weight: 400;\">\u25ba\u00a0R\u00e9duit l\u2019exc\u00e8s de s\u00e9bum<\/p>\n<p style=\"font-weight: 400;\">\u25ba\u00a0++ Matifiant<\/p>\n<p style=\"font-weight: 400;\">\u25ba\u00a0Apaisant<\/p>\n<p style=\"font-weight: 400;\"><b><strong>Conseils d&rsquo;utilisation :<\/strong><\/b><\/p>\n<p style=\"font-weight: 400;\">Appliquez la Cr\u00e8me sans Huile sur le visage, le d\u00e9collet\u00e9 et le cou matin et soir en \u00e9vitant le contour des yeux, sur une peau propre et nettoy\u00e9e jusqu\u2019\u00e0 l\u2019absorption du produit. \u00c0 utiliser en compl\u00e9ment du savon au lait de ch\u00e8vre, Secret Teint Pr\u00e9cieux.<\/p>\n","protected":false},"featured_media":18770,"comment_status":"open","ping_status":"closed","template":"","meta":[],"product_brand":[],"product_cat":[98,85,81,234,20],"product_tag":[],"class_list":{"0":"post-18769","1":"product","2":"type-product","3":"status-publish","4":"has-post-thumbnail","6":"product_cat-hydratation","7":"product_cat-hydratation-et-nutrition","8":"product_cat-soins-hydratants","9":"product_cat-tous-types-de-peaux","10":"product_cat-visage","12":"first","13":"instock","14":"shipping-taxable","15":"purchasable","16":"product-type-simple"},"yoast_head":"<!-- This site is optimized with the Yoast SEO plugin v23.0 - https:\/\/yoast.com\/wordpress\/plugins\/seo\/ -->\n<title>PIN UP SECRET CREME SANS HUILE 50ML - pharmadreams<\/title>\n<meta name=\"robots\" content=\"index, follow, max-snippet:-1, max-image-preview:large, max-video-preview:-1\" \/>\n<link rel=\"canonical\" href=\"https:\/\/pharmadreams.shop\/index.php\/product\/pin-up-secret-creme-sans-huile-50ml\/\" \/>\n<meta property=\"og:locale\" content=\"fr_FR\" \/>\n<meta property=\"og:type\" content=\"article\" \/>\n<meta property=\"og:title\" content=\"PIN UP SECRET CREME SANS HUILE 50ML - pharmadreams\" \/>\n<meta property=\"og:description\" content=\"Soin hydratant matifiant pour une peau lisse et \u00e9clatante. Actions : \u25ba\u00a0R\u00e9gule le pH \u25ba\u00a0R\u00e9duit l\u2019exc\u00e8s de s\u00e9bum \u25ba\u00a0++ Matifiant \u25ba\u00a0Apaisant Conseils d&#039;utilisation : Appliquez la Cr\u00e8me sans Huile sur le visage, le d\u00e9collet\u00e9 et le cou matin et soir en \u00e9vitant le contour des yeux, sur une peau propre et nettoy\u00e9e jusqu\u2019\u00e0 l\u2019absorption du produit. \u00c0 utiliser en compl\u00e9ment du savon au lait de ch\u00e8vre, Secret Teint Pr\u00e9cieux.\" \/>\n<meta property=\"og:url\" content=\"https:\/\/pharmadreams.shop\/index.php\/product\/pin-up-secret-creme-sans-huile-50ml\/\" \/>\n<meta property=\"og:site_name\" content=\"pharmadreams\" \/>\n<meta property=\"og:image\" content=\"https:\/\/pharmadreams.shop\/wp-content\/uploads\/2024\/08\/pin-up-secret-creme-sans-huile-50ml.jpg\" \/>\n\t<meta property=\"og:image:width\" content=\"500\" \/>\n\t<meta property=\"og:image:height\" content=\"500\" \/>\n\t<meta property=\"og:image:type\" content=\"image\/jpeg\" \/>\n<meta name=\"twitter:card\" content=\"summary_large_image\" \/>\n<meta name=\"twitter:label1\" content=\"Dur\u00e9e de lecture estim\u00e9e\" \/>\n\t<meta name=\"twitter:data1\" content=\"1 minute\" \/>\n<script type=\"application\/ld+json\" class=\"yoast-schema-graph\">{\"@context\":\"https:\/\/schema.org\",\"@graph\":[{\"@type\":\"WebPage\",\"@id\":\"https:\/\/pharmadreams.shop\/index.php\/product\/pin-up-secret-creme-sans-huile-50ml\/\",\"url\":\"https:\/\/pharmadreams.shop\/index.php\/product\/pin-up-secret-creme-sans-huile-50ml\/\",\"name\":\"PIN UP SECRET CREME SANS HUILE 50ML - pharmadreams\",\"isPartOf\":{\"@id\":\"https:\/\/pharmadreams.shop\/#website\"},\"primaryImageOfPage\":{\"@id\":\"https:\/\/pharmadreams.shop\/index.php\/product\/pin-up-secret-creme-sans-huile-50ml\/#primaryimage\"},\"image\":{\"@id\":\"https:\/\/pharmadreams.shop\/index.php\/product\/pin-up-secret-creme-sans-huile-50ml\/#primaryimage\"},\"thumbnailUrl\":\"https:\/\/pharmadreams.shop\/wp-content\/uploads\/2024\/08\/pin-up-secret-creme-sans-huile-50ml.jpg\",\"datePublished\":\"2024-08-26T10:52:25+00:00\",\"dateModified\":\"2024-08-26T10:52:25+00:00\",\"breadcrumb\":{\"@id\":\"https:\/\/pharmadreams.shop\/index.php\/product\/pin-up-secret-creme-sans-huile-50ml\/#breadcrumb\"},\"inLanguage\":\"fr-FR\",\"potentialAction\":[{\"@type\":\"ReadAction\",\"target\":[\"https:\/\/pharmadreams.shop\/index.php\/product\/pin-up-secret-creme-sans-huile-50ml\/\"]}]},{\"@type\":\"ImageObject\",\"inLanguage\":\"fr-FR\",\"@id\":\"https:\/\/pharmadreams.shop\/index.php\/product\/pin-up-secret-creme-sans-huile-50ml\/#primaryimage\",\"url\":\"https:\/\/pharmadreams.shop\/wp-content\/uploads\/2024\/08\/pin-up-secret-creme-sans-huile-50ml.jpg\",\"contentUrl\":\"https:\/\/pharmadreams.shop\/wp-content\/uploads\/2024\/08\/pin-up-secret-creme-sans-huile-50ml.jpg\",\"width\":500,\"height\":500},{\"@type\":\"BreadcrumbList\",\"@id\":\"https:\/\/pharmadreams.shop\/index.php\/product\/pin-up-secret-creme-sans-huile-50ml\/#breadcrumb\",\"itemListElement\":[{\"@type\":\"ListItem\",\"position\":1,\"name\":\"Accueil\",\"item\":\"https:\/\/pharmadreams.shop\/\"},{\"@type\":\"ListItem\",\"position\":2,\"name\":\"Shop\",\"item\":\"https:\/\/pharmadreams.shop\/index.php\/shop\/\"},{\"@type\":\"ListItem\",\"position\":3,\"name\":\"PIN UP SECRET CREME SANS HUILE 50ML\"}]},{\"@type\":\"WebSite\",\"@id\":\"https:\/\/pharmadreams.shop\/#website\",\"url\":\"https:\/\/pharmadreams.shop\/\",\"name\":\"pharmadreams\",\"description\":\"Parapharmacie en ligne\",\"potentialAction\":[{\"@type\":\"SearchAction\",\"target\":{\"@type\":\"EntryPoint\",\"urlTemplate\":\"https:\/\/pharmadreams.shop\/?s={search_term_string}\"},\"query-input\":\"required name=search_term_string\"}],\"inLanguage\":\"fr-FR\"}]}<\/script>\n<!-- \/ Yoast SEO plugin. -->","yoast_head_json":{"title":"PIN UP SECRET CREME SANS HUILE 50ML - pharmadreams","robots":{"index":"index","follow":"follow","max-snippet":"max-snippet:-1","max-image-preview":"max-image-preview:large","max-video-preview":"max-video-preview:-1"},"canonical":"https:\/\/pharmadreams.shop\/index.php\/product\/pin-up-secret-creme-sans-huile-50ml\/","og_locale":"fr_FR","og_type":"article","og_title":"PIN UP SECRET CREME SANS HUILE 50ML - pharmadreams","og_description":"Soin hydratant matifiant pour une peau lisse et \u00e9clatante. Actions : \u25ba\u00a0R\u00e9gule le pH \u25ba\u00a0R\u00e9duit l\u2019exc\u00e8s de s\u00e9bum \u25ba\u00a0++ Matifiant \u25ba\u00a0Apaisant Conseils d'utilisation : Appliquez la Cr\u00e8me sans Huile sur le visage, le d\u00e9collet\u00e9 et le cou matin et soir en \u00e9vitant le contour des yeux, sur une peau propre et nettoy\u00e9e jusqu\u2019\u00e0 l\u2019absorption du produit. \u00c0 utiliser en compl\u00e9ment du savon au lait de ch\u00e8vre, Secret Teint Pr\u00e9cieux.","og_url":"https:\/\/pharmadreams.shop\/index.php\/product\/pin-up-secret-creme-sans-huile-50ml\/","og_site_name":"pharmadreams","og_image":[{"width":500,"height":500,"url":"https:\/\/pharmadreams.shop\/wp-content\/uploads\/2024\/08\/pin-up-secret-creme-sans-huile-50ml.jpg","type":"image\/jpeg"}],"twitter_card":"summary_large_image","twitter_misc":{"Dur\u00e9e de lecture estim\u00e9e":"1 minute"},"schema":{"@context":"https:\/\/schema.org","@graph":[{"@type":"WebPage","@id":"https:\/\/pharmadreams.shop\/index.php\/product\/pin-up-secret-creme-sans-huile-50ml\/","url":"https:\/\/pharmadreams.shop\/index.php\/product\/pin-up-secret-creme-sans-huile-50ml\/","name":"PIN UP SECRET CREME SANS HUILE 50ML - pharmadreams","isPartOf":{"@id":"https:\/\/pharmadreams.shop\/#website"},"primaryImageOfPage":{"@id":"https:\/\/pharmadreams.shop\/index.php\/product\/pin-up-secret-creme-sans-huile-50ml\/#primaryimage"},"image":{"@id":"https:\/\/pharmadreams.shop\/index.php\/product\/pin-up-secret-creme-sans-huile-50ml\/#primaryimage"},"thumbnailUrl":"https:\/\/pharmadreams.shop\/wp-content\/uploads\/2024\/08\/pin-up-secret-creme-sans-huile-50ml.jpg","datePublished":"2024-08-26T10:52:25+00:00","dateModified":"2024-08-26T10:52:25+00:00","breadcrumb":{"@id":"https:\/\/pharmadreams.shop\/index.php\/product\/pin-up-secret-creme-sans-huile-50ml\/#breadcrumb"},"inLanguage":"fr-FR","potentialAction":[{"@type":"ReadAction","target":["https:\/\/pharmadreams.shop\/index.php\/product\/pin-up-secret-creme-sans-huile-50ml\/"]}]},{"@type":"ImageObject","inLanguage":"fr-FR","@id":"https:\/\/pharmadreams.shop\/index.php\/product\/pin-up-secret-creme-sans-huile-50ml\/#primaryimage","url":"https:\/\/pharmadreams.shop\/wp-content\/uploads\/2024\/08\/pin-up-secret-creme-sans-huile-50ml.jpg","contentUrl":"https:\/\/pharmadreams.shop\/wp-content\/uploads\/2024\/08\/pin-up-secret-creme-sans-huile-50ml.jpg","width":500,"height":500},{"@type":"BreadcrumbList","@id":"https:\/\/pharmadreams.shop\/index.php\/product\/pin-up-secret-creme-sans-huile-50ml\/#breadcrumb","itemListElement":[{"@type":"ListItem","position":1,"name":"Accueil","item":"https:\/\/pharmadreams.shop\/"},{"@type":"ListItem","position":2,"name":"Shop","item":"https:\/\/pharmadreams.shop\/index.php\/shop\/"},{"@type":"ListItem","position":3,"name":"PIN UP SECRET CREME SANS HUILE 50ML"}]},{"@type":"WebSite","@id":"https:\/\/pharmadreams.shop\/#website","url":"https:\/\/pharmadreams.shop\/","name":"pharmadreams","description":"Parapharmacie en ligne","potentialAction":[{"@type":"SearchAction","target":{"@type":"EntryPoint","urlTemplate":"https:\/\/pharmadreams.shop\/?s={search_term_string}"},"query-input":"required name=search_term_string"}],"inLanguage":"fr-FR"}]}},"_links":{"self":[{"href":"https:\/\/pharmadreams.shop\/index.php\/wp-json\/wp\/v2\/product\/18769","targetHints":{"allow":["GET"]}}],"collection":[{"href":"https:\/\/pharmadreams.shop\/index.php\/wp-json\/wp\/v2\/product"}],"about":[{"href":"https:\/\/pharmadreams.shop\/index.php\/wp-json\/wp\/v2\/types\/product"}],"replies":[{"embeddable":true,"href":"https:\/\/pharmadreams.shop\/index.php\/wp-json\/wp\/v2\/comments?post=18769"}],"version-history":[{"count":0,"href":"https:\/\/pharmadreams.shop\/index.php\/wp-json\/wp\/v2\/product\/18769\/revisions"}],"wp:featuredmedia":[{"embeddable":true,"href":"https:\/\/pharmadreams.shop\/index.php\/wp-json\/wp\/v2\/media\/18770"}],"wp:attachment":[{"href":"https:\/\/pharmadreams.shop\/index.php\/wp-json\/wp\/v2\/media?parent=18769"}],"wp:term":[{"taxonomy":"product_brand","embeddable":true,"href":"https:\/\/pharmadreams.shop\/index.php\/wp-json\/wp\/v2\/product_brand?post=18769"},{"taxonomy":"product_cat","embeddable":true,"href":"https:\/\/pharmadreams.shop\/index.php\/wp-json\/wp\/v2\/product_cat?post=18769"},{"taxonomy":"product_tag","embeddable":true,"href":"https:\/\/pharmadreams.shop\/index.php\/wp-json\/wp\/v2\/product_tag?post=18769"}],"curies":[{"name":"wp","href":"https:\/\/api.w.org\/{rel}","templated":true}]}}