{"id":18772,"date":"2024-08-26T12:26:32","date_gmt":"2024-08-26T11:26:32","guid":{"rendered":"https:\/\/pharmadreams.shop\/?post_type=product&#038;p=18772"},"modified":"2024-08-26T12:26:33","modified_gmt":"2024-08-26T11:26:33","slug":"pin-up-secret-teint-precieux-savon-masque-sublimateur-110g","status":"publish","type":"product","link":"https:\/\/pharmadreams.shop\/index.php\/product\/pin-up-secret-teint-precieux-savon-masque-sublimateur-110g\/","title":{"rendered":"PIN UP SECRET TEINT PRECIEUX SAVON MASQUE SUBLIMATEUR 110G"},"content":{"rendered":"","protected":false},"excerpt":{"rendered":"<p style=\"font-weight: 400;\">Fabrication respectueuse de la nature,<\/p>\n<p style=\"font-weight: 400;\">\u00e9levage des ch\u00e8vres dans un domaine 100% biologique.<\/p>\n<p style=\"font-weight: 400;\">Id\u00e9al pour le traitement des probl\u00e8mes de peaux, s\u2019applique \u00e9galement sur le corps.<\/p>\n<p style=\"font-weight: 400;\">Grain de peau unifi\u00e9 et lumineux. Composants naturels, r\u00e9gulateur, \u00e9quilibrant, s\u2019utilise sur tous types de peaux.<\/p>\n<p style=\"font-weight: 400;\"><b><strong>Conseils d\u2019utilisation\u00a0:<\/strong><\/b><\/p>\n<p style=\"font-weight: 400;\">Humidifiez abondamment le savon dans le creux des mains, jusqu&rsquo;\u00e0 l\u2019obtention d\u2019une mousse. Du bout des doigts<\/p>\n<p style=\"font-weight: 400;\">appliquez sur le visage, cou et d\u00e9collet\u00e9, en \u00e9vitant le contour des yeux. Effectuez des mouvements circulaires. Rincez<\/p>\n<p style=\"font-weight: 400;\">\u00e0 l\u2019eau claire ti\u00e8de (jamais chaude). S\u2019utilise quotidiennement.<\/p>\n","protected":false},"featured_media":18773,"comment_status":"open","ping_status":"closed","template":"","meta":[],"product_brand":[],"product_cat":[304,147],"product_tag":[],"class_list":{"0":"post-18772","1":"product","2":"type-product","3":"status-publish","4":"has-post-thumbnail","6":"product_cat-nettoyant-visage","7":"product_cat-savon","9":"first","10":"instock","11":"shipping-taxable","12":"purchasable","13":"product-type-simple"},"yoast_head":"<!-- This site is optimized with the Yoast SEO plugin v23.0 - https:\/\/yoast.com\/wordpress\/plugins\/seo\/ -->\n<title>PIN UP SECRET TEINT PRECIEUX SAVON MASQUE SUBLIMATEUR 110G - pharmadreams<\/title>\n<meta name=\"robots\" content=\"index, follow, max-snippet:-1, max-image-preview:large, max-video-preview:-1\" \/>\n<link rel=\"canonical\" href=\"https:\/\/pharmadreams.shop\/index.php\/product\/pin-up-secret-teint-precieux-savon-masque-sublimateur-110g\/\" \/>\n<meta property=\"og:locale\" content=\"fr_FR\" \/>\n<meta property=\"og:type\" content=\"article\" \/>\n<meta property=\"og:title\" content=\"PIN UP SECRET TEINT PRECIEUX SAVON MASQUE SUBLIMATEUR 110G - pharmadreams\" \/>\n<meta property=\"og:description\" content=\"Fabrication respectueuse de la nature, \u00e9levage des ch\u00e8vres dans un domaine 100% biologique. Id\u00e9al pour le traitement des probl\u00e8mes de peaux, s\u2019applique \u00e9galement sur le corps. Grain de peau unifi\u00e9 et lumineux. Composants naturels, r\u00e9gulateur, \u00e9quilibrant, s\u2019utilise sur tous types de peaux. Conseils d\u2019utilisation\u00a0: Humidifiez abondamment le savon dans le creux des mains, jusqu&#039;\u00e0 l\u2019obtention d\u2019une mousse. Du bout des doigts appliquez sur le visage, cou et d\u00e9collet\u00e9, en \u00e9vitant le contour des yeux. Effectuez des mouvements circulaires. Rincez \u00e0 l\u2019eau claire ti\u00e8de (jamais chaude). S\u2019utilise quotidiennement.\" \/>\n<meta property=\"og:url\" content=\"https:\/\/pharmadreams.shop\/index.php\/product\/pin-up-secret-teint-precieux-savon-masque-sublimateur-110g\/\" \/>\n<meta property=\"og:site_name\" content=\"pharmadreams\" \/>\n<meta property=\"article:modified_time\" content=\"2024-08-26T11:26:33+00:00\" \/>\n<meta property=\"og:image\" content=\"https:\/\/pharmadreams.shop\/wp-content\/uploads\/2024\/08\/pin-up-secret-teint-precieux-savon-masque-sublimateur-110g.jpg\" \/>\n\t<meta property=\"og:image:width\" content=\"500\" \/>\n\t<meta property=\"og:image:height\" content=\"500\" \/>\n\t<meta property=\"og:image:type\" content=\"image\/jpeg\" \/>\n<meta name=\"twitter:card\" content=\"summary_large_image\" \/>\n<meta name=\"twitter:label1\" content=\"Dur\u00e9e de lecture estim\u00e9e\" \/>\n\t<meta name=\"twitter:data1\" content=\"1 minute\" \/>\n<script type=\"application\/ld+json\" class=\"yoast-schema-graph\">{\"@context\":\"https:\/\/schema.org\",\"@graph\":[{\"@type\":\"WebPage\",\"@id\":\"https:\/\/pharmadreams.shop\/index.php\/product\/pin-up-secret-teint-precieux-savon-masque-sublimateur-110g\/\",\"url\":\"https:\/\/pharmadreams.shop\/index.php\/product\/pin-up-secret-teint-precieux-savon-masque-sublimateur-110g\/\",\"name\":\"PIN UP SECRET TEINT PRECIEUX SAVON MASQUE SUBLIMATEUR 110G - pharmadreams\",\"isPartOf\":{\"@id\":\"https:\/\/pharmadreams.shop\/#website\"},\"primaryImageOfPage\":{\"@id\":\"https:\/\/pharmadreams.shop\/index.php\/product\/pin-up-secret-teint-precieux-savon-masque-sublimateur-110g\/#primaryimage\"},\"image\":{\"@id\":\"https:\/\/pharmadreams.shop\/index.php\/product\/pin-up-secret-teint-precieux-savon-masque-sublimateur-110g\/#primaryimage\"},\"thumbnailUrl\":\"https:\/\/pharmadreams.shop\/wp-content\/uploads\/2024\/08\/pin-up-secret-teint-precieux-savon-masque-sublimateur-110g.jpg\",\"datePublished\":\"2024-08-26T11:26:32+00:00\",\"dateModified\":\"2024-08-26T11:26:33+00:00\",\"breadcrumb\":{\"@id\":\"https:\/\/pharmadreams.shop\/index.php\/product\/pin-up-secret-teint-precieux-savon-masque-sublimateur-110g\/#breadcrumb\"},\"inLanguage\":\"fr-FR\",\"potentialAction\":[{\"@type\":\"ReadAction\",\"target\":[\"https:\/\/pharmadreams.shop\/index.php\/product\/pin-up-secret-teint-precieux-savon-masque-sublimateur-110g\/\"]}]},{\"@type\":\"ImageObject\",\"inLanguage\":\"fr-FR\",\"@id\":\"https:\/\/pharmadreams.shop\/index.php\/product\/pin-up-secret-teint-precieux-savon-masque-sublimateur-110g\/#primaryimage\",\"url\":\"https:\/\/pharmadreams.shop\/wp-content\/uploads\/2024\/08\/pin-up-secret-teint-precieux-savon-masque-sublimateur-110g.jpg\",\"contentUrl\":\"https:\/\/pharmadreams.shop\/wp-content\/uploads\/2024\/08\/pin-up-secret-teint-precieux-savon-masque-sublimateur-110g.jpg\",\"width\":500,\"height\":500},{\"@type\":\"BreadcrumbList\",\"@id\":\"https:\/\/pharmadreams.shop\/index.php\/product\/pin-up-secret-teint-precieux-savon-masque-sublimateur-110g\/#breadcrumb\",\"itemListElement\":[{\"@type\":\"ListItem\",\"position\":1,\"name\":\"Accueil\",\"item\":\"https:\/\/pharmadreams.shop\/\"},{\"@type\":\"ListItem\",\"position\":2,\"name\":\"Shop\",\"item\":\"https:\/\/pharmadreams.shop\/index.php\/shop\/\"},{\"@type\":\"ListItem\",\"position\":3,\"name\":\"PIN UP SECRET TEINT PRECIEUX SAVON MASQUE SUBLIMATEUR 110G\"}]},{\"@type\":\"WebSite\",\"@id\":\"https:\/\/pharmadreams.shop\/#website\",\"url\":\"https:\/\/pharmadreams.shop\/\",\"name\":\"pharmadreams\",\"description\":\"Parapharmacie en ligne\",\"potentialAction\":[{\"@type\":\"SearchAction\",\"target\":{\"@type\":\"EntryPoint\",\"urlTemplate\":\"https:\/\/pharmadreams.shop\/?s={search_term_string}\"},\"query-input\":\"required name=search_term_string\"}],\"inLanguage\":\"fr-FR\"}]}<\/script>\n<!-- \/ Yoast SEO plugin. -->","yoast_head_json":{"title":"PIN UP SECRET TEINT PRECIEUX SAVON MASQUE SUBLIMATEUR 110G - pharmadreams","robots":{"index":"index","follow":"follow","max-snippet":"max-snippet:-1","max-image-preview":"max-image-preview:large","max-video-preview":"max-video-preview:-1"},"canonical":"https:\/\/pharmadreams.shop\/index.php\/product\/pin-up-secret-teint-precieux-savon-masque-sublimateur-110g\/","og_locale":"fr_FR","og_type":"article","og_title":"PIN UP SECRET TEINT PRECIEUX SAVON MASQUE SUBLIMATEUR 110G - pharmadreams","og_description":"Fabrication respectueuse de la nature, \u00e9levage des ch\u00e8vres dans un domaine 100% biologique. Id\u00e9al pour le traitement des probl\u00e8mes de peaux, s\u2019applique \u00e9galement sur le corps. Grain de peau unifi\u00e9 et lumineux. Composants naturels, r\u00e9gulateur, \u00e9quilibrant, s\u2019utilise sur tous types de peaux. Conseils d\u2019utilisation\u00a0: Humidifiez abondamment le savon dans le creux des mains, jusqu'\u00e0 l\u2019obtention d\u2019une mousse. Du bout des doigts appliquez sur le visage, cou et d\u00e9collet\u00e9, en \u00e9vitant le contour des yeux. Effectuez des mouvements circulaires. Rincez \u00e0 l\u2019eau claire ti\u00e8de (jamais chaude). S\u2019utilise quotidiennement.","og_url":"https:\/\/pharmadreams.shop\/index.php\/product\/pin-up-secret-teint-precieux-savon-masque-sublimateur-110g\/","og_site_name":"pharmadreams","article_modified_time":"2024-08-26T11:26:33+00:00","og_image":[{"width":500,"height":500,"url":"https:\/\/pharmadreams.shop\/wp-content\/uploads\/2024\/08\/pin-up-secret-teint-precieux-savon-masque-sublimateur-110g.jpg","type":"image\/jpeg"}],"twitter_card":"summary_large_image","twitter_misc":{"Dur\u00e9e de lecture estim\u00e9e":"1 minute"},"schema":{"@context":"https:\/\/schema.org","@graph":[{"@type":"WebPage","@id":"https:\/\/pharmadreams.shop\/index.php\/product\/pin-up-secret-teint-precieux-savon-masque-sublimateur-110g\/","url":"https:\/\/pharmadreams.shop\/index.php\/product\/pin-up-secret-teint-precieux-savon-masque-sublimateur-110g\/","name":"PIN UP SECRET TEINT PRECIEUX SAVON MASQUE SUBLIMATEUR 110G - pharmadreams","isPartOf":{"@id":"https:\/\/pharmadreams.shop\/#website"},"primaryImageOfPage":{"@id":"https:\/\/pharmadreams.shop\/index.php\/product\/pin-up-secret-teint-precieux-savon-masque-sublimateur-110g\/#primaryimage"},"image":{"@id":"https:\/\/pharmadreams.shop\/index.php\/product\/pin-up-secret-teint-precieux-savon-masque-sublimateur-110g\/#primaryimage"},"thumbnailUrl":"https:\/\/pharmadreams.shop\/wp-content\/uploads\/2024\/08\/pin-up-secret-teint-precieux-savon-masque-sublimateur-110g.jpg","datePublished":"2024-08-26T11:26:32+00:00","dateModified":"2024-08-26T11:26:33+00:00","breadcrumb":{"@id":"https:\/\/pharmadreams.shop\/index.php\/product\/pin-up-secret-teint-precieux-savon-masque-sublimateur-110g\/#breadcrumb"},"inLanguage":"fr-FR","potentialAction":[{"@type":"ReadAction","target":["https:\/\/pharmadreams.shop\/index.php\/product\/pin-up-secret-teint-precieux-savon-masque-sublimateur-110g\/"]}]},{"@type":"ImageObject","inLanguage":"fr-FR","@id":"https:\/\/pharmadreams.shop\/index.php\/product\/pin-up-secret-teint-precieux-savon-masque-sublimateur-110g\/#primaryimage","url":"https:\/\/pharmadreams.shop\/wp-content\/uploads\/2024\/08\/pin-up-secret-teint-precieux-savon-masque-sublimateur-110g.jpg","contentUrl":"https:\/\/pharmadreams.shop\/wp-content\/uploads\/2024\/08\/pin-up-secret-teint-precieux-savon-masque-sublimateur-110g.jpg","width":500,"height":500},{"@type":"BreadcrumbList","@id":"https:\/\/pharmadreams.shop\/index.php\/product\/pin-up-secret-teint-precieux-savon-masque-sublimateur-110g\/#breadcrumb","itemListElement":[{"@type":"ListItem","position":1,"name":"Accueil","item":"https:\/\/pharmadreams.shop\/"},{"@type":"ListItem","position":2,"name":"Shop","item":"https:\/\/pharmadreams.shop\/index.php\/shop\/"},{"@type":"ListItem","position":3,"name":"PIN UP SECRET TEINT PRECIEUX SAVON MASQUE SUBLIMATEUR 110G"}]},{"@type":"WebSite","@id":"https:\/\/pharmadreams.shop\/#website","url":"https:\/\/pharmadreams.shop\/","name":"pharmadreams","description":"Parapharmacie en ligne","potentialAction":[{"@type":"SearchAction","target":{"@type":"EntryPoint","urlTemplate":"https:\/\/pharmadreams.shop\/?s={search_term_string}"},"query-input":"required name=search_term_string"}],"inLanguage":"fr-FR"}]}},"_links":{"self":[{"href":"https:\/\/pharmadreams.shop\/index.php\/wp-json\/wp\/v2\/product\/18772","targetHints":{"allow":["GET"]}}],"collection":[{"href":"https:\/\/pharmadreams.shop\/index.php\/wp-json\/wp\/v2\/product"}],"about":[{"href":"https:\/\/pharmadreams.shop\/index.php\/wp-json\/wp\/v2\/types\/product"}],"replies":[{"embeddable":true,"href":"https:\/\/pharmadreams.shop\/index.php\/wp-json\/wp\/v2\/comments?post=18772"}],"version-history":[{"count":0,"href":"https:\/\/pharmadreams.shop\/index.php\/wp-json\/wp\/v2\/product\/18772\/revisions"}],"wp:featuredmedia":[{"embeddable":true,"href":"https:\/\/pharmadreams.shop\/index.php\/wp-json\/wp\/v2\/media\/18773"}],"wp:attachment":[{"href":"https:\/\/pharmadreams.shop\/index.php\/wp-json\/wp\/v2\/media?parent=18772"}],"wp:term":[{"taxonomy":"product_brand","embeddable":true,"href":"https:\/\/pharmadreams.shop\/index.php\/wp-json\/wp\/v2\/product_brand?post=18772"},{"taxonomy":"product_cat","embeddable":true,"href":"https:\/\/pharmadreams.shop\/index.php\/wp-json\/wp\/v2\/product_cat?post=18772"},{"taxonomy":"product_tag","embeddable":true,"href":"https:\/\/pharmadreams.shop\/index.php\/wp-json\/wp\/v2\/product_tag?post=18772"}],"curies":[{"name":"wp","href":"https:\/\/api.w.org\/{rel}","templated":true}]}}