{"id":18775,"date":"2024-08-26T12:35:14","date_gmt":"2024-08-26T11:35:14","guid":{"rendered":"https:\/\/pharmadreams.shop\/?post_type=product&#038;p=18775"},"modified":"2024-08-26T12:35:14","modified_gmt":"2024-08-26T11:35:14","slug":"pin-up-secret-peeling-visage-50ml","status":"publish","type":"product","link":"https:\/\/pharmadreams.shop\/index.php\/product\/pin-up-secret-peeling-visage-50ml\/","title":{"rendered":"PIN UP SECRET PEELING VISAGE 50ML"},"content":{"rendered":"","protected":false},"excerpt":{"rendered":"<p style=\"font-weight: 400;\">Soin peau de b\u00e9b\u00e9 \u00ab gel gommant sans grain \u00bb<\/p>\n<p style=\"font-weight: 400;\">\u25ba\u00a0Elimine les cellules mortes<\/p>\n<p style=\"font-weight: 400;\">\u25ba\u00a0Lisse le grain de peau<\/p>\n<p style=\"font-weight: 400;\">\u25ba\u00a0R\u00e9duit l\u2019apparence des taches<\/p>\n<p style=\"font-weight: 400;\">\u25ba\u00a0Favorise la r\u00e9g\u00e9n\u00e9ration cutan\u00e9e<\/p>\n<p style=\"font-weight: 400;\"><b><strong>Conseils d&rsquo;utilisation\u00a0:<\/strong><\/b><\/p>\n<p style=\"font-weight: 400;\">Appliquez le peeling sur le visage, cou et d\u00e9collet\u00e9 bien humide, en \u00e9vitant le contour des yeux, laissez poser 1 \u00e0 2\u00a0minutes, puis exfoliez du bout des doigts par des mouvements circulaires. Enfin rincez \u00e0 l\u2019eau ti\u00e8de avant\u00a0l\u2019application du masque ou d\u2019une cr\u00e8me. Le peeling est \u00e0 utiliser une \u00e0 deux fois par semaine sur peau humide.<\/p>\n<p style=\"font-weight: 400;\">En un seul geste, votre peau est purifi\u00e9e, hydrat\u00e9e, et mieux pr\u00e9par\u00e9e pour l\u2019application et l\u2019absorption des traitements\u00a0et soins<\/p>\n","protected":false},"featured_media":18776,"comment_status":"open","ping_status":"closed","template":"","meta":[],"product_brand":[],"product_cat":[284,134,172,20],"product_tag":[],"class_list":{"0":"post-18775","1":"product","2":"type-product","3":"status-publish","4":"has-post-thumbnail","6":"product_cat-creme-peeling","7":"product_cat-eclat","8":"product_cat-soins-peau-grasse-et-anti-acneique","9":"product_cat-visage","11":"first","12":"instock","13":"shipping-taxable","14":"purchasable","15":"product-type-simple"},"yoast_head":"<!-- This site is optimized with the Yoast SEO plugin v23.0 - https:\/\/yoast.com\/wordpress\/plugins\/seo\/ -->\n<title>PIN UP SECRET PEELING VISAGE 50ML - pharmadreams<\/title>\n<meta name=\"robots\" content=\"index, follow, max-snippet:-1, max-image-preview:large, max-video-preview:-1\" \/>\n<link rel=\"canonical\" href=\"https:\/\/pharmadreams.shop\/index.php\/product\/pin-up-secret-peeling-visage-50ml\/\" \/>\n<meta property=\"og:locale\" content=\"fr_FR\" \/>\n<meta property=\"og:type\" content=\"article\" \/>\n<meta property=\"og:title\" content=\"PIN UP SECRET PEELING VISAGE 50ML - pharmadreams\" \/>\n<meta property=\"og:description\" content=\"Soin peau de b\u00e9b\u00e9 \u00ab gel gommant sans grain \u00bb \u25ba\u00a0Elimine les cellules mortes \u25ba\u00a0Lisse le grain de peau \u25ba\u00a0R\u00e9duit l\u2019apparence des taches \u25ba\u00a0Favorise la r\u00e9g\u00e9n\u00e9ration cutan\u00e9e Conseils d&#039;utilisation\u00a0: Appliquez le peeling sur le visage, cou et d\u00e9collet\u00e9 bien humide, en \u00e9vitant le contour des yeux, laissez poser 1 \u00e0 2\u00a0minutes, puis exfoliez du bout des doigts par des mouvements circulaires. Enfin rincez \u00e0 l\u2019eau ti\u00e8de avant\u00a0l\u2019application du masque ou d\u2019une cr\u00e8me. Le peeling est \u00e0 utiliser une \u00e0 deux fois par semaine sur peau humide. En un seul geste, votre peau est purifi\u00e9e, hydrat\u00e9e, et mieux pr\u00e9par\u00e9e pour l\u2019application et l\u2019absorption des traitements\u00a0et soins\" \/>\n<meta property=\"og:url\" content=\"https:\/\/pharmadreams.shop\/index.php\/product\/pin-up-secret-peeling-visage-50ml\/\" \/>\n<meta property=\"og:site_name\" content=\"pharmadreams\" \/>\n<meta property=\"og:image\" content=\"https:\/\/pharmadreams.shop\/wp-content\/uploads\/2024\/08\/pin-up-secret-peeling-visage-50ml.jpg\" \/>\n\t<meta property=\"og:image:width\" content=\"500\" \/>\n\t<meta property=\"og:image:height\" content=\"500\" \/>\n\t<meta property=\"og:image:type\" content=\"image\/jpeg\" \/>\n<meta name=\"twitter:card\" content=\"summary_large_image\" \/>\n<meta name=\"twitter:label1\" content=\"Dur\u00e9e de lecture estim\u00e9e\" \/>\n\t<meta name=\"twitter:data1\" content=\"1 minute\" \/>\n<script type=\"application\/ld+json\" class=\"yoast-schema-graph\">{\"@context\":\"https:\/\/schema.org\",\"@graph\":[{\"@type\":\"WebPage\",\"@id\":\"https:\/\/pharmadreams.shop\/index.php\/product\/pin-up-secret-peeling-visage-50ml\/\",\"url\":\"https:\/\/pharmadreams.shop\/index.php\/product\/pin-up-secret-peeling-visage-50ml\/\",\"name\":\"PIN UP SECRET PEELING VISAGE 50ML - pharmadreams\",\"isPartOf\":{\"@id\":\"https:\/\/pharmadreams.shop\/#website\"},\"primaryImageOfPage\":{\"@id\":\"https:\/\/pharmadreams.shop\/index.php\/product\/pin-up-secret-peeling-visage-50ml\/#primaryimage\"},\"image\":{\"@id\":\"https:\/\/pharmadreams.shop\/index.php\/product\/pin-up-secret-peeling-visage-50ml\/#primaryimage\"},\"thumbnailUrl\":\"https:\/\/pharmadreams.shop\/wp-content\/uploads\/2024\/08\/pin-up-secret-peeling-visage-50ml.jpg\",\"datePublished\":\"2024-08-26T11:35:14+00:00\",\"dateModified\":\"2024-08-26T11:35:14+00:00\",\"breadcrumb\":{\"@id\":\"https:\/\/pharmadreams.shop\/index.php\/product\/pin-up-secret-peeling-visage-50ml\/#breadcrumb\"},\"inLanguage\":\"fr-FR\",\"potentialAction\":[{\"@type\":\"ReadAction\",\"target\":[\"https:\/\/pharmadreams.shop\/index.php\/product\/pin-up-secret-peeling-visage-50ml\/\"]}]},{\"@type\":\"ImageObject\",\"inLanguage\":\"fr-FR\",\"@id\":\"https:\/\/pharmadreams.shop\/index.php\/product\/pin-up-secret-peeling-visage-50ml\/#primaryimage\",\"url\":\"https:\/\/pharmadreams.shop\/wp-content\/uploads\/2024\/08\/pin-up-secret-peeling-visage-50ml.jpg\",\"contentUrl\":\"https:\/\/pharmadreams.shop\/wp-content\/uploads\/2024\/08\/pin-up-secret-peeling-visage-50ml.jpg\",\"width\":500,\"height\":500},{\"@type\":\"BreadcrumbList\",\"@id\":\"https:\/\/pharmadreams.shop\/index.php\/product\/pin-up-secret-peeling-visage-50ml\/#breadcrumb\",\"itemListElement\":[{\"@type\":\"ListItem\",\"position\":1,\"name\":\"Accueil\",\"item\":\"https:\/\/pharmadreams.shop\/\"},{\"@type\":\"ListItem\",\"position\":2,\"name\":\"Shop\",\"item\":\"https:\/\/pharmadreams.shop\/index.php\/shop\/\"},{\"@type\":\"ListItem\",\"position\":3,\"name\":\"PIN UP SECRET PEELING VISAGE 50ML\"}]},{\"@type\":\"WebSite\",\"@id\":\"https:\/\/pharmadreams.shop\/#website\",\"url\":\"https:\/\/pharmadreams.shop\/\",\"name\":\"pharmadreams\",\"description\":\"Parapharmacie en ligne\",\"potentialAction\":[{\"@type\":\"SearchAction\",\"target\":{\"@type\":\"EntryPoint\",\"urlTemplate\":\"https:\/\/pharmadreams.shop\/?s={search_term_string}\"},\"query-input\":\"required name=search_term_string\"}],\"inLanguage\":\"fr-FR\"}]}<\/script>\n<!-- \/ Yoast SEO plugin. -->","yoast_head_json":{"title":"PIN UP SECRET PEELING VISAGE 50ML - pharmadreams","robots":{"index":"index","follow":"follow","max-snippet":"max-snippet:-1","max-image-preview":"max-image-preview:large","max-video-preview":"max-video-preview:-1"},"canonical":"https:\/\/pharmadreams.shop\/index.php\/product\/pin-up-secret-peeling-visage-50ml\/","og_locale":"fr_FR","og_type":"article","og_title":"PIN UP SECRET PEELING VISAGE 50ML - pharmadreams","og_description":"Soin peau de b\u00e9b\u00e9 \u00ab gel gommant sans grain \u00bb \u25ba\u00a0Elimine les cellules mortes \u25ba\u00a0Lisse le grain de peau \u25ba\u00a0R\u00e9duit l\u2019apparence des taches \u25ba\u00a0Favorise la r\u00e9g\u00e9n\u00e9ration cutan\u00e9e Conseils d'utilisation\u00a0: Appliquez le peeling sur le visage, cou et d\u00e9collet\u00e9 bien humide, en \u00e9vitant le contour des yeux, laissez poser 1 \u00e0 2\u00a0minutes, puis exfoliez du bout des doigts par des mouvements circulaires. Enfin rincez \u00e0 l\u2019eau ti\u00e8de avant\u00a0l\u2019application du masque ou d\u2019une cr\u00e8me. Le peeling est \u00e0 utiliser une \u00e0 deux fois par semaine sur peau humide. En un seul geste, votre peau est purifi\u00e9e, hydrat\u00e9e, et mieux pr\u00e9par\u00e9e pour l\u2019application et l\u2019absorption des traitements\u00a0et soins","og_url":"https:\/\/pharmadreams.shop\/index.php\/product\/pin-up-secret-peeling-visage-50ml\/","og_site_name":"pharmadreams","og_image":[{"width":500,"height":500,"url":"https:\/\/pharmadreams.shop\/wp-content\/uploads\/2024\/08\/pin-up-secret-peeling-visage-50ml.jpg","type":"image\/jpeg"}],"twitter_card":"summary_large_image","twitter_misc":{"Dur\u00e9e de lecture estim\u00e9e":"1 minute"},"schema":{"@context":"https:\/\/schema.org","@graph":[{"@type":"WebPage","@id":"https:\/\/pharmadreams.shop\/index.php\/product\/pin-up-secret-peeling-visage-50ml\/","url":"https:\/\/pharmadreams.shop\/index.php\/product\/pin-up-secret-peeling-visage-50ml\/","name":"PIN UP SECRET PEELING VISAGE 50ML - pharmadreams","isPartOf":{"@id":"https:\/\/pharmadreams.shop\/#website"},"primaryImageOfPage":{"@id":"https:\/\/pharmadreams.shop\/index.php\/product\/pin-up-secret-peeling-visage-50ml\/#primaryimage"},"image":{"@id":"https:\/\/pharmadreams.shop\/index.php\/product\/pin-up-secret-peeling-visage-50ml\/#primaryimage"},"thumbnailUrl":"https:\/\/pharmadreams.shop\/wp-content\/uploads\/2024\/08\/pin-up-secret-peeling-visage-50ml.jpg","datePublished":"2024-08-26T11:35:14+00:00","dateModified":"2024-08-26T11:35:14+00:00","breadcrumb":{"@id":"https:\/\/pharmadreams.shop\/index.php\/product\/pin-up-secret-peeling-visage-50ml\/#breadcrumb"},"inLanguage":"fr-FR","potentialAction":[{"@type":"ReadAction","target":["https:\/\/pharmadreams.shop\/index.php\/product\/pin-up-secret-peeling-visage-50ml\/"]}]},{"@type":"ImageObject","inLanguage":"fr-FR","@id":"https:\/\/pharmadreams.shop\/index.php\/product\/pin-up-secret-peeling-visage-50ml\/#primaryimage","url":"https:\/\/pharmadreams.shop\/wp-content\/uploads\/2024\/08\/pin-up-secret-peeling-visage-50ml.jpg","contentUrl":"https:\/\/pharmadreams.shop\/wp-content\/uploads\/2024\/08\/pin-up-secret-peeling-visage-50ml.jpg","width":500,"height":500},{"@type":"BreadcrumbList","@id":"https:\/\/pharmadreams.shop\/index.php\/product\/pin-up-secret-peeling-visage-50ml\/#breadcrumb","itemListElement":[{"@type":"ListItem","position":1,"name":"Accueil","item":"https:\/\/pharmadreams.shop\/"},{"@type":"ListItem","position":2,"name":"Shop","item":"https:\/\/pharmadreams.shop\/index.php\/shop\/"},{"@type":"ListItem","position":3,"name":"PIN UP SECRET PEELING VISAGE 50ML"}]},{"@type":"WebSite","@id":"https:\/\/pharmadreams.shop\/#website","url":"https:\/\/pharmadreams.shop\/","name":"pharmadreams","description":"Parapharmacie en ligne","potentialAction":[{"@type":"SearchAction","target":{"@type":"EntryPoint","urlTemplate":"https:\/\/pharmadreams.shop\/?s={search_term_string}"},"query-input":"required name=search_term_string"}],"inLanguage":"fr-FR"}]}},"_links":{"self":[{"href":"https:\/\/pharmadreams.shop\/index.php\/wp-json\/wp\/v2\/product\/18775","targetHints":{"allow":["GET"]}}],"collection":[{"href":"https:\/\/pharmadreams.shop\/index.php\/wp-json\/wp\/v2\/product"}],"about":[{"href":"https:\/\/pharmadreams.shop\/index.php\/wp-json\/wp\/v2\/types\/product"}],"replies":[{"embeddable":true,"href":"https:\/\/pharmadreams.shop\/index.php\/wp-json\/wp\/v2\/comments?post=18775"}],"version-history":[{"count":0,"href":"https:\/\/pharmadreams.shop\/index.php\/wp-json\/wp\/v2\/product\/18775\/revisions"}],"wp:featuredmedia":[{"embeddable":true,"href":"https:\/\/pharmadreams.shop\/index.php\/wp-json\/wp\/v2\/media\/18776"}],"wp:attachment":[{"href":"https:\/\/pharmadreams.shop\/index.php\/wp-json\/wp\/v2\/media?parent=18775"}],"wp:term":[{"taxonomy":"product_brand","embeddable":true,"href":"https:\/\/pharmadreams.shop\/index.php\/wp-json\/wp\/v2\/product_brand?post=18775"},{"taxonomy":"product_cat","embeddable":true,"href":"https:\/\/pharmadreams.shop\/index.php\/wp-json\/wp\/v2\/product_cat?post=18775"},{"taxonomy":"product_tag","embeddable":true,"href":"https:\/\/pharmadreams.shop\/index.php\/wp-json\/wp\/v2\/product_tag?post=18775"}],"curies":[{"name":"wp","href":"https:\/\/api.w.org\/{rel}","templated":true}]}}