{"id":18778,"date":"2024-08-26T12:43:06","date_gmt":"2024-08-26T11:43:06","guid":{"rendered":"https:\/\/pharmadreams.shop\/?post_type=product&#038;p=18778"},"modified":"2024-08-26T12:43:06","modified_gmt":"2024-08-26T11:43:06","slug":"pin-up-secret-brume-jardin-deden-200ml","status":"publish","type":"product","link":"https:\/\/pharmadreams.shop\/index.php\/product\/pin-up-secret-brume-jardin-deden-200ml\/","title":{"rendered":"PIN UP SECRET BRUME JARDIN D&rsquo;EDEN 200ML"},"content":{"rendered":"","protected":false},"excerpt":{"rendered":"<p style=\"font-weight: 400;\">Tonifiante: donne de l&rsquo;\u00e9clat \u00e0 la peau du visage.<\/p>\n<p style=\"font-weight: 400;\">Hydratante et apaise la peau du visage.<\/p>\n<p style=\"font-weight: 400;\">R\u00e9paratrice, r\u00e9g\u00e9n\u00e9rante et anti-\u00e2ge.<\/p>\n<p>Brume Jardin d\u2019Eden est une brume tonique dont l\u2019action principale est de parfaire le d\u00e9maquillage. Cet \u00e9lixir de beaut\u00e9 est riche en eau florale de rose de Damas r\u00e9put\u00e9e pour ses multiples bienfaits, apaisants, hydratants et rafra\u00eechissants ; il contient aussi de l&rsquo;allanto\u00efne connue pour son action r\u00e9paratrice et r\u00e9g\u00e9n\u00e9rante, des agents adoucissants et assouplissants, ainsi que de l&rsquo;hexapeptide-9, puissant anti-\u00e2ge. Brume Jardin d\u2019Eden vous permettra de parfaire le d\u00e9maquillage en d\u00e9sincrustant les r\u00e9sidus ainsi que les impuret\u00e9s tout en prenant soin de votre peau, et vous laissera une sensation de l\u00e9g\u00e8ret\u00e9, de bien-\u00eatre extr\u00eame, notamment gr\u00e2ce \u00e0 son parfum d\u00e9licat, subtile et enivrant comme un jardin de roses.<\/p>\n","protected":false},"featured_media":18779,"comment_status":"open","ping_status":"closed","template":"","meta":[],"product_brand":[],"product_cat":[100,278,85,234,20],"product_tag":[],"class_list":{"0":"post-18778","1":"product","2":"type-product","3":"status-publish","4":"has-post-thumbnail","6":"product_cat-anti-age","7":"product_cat-brume-parfumee","8":"product_cat-hydratation-et-nutrition","9":"product_cat-tous-types-de-peaux","10":"product_cat-visage","12":"first","13":"instock","14":"shipping-taxable","15":"purchasable","16":"product-type-simple"},"yoast_head":"<!-- This site is optimized with the Yoast SEO plugin v23.0 - https:\/\/yoast.com\/wordpress\/plugins\/seo\/ -->\n<title>PIN UP SECRET BRUME JARDIN D&#039;EDEN 200ML - pharmadreams<\/title>\n<meta name=\"robots\" content=\"index, follow, max-snippet:-1, max-image-preview:large, max-video-preview:-1\" \/>\n<link rel=\"canonical\" href=\"https:\/\/pharmadreams.shop\/index.php\/product\/pin-up-secret-brume-jardin-deden-200ml\/\" \/>\n<meta property=\"og:locale\" content=\"fr_FR\" \/>\n<meta property=\"og:type\" content=\"article\" \/>\n<meta property=\"og:title\" content=\"PIN UP SECRET BRUME JARDIN D&#039;EDEN 200ML - pharmadreams\" \/>\n<meta property=\"og:description\" content=\"Tonifiante: donne de l&#039;\u00e9clat \u00e0 la peau du visage. Hydratante et apaise la peau du visage. R\u00e9paratrice, r\u00e9g\u00e9n\u00e9rante et anti-\u00e2ge. Brume Jardin d\u2019Eden est une brume tonique dont l\u2019action principale est de parfaire le d\u00e9maquillage. Cet \u00e9lixir de beaut\u00e9 est riche en eau florale de rose de Damas r\u00e9put\u00e9e pour ses multiples bienfaits, apaisants, hydratants et rafra\u00eechissants ; il contient aussi de l&#039;allanto\u00efne connue pour son action r\u00e9paratrice et r\u00e9g\u00e9n\u00e9rante, des agents adoucissants et assouplissants, ainsi que de l&#039;hexapeptide-9, puissant anti-\u00e2ge. Brume Jardin d\u2019Eden vous permettra de parfaire le d\u00e9maquillage en d\u00e9sincrustant les r\u00e9sidus ainsi que les impuret\u00e9s tout en prenant soin de votre peau, et vous laissera une sensation de l\u00e9g\u00e8ret\u00e9, de bien-\u00eatre extr\u00eame, notamment gr\u00e2ce \u00e0 son parfum d\u00e9licat, subtile et enivrant comme un jardin de roses.\" \/>\n<meta property=\"og:url\" content=\"https:\/\/pharmadreams.shop\/index.php\/product\/pin-up-secret-brume-jardin-deden-200ml\/\" \/>\n<meta property=\"og:site_name\" content=\"pharmadreams\" \/>\n<meta property=\"og:image\" content=\"https:\/\/pharmadreams.shop\/wp-content\/uploads\/2024\/08\/pin-up-secret-brume-jardin-d-eden-200ml.jpg\" \/>\n\t<meta property=\"og:image:width\" content=\"500\" \/>\n\t<meta property=\"og:image:height\" content=\"500\" \/>\n\t<meta property=\"og:image:type\" content=\"image\/jpeg\" \/>\n<meta name=\"twitter:card\" content=\"summary_large_image\" \/>\n<meta name=\"twitter:label1\" content=\"Dur\u00e9e de lecture estim\u00e9e\" \/>\n\t<meta name=\"twitter:data1\" content=\"1 minute\" \/>\n<script type=\"application\/ld+json\" class=\"yoast-schema-graph\">{\"@context\":\"https:\/\/schema.org\",\"@graph\":[{\"@type\":\"WebPage\",\"@id\":\"https:\/\/pharmadreams.shop\/index.php\/product\/pin-up-secret-brume-jardin-deden-200ml\/\",\"url\":\"https:\/\/pharmadreams.shop\/index.php\/product\/pin-up-secret-brume-jardin-deden-200ml\/\",\"name\":\"PIN UP SECRET BRUME JARDIN D'EDEN 200ML - pharmadreams\",\"isPartOf\":{\"@id\":\"https:\/\/pharmadreams.shop\/#website\"},\"primaryImageOfPage\":{\"@id\":\"https:\/\/pharmadreams.shop\/index.php\/product\/pin-up-secret-brume-jardin-deden-200ml\/#primaryimage\"},\"image\":{\"@id\":\"https:\/\/pharmadreams.shop\/index.php\/product\/pin-up-secret-brume-jardin-deden-200ml\/#primaryimage\"},\"thumbnailUrl\":\"https:\/\/pharmadreams.shop\/wp-content\/uploads\/2024\/08\/pin-up-secret-brume-jardin-d-eden-200ml.jpg\",\"datePublished\":\"2024-08-26T11:43:06+00:00\",\"dateModified\":\"2024-08-26T11:43:06+00:00\",\"breadcrumb\":{\"@id\":\"https:\/\/pharmadreams.shop\/index.php\/product\/pin-up-secret-brume-jardin-deden-200ml\/#breadcrumb\"},\"inLanguage\":\"fr-FR\",\"potentialAction\":[{\"@type\":\"ReadAction\",\"target\":[\"https:\/\/pharmadreams.shop\/index.php\/product\/pin-up-secret-brume-jardin-deden-200ml\/\"]}]},{\"@type\":\"ImageObject\",\"inLanguage\":\"fr-FR\",\"@id\":\"https:\/\/pharmadreams.shop\/index.php\/product\/pin-up-secret-brume-jardin-deden-200ml\/#primaryimage\",\"url\":\"https:\/\/pharmadreams.shop\/wp-content\/uploads\/2024\/08\/pin-up-secret-brume-jardin-d-eden-200ml.jpg\",\"contentUrl\":\"https:\/\/pharmadreams.shop\/wp-content\/uploads\/2024\/08\/pin-up-secret-brume-jardin-d-eden-200ml.jpg\",\"width\":500,\"height\":500},{\"@type\":\"BreadcrumbList\",\"@id\":\"https:\/\/pharmadreams.shop\/index.php\/product\/pin-up-secret-brume-jardin-deden-200ml\/#breadcrumb\",\"itemListElement\":[{\"@type\":\"ListItem\",\"position\":1,\"name\":\"Accueil\",\"item\":\"https:\/\/pharmadreams.shop\/\"},{\"@type\":\"ListItem\",\"position\":2,\"name\":\"Shop\",\"item\":\"https:\/\/pharmadreams.shop\/index.php\/shop\/\"},{\"@type\":\"ListItem\",\"position\":3,\"name\":\"PIN UP SECRET BRUME JARDIN D&#8217;EDEN 200ML\"}]},{\"@type\":\"WebSite\",\"@id\":\"https:\/\/pharmadreams.shop\/#website\",\"url\":\"https:\/\/pharmadreams.shop\/\",\"name\":\"pharmadreams\",\"description\":\"Parapharmacie en ligne\",\"potentialAction\":[{\"@type\":\"SearchAction\",\"target\":{\"@type\":\"EntryPoint\",\"urlTemplate\":\"https:\/\/pharmadreams.shop\/?s={search_term_string}\"},\"query-input\":\"required name=search_term_string\"}],\"inLanguage\":\"fr-FR\"}]}<\/script>\n<!-- \/ Yoast SEO plugin. -->","yoast_head_json":{"title":"PIN UP SECRET BRUME JARDIN D'EDEN 200ML - pharmadreams","robots":{"index":"index","follow":"follow","max-snippet":"max-snippet:-1","max-image-preview":"max-image-preview:large","max-video-preview":"max-video-preview:-1"},"canonical":"https:\/\/pharmadreams.shop\/index.php\/product\/pin-up-secret-brume-jardin-deden-200ml\/","og_locale":"fr_FR","og_type":"article","og_title":"PIN UP SECRET BRUME JARDIN D'EDEN 200ML - pharmadreams","og_description":"Tonifiante: donne de l'\u00e9clat \u00e0 la peau du visage. Hydratante et apaise la peau du visage. R\u00e9paratrice, r\u00e9g\u00e9n\u00e9rante et anti-\u00e2ge. Brume Jardin d\u2019Eden est une brume tonique dont l\u2019action principale est de parfaire le d\u00e9maquillage. Cet \u00e9lixir de beaut\u00e9 est riche en eau florale de rose de Damas r\u00e9put\u00e9e pour ses multiples bienfaits, apaisants, hydratants et rafra\u00eechissants ; il contient aussi de l'allanto\u00efne connue pour son action r\u00e9paratrice et r\u00e9g\u00e9n\u00e9rante, des agents adoucissants et assouplissants, ainsi que de l'hexapeptide-9, puissant anti-\u00e2ge. Brume Jardin d\u2019Eden vous permettra de parfaire le d\u00e9maquillage en d\u00e9sincrustant les r\u00e9sidus ainsi que les impuret\u00e9s tout en prenant soin de votre peau, et vous laissera une sensation de l\u00e9g\u00e8ret\u00e9, de bien-\u00eatre extr\u00eame, notamment gr\u00e2ce \u00e0 son parfum d\u00e9licat, subtile et enivrant comme un jardin de roses.","og_url":"https:\/\/pharmadreams.shop\/index.php\/product\/pin-up-secret-brume-jardin-deden-200ml\/","og_site_name":"pharmadreams","og_image":[{"width":500,"height":500,"url":"https:\/\/pharmadreams.shop\/wp-content\/uploads\/2024\/08\/pin-up-secret-brume-jardin-d-eden-200ml.jpg","type":"image\/jpeg"}],"twitter_card":"summary_large_image","twitter_misc":{"Dur\u00e9e de lecture estim\u00e9e":"1 minute"},"schema":{"@context":"https:\/\/schema.org","@graph":[{"@type":"WebPage","@id":"https:\/\/pharmadreams.shop\/index.php\/product\/pin-up-secret-brume-jardin-deden-200ml\/","url":"https:\/\/pharmadreams.shop\/index.php\/product\/pin-up-secret-brume-jardin-deden-200ml\/","name":"PIN UP SECRET BRUME JARDIN D'EDEN 200ML - pharmadreams","isPartOf":{"@id":"https:\/\/pharmadreams.shop\/#website"},"primaryImageOfPage":{"@id":"https:\/\/pharmadreams.shop\/index.php\/product\/pin-up-secret-brume-jardin-deden-200ml\/#primaryimage"},"image":{"@id":"https:\/\/pharmadreams.shop\/index.php\/product\/pin-up-secret-brume-jardin-deden-200ml\/#primaryimage"},"thumbnailUrl":"https:\/\/pharmadreams.shop\/wp-content\/uploads\/2024\/08\/pin-up-secret-brume-jardin-d-eden-200ml.jpg","datePublished":"2024-08-26T11:43:06+00:00","dateModified":"2024-08-26T11:43:06+00:00","breadcrumb":{"@id":"https:\/\/pharmadreams.shop\/index.php\/product\/pin-up-secret-brume-jardin-deden-200ml\/#breadcrumb"},"inLanguage":"fr-FR","potentialAction":[{"@type":"ReadAction","target":["https:\/\/pharmadreams.shop\/index.php\/product\/pin-up-secret-brume-jardin-deden-200ml\/"]}]},{"@type":"ImageObject","inLanguage":"fr-FR","@id":"https:\/\/pharmadreams.shop\/index.php\/product\/pin-up-secret-brume-jardin-deden-200ml\/#primaryimage","url":"https:\/\/pharmadreams.shop\/wp-content\/uploads\/2024\/08\/pin-up-secret-brume-jardin-d-eden-200ml.jpg","contentUrl":"https:\/\/pharmadreams.shop\/wp-content\/uploads\/2024\/08\/pin-up-secret-brume-jardin-d-eden-200ml.jpg","width":500,"height":500},{"@type":"BreadcrumbList","@id":"https:\/\/pharmadreams.shop\/index.php\/product\/pin-up-secret-brume-jardin-deden-200ml\/#breadcrumb","itemListElement":[{"@type":"ListItem","position":1,"name":"Accueil","item":"https:\/\/pharmadreams.shop\/"},{"@type":"ListItem","position":2,"name":"Shop","item":"https:\/\/pharmadreams.shop\/index.php\/shop\/"},{"@type":"ListItem","position":3,"name":"PIN UP SECRET BRUME JARDIN D&#8217;EDEN 200ML"}]},{"@type":"WebSite","@id":"https:\/\/pharmadreams.shop\/#website","url":"https:\/\/pharmadreams.shop\/","name":"pharmadreams","description":"Parapharmacie en ligne","potentialAction":[{"@type":"SearchAction","target":{"@type":"EntryPoint","urlTemplate":"https:\/\/pharmadreams.shop\/?s={search_term_string}"},"query-input":"required name=search_term_string"}],"inLanguage":"fr-FR"}]}},"_links":{"self":[{"href":"https:\/\/pharmadreams.shop\/index.php\/wp-json\/wp\/v2\/product\/18778","targetHints":{"allow":["GET"]}}],"collection":[{"href":"https:\/\/pharmadreams.shop\/index.php\/wp-json\/wp\/v2\/product"}],"about":[{"href":"https:\/\/pharmadreams.shop\/index.php\/wp-json\/wp\/v2\/types\/product"}],"replies":[{"embeddable":true,"href":"https:\/\/pharmadreams.shop\/index.php\/wp-json\/wp\/v2\/comments?post=18778"}],"version-history":[{"count":0,"href":"https:\/\/pharmadreams.shop\/index.php\/wp-json\/wp\/v2\/product\/18778\/revisions"}],"wp:featuredmedia":[{"embeddable":true,"href":"https:\/\/pharmadreams.shop\/index.php\/wp-json\/wp\/v2\/media\/18779"}],"wp:attachment":[{"href":"https:\/\/pharmadreams.shop\/index.php\/wp-json\/wp\/v2\/media?parent=18778"}],"wp:term":[{"taxonomy":"product_brand","embeddable":true,"href":"https:\/\/pharmadreams.shop\/index.php\/wp-json\/wp\/v2\/product_brand?post=18778"},{"taxonomy":"product_cat","embeddable":true,"href":"https:\/\/pharmadreams.shop\/index.php\/wp-json\/wp\/v2\/product_cat?post=18778"},{"taxonomy":"product_tag","embeddable":true,"href":"https:\/\/pharmadreams.shop\/index.php\/wp-json\/wp\/v2\/product_tag?post=18778"}],"curies":[{"name":"wp","href":"https:\/\/api.w.org\/{rel}","templated":true}]}}