{"id":18784,"date":"2024-08-26T15:32:12","date_gmt":"2024-08-26T14:32:12","guid":{"rendered":"https:\/\/pharmadreams.shop\/?post_type=product&#038;p=18784"},"modified":"2024-08-26T15:32:12","modified_gmt":"2024-08-26T14:32:12","slug":"pin-up-secret-soin-doux-exfoliant-200ml","status":"publish","type":"product","link":"https:\/\/pharmadreams.shop\/index.php\/product\/pin-up-secret-soin-doux-exfoliant-200ml\/","title":{"rendered":"PIN UP SECRET SOIN DOUX EXFOLIANT 200ML"},"content":{"rendered":"","protected":false},"excerpt":{"rendered":"<p style=\"font-weight: 400;\"><b><strong>Actions\u00a0:<\/strong><\/b><\/p>\n<p style=\"font-weight: 400;\">\u25ba\u00a0D\u00e9sincruste les points noirs<\/p>\n<p style=\"font-weight: 400;\">\u25ba\u00a0Affine le grain de peau<\/p>\n<p style=\"font-weight: 400;\">\u25ba\u00a0Purifie en profondeur<\/p>\n<p style=\"font-weight: 400;\"><b><strong>Conseils d&rsquo;utilisation :<\/strong><\/b><\/p>\n<p style=\"font-weight: 400;\">Appliquez le Soin Doux Exfoliant au lait de ch\u00e8vre quotidiennement sur le visage, le cou et le d\u00e9collet\u00e9, en \u00e9vitant le<\/p>\n<p style=\"font-weight: 400;\">contour des yeux. massez doucement en mouvements circulaires puis rincez \u00e0 l\u2019eau, \u00f4tez le surplus avec un gant. Laisse<\/p>\n<p style=\"font-weight: 400;\">une sensation de film protecteur sur la peau, qui est douce et hydrat\u00e9e.<\/p>\n","protected":false},"featured_media":18785,"comment_status":"open","ping_status":"closed","template":"","meta":[],"product_brand":[],"product_cat":[97,81,20],"product_tag":[],"class_list":{"0":"post-18784","1":"product","2":"type-product","3":"status-publish","4":"has-post-thumbnail","6":"product_cat-anti-imperfection","7":"product_cat-soins-hydratants","8":"product_cat-visage","10":"first","11":"instock","12":"shipping-taxable","13":"purchasable","14":"product-type-simple"},"yoast_head":"<!-- This site is optimized with the Yoast SEO plugin v23.0 - https:\/\/yoast.com\/wordpress\/plugins\/seo\/ -->\n<title>PIN UP SECRET SOIN DOUX EXFOLIANT 200ML - pharmadreams<\/title>\n<meta name=\"robots\" content=\"index, follow, max-snippet:-1, max-image-preview:large, max-video-preview:-1\" \/>\n<link rel=\"canonical\" href=\"https:\/\/pharmadreams.shop\/index.php\/product\/pin-up-secret-soin-doux-exfoliant-200ml\/\" \/>\n<meta property=\"og:locale\" content=\"fr_FR\" \/>\n<meta property=\"og:type\" content=\"article\" \/>\n<meta property=\"og:title\" content=\"PIN UP SECRET SOIN DOUX EXFOLIANT 200ML - pharmadreams\" \/>\n<meta property=\"og:description\" content=\"Actions\u00a0: \u25ba\u00a0D\u00e9sincruste les points noirs \u25ba\u00a0Affine le grain de peau \u25ba\u00a0Purifie en profondeur Conseils d&#039;utilisation : Appliquez le Soin Doux Exfoliant au lait de ch\u00e8vre quotidiennement sur le visage, le cou et le d\u00e9collet\u00e9, en \u00e9vitant le contour des yeux. massez doucement en mouvements circulaires puis rincez \u00e0 l\u2019eau, \u00f4tez le surplus avec un gant. Laisse une sensation de film protecteur sur la peau, qui est douce et hydrat\u00e9e.\" \/>\n<meta property=\"og:url\" content=\"https:\/\/pharmadreams.shop\/index.php\/product\/pin-up-secret-soin-doux-exfoliant-200ml\/\" \/>\n<meta property=\"og:site_name\" content=\"pharmadreams\" \/>\n<meta property=\"og:image\" content=\"https:\/\/pharmadreams.shop\/wp-content\/uploads\/2024\/08\/pin-up-secret-soin-doux-exfoliant-200ml.jpg\" \/>\n\t<meta property=\"og:image:width\" content=\"500\" \/>\n\t<meta property=\"og:image:height\" content=\"500\" \/>\n\t<meta property=\"og:image:type\" content=\"image\/jpeg\" \/>\n<meta name=\"twitter:card\" content=\"summary_large_image\" \/>\n<meta name=\"twitter:label1\" content=\"Dur\u00e9e de lecture estim\u00e9e\" \/>\n\t<meta name=\"twitter:data1\" content=\"1 minute\" \/>\n<script type=\"application\/ld+json\" class=\"yoast-schema-graph\">{\"@context\":\"https:\/\/schema.org\",\"@graph\":[{\"@type\":\"WebPage\",\"@id\":\"https:\/\/pharmadreams.shop\/index.php\/product\/pin-up-secret-soin-doux-exfoliant-200ml\/\",\"url\":\"https:\/\/pharmadreams.shop\/index.php\/product\/pin-up-secret-soin-doux-exfoliant-200ml\/\",\"name\":\"PIN UP SECRET SOIN DOUX EXFOLIANT 200ML - pharmadreams\",\"isPartOf\":{\"@id\":\"https:\/\/pharmadreams.shop\/#website\"},\"primaryImageOfPage\":{\"@id\":\"https:\/\/pharmadreams.shop\/index.php\/product\/pin-up-secret-soin-doux-exfoliant-200ml\/#primaryimage\"},\"image\":{\"@id\":\"https:\/\/pharmadreams.shop\/index.php\/product\/pin-up-secret-soin-doux-exfoliant-200ml\/#primaryimage\"},\"thumbnailUrl\":\"https:\/\/pharmadreams.shop\/wp-content\/uploads\/2024\/08\/pin-up-secret-soin-doux-exfoliant-200ml.jpg\",\"datePublished\":\"2024-08-26T14:32:12+00:00\",\"dateModified\":\"2024-08-26T14:32:12+00:00\",\"breadcrumb\":{\"@id\":\"https:\/\/pharmadreams.shop\/index.php\/product\/pin-up-secret-soin-doux-exfoliant-200ml\/#breadcrumb\"},\"inLanguage\":\"fr-FR\",\"potentialAction\":[{\"@type\":\"ReadAction\",\"target\":[\"https:\/\/pharmadreams.shop\/index.php\/product\/pin-up-secret-soin-doux-exfoliant-200ml\/\"]}]},{\"@type\":\"ImageObject\",\"inLanguage\":\"fr-FR\",\"@id\":\"https:\/\/pharmadreams.shop\/index.php\/product\/pin-up-secret-soin-doux-exfoliant-200ml\/#primaryimage\",\"url\":\"https:\/\/pharmadreams.shop\/wp-content\/uploads\/2024\/08\/pin-up-secret-soin-doux-exfoliant-200ml.jpg\",\"contentUrl\":\"https:\/\/pharmadreams.shop\/wp-content\/uploads\/2024\/08\/pin-up-secret-soin-doux-exfoliant-200ml.jpg\",\"width\":500,\"height\":500},{\"@type\":\"BreadcrumbList\",\"@id\":\"https:\/\/pharmadreams.shop\/index.php\/product\/pin-up-secret-soin-doux-exfoliant-200ml\/#breadcrumb\",\"itemListElement\":[{\"@type\":\"ListItem\",\"position\":1,\"name\":\"Accueil\",\"item\":\"https:\/\/pharmadreams.shop\/\"},{\"@type\":\"ListItem\",\"position\":2,\"name\":\"Shop\",\"item\":\"https:\/\/pharmadreams.shop\/index.php\/shop\/\"},{\"@type\":\"ListItem\",\"position\":3,\"name\":\"PIN UP SECRET SOIN DOUX EXFOLIANT 200ML\"}]},{\"@type\":\"WebSite\",\"@id\":\"https:\/\/pharmadreams.shop\/#website\",\"url\":\"https:\/\/pharmadreams.shop\/\",\"name\":\"pharmadreams\",\"description\":\"Parapharmacie en ligne\",\"potentialAction\":[{\"@type\":\"SearchAction\",\"target\":{\"@type\":\"EntryPoint\",\"urlTemplate\":\"https:\/\/pharmadreams.shop\/?s={search_term_string}\"},\"query-input\":\"required name=search_term_string\"}],\"inLanguage\":\"fr-FR\"}]}<\/script>\n<!-- \/ Yoast SEO plugin. -->","yoast_head_json":{"title":"PIN UP SECRET SOIN DOUX EXFOLIANT 200ML - pharmadreams","robots":{"index":"index","follow":"follow","max-snippet":"max-snippet:-1","max-image-preview":"max-image-preview:large","max-video-preview":"max-video-preview:-1"},"canonical":"https:\/\/pharmadreams.shop\/index.php\/product\/pin-up-secret-soin-doux-exfoliant-200ml\/","og_locale":"fr_FR","og_type":"article","og_title":"PIN UP SECRET SOIN DOUX EXFOLIANT 200ML - pharmadreams","og_description":"Actions\u00a0: \u25ba\u00a0D\u00e9sincruste les points noirs \u25ba\u00a0Affine le grain de peau \u25ba\u00a0Purifie en profondeur Conseils d'utilisation : Appliquez le Soin Doux Exfoliant au lait de ch\u00e8vre quotidiennement sur le visage, le cou et le d\u00e9collet\u00e9, en \u00e9vitant le contour des yeux. massez doucement en mouvements circulaires puis rincez \u00e0 l\u2019eau, \u00f4tez le surplus avec un gant. Laisse une sensation de film protecteur sur la peau, qui est douce et hydrat\u00e9e.","og_url":"https:\/\/pharmadreams.shop\/index.php\/product\/pin-up-secret-soin-doux-exfoliant-200ml\/","og_site_name":"pharmadreams","og_image":[{"width":500,"height":500,"url":"https:\/\/pharmadreams.shop\/wp-content\/uploads\/2024\/08\/pin-up-secret-soin-doux-exfoliant-200ml.jpg","type":"image\/jpeg"}],"twitter_card":"summary_large_image","twitter_misc":{"Dur\u00e9e de lecture estim\u00e9e":"1 minute"},"schema":{"@context":"https:\/\/schema.org","@graph":[{"@type":"WebPage","@id":"https:\/\/pharmadreams.shop\/index.php\/product\/pin-up-secret-soin-doux-exfoliant-200ml\/","url":"https:\/\/pharmadreams.shop\/index.php\/product\/pin-up-secret-soin-doux-exfoliant-200ml\/","name":"PIN UP SECRET SOIN DOUX EXFOLIANT 200ML - pharmadreams","isPartOf":{"@id":"https:\/\/pharmadreams.shop\/#website"},"primaryImageOfPage":{"@id":"https:\/\/pharmadreams.shop\/index.php\/product\/pin-up-secret-soin-doux-exfoliant-200ml\/#primaryimage"},"image":{"@id":"https:\/\/pharmadreams.shop\/index.php\/product\/pin-up-secret-soin-doux-exfoliant-200ml\/#primaryimage"},"thumbnailUrl":"https:\/\/pharmadreams.shop\/wp-content\/uploads\/2024\/08\/pin-up-secret-soin-doux-exfoliant-200ml.jpg","datePublished":"2024-08-26T14:32:12+00:00","dateModified":"2024-08-26T14:32:12+00:00","breadcrumb":{"@id":"https:\/\/pharmadreams.shop\/index.php\/product\/pin-up-secret-soin-doux-exfoliant-200ml\/#breadcrumb"},"inLanguage":"fr-FR","potentialAction":[{"@type":"ReadAction","target":["https:\/\/pharmadreams.shop\/index.php\/product\/pin-up-secret-soin-doux-exfoliant-200ml\/"]}]},{"@type":"ImageObject","inLanguage":"fr-FR","@id":"https:\/\/pharmadreams.shop\/index.php\/product\/pin-up-secret-soin-doux-exfoliant-200ml\/#primaryimage","url":"https:\/\/pharmadreams.shop\/wp-content\/uploads\/2024\/08\/pin-up-secret-soin-doux-exfoliant-200ml.jpg","contentUrl":"https:\/\/pharmadreams.shop\/wp-content\/uploads\/2024\/08\/pin-up-secret-soin-doux-exfoliant-200ml.jpg","width":500,"height":500},{"@type":"BreadcrumbList","@id":"https:\/\/pharmadreams.shop\/index.php\/product\/pin-up-secret-soin-doux-exfoliant-200ml\/#breadcrumb","itemListElement":[{"@type":"ListItem","position":1,"name":"Accueil","item":"https:\/\/pharmadreams.shop\/"},{"@type":"ListItem","position":2,"name":"Shop","item":"https:\/\/pharmadreams.shop\/index.php\/shop\/"},{"@type":"ListItem","position":3,"name":"PIN UP SECRET SOIN DOUX EXFOLIANT 200ML"}]},{"@type":"WebSite","@id":"https:\/\/pharmadreams.shop\/#website","url":"https:\/\/pharmadreams.shop\/","name":"pharmadreams","description":"Parapharmacie en ligne","potentialAction":[{"@type":"SearchAction","target":{"@type":"EntryPoint","urlTemplate":"https:\/\/pharmadreams.shop\/?s={search_term_string}"},"query-input":"required name=search_term_string"}],"inLanguage":"fr-FR"}]}},"_links":{"self":[{"href":"https:\/\/pharmadreams.shop\/index.php\/wp-json\/wp\/v2\/product\/18784","targetHints":{"allow":["GET"]}}],"collection":[{"href":"https:\/\/pharmadreams.shop\/index.php\/wp-json\/wp\/v2\/product"}],"about":[{"href":"https:\/\/pharmadreams.shop\/index.php\/wp-json\/wp\/v2\/types\/product"}],"replies":[{"embeddable":true,"href":"https:\/\/pharmadreams.shop\/index.php\/wp-json\/wp\/v2\/comments?post=18784"}],"version-history":[{"count":0,"href":"https:\/\/pharmadreams.shop\/index.php\/wp-json\/wp\/v2\/product\/18784\/revisions"}],"wp:featuredmedia":[{"embeddable":true,"href":"https:\/\/pharmadreams.shop\/index.php\/wp-json\/wp\/v2\/media\/18785"}],"wp:attachment":[{"href":"https:\/\/pharmadreams.shop\/index.php\/wp-json\/wp\/v2\/media?parent=18784"}],"wp:term":[{"taxonomy":"product_brand","embeddable":true,"href":"https:\/\/pharmadreams.shop\/index.php\/wp-json\/wp\/v2\/product_brand?post=18784"},{"taxonomy":"product_cat","embeddable":true,"href":"https:\/\/pharmadreams.shop\/index.php\/wp-json\/wp\/v2\/product_cat?post=18784"},{"taxonomy":"product_tag","embeddable":true,"href":"https:\/\/pharmadreams.shop\/index.php\/wp-json\/wp\/v2\/product_tag?post=18784"}],"curies":[{"name":"wp","href":"https:\/\/api.w.org\/{rel}","templated":true}]}}