{"id":18790,"date":"2024-08-26T15:45:16","date_gmt":"2024-08-26T14:45:16","guid":{"rendered":"https:\/\/pharmadreams.shop\/?post_type=product&#038;p=18790"},"modified":"2024-08-26T15:45:16","modified_gmt":"2024-08-26T14:45:16","slug":"pin-up-secret-secret-demaquillant-biphase-200ml","status":"publish","type":"product","link":"https:\/\/pharmadreams.shop\/index.php\/product\/pin-up-secret-secret-demaquillant-biphase-200ml\/","title":{"rendered":"PIN UP SECRET SECRET DEMAQUILLANT BIPHASE 200ML"},"content":{"rendered":"","protected":false},"excerpt":{"rendered":"<p style=\"font-weight: 400;\">Hydratant, apaisant et de tonifiant.<\/p>\n<p style=\"font-weight: 400;\">Purifiant : il permet de prot\u00e9ger et de r\u00e9parer la peau des agressions ext\u00e9rieures.<\/p>\n<p style=\"font-weight: 400;\">Favoriser la croissance du collag\u00e8ne de la peau du visage.<\/p>\n<p>Secret Biphas\u00e9 est un d\u00e9maquillant unique contenant deux phases: aqueuse et huileuse, pour \u00e9liminer efficacement et d\u00e9licatement le maquillage. Sa formule unique, riche en eau florale de rose de Damas, est connue pour ses bienfaits rafra\u00eechissants et hydratants. Gr\u00e2ce \u00e0 ses vertus antioxydantes, il prot\u00e8ge la peau des effets du vieillissement ; elle contient aussi de l&rsquo;eau florale de camomille sauvage, purifiante et apaisante, associ\u00e9e \u00e0 l&rsquo;huile de rose musqu\u00e9e pour un effet r\u00e9parateur. Enfin la vitamine E, ainsi que les peptides pr\u00e9sents dans ce fabuleux m\u00e9lange, favorise la croissance du collag\u00e8ne et de l\u2019\u00e9lastine pour renforcer la structure de la peau. Secret Biphas\u00e9 nettoie en profondeur, apaise, tonifie, et prend soin de votre peau pour la sublimer.<\/p>\n","protected":false},"featured_media":18791,"comment_status":"open","ping_status":"closed","template":"","meta":[],"product_brand":[],"product_cat":[224,191,20],"product_tag":[],"class_list":{"0":"post-18790","1":"product","2":"type-product","3":"status-publish","4":"has-post-thumbnail","6":"product_cat-lait-demaquillant","7":"product_cat-nettoyant-et-demaquillant","8":"product_cat-visage","10":"first","11":"instock","12":"shipping-taxable","13":"purchasable","14":"product-type-simple"},"yoast_head":"<!-- This site is optimized with the Yoast SEO plugin v23.0 - https:\/\/yoast.com\/wordpress\/plugins\/seo\/ -->\n<title>PIN UP SECRET SECRET DEMAQUILLANT BIPHASE 200ML - pharmadreams<\/title>\n<meta name=\"robots\" content=\"index, follow, max-snippet:-1, max-image-preview:large, max-video-preview:-1\" \/>\n<link rel=\"canonical\" href=\"https:\/\/pharmadreams.shop\/index.php\/product\/pin-up-secret-secret-demaquillant-biphase-200ml\/\" \/>\n<meta property=\"og:locale\" content=\"fr_FR\" \/>\n<meta property=\"og:type\" content=\"article\" \/>\n<meta property=\"og:title\" content=\"PIN UP SECRET SECRET DEMAQUILLANT BIPHASE 200ML - pharmadreams\" \/>\n<meta property=\"og:description\" content=\"Hydratant, apaisant et de tonifiant. Purifiant : il permet de prot\u00e9ger et de r\u00e9parer la peau des agressions ext\u00e9rieures. Favoriser la croissance du collag\u00e8ne de la peau du visage. Secret Biphas\u00e9 est un d\u00e9maquillant unique contenant deux phases: aqueuse et huileuse, pour \u00e9liminer efficacement et d\u00e9licatement le maquillage. Sa formule unique, riche en eau florale de rose de Damas, est connue pour ses bienfaits rafra\u00eechissants et hydratants. Gr\u00e2ce \u00e0 ses vertus antioxydantes, il prot\u00e8ge la peau des effets du vieillissement ; elle contient aussi de l&#039;eau florale de camomille sauvage, purifiante et apaisante, associ\u00e9e \u00e0 l&#039;huile de rose musqu\u00e9e pour un effet r\u00e9parateur. Enfin la vitamine E, ainsi que les peptides pr\u00e9sents dans ce fabuleux m\u00e9lange, favorise la croissance du collag\u00e8ne et de l\u2019\u00e9lastine pour renforcer la structure de la peau. Secret Biphas\u00e9 nettoie en profondeur, apaise, tonifie, et prend soin de votre peau pour la sublimer.\" \/>\n<meta property=\"og:url\" content=\"https:\/\/pharmadreams.shop\/index.php\/product\/pin-up-secret-secret-demaquillant-biphase-200ml\/\" \/>\n<meta property=\"og:site_name\" content=\"pharmadreams\" \/>\n<meta property=\"og:image\" content=\"https:\/\/pharmadreams.shop\/wp-content\/uploads\/2024\/08\/secret-biphase1.webp\" \/>\n\t<meta property=\"og:image:width\" content=\"1024\" \/>\n\t<meta property=\"og:image:height\" content=\"1024\" \/>\n\t<meta property=\"og:image:type\" content=\"image\/webp\" \/>\n<meta name=\"twitter:card\" content=\"summary_large_image\" \/>\n<meta name=\"twitter:label1\" content=\"Dur\u00e9e de lecture estim\u00e9e\" \/>\n\t<meta name=\"twitter:data1\" content=\"1 minute\" \/>\n<script type=\"application\/ld+json\" class=\"yoast-schema-graph\">{\"@context\":\"https:\/\/schema.org\",\"@graph\":[{\"@type\":\"WebPage\",\"@id\":\"https:\/\/pharmadreams.shop\/index.php\/product\/pin-up-secret-secret-demaquillant-biphase-200ml\/\",\"url\":\"https:\/\/pharmadreams.shop\/index.php\/product\/pin-up-secret-secret-demaquillant-biphase-200ml\/\",\"name\":\"PIN UP SECRET SECRET DEMAQUILLANT BIPHASE 200ML - pharmadreams\",\"isPartOf\":{\"@id\":\"https:\/\/pharmadreams.shop\/#website\"},\"primaryImageOfPage\":{\"@id\":\"https:\/\/pharmadreams.shop\/index.php\/product\/pin-up-secret-secret-demaquillant-biphase-200ml\/#primaryimage\"},\"image\":{\"@id\":\"https:\/\/pharmadreams.shop\/index.php\/product\/pin-up-secret-secret-demaquillant-biphase-200ml\/#primaryimage\"},\"thumbnailUrl\":\"https:\/\/pharmadreams.shop\/wp-content\/uploads\/2024\/08\/secret-biphase1.webp\",\"datePublished\":\"2024-08-26T14:45:16+00:00\",\"dateModified\":\"2024-08-26T14:45:16+00:00\",\"breadcrumb\":{\"@id\":\"https:\/\/pharmadreams.shop\/index.php\/product\/pin-up-secret-secret-demaquillant-biphase-200ml\/#breadcrumb\"},\"inLanguage\":\"fr-FR\",\"potentialAction\":[{\"@type\":\"ReadAction\",\"target\":[\"https:\/\/pharmadreams.shop\/index.php\/product\/pin-up-secret-secret-demaquillant-biphase-200ml\/\"]}]},{\"@type\":\"ImageObject\",\"inLanguage\":\"fr-FR\",\"@id\":\"https:\/\/pharmadreams.shop\/index.php\/product\/pin-up-secret-secret-demaquillant-biphase-200ml\/#primaryimage\",\"url\":\"https:\/\/pharmadreams.shop\/wp-content\/uploads\/2024\/08\/secret-biphase1.webp\",\"contentUrl\":\"https:\/\/pharmadreams.shop\/wp-content\/uploads\/2024\/08\/secret-biphase1.webp\",\"width\":1024,\"height\":1024},{\"@type\":\"BreadcrumbList\",\"@id\":\"https:\/\/pharmadreams.shop\/index.php\/product\/pin-up-secret-secret-demaquillant-biphase-200ml\/#breadcrumb\",\"itemListElement\":[{\"@type\":\"ListItem\",\"position\":1,\"name\":\"Accueil\",\"item\":\"https:\/\/pharmadreams.shop\/\"},{\"@type\":\"ListItem\",\"position\":2,\"name\":\"Shop\",\"item\":\"https:\/\/pharmadreams.shop\/index.php\/shop\/\"},{\"@type\":\"ListItem\",\"position\":3,\"name\":\"PIN UP SECRET SECRET DEMAQUILLANT BIPHASE 200ML\"}]},{\"@type\":\"WebSite\",\"@id\":\"https:\/\/pharmadreams.shop\/#website\",\"url\":\"https:\/\/pharmadreams.shop\/\",\"name\":\"pharmadreams\",\"description\":\"Parapharmacie en ligne\",\"potentialAction\":[{\"@type\":\"SearchAction\",\"target\":{\"@type\":\"EntryPoint\",\"urlTemplate\":\"https:\/\/pharmadreams.shop\/?s={search_term_string}\"},\"query-input\":\"required name=search_term_string\"}],\"inLanguage\":\"fr-FR\"}]}<\/script>\n<!-- \/ Yoast SEO plugin. -->","yoast_head_json":{"title":"PIN UP SECRET SECRET DEMAQUILLANT BIPHASE 200ML - pharmadreams","robots":{"index":"index","follow":"follow","max-snippet":"max-snippet:-1","max-image-preview":"max-image-preview:large","max-video-preview":"max-video-preview:-1"},"canonical":"https:\/\/pharmadreams.shop\/index.php\/product\/pin-up-secret-secret-demaquillant-biphase-200ml\/","og_locale":"fr_FR","og_type":"article","og_title":"PIN UP SECRET SECRET DEMAQUILLANT BIPHASE 200ML - pharmadreams","og_description":"Hydratant, apaisant et de tonifiant. Purifiant : il permet de prot\u00e9ger et de r\u00e9parer la peau des agressions ext\u00e9rieures. Favoriser la croissance du collag\u00e8ne de la peau du visage. Secret Biphas\u00e9 est un d\u00e9maquillant unique contenant deux phases: aqueuse et huileuse, pour \u00e9liminer efficacement et d\u00e9licatement le maquillage. Sa formule unique, riche en eau florale de rose de Damas, est connue pour ses bienfaits rafra\u00eechissants et hydratants. Gr\u00e2ce \u00e0 ses vertus antioxydantes, il prot\u00e8ge la peau des effets du vieillissement ; elle contient aussi de l'eau florale de camomille sauvage, purifiante et apaisante, associ\u00e9e \u00e0 l'huile de rose musqu\u00e9e pour un effet r\u00e9parateur. Enfin la vitamine E, ainsi que les peptides pr\u00e9sents dans ce fabuleux m\u00e9lange, favorise la croissance du collag\u00e8ne et de l\u2019\u00e9lastine pour renforcer la structure de la peau. Secret Biphas\u00e9 nettoie en profondeur, apaise, tonifie, et prend soin de votre peau pour la sublimer.","og_url":"https:\/\/pharmadreams.shop\/index.php\/product\/pin-up-secret-secret-demaquillant-biphase-200ml\/","og_site_name":"pharmadreams","og_image":[{"width":1024,"height":1024,"url":"https:\/\/pharmadreams.shop\/wp-content\/uploads\/2024\/08\/secret-biphase1.webp","type":"image\/webp"}],"twitter_card":"summary_large_image","twitter_misc":{"Dur\u00e9e de lecture estim\u00e9e":"1 minute"},"schema":{"@context":"https:\/\/schema.org","@graph":[{"@type":"WebPage","@id":"https:\/\/pharmadreams.shop\/index.php\/product\/pin-up-secret-secret-demaquillant-biphase-200ml\/","url":"https:\/\/pharmadreams.shop\/index.php\/product\/pin-up-secret-secret-demaquillant-biphase-200ml\/","name":"PIN UP SECRET SECRET DEMAQUILLANT BIPHASE 200ML - pharmadreams","isPartOf":{"@id":"https:\/\/pharmadreams.shop\/#website"},"primaryImageOfPage":{"@id":"https:\/\/pharmadreams.shop\/index.php\/product\/pin-up-secret-secret-demaquillant-biphase-200ml\/#primaryimage"},"image":{"@id":"https:\/\/pharmadreams.shop\/index.php\/product\/pin-up-secret-secret-demaquillant-biphase-200ml\/#primaryimage"},"thumbnailUrl":"https:\/\/pharmadreams.shop\/wp-content\/uploads\/2024\/08\/secret-biphase1.webp","datePublished":"2024-08-26T14:45:16+00:00","dateModified":"2024-08-26T14:45:16+00:00","breadcrumb":{"@id":"https:\/\/pharmadreams.shop\/index.php\/product\/pin-up-secret-secret-demaquillant-biphase-200ml\/#breadcrumb"},"inLanguage":"fr-FR","potentialAction":[{"@type":"ReadAction","target":["https:\/\/pharmadreams.shop\/index.php\/product\/pin-up-secret-secret-demaquillant-biphase-200ml\/"]}]},{"@type":"ImageObject","inLanguage":"fr-FR","@id":"https:\/\/pharmadreams.shop\/index.php\/product\/pin-up-secret-secret-demaquillant-biphase-200ml\/#primaryimage","url":"https:\/\/pharmadreams.shop\/wp-content\/uploads\/2024\/08\/secret-biphase1.webp","contentUrl":"https:\/\/pharmadreams.shop\/wp-content\/uploads\/2024\/08\/secret-biphase1.webp","width":1024,"height":1024},{"@type":"BreadcrumbList","@id":"https:\/\/pharmadreams.shop\/index.php\/product\/pin-up-secret-secret-demaquillant-biphase-200ml\/#breadcrumb","itemListElement":[{"@type":"ListItem","position":1,"name":"Accueil","item":"https:\/\/pharmadreams.shop\/"},{"@type":"ListItem","position":2,"name":"Shop","item":"https:\/\/pharmadreams.shop\/index.php\/shop\/"},{"@type":"ListItem","position":3,"name":"PIN UP SECRET SECRET DEMAQUILLANT BIPHASE 200ML"}]},{"@type":"WebSite","@id":"https:\/\/pharmadreams.shop\/#website","url":"https:\/\/pharmadreams.shop\/","name":"pharmadreams","description":"Parapharmacie en ligne","potentialAction":[{"@type":"SearchAction","target":{"@type":"EntryPoint","urlTemplate":"https:\/\/pharmadreams.shop\/?s={search_term_string}"},"query-input":"required name=search_term_string"}],"inLanguage":"fr-FR"}]}},"_links":{"self":[{"href":"https:\/\/pharmadreams.shop\/index.php\/wp-json\/wp\/v2\/product\/18790","targetHints":{"allow":["GET"]}}],"collection":[{"href":"https:\/\/pharmadreams.shop\/index.php\/wp-json\/wp\/v2\/product"}],"about":[{"href":"https:\/\/pharmadreams.shop\/index.php\/wp-json\/wp\/v2\/types\/product"}],"replies":[{"embeddable":true,"href":"https:\/\/pharmadreams.shop\/index.php\/wp-json\/wp\/v2\/comments?post=18790"}],"version-history":[{"count":0,"href":"https:\/\/pharmadreams.shop\/index.php\/wp-json\/wp\/v2\/product\/18790\/revisions"}],"wp:featuredmedia":[{"embeddable":true,"href":"https:\/\/pharmadreams.shop\/index.php\/wp-json\/wp\/v2\/media\/18791"}],"wp:attachment":[{"href":"https:\/\/pharmadreams.shop\/index.php\/wp-json\/wp\/v2\/media?parent=18790"}],"wp:term":[{"taxonomy":"product_brand","embeddable":true,"href":"https:\/\/pharmadreams.shop\/index.php\/wp-json\/wp\/v2\/product_brand?post=18790"},{"taxonomy":"product_cat","embeddable":true,"href":"https:\/\/pharmadreams.shop\/index.php\/wp-json\/wp\/v2\/product_cat?post=18790"},{"taxonomy":"product_tag","embeddable":true,"href":"https:\/\/pharmadreams.shop\/index.php\/wp-json\/wp\/v2\/product_tag?post=18790"}],"curies":[{"name":"wp","href":"https:\/\/api.w.org\/{rel}","templated":true}]}}