{"id":18793,"date":"2024-08-26T15:48:51","date_gmt":"2024-08-26T14:48:51","guid":{"rendered":"https:\/\/pharmadreams.shop\/?post_type=product&#038;p=18793"},"modified":"2024-08-26T15:48:52","modified_gmt":"2024-08-26T14:48:52","slug":"pin-up-secret-masque-oxy-mineral-200ml","status":"publish","type":"product","link":"https:\/\/pharmadreams.shop\/index.php\/product\/pin-up-secret-masque-oxy-mineral-200ml\/","title":{"rendered":"PIN UP SECRET MASQUE OXY-MINERAL 200ML"},"content":{"rendered":"","protected":false},"excerpt":{"rendered":"<p style=\"font-weight: 400;\"><b><strong>Actions\u00a0:<\/strong><\/b><\/p>\n<p style=\"font-weight: 400;\">\u25ba\u00a0R\u00e9duit l\u2019exc\u00e8s de s\u00e9bum<\/p>\n<p style=\"font-weight: 400;\">\u25ba\u00a0Resserre les pores<\/p>\n<p style=\"font-weight: 400;\">\u25ba\u00a0Lisse le grain de peau<\/p>\n<p style=\"font-weight: 400;\">\u25ba\u00a0Estompe les rougeurs<\/p>\n<p style=\"font-weight: 400;\">\u25ba\u00a0++Oxyg\u00e9nation de l\u2019\u00e9piderme<\/p>\n<p style=\"font-weight: 400;\">\u25ba\u00a0Nourrit la peau<\/p>\n<p style=\"font-weight: 400;\"><b><strong>Conseils d\u2019utilisation\u00a0:<\/strong><\/b><\/p>\n<p style=\"font-weight: 400;\">Utilisez une \u00e0 deux fois par semaine de pr\u00e9f\u00e9rence apr\u00e8s le Peeling Visage ou le Soin Doux Exfoliant. Appliquez une couche g\u00e9n\u00e9reuse sur le visage, cou et d\u00e9collet\u00e9, en \u00e9vitant le contour des yeux. Laisser agir 10 \u00e0 15 minutes, puis rincez \u00e0 l\u2019eau ti\u00e8de, \u00f4tez le surplus avec un gant propre ou un coton r\u00e9utilisable propre.<\/p>\n<p style=\"font-weight: 400;\">Pour compl\u00e9ter le soin appliquez la Cr\u00e8me Pr\u00e9cieuse ou la Cr\u00e8me sans Huile.<\/p>\n","protected":false},"featured_media":18794,"comment_status":"open","ping_status":"closed","template":"","meta":[],"product_brand":[],"product_cat":[304,20],"product_tag":[],"class_list":{"0":"post-18793","1":"product","2":"type-product","3":"status-publish","4":"has-post-thumbnail","6":"product_cat-nettoyant-visage","7":"product_cat-visage","9":"first","10":"instock","11":"shipping-taxable","12":"purchasable","13":"product-type-simple"},"yoast_head":"<!-- This site is optimized with the Yoast SEO plugin v23.0 - https:\/\/yoast.com\/wordpress\/plugins\/seo\/ -->\n<title>PIN UP SECRET MASQUE OXY-MINERAL 200ML - pharmadreams<\/title>\n<meta name=\"robots\" content=\"index, follow, max-snippet:-1, max-image-preview:large, max-video-preview:-1\" \/>\n<link rel=\"canonical\" href=\"https:\/\/pharmadreams.shop\/index.php\/product\/pin-up-secret-masque-oxy-mineral-200ml\/\" \/>\n<meta property=\"og:locale\" content=\"fr_FR\" \/>\n<meta property=\"og:type\" content=\"article\" \/>\n<meta property=\"og:title\" content=\"PIN UP SECRET MASQUE OXY-MINERAL 200ML - pharmadreams\" \/>\n<meta property=\"og:description\" content=\"Actions\u00a0: \u25ba\u00a0R\u00e9duit l\u2019exc\u00e8s de s\u00e9bum \u25ba\u00a0Resserre les pores \u25ba\u00a0Lisse le grain de peau \u25ba\u00a0Estompe les rougeurs \u25ba\u00a0++Oxyg\u00e9nation de l\u2019\u00e9piderme \u25ba\u00a0Nourrit la peau Conseils d\u2019utilisation\u00a0: Utilisez une \u00e0 deux fois par semaine de pr\u00e9f\u00e9rence apr\u00e8s le Peeling Visage ou le Soin Doux Exfoliant. Appliquez une couche g\u00e9n\u00e9reuse sur le visage, cou et d\u00e9collet\u00e9, en \u00e9vitant le contour des yeux. Laisser agir 10 \u00e0 15 minutes, puis rincez \u00e0 l\u2019eau ti\u00e8de, \u00f4tez le surplus avec un gant propre ou un coton r\u00e9utilisable propre. Pour compl\u00e9ter le soin appliquez la Cr\u00e8me Pr\u00e9cieuse ou la Cr\u00e8me sans Huile.\" \/>\n<meta property=\"og:url\" content=\"https:\/\/pharmadreams.shop\/index.php\/product\/pin-up-secret-masque-oxy-mineral-200ml\/\" \/>\n<meta property=\"og:site_name\" content=\"pharmadreams\" \/>\n<meta property=\"article:modified_time\" content=\"2024-08-26T14:48:52+00:00\" \/>\n<meta property=\"og:image\" content=\"https:\/\/pharmadreams.shop\/wp-content\/uploads\/2024\/08\/pin-up-secret-masque-oxy-mineral-200ml.jpg\" \/>\n\t<meta property=\"og:image:width\" content=\"500\" \/>\n\t<meta property=\"og:image:height\" content=\"500\" \/>\n\t<meta property=\"og:image:type\" content=\"image\/jpeg\" \/>\n<meta name=\"twitter:card\" content=\"summary_large_image\" \/>\n<meta name=\"twitter:label1\" content=\"Dur\u00e9e de lecture estim\u00e9e\" \/>\n\t<meta name=\"twitter:data1\" content=\"1 minute\" \/>\n<script type=\"application\/ld+json\" class=\"yoast-schema-graph\">{\"@context\":\"https:\/\/schema.org\",\"@graph\":[{\"@type\":\"WebPage\",\"@id\":\"https:\/\/pharmadreams.shop\/index.php\/product\/pin-up-secret-masque-oxy-mineral-200ml\/\",\"url\":\"https:\/\/pharmadreams.shop\/index.php\/product\/pin-up-secret-masque-oxy-mineral-200ml\/\",\"name\":\"PIN UP SECRET MASQUE OXY-MINERAL 200ML - pharmadreams\",\"isPartOf\":{\"@id\":\"https:\/\/pharmadreams.shop\/#website\"},\"primaryImageOfPage\":{\"@id\":\"https:\/\/pharmadreams.shop\/index.php\/product\/pin-up-secret-masque-oxy-mineral-200ml\/#primaryimage\"},\"image\":{\"@id\":\"https:\/\/pharmadreams.shop\/index.php\/product\/pin-up-secret-masque-oxy-mineral-200ml\/#primaryimage\"},\"thumbnailUrl\":\"https:\/\/pharmadreams.shop\/wp-content\/uploads\/2024\/08\/pin-up-secret-masque-oxy-mineral-200ml.jpg\",\"datePublished\":\"2024-08-26T14:48:51+00:00\",\"dateModified\":\"2024-08-26T14:48:52+00:00\",\"breadcrumb\":{\"@id\":\"https:\/\/pharmadreams.shop\/index.php\/product\/pin-up-secret-masque-oxy-mineral-200ml\/#breadcrumb\"},\"inLanguage\":\"fr-FR\",\"potentialAction\":[{\"@type\":\"ReadAction\",\"target\":[\"https:\/\/pharmadreams.shop\/index.php\/product\/pin-up-secret-masque-oxy-mineral-200ml\/\"]}]},{\"@type\":\"ImageObject\",\"inLanguage\":\"fr-FR\",\"@id\":\"https:\/\/pharmadreams.shop\/index.php\/product\/pin-up-secret-masque-oxy-mineral-200ml\/#primaryimage\",\"url\":\"https:\/\/pharmadreams.shop\/wp-content\/uploads\/2024\/08\/pin-up-secret-masque-oxy-mineral-200ml.jpg\",\"contentUrl\":\"https:\/\/pharmadreams.shop\/wp-content\/uploads\/2024\/08\/pin-up-secret-masque-oxy-mineral-200ml.jpg\",\"width\":500,\"height\":500},{\"@type\":\"BreadcrumbList\",\"@id\":\"https:\/\/pharmadreams.shop\/index.php\/product\/pin-up-secret-masque-oxy-mineral-200ml\/#breadcrumb\",\"itemListElement\":[{\"@type\":\"ListItem\",\"position\":1,\"name\":\"Accueil\",\"item\":\"https:\/\/pharmadreams.shop\/\"},{\"@type\":\"ListItem\",\"position\":2,\"name\":\"Shop\",\"item\":\"https:\/\/pharmadreams.shop\/index.php\/shop\/\"},{\"@type\":\"ListItem\",\"position\":3,\"name\":\"PIN UP SECRET MASQUE OXY-MINERAL 200ML\"}]},{\"@type\":\"WebSite\",\"@id\":\"https:\/\/pharmadreams.shop\/#website\",\"url\":\"https:\/\/pharmadreams.shop\/\",\"name\":\"pharmadreams\",\"description\":\"Parapharmacie en ligne\",\"potentialAction\":[{\"@type\":\"SearchAction\",\"target\":{\"@type\":\"EntryPoint\",\"urlTemplate\":\"https:\/\/pharmadreams.shop\/?s={search_term_string}\"},\"query-input\":\"required name=search_term_string\"}],\"inLanguage\":\"fr-FR\"}]}<\/script>\n<!-- \/ Yoast SEO plugin. -->","yoast_head_json":{"title":"PIN UP SECRET MASQUE OXY-MINERAL 200ML - pharmadreams","robots":{"index":"index","follow":"follow","max-snippet":"max-snippet:-1","max-image-preview":"max-image-preview:large","max-video-preview":"max-video-preview:-1"},"canonical":"https:\/\/pharmadreams.shop\/index.php\/product\/pin-up-secret-masque-oxy-mineral-200ml\/","og_locale":"fr_FR","og_type":"article","og_title":"PIN UP SECRET MASQUE OXY-MINERAL 200ML - pharmadreams","og_description":"Actions\u00a0: \u25ba\u00a0R\u00e9duit l\u2019exc\u00e8s de s\u00e9bum \u25ba\u00a0Resserre les pores \u25ba\u00a0Lisse le grain de peau \u25ba\u00a0Estompe les rougeurs \u25ba\u00a0++Oxyg\u00e9nation de l\u2019\u00e9piderme \u25ba\u00a0Nourrit la peau Conseils d\u2019utilisation\u00a0: Utilisez une \u00e0 deux fois par semaine de pr\u00e9f\u00e9rence apr\u00e8s le Peeling Visage ou le Soin Doux Exfoliant. Appliquez une couche g\u00e9n\u00e9reuse sur le visage, cou et d\u00e9collet\u00e9, en \u00e9vitant le contour des yeux. Laisser agir 10 \u00e0 15 minutes, puis rincez \u00e0 l\u2019eau ti\u00e8de, \u00f4tez le surplus avec un gant propre ou un coton r\u00e9utilisable propre. Pour compl\u00e9ter le soin appliquez la Cr\u00e8me Pr\u00e9cieuse ou la Cr\u00e8me sans Huile.","og_url":"https:\/\/pharmadreams.shop\/index.php\/product\/pin-up-secret-masque-oxy-mineral-200ml\/","og_site_name":"pharmadreams","article_modified_time":"2024-08-26T14:48:52+00:00","og_image":[{"width":500,"height":500,"url":"https:\/\/pharmadreams.shop\/wp-content\/uploads\/2024\/08\/pin-up-secret-masque-oxy-mineral-200ml.jpg","type":"image\/jpeg"}],"twitter_card":"summary_large_image","twitter_misc":{"Dur\u00e9e de lecture estim\u00e9e":"1 minute"},"schema":{"@context":"https:\/\/schema.org","@graph":[{"@type":"WebPage","@id":"https:\/\/pharmadreams.shop\/index.php\/product\/pin-up-secret-masque-oxy-mineral-200ml\/","url":"https:\/\/pharmadreams.shop\/index.php\/product\/pin-up-secret-masque-oxy-mineral-200ml\/","name":"PIN UP SECRET MASQUE OXY-MINERAL 200ML - pharmadreams","isPartOf":{"@id":"https:\/\/pharmadreams.shop\/#website"},"primaryImageOfPage":{"@id":"https:\/\/pharmadreams.shop\/index.php\/product\/pin-up-secret-masque-oxy-mineral-200ml\/#primaryimage"},"image":{"@id":"https:\/\/pharmadreams.shop\/index.php\/product\/pin-up-secret-masque-oxy-mineral-200ml\/#primaryimage"},"thumbnailUrl":"https:\/\/pharmadreams.shop\/wp-content\/uploads\/2024\/08\/pin-up-secret-masque-oxy-mineral-200ml.jpg","datePublished":"2024-08-26T14:48:51+00:00","dateModified":"2024-08-26T14:48:52+00:00","breadcrumb":{"@id":"https:\/\/pharmadreams.shop\/index.php\/product\/pin-up-secret-masque-oxy-mineral-200ml\/#breadcrumb"},"inLanguage":"fr-FR","potentialAction":[{"@type":"ReadAction","target":["https:\/\/pharmadreams.shop\/index.php\/product\/pin-up-secret-masque-oxy-mineral-200ml\/"]}]},{"@type":"ImageObject","inLanguage":"fr-FR","@id":"https:\/\/pharmadreams.shop\/index.php\/product\/pin-up-secret-masque-oxy-mineral-200ml\/#primaryimage","url":"https:\/\/pharmadreams.shop\/wp-content\/uploads\/2024\/08\/pin-up-secret-masque-oxy-mineral-200ml.jpg","contentUrl":"https:\/\/pharmadreams.shop\/wp-content\/uploads\/2024\/08\/pin-up-secret-masque-oxy-mineral-200ml.jpg","width":500,"height":500},{"@type":"BreadcrumbList","@id":"https:\/\/pharmadreams.shop\/index.php\/product\/pin-up-secret-masque-oxy-mineral-200ml\/#breadcrumb","itemListElement":[{"@type":"ListItem","position":1,"name":"Accueil","item":"https:\/\/pharmadreams.shop\/"},{"@type":"ListItem","position":2,"name":"Shop","item":"https:\/\/pharmadreams.shop\/index.php\/shop\/"},{"@type":"ListItem","position":3,"name":"PIN UP SECRET MASQUE OXY-MINERAL 200ML"}]},{"@type":"WebSite","@id":"https:\/\/pharmadreams.shop\/#website","url":"https:\/\/pharmadreams.shop\/","name":"pharmadreams","description":"Parapharmacie en ligne","potentialAction":[{"@type":"SearchAction","target":{"@type":"EntryPoint","urlTemplate":"https:\/\/pharmadreams.shop\/?s={search_term_string}"},"query-input":"required name=search_term_string"}],"inLanguage":"fr-FR"}]}},"_links":{"self":[{"href":"https:\/\/pharmadreams.shop\/index.php\/wp-json\/wp\/v2\/product\/18793","targetHints":{"allow":["GET"]}}],"collection":[{"href":"https:\/\/pharmadreams.shop\/index.php\/wp-json\/wp\/v2\/product"}],"about":[{"href":"https:\/\/pharmadreams.shop\/index.php\/wp-json\/wp\/v2\/types\/product"}],"replies":[{"embeddable":true,"href":"https:\/\/pharmadreams.shop\/index.php\/wp-json\/wp\/v2\/comments?post=18793"}],"version-history":[{"count":0,"href":"https:\/\/pharmadreams.shop\/index.php\/wp-json\/wp\/v2\/product\/18793\/revisions"}],"wp:featuredmedia":[{"embeddable":true,"href":"https:\/\/pharmadreams.shop\/index.php\/wp-json\/wp\/v2\/media\/18794"}],"wp:attachment":[{"href":"https:\/\/pharmadreams.shop\/index.php\/wp-json\/wp\/v2\/media?parent=18793"}],"wp:term":[{"taxonomy":"product_brand","embeddable":true,"href":"https:\/\/pharmadreams.shop\/index.php\/wp-json\/wp\/v2\/product_brand?post=18793"},{"taxonomy":"product_cat","embeddable":true,"href":"https:\/\/pharmadreams.shop\/index.php\/wp-json\/wp\/v2\/product_cat?post=18793"},{"taxonomy":"product_tag","embeddable":true,"href":"https:\/\/pharmadreams.shop\/index.php\/wp-json\/wp\/v2\/product_tag?post=18793"}],"curies":[{"name":"wp","href":"https:\/\/api.w.org\/{rel}","templated":true}]}}