{"id":18808,"date":"2024-09-24T16:44:11","date_gmt":"2024-09-24T15:44:11","guid":{"rendered":"https:\/\/pharmadreams.shop\/?post_type=product&#038;p=18808"},"modified":"2024-09-24T16:44:11","modified_gmt":"2024-09-24T15:44:11","slug":"luciole-skin-care-hydro-plump","status":"publish","type":"product","link":"https:\/\/pharmadreams.shop\/index.php\/product\/luciole-skin-care-hydro-plump\/","title":{"rendered":"LUCIOLE SKIN CARE HYDRO PLUMP"},"content":{"rendered":"","protected":false},"excerpt":{"rendered":"<p style=\"font-weight: 400;\">Une huile pour les l\u00e8vres ultra-confortable qui combine des actifs puissants pour vous donner un boost d\u2019hydratation durable pour des l\u00e8vres soyeuses et plus pulpeuses.<\/p>\n<p style=\"font-weight: 400;\">La formule hydratante est infus\u00e9e d\u2019un m\u00e9lange de phospholipides, d\u2019extrait de Glycine soja et d\u2019extrait de r\u00e9glisse qui agissent en migrant dans les ridules o\u00f9 elles gonflent et donnent un effet repulpant. Cette action procure une hydratation maximale pour des l\u00e8vres repulp\u00e9es et lisses sans aucune sensation de picotement.<\/p>\n<p style=\"font-weight: 400;\"><b><strong>Conseils d\u2019utilisation\u00a0:<\/strong><\/b><\/p>\n<p style=\"font-weight: 400;\">&#8211; Appliquez g\u00e9n\u00e9reusement sur les l\u00e8vres le matin et pendant la journ\u00e9e.<\/p>\n<p style=\"font-weight: 400;\">&#8211; A porter seul ou en top coat pour une brillance instantan\u00e9e et une hydratation intense.<\/p>\n","protected":false},"featured_media":18809,"comment_status":"open","ping_status":"closed","template":"","meta":[],"product_brand":[],"product_cat":[98],"product_tag":[],"class_list":{"0":"post-18808","1":"product","2":"type-product","3":"status-publish","4":"has-post-thumbnail","6":"product_cat-hydratation","8":"first","9":"instock","10":"shipping-taxable","11":"purchasable","12":"product-type-simple"},"yoast_head":"<!-- This site is optimized with the Yoast SEO plugin v23.0 - https:\/\/yoast.com\/wordpress\/plugins\/seo\/ -->\n<title>LUCIOLE SKIN CARE HYDRO PLUMP - pharmadreams<\/title>\n<meta name=\"robots\" content=\"index, follow, max-snippet:-1, max-image-preview:large, max-video-preview:-1\" \/>\n<link rel=\"canonical\" href=\"https:\/\/pharmadreams.shop\/index.php\/product\/luciole-skin-care-hydro-plump\/\" \/>\n<meta property=\"og:locale\" content=\"fr_FR\" \/>\n<meta property=\"og:type\" content=\"article\" \/>\n<meta property=\"og:title\" content=\"LUCIOLE SKIN CARE HYDRO PLUMP - pharmadreams\" \/>\n<meta property=\"og:description\" content=\"Une huile pour les l\u00e8vres ultra-confortable qui combine des actifs puissants pour vous donner un boost d\u2019hydratation durable pour des l\u00e8vres soyeuses et plus pulpeuses. La formule hydratante est infus\u00e9e d\u2019un m\u00e9lange de phospholipides, d\u2019extrait de Glycine soja et d\u2019extrait de r\u00e9glisse qui agissent en migrant dans les ridules o\u00f9 elles gonflent et donnent un effet repulpant. Cette action procure une hydratation maximale pour des l\u00e8vres repulp\u00e9es et lisses sans aucune sensation de picotement. Conseils d\u2019utilisation\u00a0: - Appliquez g\u00e9n\u00e9reusement sur les l\u00e8vres le matin et pendant la journ\u00e9e. - A porter seul ou en top coat pour une brillance instantan\u00e9e et une hydratation intense.\" \/>\n<meta property=\"og:url\" content=\"https:\/\/pharmadreams.shop\/index.php\/product\/luciole-skin-care-hydro-plump\/\" \/>\n<meta property=\"og:site_name\" content=\"pharmadreams\" \/>\n<meta property=\"og:image\" content=\"https:\/\/pharmadreams.shop\/wp-content\/uploads\/2024\/09\/luciole-skin-care-hydra-plump.jpg\" \/>\n\t<meta property=\"og:image:width\" content=\"500\" \/>\n\t<meta property=\"og:image:height\" content=\"500\" \/>\n\t<meta property=\"og:image:type\" content=\"image\/jpeg\" \/>\n<meta name=\"twitter:card\" content=\"summary_large_image\" \/>\n<meta name=\"twitter:label1\" content=\"Dur\u00e9e de lecture estim\u00e9e\" \/>\n\t<meta name=\"twitter:data1\" content=\"1 minute\" \/>\n<script type=\"application\/ld+json\" class=\"yoast-schema-graph\">{\"@context\":\"https:\/\/schema.org\",\"@graph\":[{\"@type\":\"WebPage\",\"@id\":\"https:\/\/pharmadreams.shop\/index.php\/product\/luciole-skin-care-hydro-plump\/\",\"url\":\"https:\/\/pharmadreams.shop\/index.php\/product\/luciole-skin-care-hydro-plump\/\",\"name\":\"LUCIOLE SKIN CARE HYDRO PLUMP - pharmadreams\",\"isPartOf\":{\"@id\":\"https:\/\/pharmadreams.shop\/#website\"},\"primaryImageOfPage\":{\"@id\":\"https:\/\/pharmadreams.shop\/index.php\/product\/luciole-skin-care-hydro-plump\/#primaryimage\"},\"image\":{\"@id\":\"https:\/\/pharmadreams.shop\/index.php\/product\/luciole-skin-care-hydro-plump\/#primaryimage\"},\"thumbnailUrl\":\"https:\/\/pharmadreams.shop\/wp-content\/uploads\/2024\/09\/luciole-skin-care-hydra-plump.jpg\",\"datePublished\":\"2024-09-24T15:44:11+00:00\",\"dateModified\":\"2024-09-24T15:44:11+00:00\",\"breadcrumb\":{\"@id\":\"https:\/\/pharmadreams.shop\/index.php\/product\/luciole-skin-care-hydro-plump\/#breadcrumb\"},\"inLanguage\":\"fr-FR\",\"potentialAction\":[{\"@type\":\"ReadAction\",\"target\":[\"https:\/\/pharmadreams.shop\/index.php\/product\/luciole-skin-care-hydro-plump\/\"]}]},{\"@type\":\"ImageObject\",\"inLanguage\":\"fr-FR\",\"@id\":\"https:\/\/pharmadreams.shop\/index.php\/product\/luciole-skin-care-hydro-plump\/#primaryimage\",\"url\":\"https:\/\/pharmadreams.shop\/wp-content\/uploads\/2024\/09\/luciole-skin-care-hydra-plump.jpg\",\"contentUrl\":\"https:\/\/pharmadreams.shop\/wp-content\/uploads\/2024\/09\/luciole-skin-care-hydra-plump.jpg\",\"width\":500,\"height\":500},{\"@type\":\"BreadcrumbList\",\"@id\":\"https:\/\/pharmadreams.shop\/index.php\/product\/luciole-skin-care-hydro-plump\/#breadcrumb\",\"itemListElement\":[{\"@type\":\"ListItem\",\"position\":1,\"name\":\"Accueil\",\"item\":\"https:\/\/pharmadreams.shop\/\"},{\"@type\":\"ListItem\",\"position\":2,\"name\":\"Shop\",\"item\":\"https:\/\/pharmadreams.shop\/index.php\/shop\/\"},{\"@type\":\"ListItem\",\"position\":3,\"name\":\"LUCIOLE SKIN CARE HYDRO PLUMP\"}]},{\"@type\":\"WebSite\",\"@id\":\"https:\/\/pharmadreams.shop\/#website\",\"url\":\"https:\/\/pharmadreams.shop\/\",\"name\":\"pharmadreams\",\"description\":\"Parapharmacie en ligne\",\"potentialAction\":[{\"@type\":\"SearchAction\",\"target\":{\"@type\":\"EntryPoint\",\"urlTemplate\":\"https:\/\/pharmadreams.shop\/?s={search_term_string}\"},\"query-input\":\"required name=search_term_string\"}],\"inLanguage\":\"fr-FR\"}]}<\/script>\n<!-- \/ Yoast SEO plugin. -->","yoast_head_json":{"title":"LUCIOLE SKIN CARE HYDRO PLUMP - pharmadreams","robots":{"index":"index","follow":"follow","max-snippet":"max-snippet:-1","max-image-preview":"max-image-preview:large","max-video-preview":"max-video-preview:-1"},"canonical":"https:\/\/pharmadreams.shop\/index.php\/product\/luciole-skin-care-hydro-plump\/","og_locale":"fr_FR","og_type":"article","og_title":"LUCIOLE SKIN CARE HYDRO PLUMP - pharmadreams","og_description":"Une huile pour les l\u00e8vres ultra-confortable qui combine des actifs puissants pour vous donner un boost d\u2019hydratation durable pour des l\u00e8vres soyeuses et plus pulpeuses. La formule hydratante est infus\u00e9e d\u2019un m\u00e9lange de phospholipides, d\u2019extrait de Glycine soja et d\u2019extrait de r\u00e9glisse qui agissent en migrant dans les ridules o\u00f9 elles gonflent et donnent un effet repulpant. Cette action procure une hydratation maximale pour des l\u00e8vres repulp\u00e9es et lisses sans aucune sensation de picotement. Conseils d\u2019utilisation\u00a0: - Appliquez g\u00e9n\u00e9reusement sur les l\u00e8vres le matin et pendant la journ\u00e9e. - A porter seul ou en top coat pour une brillance instantan\u00e9e et une hydratation intense.","og_url":"https:\/\/pharmadreams.shop\/index.php\/product\/luciole-skin-care-hydro-plump\/","og_site_name":"pharmadreams","og_image":[{"width":500,"height":500,"url":"https:\/\/pharmadreams.shop\/wp-content\/uploads\/2024\/09\/luciole-skin-care-hydra-plump.jpg","type":"image\/jpeg"}],"twitter_card":"summary_large_image","twitter_misc":{"Dur\u00e9e de lecture estim\u00e9e":"1 minute"},"schema":{"@context":"https:\/\/schema.org","@graph":[{"@type":"WebPage","@id":"https:\/\/pharmadreams.shop\/index.php\/product\/luciole-skin-care-hydro-plump\/","url":"https:\/\/pharmadreams.shop\/index.php\/product\/luciole-skin-care-hydro-plump\/","name":"LUCIOLE SKIN CARE HYDRO PLUMP - pharmadreams","isPartOf":{"@id":"https:\/\/pharmadreams.shop\/#website"},"primaryImageOfPage":{"@id":"https:\/\/pharmadreams.shop\/index.php\/product\/luciole-skin-care-hydro-plump\/#primaryimage"},"image":{"@id":"https:\/\/pharmadreams.shop\/index.php\/product\/luciole-skin-care-hydro-plump\/#primaryimage"},"thumbnailUrl":"https:\/\/pharmadreams.shop\/wp-content\/uploads\/2024\/09\/luciole-skin-care-hydra-plump.jpg","datePublished":"2024-09-24T15:44:11+00:00","dateModified":"2024-09-24T15:44:11+00:00","breadcrumb":{"@id":"https:\/\/pharmadreams.shop\/index.php\/product\/luciole-skin-care-hydro-plump\/#breadcrumb"},"inLanguage":"fr-FR","potentialAction":[{"@type":"ReadAction","target":["https:\/\/pharmadreams.shop\/index.php\/product\/luciole-skin-care-hydro-plump\/"]}]},{"@type":"ImageObject","inLanguage":"fr-FR","@id":"https:\/\/pharmadreams.shop\/index.php\/product\/luciole-skin-care-hydro-plump\/#primaryimage","url":"https:\/\/pharmadreams.shop\/wp-content\/uploads\/2024\/09\/luciole-skin-care-hydra-plump.jpg","contentUrl":"https:\/\/pharmadreams.shop\/wp-content\/uploads\/2024\/09\/luciole-skin-care-hydra-plump.jpg","width":500,"height":500},{"@type":"BreadcrumbList","@id":"https:\/\/pharmadreams.shop\/index.php\/product\/luciole-skin-care-hydro-plump\/#breadcrumb","itemListElement":[{"@type":"ListItem","position":1,"name":"Accueil","item":"https:\/\/pharmadreams.shop\/"},{"@type":"ListItem","position":2,"name":"Shop","item":"https:\/\/pharmadreams.shop\/index.php\/shop\/"},{"@type":"ListItem","position":3,"name":"LUCIOLE SKIN CARE HYDRO PLUMP"}]},{"@type":"WebSite","@id":"https:\/\/pharmadreams.shop\/#website","url":"https:\/\/pharmadreams.shop\/","name":"pharmadreams","description":"Parapharmacie en ligne","potentialAction":[{"@type":"SearchAction","target":{"@type":"EntryPoint","urlTemplate":"https:\/\/pharmadreams.shop\/?s={search_term_string}"},"query-input":"required name=search_term_string"}],"inLanguage":"fr-FR"}]}},"_links":{"self":[{"href":"https:\/\/pharmadreams.shop\/index.php\/wp-json\/wp\/v2\/product\/18808","targetHints":{"allow":["GET"]}}],"collection":[{"href":"https:\/\/pharmadreams.shop\/index.php\/wp-json\/wp\/v2\/product"}],"about":[{"href":"https:\/\/pharmadreams.shop\/index.php\/wp-json\/wp\/v2\/types\/product"}],"replies":[{"embeddable":true,"href":"https:\/\/pharmadreams.shop\/index.php\/wp-json\/wp\/v2\/comments?post=18808"}],"version-history":[{"count":0,"href":"https:\/\/pharmadreams.shop\/index.php\/wp-json\/wp\/v2\/product\/18808\/revisions"}],"wp:featuredmedia":[{"embeddable":true,"href":"https:\/\/pharmadreams.shop\/index.php\/wp-json\/wp\/v2\/media\/18809"}],"wp:attachment":[{"href":"https:\/\/pharmadreams.shop\/index.php\/wp-json\/wp\/v2\/media?parent=18808"}],"wp:term":[{"taxonomy":"product_brand","embeddable":true,"href":"https:\/\/pharmadreams.shop\/index.php\/wp-json\/wp\/v2\/product_brand?post=18808"},{"taxonomy":"product_cat","embeddable":true,"href":"https:\/\/pharmadreams.shop\/index.php\/wp-json\/wp\/v2\/product_cat?post=18808"},{"taxonomy":"product_tag","embeddable":true,"href":"https:\/\/pharmadreams.shop\/index.php\/wp-json\/wp\/v2\/product_tag?post=18808"}],"curies":[{"name":"wp","href":"https:\/\/api.w.org\/{rel}","templated":true}]}}