{"id":18811,"date":"2024-09-24T16:47:02","date_gmt":"2024-09-24T15:47:02","guid":{"rendered":"https:\/\/pharmadreams.shop\/?post_type=product&#038;p=18811"},"modified":"2024-09-24T16:47:02","modified_gmt":"2024-09-24T15:47:02","slug":"luciole-skin-care-eye-recovery-15ml","status":"publish","type":"product","link":"https:\/\/pharmadreams.shop\/index.php\/product\/luciole-skin-care-eye-recovery-15ml\/","title":{"rendered":"LUCIOLE SKIN CARE EYE RECOVERY 15ML"},"content":{"rendered":"","protected":false},"excerpt":{"rendered":"<p style=\"font-weight: 400;\">Ce s\u00e9rum contour des yeux 3 en 1 a \u00e9t\u00e9 sp\u00e9cifiquement formul\u00e9 pour la zone fragile et\u00a0sensible du contour de l\u2019\u0153il\u00a0avec un cocktail exclusif d\u2019ingr\u00e9dients naturels afin de lutter\u00a0efficacement contre les signes de l\u2019\u00e2ge, les cernes et les poches.<\/p>\n<p style=\"font-weight: 400;\">Sa formule exclusive p\u00e9n\u00e8tre rapidement et am\u00e9liore l\u2019aspect du contour de l\u2019\u0153il tout en\u00a0apportant une sensation de fraicheur et de bien \u00eatre imm\u00e9diat.<\/p>\n<p style=\"font-weight: 400;\">L&rsquo;applicateur \u00e0 bille rafra\u00eechissant unique aide \u00e0 favoriser une absorption plus profonde du\u00a0s\u00e9rum dans la peau, semblant raffermir et soulever instantan\u00e9ment la peau.<\/p>\n<p style=\"font-weight: 400;\"><b><strong>Conseils d\u2019utilisation :<\/strong><\/b><\/p>\n<p style=\"font-weight: 400;\">Appuyez doucement sur la buse \u00e0 g\u00e2chette pour distribuer une petite quantit\u00e9 de produit et\u00a0utilisez la bille roulante froide pour masser doucement le s\u00e9rum dans la zone des yeux dans un\u00a0mouvement de balayage circulaire vers le haut. Peut \u00e9galement \u00eatre utilis\u00e9 sur les rides du\u00a0sourire. Tapotez l\u00e9g\u00e8rement la zone avec les doigts pour une absorption compl\u00e8te. Utilisez\u00a0jour et nuit.<\/p>\n","protected":false},"featured_media":18812,"comment_status":"open","ping_status":"closed","template":"","meta":[],"product_brand":[],"product_cat":[120],"product_tag":[],"class_list":{"0":"post-18811","1":"product","2":"type-product","3":"status-publish","4":"has-post-thumbnail","6":"product_cat-anti-rides","8":"first","9":"instock","10":"shipping-taxable","11":"purchasable","12":"product-type-simple"},"yoast_head":"<!-- This site is optimized with the Yoast SEO plugin v23.0 - https:\/\/yoast.com\/wordpress\/plugins\/seo\/ -->\n<title>LUCIOLE SKIN CARE EYE RECOVERY 15ML - pharmadreams<\/title>\n<meta name=\"robots\" content=\"index, follow, max-snippet:-1, max-image-preview:large, max-video-preview:-1\" \/>\n<link rel=\"canonical\" href=\"https:\/\/pharmadreams.shop\/index.php\/product\/luciole-skin-care-eye-recovery-15ml\/\" \/>\n<meta property=\"og:locale\" content=\"fr_FR\" \/>\n<meta property=\"og:type\" content=\"article\" \/>\n<meta property=\"og:title\" content=\"LUCIOLE SKIN CARE EYE RECOVERY 15ML - pharmadreams\" \/>\n<meta property=\"og:description\" content=\"Ce s\u00e9rum contour des yeux 3 en 1 a \u00e9t\u00e9 sp\u00e9cifiquement formul\u00e9 pour la zone fragile et\u00a0sensible du contour de l\u2019\u0153il\u00a0avec un cocktail exclusif d\u2019ingr\u00e9dients naturels afin de lutter\u00a0efficacement contre les signes de l\u2019\u00e2ge, les cernes et les poches. Sa formule exclusive p\u00e9n\u00e8tre rapidement et am\u00e9liore l\u2019aspect du contour de l\u2019\u0153il tout en\u00a0apportant une sensation de fraicheur et de bien \u00eatre imm\u00e9diat. L&#039;applicateur \u00e0 bille rafra\u00eechissant unique aide \u00e0 favoriser une absorption plus profonde du\u00a0s\u00e9rum dans la peau, semblant raffermir et soulever instantan\u00e9ment la peau. Conseils d\u2019utilisation : Appuyez doucement sur la buse \u00e0 g\u00e2chette pour distribuer une petite quantit\u00e9 de produit et\u00a0utilisez la bille roulante froide pour masser doucement le s\u00e9rum dans la zone des yeux dans un\u00a0mouvement de balayage circulaire vers le haut. Peut \u00e9galement \u00eatre utilis\u00e9 sur les rides du\u00a0sourire. Tapotez l\u00e9g\u00e8rement la zone avec les doigts pour une absorption compl\u00e8te. Utilisez\u00a0jour et nuit.\" \/>\n<meta property=\"og:url\" content=\"https:\/\/pharmadreams.shop\/index.php\/product\/luciole-skin-care-eye-recovery-15ml\/\" \/>\n<meta property=\"og:site_name\" content=\"pharmadreams\" \/>\n<meta property=\"og:image\" content=\"https:\/\/pharmadreams.shop\/wp-content\/uploads\/2024\/09\/luciole-skin-care-eye-recovery-15ml.jpg\" \/>\n\t<meta property=\"og:image:width\" content=\"500\" \/>\n\t<meta property=\"og:image:height\" content=\"500\" \/>\n\t<meta property=\"og:image:type\" content=\"image\/jpeg\" \/>\n<meta name=\"twitter:card\" content=\"summary_large_image\" \/>\n<meta name=\"twitter:label1\" content=\"Dur\u00e9e de lecture estim\u00e9e\" \/>\n\t<meta name=\"twitter:data1\" content=\"1 minute\" \/>\n<script type=\"application\/ld+json\" class=\"yoast-schema-graph\">{\"@context\":\"https:\/\/schema.org\",\"@graph\":[{\"@type\":\"WebPage\",\"@id\":\"https:\/\/pharmadreams.shop\/index.php\/product\/luciole-skin-care-eye-recovery-15ml\/\",\"url\":\"https:\/\/pharmadreams.shop\/index.php\/product\/luciole-skin-care-eye-recovery-15ml\/\",\"name\":\"LUCIOLE SKIN CARE EYE RECOVERY 15ML - pharmadreams\",\"isPartOf\":{\"@id\":\"https:\/\/pharmadreams.shop\/#website\"},\"primaryImageOfPage\":{\"@id\":\"https:\/\/pharmadreams.shop\/index.php\/product\/luciole-skin-care-eye-recovery-15ml\/#primaryimage\"},\"image\":{\"@id\":\"https:\/\/pharmadreams.shop\/index.php\/product\/luciole-skin-care-eye-recovery-15ml\/#primaryimage\"},\"thumbnailUrl\":\"https:\/\/pharmadreams.shop\/wp-content\/uploads\/2024\/09\/luciole-skin-care-eye-recovery-15ml.jpg\",\"datePublished\":\"2024-09-24T15:47:02+00:00\",\"dateModified\":\"2024-09-24T15:47:02+00:00\",\"breadcrumb\":{\"@id\":\"https:\/\/pharmadreams.shop\/index.php\/product\/luciole-skin-care-eye-recovery-15ml\/#breadcrumb\"},\"inLanguage\":\"fr-FR\",\"potentialAction\":[{\"@type\":\"ReadAction\",\"target\":[\"https:\/\/pharmadreams.shop\/index.php\/product\/luciole-skin-care-eye-recovery-15ml\/\"]}]},{\"@type\":\"ImageObject\",\"inLanguage\":\"fr-FR\",\"@id\":\"https:\/\/pharmadreams.shop\/index.php\/product\/luciole-skin-care-eye-recovery-15ml\/#primaryimage\",\"url\":\"https:\/\/pharmadreams.shop\/wp-content\/uploads\/2024\/09\/luciole-skin-care-eye-recovery-15ml.jpg\",\"contentUrl\":\"https:\/\/pharmadreams.shop\/wp-content\/uploads\/2024\/09\/luciole-skin-care-eye-recovery-15ml.jpg\",\"width\":500,\"height\":500},{\"@type\":\"BreadcrumbList\",\"@id\":\"https:\/\/pharmadreams.shop\/index.php\/product\/luciole-skin-care-eye-recovery-15ml\/#breadcrumb\",\"itemListElement\":[{\"@type\":\"ListItem\",\"position\":1,\"name\":\"Accueil\",\"item\":\"https:\/\/pharmadreams.shop\/\"},{\"@type\":\"ListItem\",\"position\":2,\"name\":\"Shop\",\"item\":\"https:\/\/pharmadreams.shop\/index.php\/shop\/\"},{\"@type\":\"ListItem\",\"position\":3,\"name\":\"LUCIOLE SKIN CARE EYE RECOVERY 15ML\"}]},{\"@type\":\"WebSite\",\"@id\":\"https:\/\/pharmadreams.shop\/#website\",\"url\":\"https:\/\/pharmadreams.shop\/\",\"name\":\"pharmadreams\",\"description\":\"Parapharmacie en ligne\",\"potentialAction\":[{\"@type\":\"SearchAction\",\"target\":{\"@type\":\"EntryPoint\",\"urlTemplate\":\"https:\/\/pharmadreams.shop\/?s={search_term_string}\"},\"query-input\":\"required name=search_term_string\"}],\"inLanguage\":\"fr-FR\"}]}<\/script>\n<!-- \/ Yoast SEO plugin. -->","yoast_head_json":{"title":"LUCIOLE SKIN CARE EYE RECOVERY 15ML - pharmadreams","robots":{"index":"index","follow":"follow","max-snippet":"max-snippet:-1","max-image-preview":"max-image-preview:large","max-video-preview":"max-video-preview:-1"},"canonical":"https:\/\/pharmadreams.shop\/index.php\/product\/luciole-skin-care-eye-recovery-15ml\/","og_locale":"fr_FR","og_type":"article","og_title":"LUCIOLE SKIN CARE EYE RECOVERY 15ML - pharmadreams","og_description":"Ce s\u00e9rum contour des yeux 3 en 1 a \u00e9t\u00e9 sp\u00e9cifiquement formul\u00e9 pour la zone fragile et\u00a0sensible du contour de l\u2019\u0153il\u00a0avec un cocktail exclusif d\u2019ingr\u00e9dients naturels afin de lutter\u00a0efficacement contre les signes de l\u2019\u00e2ge, les cernes et les poches. Sa formule exclusive p\u00e9n\u00e8tre rapidement et am\u00e9liore l\u2019aspect du contour de l\u2019\u0153il tout en\u00a0apportant une sensation de fraicheur et de bien \u00eatre imm\u00e9diat. L'applicateur \u00e0 bille rafra\u00eechissant unique aide \u00e0 favoriser une absorption plus profonde du\u00a0s\u00e9rum dans la peau, semblant raffermir et soulever instantan\u00e9ment la peau. Conseils d\u2019utilisation : Appuyez doucement sur la buse \u00e0 g\u00e2chette pour distribuer une petite quantit\u00e9 de produit et\u00a0utilisez la bille roulante froide pour masser doucement le s\u00e9rum dans la zone des yeux dans un\u00a0mouvement de balayage circulaire vers le haut. Peut \u00e9galement \u00eatre utilis\u00e9 sur les rides du\u00a0sourire. Tapotez l\u00e9g\u00e8rement la zone avec les doigts pour une absorption compl\u00e8te. Utilisez\u00a0jour et nuit.","og_url":"https:\/\/pharmadreams.shop\/index.php\/product\/luciole-skin-care-eye-recovery-15ml\/","og_site_name":"pharmadreams","og_image":[{"width":500,"height":500,"url":"https:\/\/pharmadreams.shop\/wp-content\/uploads\/2024\/09\/luciole-skin-care-eye-recovery-15ml.jpg","type":"image\/jpeg"}],"twitter_card":"summary_large_image","twitter_misc":{"Dur\u00e9e de lecture estim\u00e9e":"1 minute"},"schema":{"@context":"https:\/\/schema.org","@graph":[{"@type":"WebPage","@id":"https:\/\/pharmadreams.shop\/index.php\/product\/luciole-skin-care-eye-recovery-15ml\/","url":"https:\/\/pharmadreams.shop\/index.php\/product\/luciole-skin-care-eye-recovery-15ml\/","name":"LUCIOLE SKIN CARE EYE RECOVERY 15ML - pharmadreams","isPartOf":{"@id":"https:\/\/pharmadreams.shop\/#website"},"primaryImageOfPage":{"@id":"https:\/\/pharmadreams.shop\/index.php\/product\/luciole-skin-care-eye-recovery-15ml\/#primaryimage"},"image":{"@id":"https:\/\/pharmadreams.shop\/index.php\/product\/luciole-skin-care-eye-recovery-15ml\/#primaryimage"},"thumbnailUrl":"https:\/\/pharmadreams.shop\/wp-content\/uploads\/2024\/09\/luciole-skin-care-eye-recovery-15ml.jpg","datePublished":"2024-09-24T15:47:02+00:00","dateModified":"2024-09-24T15:47:02+00:00","breadcrumb":{"@id":"https:\/\/pharmadreams.shop\/index.php\/product\/luciole-skin-care-eye-recovery-15ml\/#breadcrumb"},"inLanguage":"fr-FR","potentialAction":[{"@type":"ReadAction","target":["https:\/\/pharmadreams.shop\/index.php\/product\/luciole-skin-care-eye-recovery-15ml\/"]}]},{"@type":"ImageObject","inLanguage":"fr-FR","@id":"https:\/\/pharmadreams.shop\/index.php\/product\/luciole-skin-care-eye-recovery-15ml\/#primaryimage","url":"https:\/\/pharmadreams.shop\/wp-content\/uploads\/2024\/09\/luciole-skin-care-eye-recovery-15ml.jpg","contentUrl":"https:\/\/pharmadreams.shop\/wp-content\/uploads\/2024\/09\/luciole-skin-care-eye-recovery-15ml.jpg","width":500,"height":500},{"@type":"BreadcrumbList","@id":"https:\/\/pharmadreams.shop\/index.php\/product\/luciole-skin-care-eye-recovery-15ml\/#breadcrumb","itemListElement":[{"@type":"ListItem","position":1,"name":"Accueil","item":"https:\/\/pharmadreams.shop\/"},{"@type":"ListItem","position":2,"name":"Shop","item":"https:\/\/pharmadreams.shop\/index.php\/shop\/"},{"@type":"ListItem","position":3,"name":"LUCIOLE SKIN CARE EYE RECOVERY 15ML"}]},{"@type":"WebSite","@id":"https:\/\/pharmadreams.shop\/#website","url":"https:\/\/pharmadreams.shop\/","name":"pharmadreams","description":"Parapharmacie en ligne","potentialAction":[{"@type":"SearchAction","target":{"@type":"EntryPoint","urlTemplate":"https:\/\/pharmadreams.shop\/?s={search_term_string}"},"query-input":"required name=search_term_string"}],"inLanguage":"fr-FR"}]}},"_links":{"self":[{"href":"https:\/\/pharmadreams.shop\/index.php\/wp-json\/wp\/v2\/product\/18811","targetHints":{"allow":["GET"]}}],"collection":[{"href":"https:\/\/pharmadreams.shop\/index.php\/wp-json\/wp\/v2\/product"}],"about":[{"href":"https:\/\/pharmadreams.shop\/index.php\/wp-json\/wp\/v2\/types\/product"}],"replies":[{"embeddable":true,"href":"https:\/\/pharmadreams.shop\/index.php\/wp-json\/wp\/v2\/comments?post=18811"}],"version-history":[{"count":0,"href":"https:\/\/pharmadreams.shop\/index.php\/wp-json\/wp\/v2\/product\/18811\/revisions"}],"wp:featuredmedia":[{"embeddable":true,"href":"https:\/\/pharmadreams.shop\/index.php\/wp-json\/wp\/v2\/media\/18812"}],"wp:attachment":[{"href":"https:\/\/pharmadreams.shop\/index.php\/wp-json\/wp\/v2\/media?parent=18811"}],"wp:term":[{"taxonomy":"product_brand","embeddable":true,"href":"https:\/\/pharmadreams.shop\/index.php\/wp-json\/wp\/v2\/product_brand?post=18811"},{"taxonomy":"product_cat","embeddable":true,"href":"https:\/\/pharmadreams.shop\/index.php\/wp-json\/wp\/v2\/product_cat?post=18811"},{"taxonomy":"product_tag","embeddable":true,"href":"https:\/\/pharmadreams.shop\/index.php\/wp-json\/wp\/v2\/product_tag?post=18811"}],"curies":[{"name":"wp","href":"https:\/\/api.w.org\/{rel}","templated":true}]}}