{"id":18814,"date":"2024-09-24T16:51:26","date_gmt":"2024-09-24T15:51:26","guid":{"rendered":"https:\/\/pharmadreams.shop\/?post_type=product&#038;p=18814"},"modified":"2024-09-24T16:51:26","modified_gmt":"2024-09-24T15:51:26","slug":"luciole-skin-care-serum-hyalu-glow-30ml","status":"publish","type":"product","link":"https:\/\/pharmadreams.shop\/index.php\/product\/luciole-skin-care-serum-hyalu-glow-30ml\/","title":{"rendered":"LUCIOLE SKIN CARE SERUM HYALU GLOW 30ML"},"content":{"rendered":"","protected":false},"excerpt":{"rendered":"<p style=\"font-weight: 400;\">Cette formule \u00e0 base d\u2019eau combine des mol\u00e9cules d\u2019acide hyaluronique de diff\u00e9rents poids mol\u00e9culaires pour hydrater en profondeur les diff\u00e9rentes couches de votre peau. Enrichi avec l\u2019extrait d\u2019algues brunes, riche en antioxydants, min\u00e9raux et acides amin\u00e9s essentiels, Hyaluglow cible efficacement les rides et les irr\u00e9gularit\u00e9s de texture. La pr\u00e9sence de pro-vitamine B5 aide \u00e0 am\u00e9liorer l\u2019hydratation de la surface de la peau, pour une apparence plus lisse et rebondie.<\/p>\n<p style=\"font-weight: 400;\"><b><strong>Conseils d\u2019utilisation :<\/strong><\/b><\/p>\n<p style=\"font-weight: 400;\">Appliquer matin et soir\u00a0avec la paume de la main sur l\u2019ensemble du visage, cou et d\u00e9collet\u00e9.<\/p>\n","protected":false},"featured_media":18815,"comment_status":"open","ping_status":"closed","template":"","meta":[],"product_brand":[],"product_cat":[146,219,98,20],"product_tag":[],"class_list":{"0":"post-18814","1":"product","2":"type-product","3":"status-publish","4":"has-post-thumbnail","6":"product_cat-antioxydant","7":"product_cat-huiles-et-serums","8":"product_cat-hydratation","9":"product_cat-visage","11":"first","12":"instock","13":"shipping-taxable","14":"purchasable","15":"product-type-simple"},"yoast_head":"<!-- This site is optimized with the Yoast SEO plugin v23.0 - https:\/\/yoast.com\/wordpress\/plugins\/seo\/ -->\n<title>LUCIOLE SKIN CARE SERUM HYALU GLOW 30ML - pharmadreams<\/title>\n<meta name=\"robots\" content=\"index, follow, max-snippet:-1, max-image-preview:large, max-video-preview:-1\" \/>\n<link rel=\"canonical\" href=\"https:\/\/pharmadreams.shop\/index.php\/product\/luciole-skin-care-serum-hyalu-glow-30ml\/\" \/>\n<meta property=\"og:locale\" content=\"fr_FR\" \/>\n<meta property=\"og:type\" content=\"article\" \/>\n<meta property=\"og:title\" content=\"LUCIOLE SKIN CARE SERUM HYALU GLOW 30ML - pharmadreams\" \/>\n<meta property=\"og:description\" content=\"Cette formule \u00e0 base d\u2019eau combine des mol\u00e9cules d\u2019acide hyaluronique de diff\u00e9rents poids mol\u00e9culaires pour hydrater en profondeur les diff\u00e9rentes couches de votre peau. Enrichi avec l\u2019extrait d\u2019algues brunes, riche en antioxydants, min\u00e9raux et acides amin\u00e9s essentiels, Hyaluglow cible efficacement les rides et les irr\u00e9gularit\u00e9s de texture. La pr\u00e9sence de pro-vitamine B5 aide \u00e0 am\u00e9liorer l\u2019hydratation de la surface de la peau, pour une apparence plus lisse et rebondie. Conseils d\u2019utilisation : Appliquer matin et soir\u00a0avec la paume de la main sur l\u2019ensemble du visage, cou et d\u00e9collet\u00e9.\" \/>\n<meta property=\"og:url\" content=\"https:\/\/pharmadreams.shop\/index.php\/product\/luciole-skin-care-serum-hyalu-glow-30ml\/\" \/>\n<meta property=\"og:site_name\" content=\"pharmadreams\" \/>\n<meta property=\"og:image\" content=\"https:\/\/pharmadreams.shop\/wp-content\/uploads\/2024\/09\/luciole-skin-care-serum-hyalu-glow-30ml.jpg\" \/>\n\t<meta property=\"og:image:width\" content=\"500\" \/>\n\t<meta property=\"og:image:height\" content=\"500\" \/>\n\t<meta property=\"og:image:type\" content=\"image\/jpeg\" \/>\n<meta name=\"twitter:card\" content=\"summary_large_image\" \/>\n<meta name=\"twitter:label1\" content=\"Dur\u00e9e de lecture estim\u00e9e\" \/>\n\t<meta name=\"twitter:data1\" content=\"1 minute\" \/>\n<script type=\"application\/ld+json\" class=\"yoast-schema-graph\">{\"@context\":\"https:\/\/schema.org\",\"@graph\":[{\"@type\":\"WebPage\",\"@id\":\"https:\/\/pharmadreams.shop\/index.php\/product\/luciole-skin-care-serum-hyalu-glow-30ml\/\",\"url\":\"https:\/\/pharmadreams.shop\/index.php\/product\/luciole-skin-care-serum-hyalu-glow-30ml\/\",\"name\":\"LUCIOLE SKIN CARE SERUM HYALU GLOW 30ML - pharmadreams\",\"isPartOf\":{\"@id\":\"https:\/\/pharmadreams.shop\/#website\"},\"primaryImageOfPage\":{\"@id\":\"https:\/\/pharmadreams.shop\/index.php\/product\/luciole-skin-care-serum-hyalu-glow-30ml\/#primaryimage\"},\"image\":{\"@id\":\"https:\/\/pharmadreams.shop\/index.php\/product\/luciole-skin-care-serum-hyalu-glow-30ml\/#primaryimage\"},\"thumbnailUrl\":\"https:\/\/pharmadreams.shop\/wp-content\/uploads\/2024\/09\/luciole-skin-care-serum-hyalu-glow-30ml.jpg\",\"datePublished\":\"2024-09-24T15:51:26+00:00\",\"dateModified\":\"2024-09-24T15:51:26+00:00\",\"breadcrumb\":{\"@id\":\"https:\/\/pharmadreams.shop\/index.php\/product\/luciole-skin-care-serum-hyalu-glow-30ml\/#breadcrumb\"},\"inLanguage\":\"fr-FR\",\"potentialAction\":[{\"@type\":\"ReadAction\",\"target\":[\"https:\/\/pharmadreams.shop\/index.php\/product\/luciole-skin-care-serum-hyalu-glow-30ml\/\"]}]},{\"@type\":\"ImageObject\",\"inLanguage\":\"fr-FR\",\"@id\":\"https:\/\/pharmadreams.shop\/index.php\/product\/luciole-skin-care-serum-hyalu-glow-30ml\/#primaryimage\",\"url\":\"https:\/\/pharmadreams.shop\/wp-content\/uploads\/2024\/09\/luciole-skin-care-serum-hyalu-glow-30ml.jpg\",\"contentUrl\":\"https:\/\/pharmadreams.shop\/wp-content\/uploads\/2024\/09\/luciole-skin-care-serum-hyalu-glow-30ml.jpg\",\"width\":500,\"height\":500},{\"@type\":\"BreadcrumbList\",\"@id\":\"https:\/\/pharmadreams.shop\/index.php\/product\/luciole-skin-care-serum-hyalu-glow-30ml\/#breadcrumb\",\"itemListElement\":[{\"@type\":\"ListItem\",\"position\":1,\"name\":\"Accueil\",\"item\":\"https:\/\/pharmadreams.shop\/\"},{\"@type\":\"ListItem\",\"position\":2,\"name\":\"Shop\",\"item\":\"https:\/\/pharmadreams.shop\/index.php\/shop\/\"},{\"@type\":\"ListItem\",\"position\":3,\"name\":\"LUCIOLE SKIN CARE SERUM HYALU GLOW 30ML\"}]},{\"@type\":\"WebSite\",\"@id\":\"https:\/\/pharmadreams.shop\/#website\",\"url\":\"https:\/\/pharmadreams.shop\/\",\"name\":\"pharmadreams\",\"description\":\"Parapharmacie en ligne\",\"potentialAction\":[{\"@type\":\"SearchAction\",\"target\":{\"@type\":\"EntryPoint\",\"urlTemplate\":\"https:\/\/pharmadreams.shop\/?s={search_term_string}\"},\"query-input\":\"required name=search_term_string\"}],\"inLanguage\":\"fr-FR\"}]}<\/script>\n<!-- \/ Yoast SEO plugin. -->","yoast_head_json":{"title":"LUCIOLE SKIN CARE SERUM HYALU GLOW 30ML - pharmadreams","robots":{"index":"index","follow":"follow","max-snippet":"max-snippet:-1","max-image-preview":"max-image-preview:large","max-video-preview":"max-video-preview:-1"},"canonical":"https:\/\/pharmadreams.shop\/index.php\/product\/luciole-skin-care-serum-hyalu-glow-30ml\/","og_locale":"fr_FR","og_type":"article","og_title":"LUCIOLE SKIN CARE SERUM HYALU GLOW 30ML - pharmadreams","og_description":"Cette formule \u00e0 base d\u2019eau combine des mol\u00e9cules d\u2019acide hyaluronique de diff\u00e9rents poids mol\u00e9culaires pour hydrater en profondeur les diff\u00e9rentes couches de votre peau. Enrichi avec l\u2019extrait d\u2019algues brunes, riche en antioxydants, min\u00e9raux et acides amin\u00e9s essentiels, Hyaluglow cible efficacement les rides et les irr\u00e9gularit\u00e9s de texture. La pr\u00e9sence de pro-vitamine B5 aide \u00e0 am\u00e9liorer l\u2019hydratation de la surface de la peau, pour une apparence plus lisse et rebondie. Conseils d\u2019utilisation : Appliquer matin et soir\u00a0avec la paume de la main sur l\u2019ensemble du visage, cou et d\u00e9collet\u00e9.","og_url":"https:\/\/pharmadreams.shop\/index.php\/product\/luciole-skin-care-serum-hyalu-glow-30ml\/","og_site_name":"pharmadreams","og_image":[{"width":500,"height":500,"url":"https:\/\/pharmadreams.shop\/wp-content\/uploads\/2024\/09\/luciole-skin-care-serum-hyalu-glow-30ml.jpg","type":"image\/jpeg"}],"twitter_card":"summary_large_image","twitter_misc":{"Dur\u00e9e de lecture estim\u00e9e":"1 minute"},"schema":{"@context":"https:\/\/schema.org","@graph":[{"@type":"WebPage","@id":"https:\/\/pharmadreams.shop\/index.php\/product\/luciole-skin-care-serum-hyalu-glow-30ml\/","url":"https:\/\/pharmadreams.shop\/index.php\/product\/luciole-skin-care-serum-hyalu-glow-30ml\/","name":"LUCIOLE SKIN CARE SERUM HYALU GLOW 30ML - pharmadreams","isPartOf":{"@id":"https:\/\/pharmadreams.shop\/#website"},"primaryImageOfPage":{"@id":"https:\/\/pharmadreams.shop\/index.php\/product\/luciole-skin-care-serum-hyalu-glow-30ml\/#primaryimage"},"image":{"@id":"https:\/\/pharmadreams.shop\/index.php\/product\/luciole-skin-care-serum-hyalu-glow-30ml\/#primaryimage"},"thumbnailUrl":"https:\/\/pharmadreams.shop\/wp-content\/uploads\/2024\/09\/luciole-skin-care-serum-hyalu-glow-30ml.jpg","datePublished":"2024-09-24T15:51:26+00:00","dateModified":"2024-09-24T15:51:26+00:00","breadcrumb":{"@id":"https:\/\/pharmadreams.shop\/index.php\/product\/luciole-skin-care-serum-hyalu-glow-30ml\/#breadcrumb"},"inLanguage":"fr-FR","potentialAction":[{"@type":"ReadAction","target":["https:\/\/pharmadreams.shop\/index.php\/product\/luciole-skin-care-serum-hyalu-glow-30ml\/"]}]},{"@type":"ImageObject","inLanguage":"fr-FR","@id":"https:\/\/pharmadreams.shop\/index.php\/product\/luciole-skin-care-serum-hyalu-glow-30ml\/#primaryimage","url":"https:\/\/pharmadreams.shop\/wp-content\/uploads\/2024\/09\/luciole-skin-care-serum-hyalu-glow-30ml.jpg","contentUrl":"https:\/\/pharmadreams.shop\/wp-content\/uploads\/2024\/09\/luciole-skin-care-serum-hyalu-glow-30ml.jpg","width":500,"height":500},{"@type":"BreadcrumbList","@id":"https:\/\/pharmadreams.shop\/index.php\/product\/luciole-skin-care-serum-hyalu-glow-30ml\/#breadcrumb","itemListElement":[{"@type":"ListItem","position":1,"name":"Accueil","item":"https:\/\/pharmadreams.shop\/"},{"@type":"ListItem","position":2,"name":"Shop","item":"https:\/\/pharmadreams.shop\/index.php\/shop\/"},{"@type":"ListItem","position":3,"name":"LUCIOLE SKIN CARE SERUM HYALU GLOW 30ML"}]},{"@type":"WebSite","@id":"https:\/\/pharmadreams.shop\/#website","url":"https:\/\/pharmadreams.shop\/","name":"pharmadreams","description":"Parapharmacie en ligne","potentialAction":[{"@type":"SearchAction","target":{"@type":"EntryPoint","urlTemplate":"https:\/\/pharmadreams.shop\/?s={search_term_string}"},"query-input":"required name=search_term_string"}],"inLanguage":"fr-FR"}]}},"_links":{"self":[{"href":"https:\/\/pharmadreams.shop\/index.php\/wp-json\/wp\/v2\/product\/18814","targetHints":{"allow":["GET"]}}],"collection":[{"href":"https:\/\/pharmadreams.shop\/index.php\/wp-json\/wp\/v2\/product"}],"about":[{"href":"https:\/\/pharmadreams.shop\/index.php\/wp-json\/wp\/v2\/types\/product"}],"replies":[{"embeddable":true,"href":"https:\/\/pharmadreams.shop\/index.php\/wp-json\/wp\/v2\/comments?post=18814"}],"version-history":[{"count":0,"href":"https:\/\/pharmadreams.shop\/index.php\/wp-json\/wp\/v2\/product\/18814\/revisions"}],"wp:featuredmedia":[{"embeddable":true,"href":"https:\/\/pharmadreams.shop\/index.php\/wp-json\/wp\/v2\/media\/18815"}],"wp:attachment":[{"href":"https:\/\/pharmadreams.shop\/index.php\/wp-json\/wp\/v2\/media?parent=18814"}],"wp:term":[{"taxonomy":"product_brand","embeddable":true,"href":"https:\/\/pharmadreams.shop\/index.php\/wp-json\/wp\/v2\/product_brand?post=18814"},{"taxonomy":"product_cat","embeddable":true,"href":"https:\/\/pharmadreams.shop\/index.php\/wp-json\/wp\/v2\/product_cat?post=18814"},{"taxonomy":"product_tag","embeddable":true,"href":"https:\/\/pharmadreams.shop\/index.php\/wp-json\/wp\/v2\/product_tag?post=18814"}],"curies":[{"name":"wp","href":"https:\/\/api.w.org\/{rel}","templated":true}]}}