{"id":18817,"date":"2024-09-24T16:55:22","date_gmt":"2024-09-24T15:55:22","guid":{"rendered":"https:\/\/pharmadreams.shop\/?post_type=product&#038;p=18817"},"modified":"2024-09-24T16:55:22","modified_gmt":"2024-09-24T15:55:22","slug":"luciole-skin-care-glow-tonic-250ml","status":"publish","type":"product","link":"https:\/\/pharmadreams.shop\/index.php\/product\/luciole-skin-care-glow-tonic-250ml\/","title":{"rendered":"LUCIOLE SKIN CARE GLOW TONIC 250ML"},"content":{"rendered":"","protected":false},"excerpt":{"rendered":"<p style=\"font-weight: 400;\">La lotion tonique \u00ab Glow Tonic \u00bb est con\u00e7ue avec soin pour hydrater et uniformiser la peau\u00a0apr\u00e8s le nettoyage. Enrichie en hamam\u00e9lis, alo\u00e9 et extrait de camomille, elle clarifie et scelle\u00a0l&rsquo;humidit\u00e9, laissant la peau souple et revitalis\u00e9e. Cette lotion tonique concentr\u00e9e nettoie les\u00a0pores en profondeur, r\u00e9duisant l&rsquo;exc\u00e8s de s\u00e9bum et les impuret\u00e9s, tout en purifiant la peau et\u00a0en la pr\u00e9parant au soin ult\u00e9rieur. La peau devient \u00e9clatante, hydrat\u00e9e et visiblement am\u00e9lior\u00e9e,\u00a0avec une texture plus lisse, des pores resserr\u00e9s et un teint uniforme.<\/p>\n<p style=\"font-weight: 400;\"><b><strong>Conseils d\u2019utilisation :<\/strong><\/b><\/p>\n<p style=\"font-weight: 400;\">&#8211; Apr\u00e8s le nettoyage, prendre quelques gouttes sur un coton et appliquer doucement sur le\u00a0visage. Poursuivre en prenant directement quelques gouttes sur la paume des mains et tapoter\u00a0doucement le visage.<\/p>\n<p style=\"font-weight: 400;\">&#8211; Utiliser matin et soir avant le s\u00e9rum et la cr\u00e8me.<\/p>\n","protected":false},"featured_media":18818,"comment_status":"open","ping_status":"closed","template":"","meta":[],"product_brand":[],"product_cat":[20],"product_tag":[],"class_list":{"0":"post-18817","1":"product","2":"type-product","3":"status-publish","4":"has-post-thumbnail","6":"product_cat-visage","8":"first","9":"instock","10":"shipping-taxable","11":"purchasable","12":"product-type-simple"},"yoast_head":"<!-- This site is optimized with the Yoast SEO plugin v23.0 - https:\/\/yoast.com\/wordpress\/plugins\/seo\/ -->\n<title>LUCIOLE SKIN CARE GLOW TONIC 250ML - pharmadreams<\/title>\n<meta name=\"robots\" content=\"index, follow, max-snippet:-1, max-image-preview:large, max-video-preview:-1\" \/>\n<link rel=\"canonical\" href=\"https:\/\/pharmadreams.shop\/index.php\/product\/luciole-skin-care-glow-tonic-250ml\/\" \/>\n<meta property=\"og:locale\" content=\"fr_FR\" \/>\n<meta property=\"og:type\" content=\"article\" \/>\n<meta property=\"og:title\" content=\"LUCIOLE SKIN CARE GLOW TONIC 250ML - pharmadreams\" \/>\n<meta property=\"og:description\" content=\"La lotion tonique \u00ab Glow Tonic \u00bb est con\u00e7ue avec soin pour hydrater et uniformiser la peau\u00a0apr\u00e8s le nettoyage. Enrichie en hamam\u00e9lis, alo\u00e9 et extrait de camomille, elle clarifie et scelle\u00a0l&#039;humidit\u00e9, laissant la peau souple et revitalis\u00e9e. Cette lotion tonique concentr\u00e9e nettoie les\u00a0pores en profondeur, r\u00e9duisant l&#039;exc\u00e8s de s\u00e9bum et les impuret\u00e9s, tout en purifiant la peau et\u00a0en la pr\u00e9parant au soin ult\u00e9rieur. La peau devient \u00e9clatante, hydrat\u00e9e et visiblement am\u00e9lior\u00e9e,\u00a0avec une texture plus lisse, des pores resserr\u00e9s et un teint uniforme. Conseils d\u2019utilisation : - Apr\u00e8s le nettoyage, prendre quelques gouttes sur un coton et appliquer doucement sur le\u00a0visage. Poursuivre en prenant directement quelques gouttes sur la paume des mains et tapoter\u00a0doucement le visage. - Utiliser matin et soir avant le s\u00e9rum et la cr\u00e8me.\" \/>\n<meta property=\"og:url\" content=\"https:\/\/pharmadreams.shop\/index.php\/product\/luciole-skin-care-glow-tonic-250ml\/\" \/>\n<meta property=\"og:site_name\" content=\"pharmadreams\" \/>\n<meta property=\"og:image\" content=\"https:\/\/pharmadreams.shop\/wp-content\/uploads\/2024\/09\/luciole-skin-care-glow-tonic-250ml.jpg\" \/>\n\t<meta property=\"og:image:width\" content=\"500\" \/>\n\t<meta property=\"og:image:height\" content=\"500\" \/>\n\t<meta property=\"og:image:type\" content=\"image\/jpeg\" \/>\n<meta name=\"twitter:card\" content=\"summary_large_image\" \/>\n<meta name=\"twitter:label1\" content=\"Dur\u00e9e de lecture estim\u00e9e\" \/>\n\t<meta name=\"twitter:data1\" content=\"1 minute\" \/>\n<script type=\"application\/ld+json\" class=\"yoast-schema-graph\">{\"@context\":\"https:\/\/schema.org\",\"@graph\":[{\"@type\":\"WebPage\",\"@id\":\"https:\/\/pharmadreams.shop\/index.php\/product\/luciole-skin-care-glow-tonic-250ml\/\",\"url\":\"https:\/\/pharmadreams.shop\/index.php\/product\/luciole-skin-care-glow-tonic-250ml\/\",\"name\":\"LUCIOLE SKIN CARE GLOW TONIC 250ML - pharmadreams\",\"isPartOf\":{\"@id\":\"https:\/\/pharmadreams.shop\/#website\"},\"primaryImageOfPage\":{\"@id\":\"https:\/\/pharmadreams.shop\/index.php\/product\/luciole-skin-care-glow-tonic-250ml\/#primaryimage\"},\"image\":{\"@id\":\"https:\/\/pharmadreams.shop\/index.php\/product\/luciole-skin-care-glow-tonic-250ml\/#primaryimage\"},\"thumbnailUrl\":\"https:\/\/pharmadreams.shop\/wp-content\/uploads\/2024\/09\/luciole-skin-care-glow-tonic-250ml.jpg\",\"datePublished\":\"2024-09-24T15:55:22+00:00\",\"dateModified\":\"2024-09-24T15:55:22+00:00\",\"breadcrumb\":{\"@id\":\"https:\/\/pharmadreams.shop\/index.php\/product\/luciole-skin-care-glow-tonic-250ml\/#breadcrumb\"},\"inLanguage\":\"fr-FR\",\"potentialAction\":[{\"@type\":\"ReadAction\",\"target\":[\"https:\/\/pharmadreams.shop\/index.php\/product\/luciole-skin-care-glow-tonic-250ml\/\"]}]},{\"@type\":\"ImageObject\",\"inLanguage\":\"fr-FR\",\"@id\":\"https:\/\/pharmadreams.shop\/index.php\/product\/luciole-skin-care-glow-tonic-250ml\/#primaryimage\",\"url\":\"https:\/\/pharmadreams.shop\/wp-content\/uploads\/2024\/09\/luciole-skin-care-glow-tonic-250ml.jpg\",\"contentUrl\":\"https:\/\/pharmadreams.shop\/wp-content\/uploads\/2024\/09\/luciole-skin-care-glow-tonic-250ml.jpg\",\"width\":500,\"height\":500},{\"@type\":\"BreadcrumbList\",\"@id\":\"https:\/\/pharmadreams.shop\/index.php\/product\/luciole-skin-care-glow-tonic-250ml\/#breadcrumb\",\"itemListElement\":[{\"@type\":\"ListItem\",\"position\":1,\"name\":\"Accueil\",\"item\":\"https:\/\/pharmadreams.shop\/\"},{\"@type\":\"ListItem\",\"position\":2,\"name\":\"Shop\",\"item\":\"https:\/\/pharmadreams.shop\/index.php\/shop\/\"},{\"@type\":\"ListItem\",\"position\":3,\"name\":\"LUCIOLE SKIN CARE GLOW TONIC 250ML\"}]},{\"@type\":\"WebSite\",\"@id\":\"https:\/\/pharmadreams.shop\/#website\",\"url\":\"https:\/\/pharmadreams.shop\/\",\"name\":\"pharmadreams\",\"description\":\"Parapharmacie en ligne\",\"potentialAction\":[{\"@type\":\"SearchAction\",\"target\":{\"@type\":\"EntryPoint\",\"urlTemplate\":\"https:\/\/pharmadreams.shop\/?s={search_term_string}\"},\"query-input\":\"required name=search_term_string\"}],\"inLanguage\":\"fr-FR\"}]}<\/script>\n<!-- \/ Yoast SEO plugin. -->","yoast_head_json":{"title":"LUCIOLE SKIN CARE GLOW TONIC 250ML - pharmadreams","robots":{"index":"index","follow":"follow","max-snippet":"max-snippet:-1","max-image-preview":"max-image-preview:large","max-video-preview":"max-video-preview:-1"},"canonical":"https:\/\/pharmadreams.shop\/index.php\/product\/luciole-skin-care-glow-tonic-250ml\/","og_locale":"fr_FR","og_type":"article","og_title":"LUCIOLE SKIN CARE GLOW TONIC 250ML - pharmadreams","og_description":"La lotion tonique \u00ab Glow Tonic \u00bb est con\u00e7ue avec soin pour hydrater et uniformiser la peau\u00a0apr\u00e8s le nettoyage. Enrichie en hamam\u00e9lis, alo\u00e9 et extrait de camomille, elle clarifie et scelle\u00a0l'humidit\u00e9, laissant la peau souple et revitalis\u00e9e. Cette lotion tonique concentr\u00e9e nettoie les\u00a0pores en profondeur, r\u00e9duisant l'exc\u00e8s de s\u00e9bum et les impuret\u00e9s, tout en purifiant la peau et\u00a0en la pr\u00e9parant au soin ult\u00e9rieur. La peau devient \u00e9clatante, hydrat\u00e9e et visiblement am\u00e9lior\u00e9e,\u00a0avec une texture plus lisse, des pores resserr\u00e9s et un teint uniforme. Conseils d\u2019utilisation : - Apr\u00e8s le nettoyage, prendre quelques gouttes sur un coton et appliquer doucement sur le\u00a0visage. Poursuivre en prenant directement quelques gouttes sur la paume des mains et tapoter\u00a0doucement le visage. - Utiliser matin et soir avant le s\u00e9rum et la cr\u00e8me.","og_url":"https:\/\/pharmadreams.shop\/index.php\/product\/luciole-skin-care-glow-tonic-250ml\/","og_site_name":"pharmadreams","og_image":[{"width":500,"height":500,"url":"https:\/\/pharmadreams.shop\/wp-content\/uploads\/2024\/09\/luciole-skin-care-glow-tonic-250ml.jpg","type":"image\/jpeg"}],"twitter_card":"summary_large_image","twitter_misc":{"Dur\u00e9e de lecture estim\u00e9e":"1 minute"},"schema":{"@context":"https:\/\/schema.org","@graph":[{"@type":"WebPage","@id":"https:\/\/pharmadreams.shop\/index.php\/product\/luciole-skin-care-glow-tonic-250ml\/","url":"https:\/\/pharmadreams.shop\/index.php\/product\/luciole-skin-care-glow-tonic-250ml\/","name":"LUCIOLE SKIN CARE GLOW TONIC 250ML - pharmadreams","isPartOf":{"@id":"https:\/\/pharmadreams.shop\/#website"},"primaryImageOfPage":{"@id":"https:\/\/pharmadreams.shop\/index.php\/product\/luciole-skin-care-glow-tonic-250ml\/#primaryimage"},"image":{"@id":"https:\/\/pharmadreams.shop\/index.php\/product\/luciole-skin-care-glow-tonic-250ml\/#primaryimage"},"thumbnailUrl":"https:\/\/pharmadreams.shop\/wp-content\/uploads\/2024\/09\/luciole-skin-care-glow-tonic-250ml.jpg","datePublished":"2024-09-24T15:55:22+00:00","dateModified":"2024-09-24T15:55:22+00:00","breadcrumb":{"@id":"https:\/\/pharmadreams.shop\/index.php\/product\/luciole-skin-care-glow-tonic-250ml\/#breadcrumb"},"inLanguage":"fr-FR","potentialAction":[{"@type":"ReadAction","target":["https:\/\/pharmadreams.shop\/index.php\/product\/luciole-skin-care-glow-tonic-250ml\/"]}]},{"@type":"ImageObject","inLanguage":"fr-FR","@id":"https:\/\/pharmadreams.shop\/index.php\/product\/luciole-skin-care-glow-tonic-250ml\/#primaryimage","url":"https:\/\/pharmadreams.shop\/wp-content\/uploads\/2024\/09\/luciole-skin-care-glow-tonic-250ml.jpg","contentUrl":"https:\/\/pharmadreams.shop\/wp-content\/uploads\/2024\/09\/luciole-skin-care-glow-tonic-250ml.jpg","width":500,"height":500},{"@type":"BreadcrumbList","@id":"https:\/\/pharmadreams.shop\/index.php\/product\/luciole-skin-care-glow-tonic-250ml\/#breadcrumb","itemListElement":[{"@type":"ListItem","position":1,"name":"Accueil","item":"https:\/\/pharmadreams.shop\/"},{"@type":"ListItem","position":2,"name":"Shop","item":"https:\/\/pharmadreams.shop\/index.php\/shop\/"},{"@type":"ListItem","position":3,"name":"LUCIOLE SKIN CARE GLOW TONIC 250ML"}]},{"@type":"WebSite","@id":"https:\/\/pharmadreams.shop\/#website","url":"https:\/\/pharmadreams.shop\/","name":"pharmadreams","description":"Parapharmacie en ligne","potentialAction":[{"@type":"SearchAction","target":{"@type":"EntryPoint","urlTemplate":"https:\/\/pharmadreams.shop\/?s={search_term_string}"},"query-input":"required name=search_term_string"}],"inLanguage":"fr-FR"}]}},"_links":{"self":[{"href":"https:\/\/pharmadreams.shop\/index.php\/wp-json\/wp\/v2\/product\/18817","targetHints":{"allow":["GET"]}}],"collection":[{"href":"https:\/\/pharmadreams.shop\/index.php\/wp-json\/wp\/v2\/product"}],"about":[{"href":"https:\/\/pharmadreams.shop\/index.php\/wp-json\/wp\/v2\/types\/product"}],"replies":[{"embeddable":true,"href":"https:\/\/pharmadreams.shop\/index.php\/wp-json\/wp\/v2\/comments?post=18817"}],"version-history":[{"count":0,"href":"https:\/\/pharmadreams.shop\/index.php\/wp-json\/wp\/v2\/product\/18817\/revisions"}],"wp:featuredmedia":[{"embeddable":true,"href":"https:\/\/pharmadreams.shop\/index.php\/wp-json\/wp\/v2\/media\/18818"}],"wp:attachment":[{"href":"https:\/\/pharmadreams.shop\/index.php\/wp-json\/wp\/v2\/media?parent=18817"}],"wp:term":[{"taxonomy":"product_brand","embeddable":true,"href":"https:\/\/pharmadreams.shop\/index.php\/wp-json\/wp\/v2\/product_brand?post=18817"},{"taxonomy":"product_cat","embeddable":true,"href":"https:\/\/pharmadreams.shop\/index.php\/wp-json\/wp\/v2\/product_cat?post=18817"},{"taxonomy":"product_tag","embeddable":true,"href":"https:\/\/pharmadreams.shop\/index.php\/wp-json\/wp\/v2\/product_tag?post=18817"}],"curies":[{"name":"wp","href":"https:\/\/api.w.org\/{rel}","templated":true}]}}