{"id":18820,"date":"2024-09-24T16:59:03","date_gmt":"2024-09-24T15:59:03","guid":{"rendered":"https:\/\/pharmadreams.shop\/?post_type=product&#038;p=18820"},"modified":"2024-09-24T16:59:03","modified_gmt":"2024-09-24T15:59:03","slug":"luciole-skin-care-creme-radiance-booster-50ml","status":"publish","type":"product","link":"https:\/\/pharmadreams.shop\/index.php\/product\/luciole-skin-care-creme-radiance-booster-50ml\/","title":{"rendered":"LUCIOLE SKIN CARE CREME RADIANCE BOOSTER 50ML"},"content":{"rendered":"","protected":false},"excerpt":{"rendered":"<p style=\"font-weight: 400;\">La cr\u00e8me lact\u00e9e hydratante pour le visage Radiance Booster de la marque Luciole, un soin quotidien anti-taches et raffermissant, adapt\u00e9 \u00e0 tous les types de peau. Extr\u00eamement hydratant, il repulpe la peau sans \u00eatre gras ou lourd.<\/p>\n<p style=\"font-weight: 400;\">Particularit\u00e9s de cette cr\u00e8me visage :<\/p>\n<p style=\"font-weight: 400;\">La formule l\u00e9g\u00e8re et rafra\u00eechissante est bas\u00e9e sur la technologie qui exploite les propri\u00e9t\u00e9s b\u00e9n\u00e9fiques des lysats probiotiques pour soutenir la barri\u00e8re naturelle de la peau, aidant \u00e0 reconstituer les niveaux d\u2019hydratation et \u00e0 am\u00e9liorer le teint pour le rendre plus uniforme.<\/p>\n<p style=\"font-weight: 400;\">Radiance Booster est gorg\u00e9e de puissants actifs performants comme les probiotiques, les extraits naturels et le collag\u00e8ne marin.<\/p>\n<p style=\"font-weight: 400;\"><b><strong>Conseils d\u2019utilisation :<\/strong><\/b><\/p>\n<p style=\"font-weight: 400;\">Appliquez tous les jours matin et soir sur le visage et le cou, seul ou apr\u00e8s votre s\u00e9rum.<\/p>\n","protected":false},"featured_media":18821,"comment_status":"open","ping_status":"closed","template":"","meta":[],"product_brand":[],"product_cat":[85,20],"product_tag":[],"class_list":{"0":"post-18820","1":"product","2":"type-product","3":"status-publish","4":"has-post-thumbnail","6":"product_cat-hydratation-et-nutrition","7":"product_cat-visage","9":"first","10":"instock","11":"sale","12":"shipping-taxable","13":"purchasable","14":"product-type-simple"},"yoast_head":"<!-- This site is optimized with the Yoast SEO plugin v23.0 - https:\/\/yoast.com\/wordpress\/plugins\/seo\/ -->\n<title>LUCIOLE SKIN CARE CREME RADIANCE BOOSTER 50ML - pharmadreams<\/title>\n<meta name=\"robots\" content=\"index, follow, max-snippet:-1, max-image-preview:large, max-video-preview:-1\" \/>\n<link rel=\"canonical\" href=\"https:\/\/pharmadreams.shop\/index.php\/product\/luciole-skin-care-creme-radiance-booster-50ml\/\" \/>\n<meta property=\"og:locale\" content=\"fr_FR\" \/>\n<meta property=\"og:type\" content=\"article\" \/>\n<meta property=\"og:title\" content=\"LUCIOLE SKIN CARE CREME RADIANCE BOOSTER 50ML - pharmadreams\" \/>\n<meta property=\"og:description\" content=\"La cr\u00e8me lact\u00e9e hydratante pour le visage Radiance Booster de la marque Luciole, un soin quotidien anti-taches et raffermissant, adapt\u00e9 \u00e0 tous les types de peau. Extr\u00eamement hydratant, il repulpe la peau sans \u00eatre gras ou lourd. Particularit\u00e9s de cette cr\u00e8me visage : La formule l\u00e9g\u00e8re et rafra\u00eechissante est bas\u00e9e sur la technologie qui exploite les propri\u00e9t\u00e9s b\u00e9n\u00e9fiques des lysats probiotiques pour soutenir la barri\u00e8re naturelle de la peau, aidant \u00e0 reconstituer les niveaux d\u2019hydratation et \u00e0 am\u00e9liorer le teint pour le rendre plus uniforme. Radiance Booster est gorg\u00e9e de puissants actifs performants comme les probiotiques, les extraits naturels et le collag\u00e8ne marin. Conseils d\u2019utilisation : Appliquez tous les jours matin et soir sur le visage et le cou, seul ou apr\u00e8s votre s\u00e9rum.\" \/>\n<meta property=\"og:url\" content=\"https:\/\/pharmadreams.shop\/index.php\/product\/luciole-skin-care-creme-radiance-booster-50ml\/\" \/>\n<meta property=\"og:site_name\" content=\"pharmadreams\" \/>\n<meta property=\"og:image\" content=\"https:\/\/pharmadreams.shop\/wp-content\/uploads\/2024\/09\/luciole-skin-care-creme-radiance-booster-50ml.jpg\" \/>\n\t<meta property=\"og:image:width\" content=\"500\" \/>\n\t<meta property=\"og:image:height\" content=\"500\" \/>\n\t<meta property=\"og:image:type\" content=\"image\/jpeg\" \/>\n<meta name=\"twitter:card\" content=\"summary_large_image\" \/>\n<meta name=\"twitter:label1\" content=\"Dur\u00e9e de lecture estim\u00e9e\" \/>\n\t<meta name=\"twitter:data1\" content=\"1 minute\" \/>\n<script type=\"application\/ld+json\" class=\"yoast-schema-graph\">{\"@context\":\"https:\/\/schema.org\",\"@graph\":[{\"@type\":\"WebPage\",\"@id\":\"https:\/\/pharmadreams.shop\/index.php\/product\/luciole-skin-care-creme-radiance-booster-50ml\/\",\"url\":\"https:\/\/pharmadreams.shop\/index.php\/product\/luciole-skin-care-creme-radiance-booster-50ml\/\",\"name\":\"LUCIOLE SKIN CARE CREME RADIANCE BOOSTER 50ML - pharmadreams\",\"isPartOf\":{\"@id\":\"https:\/\/pharmadreams.shop\/#website\"},\"primaryImageOfPage\":{\"@id\":\"https:\/\/pharmadreams.shop\/index.php\/product\/luciole-skin-care-creme-radiance-booster-50ml\/#primaryimage\"},\"image\":{\"@id\":\"https:\/\/pharmadreams.shop\/index.php\/product\/luciole-skin-care-creme-radiance-booster-50ml\/#primaryimage\"},\"thumbnailUrl\":\"https:\/\/pharmadreams.shop\/wp-content\/uploads\/2024\/09\/luciole-skin-care-creme-radiance-booster-50ml.jpg\",\"datePublished\":\"2024-09-24T15:59:03+00:00\",\"dateModified\":\"2024-09-24T15:59:03+00:00\",\"breadcrumb\":{\"@id\":\"https:\/\/pharmadreams.shop\/index.php\/product\/luciole-skin-care-creme-radiance-booster-50ml\/#breadcrumb\"},\"inLanguage\":\"fr-FR\",\"potentialAction\":[{\"@type\":\"ReadAction\",\"target\":[\"https:\/\/pharmadreams.shop\/index.php\/product\/luciole-skin-care-creme-radiance-booster-50ml\/\"]}]},{\"@type\":\"ImageObject\",\"inLanguage\":\"fr-FR\",\"@id\":\"https:\/\/pharmadreams.shop\/index.php\/product\/luciole-skin-care-creme-radiance-booster-50ml\/#primaryimage\",\"url\":\"https:\/\/pharmadreams.shop\/wp-content\/uploads\/2024\/09\/luciole-skin-care-creme-radiance-booster-50ml.jpg\",\"contentUrl\":\"https:\/\/pharmadreams.shop\/wp-content\/uploads\/2024\/09\/luciole-skin-care-creme-radiance-booster-50ml.jpg\",\"width\":500,\"height\":500},{\"@type\":\"BreadcrumbList\",\"@id\":\"https:\/\/pharmadreams.shop\/index.php\/product\/luciole-skin-care-creme-radiance-booster-50ml\/#breadcrumb\",\"itemListElement\":[{\"@type\":\"ListItem\",\"position\":1,\"name\":\"Accueil\",\"item\":\"https:\/\/pharmadreams.shop\/\"},{\"@type\":\"ListItem\",\"position\":2,\"name\":\"Shop\",\"item\":\"https:\/\/pharmadreams.shop\/index.php\/shop\/\"},{\"@type\":\"ListItem\",\"position\":3,\"name\":\"LUCIOLE SKIN CARE CREME RADIANCE BOOSTER 50ML\"}]},{\"@type\":\"WebSite\",\"@id\":\"https:\/\/pharmadreams.shop\/#website\",\"url\":\"https:\/\/pharmadreams.shop\/\",\"name\":\"pharmadreams\",\"description\":\"Parapharmacie en ligne\",\"potentialAction\":[{\"@type\":\"SearchAction\",\"target\":{\"@type\":\"EntryPoint\",\"urlTemplate\":\"https:\/\/pharmadreams.shop\/?s={search_term_string}\"},\"query-input\":\"required name=search_term_string\"}],\"inLanguage\":\"fr-FR\"}]}<\/script>\n<!-- \/ Yoast SEO plugin. -->","yoast_head_json":{"title":"LUCIOLE SKIN CARE CREME RADIANCE BOOSTER 50ML - pharmadreams","robots":{"index":"index","follow":"follow","max-snippet":"max-snippet:-1","max-image-preview":"max-image-preview:large","max-video-preview":"max-video-preview:-1"},"canonical":"https:\/\/pharmadreams.shop\/index.php\/product\/luciole-skin-care-creme-radiance-booster-50ml\/","og_locale":"fr_FR","og_type":"article","og_title":"LUCIOLE SKIN CARE CREME RADIANCE BOOSTER 50ML - pharmadreams","og_description":"La cr\u00e8me lact\u00e9e hydratante pour le visage Radiance Booster de la marque Luciole, un soin quotidien anti-taches et raffermissant, adapt\u00e9 \u00e0 tous les types de peau. Extr\u00eamement hydratant, il repulpe la peau sans \u00eatre gras ou lourd. Particularit\u00e9s de cette cr\u00e8me visage : La formule l\u00e9g\u00e8re et rafra\u00eechissante est bas\u00e9e sur la technologie qui exploite les propri\u00e9t\u00e9s b\u00e9n\u00e9fiques des lysats probiotiques pour soutenir la barri\u00e8re naturelle de la peau, aidant \u00e0 reconstituer les niveaux d\u2019hydratation et \u00e0 am\u00e9liorer le teint pour le rendre plus uniforme. Radiance Booster est gorg\u00e9e de puissants actifs performants comme les probiotiques, les extraits naturels et le collag\u00e8ne marin. Conseils d\u2019utilisation : Appliquez tous les jours matin et soir sur le visage et le cou, seul ou apr\u00e8s votre s\u00e9rum.","og_url":"https:\/\/pharmadreams.shop\/index.php\/product\/luciole-skin-care-creme-radiance-booster-50ml\/","og_site_name":"pharmadreams","og_image":[{"width":500,"height":500,"url":"https:\/\/pharmadreams.shop\/wp-content\/uploads\/2024\/09\/luciole-skin-care-creme-radiance-booster-50ml.jpg","type":"image\/jpeg"}],"twitter_card":"summary_large_image","twitter_misc":{"Dur\u00e9e de lecture estim\u00e9e":"1 minute"},"schema":{"@context":"https:\/\/schema.org","@graph":[{"@type":"WebPage","@id":"https:\/\/pharmadreams.shop\/index.php\/product\/luciole-skin-care-creme-radiance-booster-50ml\/","url":"https:\/\/pharmadreams.shop\/index.php\/product\/luciole-skin-care-creme-radiance-booster-50ml\/","name":"LUCIOLE SKIN CARE CREME RADIANCE BOOSTER 50ML - pharmadreams","isPartOf":{"@id":"https:\/\/pharmadreams.shop\/#website"},"primaryImageOfPage":{"@id":"https:\/\/pharmadreams.shop\/index.php\/product\/luciole-skin-care-creme-radiance-booster-50ml\/#primaryimage"},"image":{"@id":"https:\/\/pharmadreams.shop\/index.php\/product\/luciole-skin-care-creme-radiance-booster-50ml\/#primaryimage"},"thumbnailUrl":"https:\/\/pharmadreams.shop\/wp-content\/uploads\/2024\/09\/luciole-skin-care-creme-radiance-booster-50ml.jpg","datePublished":"2024-09-24T15:59:03+00:00","dateModified":"2024-09-24T15:59:03+00:00","breadcrumb":{"@id":"https:\/\/pharmadreams.shop\/index.php\/product\/luciole-skin-care-creme-radiance-booster-50ml\/#breadcrumb"},"inLanguage":"fr-FR","potentialAction":[{"@type":"ReadAction","target":["https:\/\/pharmadreams.shop\/index.php\/product\/luciole-skin-care-creme-radiance-booster-50ml\/"]}]},{"@type":"ImageObject","inLanguage":"fr-FR","@id":"https:\/\/pharmadreams.shop\/index.php\/product\/luciole-skin-care-creme-radiance-booster-50ml\/#primaryimage","url":"https:\/\/pharmadreams.shop\/wp-content\/uploads\/2024\/09\/luciole-skin-care-creme-radiance-booster-50ml.jpg","contentUrl":"https:\/\/pharmadreams.shop\/wp-content\/uploads\/2024\/09\/luciole-skin-care-creme-radiance-booster-50ml.jpg","width":500,"height":500},{"@type":"BreadcrumbList","@id":"https:\/\/pharmadreams.shop\/index.php\/product\/luciole-skin-care-creme-radiance-booster-50ml\/#breadcrumb","itemListElement":[{"@type":"ListItem","position":1,"name":"Accueil","item":"https:\/\/pharmadreams.shop\/"},{"@type":"ListItem","position":2,"name":"Shop","item":"https:\/\/pharmadreams.shop\/index.php\/shop\/"},{"@type":"ListItem","position":3,"name":"LUCIOLE SKIN CARE CREME RADIANCE BOOSTER 50ML"}]},{"@type":"WebSite","@id":"https:\/\/pharmadreams.shop\/#website","url":"https:\/\/pharmadreams.shop\/","name":"pharmadreams","description":"Parapharmacie en ligne","potentialAction":[{"@type":"SearchAction","target":{"@type":"EntryPoint","urlTemplate":"https:\/\/pharmadreams.shop\/?s={search_term_string}"},"query-input":"required name=search_term_string"}],"inLanguage":"fr-FR"}]}},"_links":{"self":[{"href":"https:\/\/pharmadreams.shop\/index.php\/wp-json\/wp\/v2\/product\/18820","targetHints":{"allow":["GET"]}}],"collection":[{"href":"https:\/\/pharmadreams.shop\/index.php\/wp-json\/wp\/v2\/product"}],"about":[{"href":"https:\/\/pharmadreams.shop\/index.php\/wp-json\/wp\/v2\/types\/product"}],"replies":[{"embeddable":true,"href":"https:\/\/pharmadreams.shop\/index.php\/wp-json\/wp\/v2\/comments?post=18820"}],"version-history":[{"count":0,"href":"https:\/\/pharmadreams.shop\/index.php\/wp-json\/wp\/v2\/product\/18820\/revisions"}],"wp:featuredmedia":[{"embeddable":true,"href":"https:\/\/pharmadreams.shop\/index.php\/wp-json\/wp\/v2\/media\/18821"}],"wp:attachment":[{"href":"https:\/\/pharmadreams.shop\/index.php\/wp-json\/wp\/v2\/media?parent=18820"}],"wp:term":[{"taxonomy":"product_brand","embeddable":true,"href":"https:\/\/pharmadreams.shop\/index.php\/wp-json\/wp\/v2\/product_brand?post=18820"},{"taxonomy":"product_cat","embeddable":true,"href":"https:\/\/pharmadreams.shop\/index.php\/wp-json\/wp\/v2\/product_cat?post=18820"},{"taxonomy":"product_tag","embeddable":true,"href":"https:\/\/pharmadreams.shop\/index.php\/wp-json\/wp\/v2\/product_tag?post=18820"}],"curies":[{"name":"wp","href":"https:\/\/api.w.org\/{rel}","templated":true}]}}