{"id":18847,"date":"2024-10-21T17:19:35","date_gmt":"2024-10-21T16:19:35","guid":{"rendered":"https:\/\/pharmadreams.shop\/?post_type=product&#038;p=18847"},"modified":"2024-10-21T17:19:35","modified_gmt":"2024-10-21T16:19:35","slug":"loramel-collagene-caviar-shampoing-professionnel-300ml","status":"publish","type":"product","link":"https:\/\/pharmadreams.shop\/index.php\/product\/loramel-collagene-caviar-shampoing-professionnel-300ml\/","title":{"rendered":"L&rsquo;Oramel Collag\u00e8ne Caviar &#8211; Shampoing Professionnel &#8211; 300ml"},"content":{"rendered":"","protected":false},"excerpt":{"rendered":"<p>Collag\u00e8ne Caviar Shampoing de la gamme L&rsquo;Oramel Hair Care est la solution id\u00e9al pour nettoyer vos cheveux en profondeur sans agresser le cuir chevelu.<\/p>\n<p>\u00c0 base de collag\u00e8ne et caviar, le shampoing Collag\u00e8ne Caviar a un pouvoir lissant et r\u00e9parateur qui assouplit et hydrate la fibre capillaire intens\u00e9ment.<\/p>\n","protected":false},"featured_media":18848,"comment_status":"open","ping_status":"closed","template":"","meta":[],"product_brand":[],"product_cat":[53,82,110],"product_tag":[],"class_list":{"0":"post-18847","1":"product","2":"type-product","3":"status-publish","4":"has-post-thumbnail","6":"product_cat-cheveux","7":"product_cat-shampooing","8":"product_cat-soin-cheveux","10":"first","11":"instock","12":"shipping-taxable","13":"purchasable","14":"product-type-simple"},"yoast_head":"<!-- This site is optimized with the Yoast SEO plugin v23.0 - https:\/\/yoast.com\/wordpress\/plugins\/seo\/ -->\n<title>L&#039;Oramel Collag\u00e8ne Caviar - Shampoing Professionnel - 300ml - pharmadreams<\/title>\n<meta name=\"robots\" content=\"index, follow, max-snippet:-1, max-image-preview:large, max-video-preview:-1\" \/>\n<link rel=\"canonical\" href=\"https:\/\/pharmadreams.shop\/index.php\/product\/loramel-collagene-caviar-shampoing-professionnel-300ml\/\" \/>\n<meta property=\"og:locale\" content=\"fr_FR\" \/>\n<meta property=\"og:type\" content=\"article\" \/>\n<meta property=\"og:title\" content=\"L&#039;Oramel Collag\u00e8ne Caviar - Shampoing Professionnel - 300ml - pharmadreams\" \/>\n<meta property=\"og:description\" content=\"Collag\u00e8ne Caviar Shampoing de la gamme L&#039;Oramel Hair Care est la solution id\u00e9al pour nettoyer vos cheveux en profondeur sans agresser le cuir chevelu.  \u00c0 base de collag\u00e8ne et caviar, le shampoing Collag\u00e8ne Caviar a un pouvoir lissant et r\u00e9parateur qui assouplit et hydrate la fibre capillaire intens\u00e9ment.\" \/>\n<meta property=\"og:url\" content=\"https:\/\/pharmadreams.shop\/index.php\/product\/loramel-collagene-caviar-shampoing-professionnel-300ml\/\" \/>\n<meta property=\"og:site_name\" content=\"pharmadreams\" \/>\n<meta property=\"og:image\" content=\"https:\/\/pharmadreams.shop\/wp-content\/uploads\/2024\/10\/apres-shampoing-professionnel-l-oramel-conditioner-300ml.jpg\" \/>\n\t<meta property=\"og:image:width\" content=\"250\" \/>\n\t<meta property=\"og:image:height\" content=\"250\" \/>\n\t<meta property=\"og:image:type\" content=\"image\/jpeg\" \/>\n<meta name=\"twitter:card\" content=\"summary_large_image\" \/>\n<meta name=\"twitter:label1\" content=\"Dur\u00e9e de lecture estim\u00e9e\" \/>\n\t<meta name=\"twitter:data1\" content=\"1 minute\" \/>\n<script type=\"application\/ld+json\" class=\"yoast-schema-graph\">{\"@context\":\"https:\/\/schema.org\",\"@graph\":[{\"@type\":\"WebPage\",\"@id\":\"https:\/\/pharmadreams.shop\/index.php\/product\/loramel-collagene-caviar-shampoing-professionnel-300ml\/\",\"url\":\"https:\/\/pharmadreams.shop\/index.php\/product\/loramel-collagene-caviar-shampoing-professionnel-300ml\/\",\"name\":\"L'Oramel Collag\u00e8ne Caviar - Shampoing Professionnel - 300ml - pharmadreams\",\"isPartOf\":{\"@id\":\"https:\/\/pharmadreams.shop\/#website\"},\"primaryImageOfPage\":{\"@id\":\"https:\/\/pharmadreams.shop\/index.php\/product\/loramel-collagene-caviar-shampoing-professionnel-300ml\/#primaryimage\"},\"image\":{\"@id\":\"https:\/\/pharmadreams.shop\/index.php\/product\/loramel-collagene-caviar-shampoing-professionnel-300ml\/#primaryimage\"},\"thumbnailUrl\":\"https:\/\/pharmadreams.shop\/wp-content\/uploads\/2024\/10\/apres-shampoing-professionnel-l-oramel-conditioner-300ml.jpg\",\"datePublished\":\"2024-10-21T16:19:35+00:00\",\"dateModified\":\"2024-10-21T16:19:35+00:00\",\"breadcrumb\":{\"@id\":\"https:\/\/pharmadreams.shop\/index.php\/product\/loramel-collagene-caviar-shampoing-professionnel-300ml\/#breadcrumb\"},\"inLanguage\":\"fr-FR\",\"potentialAction\":[{\"@type\":\"ReadAction\",\"target\":[\"https:\/\/pharmadreams.shop\/index.php\/product\/loramel-collagene-caviar-shampoing-professionnel-300ml\/\"]}]},{\"@type\":\"ImageObject\",\"inLanguage\":\"fr-FR\",\"@id\":\"https:\/\/pharmadreams.shop\/index.php\/product\/loramel-collagene-caviar-shampoing-professionnel-300ml\/#primaryimage\",\"url\":\"https:\/\/pharmadreams.shop\/wp-content\/uploads\/2024\/10\/apres-shampoing-professionnel-l-oramel-conditioner-300ml.jpg\",\"contentUrl\":\"https:\/\/pharmadreams.shop\/wp-content\/uploads\/2024\/10\/apres-shampoing-professionnel-l-oramel-conditioner-300ml.jpg\",\"width\":250,\"height\":250},{\"@type\":\"BreadcrumbList\",\"@id\":\"https:\/\/pharmadreams.shop\/index.php\/product\/loramel-collagene-caviar-shampoing-professionnel-300ml\/#breadcrumb\",\"itemListElement\":[{\"@type\":\"ListItem\",\"position\":1,\"name\":\"Accueil\",\"item\":\"https:\/\/pharmadreams.shop\/\"},{\"@type\":\"ListItem\",\"position\":2,\"name\":\"Shop\",\"item\":\"https:\/\/pharmadreams.shop\/index.php\/shop\/\"},{\"@type\":\"ListItem\",\"position\":3,\"name\":\"L&#8217;Oramel Collag\u00e8ne Caviar &#8211; Shampoing Professionnel &#8211; 300ml\"}]},{\"@type\":\"WebSite\",\"@id\":\"https:\/\/pharmadreams.shop\/#website\",\"url\":\"https:\/\/pharmadreams.shop\/\",\"name\":\"pharmadreams\",\"description\":\"Parapharmacie en ligne\",\"potentialAction\":[{\"@type\":\"SearchAction\",\"target\":{\"@type\":\"EntryPoint\",\"urlTemplate\":\"https:\/\/pharmadreams.shop\/?s={search_term_string}\"},\"query-input\":\"required name=search_term_string\"}],\"inLanguage\":\"fr-FR\"}]}<\/script>\n<!-- \/ Yoast SEO plugin. -->","yoast_head_json":{"title":"L'Oramel Collag\u00e8ne Caviar - Shampoing Professionnel - 300ml - pharmadreams","robots":{"index":"index","follow":"follow","max-snippet":"max-snippet:-1","max-image-preview":"max-image-preview:large","max-video-preview":"max-video-preview:-1"},"canonical":"https:\/\/pharmadreams.shop\/index.php\/product\/loramel-collagene-caviar-shampoing-professionnel-300ml\/","og_locale":"fr_FR","og_type":"article","og_title":"L'Oramel Collag\u00e8ne Caviar - Shampoing Professionnel - 300ml - pharmadreams","og_description":"Collag\u00e8ne Caviar Shampoing de la gamme L'Oramel Hair Care est la solution id\u00e9al pour nettoyer vos cheveux en profondeur sans agresser le cuir chevelu.  \u00c0 base de collag\u00e8ne et caviar, le shampoing Collag\u00e8ne Caviar a un pouvoir lissant et r\u00e9parateur qui assouplit et hydrate la fibre capillaire intens\u00e9ment.","og_url":"https:\/\/pharmadreams.shop\/index.php\/product\/loramel-collagene-caviar-shampoing-professionnel-300ml\/","og_site_name":"pharmadreams","og_image":[{"width":250,"height":250,"url":"https:\/\/pharmadreams.shop\/wp-content\/uploads\/2024\/10\/apres-shampoing-professionnel-l-oramel-conditioner-300ml.jpg","type":"image\/jpeg"}],"twitter_card":"summary_large_image","twitter_misc":{"Dur\u00e9e de lecture estim\u00e9e":"1 minute"},"schema":{"@context":"https:\/\/schema.org","@graph":[{"@type":"WebPage","@id":"https:\/\/pharmadreams.shop\/index.php\/product\/loramel-collagene-caviar-shampoing-professionnel-300ml\/","url":"https:\/\/pharmadreams.shop\/index.php\/product\/loramel-collagene-caviar-shampoing-professionnel-300ml\/","name":"L'Oramel Collag\u00e8ne Caviar - Shampoing Professionnel - 300ml - pharmadreams","isPartOf":{"@id":"https:\/\/pharmadreams.shop\/#website"},"primaryImageOfPage":{"@id":"https:\/\/pharmadreams.shop\/index.php\/product\/loramel-collagene-caviar-shampoing-professionnel-300ml\/#primaryimage"},"image":{"@id":"https:\/\/pharmadreams.shop\/index.php\/product\/loramel-collagene-caviar-shampoing-professionnel-300ml\/#primaryimage"},"thumbnailUrl":"https:\/\/pharmadreams.shop\/wp-content\/uploads\/2024\/10\/apres-shampoing-professionnel-l-oramel-conditioner-300ml.jpg","datePublished":"2024-10-21T16:19:35+00:00","dateModified":"2024-10-21T16:19:35+00:00","breadcrumb":{"@id":"https:\/\/pharmadreams.shop\/index.php\/product\/loramel-collagene-caviar-shampoing-professionnel-300ml\/#breadcrumb"},"inLanguage":"fr-FR","potentialAction":[{"@type":"ReadAction","target":["https:\/\/pharmadreams.shop\/index.php\/product\/loramel-collagene-caviar-shampoing-professionnel-300ml\/"]}]},{"@type":"ImageObject","inLanguage":"fr-FR","@id":"https:\/\/pharmadreams.shop\/index.php\/product\/loramel-collagene-caviar-shampoing-professionnel-300ml\/#primaryimage","url":"https:\/\/pharmadreams.shop\/wp-content\/uploads\/2024\/10\/apres-shampoing-professionnel-l-oramel-conditioner-300ml.jpg","contentUrl":"https:\/\/pharmadreams.shop\/wp-content\/uploads\/2024\/10\/apres-shampoing-professionnel-l-oramel-conditioner-300ml.jpg","width":250,"height":250},{"@type":"BreadcrumbList","@id":"https:\/\/pharmadreams.shop\/index.php\/product\/loramel-collagene-caviar-shampoing-professionnel-300ml\/#breadcrumb","itemListElement":[{"@type":"ListItem","position":1,"name":"Accueil","item":"https:\/\/pharmadreams.shop\/"},{"@type":"ListItem","position":2,"name":"Shop","item":"https:\/\/pharmadreams.shop\/index.php\/shop\/"},{"@type":"ListItem","position":3,"name":"L&#8217;Oramel Collag\u00e8ne Caviar &#8211; Shampoing Professionnel &#8211; 300ml"}]},{"@type":"WebSite","@id":"https:\/\/pharmadreams.shop\/#website","url":"https:\/\/pharmadreams.shop\/","name":"pharmadreams","description":"Parapharmacie en ligne","potentialAction":[{"@type":"SearchAction","target":{"@type":"EntryPoint","urlTemplate":"https:\/\/pharmadreams.shop\/?s={search_term_string}"},"query-input":"required name=search_term_string"}],"inLanguage":"fr-FR"}]}},"_links":{"self":[{"href":"https:\/\/pharmadreams.shop\/index.php\/wp-json\/wp\/v2\/product\/18847","targetHints":{"allow":["GET"]}}],"collection":[{"href":"https:\/\/pharmadreams.shop\/index.php\/wp-json\/wp\/v2\/product"}],"about":[{"href":"https:\/\/pharmadreams.shop\/index.php\/wp-json\/wp\/v2\/types\/product"}],"replies":[{"embeddable":true,"href":"https:\/\/pharmadreams.shop\/index.php\/wp-json\/wp\/v2\/comments?post=18847"}],"version-history":[{"count":0,"href":"https:\/\/pharmadreams.shop\/index.php\/wp-json\/wp\/v2\/product\/18847\/revisions"}],"wp:featuredmedia":[{"embeddable":true,"href":"https:\/\/pharmadreams.shop\/index.php\/wp-json\/wp\/v2\/media\/18848"}],"wp:attachment":[{"href":"https:\/\/pharmadreams.shop\/index.php\/wp-json\/wp\/v2\/media?parent=18847"}],"wp:term":[{"taxonomy":"product_brand","embeddable":true,"href":"https:\/\/pharmadreams.shop\/index.php\/wp-json\/wp\/v2\/product_brand?post=18847"},{"taxonomy":"product_cat","embeddable":true,"href":"https:\/\/pharmadreams.shop\/index.php\/wp-json\/wp\/v2\/product_cat?post=18847"},{"taxonomy":"product_tag","embeddable":true,"href":"https:\/\/pharmadreams.shop\/index.php\/wp-json\/wp\/v2\/product_tag?post=18847"}],"curies":[{"name":"wp","href":"https:\/\/api.w.org\/{rel}","templated":true}]}}