{"id":18859,"date":"2024-10-21T17:47:36","date_gmt":"2024-10-21T16:47:36","guid":{"rendered":"https:\/\/pharmadreams.shop\/?post_type=product&#038;p=18859"},"modified":"2024-10-21T17:47:36","modified_gmt":"2024-10-21T16:47:36","slug":"phyteal-dpigma-ecran-teinte-beige-rose-spf50eau-micellaire-a-laloe-vera-150ml-offerte","status":"publish","type":"product","link":"https:\/\/pharmadreams.shop\/index.php\/product\/phyteal-dpigma-ecran-teinte-beige-rose-spf50eau-micellaire-a-laloe-vera-150ml-offerte\/","title":{"rendered":"PHYTEAL DPIGMA ECRAN TEINTE BEIGE ROS\u00c9 SPF50+EAU MICELLAIRE A L&rsquo;ALOE VERA 150ML (OFFERTE)"},"content":{"rendered":"","protected":false},"excerpt":{"rendered":"<p>Dpigma \u00c9cran Teint\u00e9 Ros\u00e9 SPF 50+ est un soin solaire 6-en-1 avec une teinte beige ros\u00e9 id\u00e9ale pour les peaux mates. Il offre une protection solaire tr\u00e8s haute (SPF 50+) gr\u00e2ce \u00e0 des filtres min\u00e9raux (oxyde de titane et oxyde de zinc) contre les UVB et UVA.<\/p>\n","protected":false},"featured_media":18860,"comment_status":"open","ping_status":"closed","template":"","meta":[],"product_brand":[],"product_cat":[90,231,20],"product_tag":[],"class_list":{"0":"post-18859","1":"product","2":"type-product","3":"status-publish","4":"has-post-thumbnail","6":"product_cat-anti-tache","7":"product_cat-ecran-solaire","8":"product_cat-visage","10":"first","11":"instock","12":"shipping-taxable","13":"purchasable","14":"product-type-simple"},"yoast_head":"<!-- This site is optimized with the Yoast SEO plugin v23.0 - https:\/\/yoast.com\/wordpress\/plugins\/seo\/ -->\n<title>PHYTEAL DPIGMA ECRAN TEINTE BEIGE ROS\u00c9 SPF50+EAU MICELLAIRE A L&#039;ALOE VERA 150ML (OFFERTE) - pharmadreams<\/title>\n<meta name=\"robots\" content=\"index, follow, max-snippet:-1, max-image-preview:large, max-video-preview:-1\" \/>\n<link rel=\"canonical\" href=\"https:\/\/pharmadreams.shop\/index.php\/product\/phyteal-dpigma-ecran-teinte-beige-rose-spf50eau-micellaire-a-laloe-vera-150ml-offerte\/\" \/>\n<meta property=\"og:locale\" content=\"fr_FR\" \/>\n<meta property=\"og:type\" content=\"article\" \/>\n<meta property=\"og:title\" content=\"PHYTEAL DPIGMA ECRAN TEINTE BEIGE ROS\u00c9 SPF50+EAU MICELLAIRE A L&#039;ALOE VERA 150ML (OFFERTE) - pharmadreams\" \/>\n<meta property=\"og:description\" content=\"Dpigma \u00c9cran Teint\u00e9 Ros\u00e9 SPF 50+ est un soin solaire 6-en-1 avec une teinte beige ros\u00e9 id\u00e9ale pour les peaux mates. Il offre une protection solaire tr\u00e8s haute (SPF 50+) gr\u00e2ce \u00e0 des filtres min\u00e9raux (oxyde de titane et oxyde de zinc) contre les UVB et UVA.\" \/>\n<meta property=\"og:url\" content=\"https:\/\/pharmadreams.shop\/index.php\/product\/phyteal-dpigma-ecran-teinte-beige-rose-spf50eau-micellaire-a-laloe-vera-150ml-offerte\/\" \/>\n<meta property=\"og:site_name\" content=\"pharmadreams\" \/>\n<meta property=\"og:image\" content=\"https:\/\/pharmadreams.shop\/wp-content\/uploads\/2024\/10\/coffret-d-pigma-ecran-teinte-beige-rose-spf50-eau-micellaire-150ml.jpg\" \/>\n\t<meta property=\"og:image:width\" content=\"452\" \/>\n\t<meta property=\"og:image:height\" content=\"452\" \/>\n\t<meta property=\"og:image:type\" content=\"image\/jpeg\" \/>\n<meta name=\"twitter:card\" content=\"summary_large_image\" \/>\n<meta name=\"twitter:label1\" content=\"Dur\u00e9e de lecture estim\u00e9e\" \/>\n\t<meta name=\"twitter:data1\" content=\"1 minute\" \/>\n<script type=\"application\/ld+json\" class=\"yoast-schema-graph\">{\"@context\":\"https:\/\/schema.org\",\"@graph\":[{\"@type\":\"WebPage\",\"@id\":\"https:\/\/pharmadreams.shop\/index.php\/product\/phyteal-dpigma-ecran-teinte-beige-rose-spf50eau-micellaire-a-laloe-vera-150ml-offerte\/\",\"url\":\"https:\/\/pharmadreams.shop\/index.php\/product\/phyteal-dpigma-ecran-teinte-beige-rose-spf50eau-micellaire-a-laloe-vera-150ml-offerte\/\",\"name\":\"PHYTEAL DPIGMA ECRAN TEINTE BEIGE ROS\u00c9 SPF50+EAU MICELLAIRE A L'ALOE VERA 150ML (OFFERTE) - pharmadreams\",\"isPartOf\":{\"@id\":\"https:\/\/pharmadreams.shop\/#website\"},\"primaryImageOfPage\":{\"@id\":\"https:\/\/pharmadreams.shop\/index.php\/product\/phyteal-dpigma-ecran-teinte-beige-rose-spf50eau-micellaire-a-laloe-vera-150ml-offerte\/#primaryimage\"},\"image\":{\"@id\":\"https:\/\/pharmadreams.shop\/index.php\/product\/phyteal-dpigma-ecran-teinte-beige-rose-spf50eau-micellaire-a-laloe-vera-150ml-offerte\/#primaryimage\"},\"thumbnailUrl\":\"https:\/\/pharmadreams.shop\/wp-content\/uploads\/2024\/10\/coffret-d-pigma-ecran-teinte-beige-rose-spf50-eau-micellaire-150ml.jpg\",\"datePublished\":\"2024-10-21T16:47:36+00:00\",\"dateModified\":\"2024-10-21T16:47:36+00:00\",\"breadcrumb\":{\"@id\":\"https:\/\/pharmadreams.shop\/index.php\/product\/phyteal-dpigma-ecran-teinte-beige-rose-spf50eau-micellaire-a-laloe-vera-150ml-offerte\/#breadcrumb\"},\"inLanguage\":\"fr-FR\",\"potentialAction\":[{\"@type\":\"ReadAction\",\"target\":[\"https:\/\/pharmadreams.shop\/index.php\/product\/phyteal-dpigma-ecran-teinte-beige-rose-spf50eau-micellaire-a-laloe-vera-150ml-offerte\/\"]}]},{\"@type\":\"ImageObject\",\"inLanguage\":\"fr-FR\",\"@id\":\"https:\/\/pharmadreams.shop\/index.php\/product\/phyteal-dpigma-ecran-teinte-beige-rose-spf50eau-micellaire-a-laloe-vera-150ml-offerte\/#primaryimage\",\"url\":\"https:\/\/pharmadreams.shop\/wp-content\/uploads\/2024\/10\/coffret-d-pigma-ecran-teinte-beige-rose-spf50-eau-micellaire-150ml.jpg\",\"contentUrl\":\"https:\/\/pharmadreams.shop\/wp-content\/uploads\/2024\/10\/coffret-d-pigma-ecran-teinte-beige-rose-spf50-eau-micellaire-150ml.jpg\",\"width\":452,\"height\":452},{\"@type\":\"BreadcrumbList\",\"@id\":\"https:\/\/pharmadreams.shop\/index.php\/product\/phyteal-dpigma-ecran-teinte-beige-rose-spf50eau-micellaire-a-laloe-vera-150ml-offerte\/#breadcrumb\",\"itemListElement\":[{\"@type\":\"ListItem\",\"position\":1,\"name\":\"Accueil\",\"item\":\"https:\/\/pharmadreams.shop\/\"},{\"@type\":\"ListItem\",\"position\":2,\"name\":\"Shop\",\"item\":\"https:\/\/pharmadreams.shop\/index.php\/shop\/\"},{\"@type\":\"ListItem\",\"position\":3,\"name\":\"PHYTEAL DPIGMA ECRAN TEINTE BEIGE ROS\u00c9 SPF50+EAU MICELLAIRE A L&#8217;ALOE VERA 150ML (OFFERTE)\"}]},{\"@type\":\"WebSite\",\"@id\":\"https:\/\/pharmadreams.shop\/#website\",\"url\":\"https:\/\/pharmadreams.shop\/\",\"name\":\"pharmadreams\",\"description\":\"Parapharmacie en ligne\",\"potentialAction\":[{\"@type\":\"SearchAction\",\"target\":{\"@type\":\"EntryPoint\",\"urlTemplate\":\"https:\/\/pharmadreams.shop\/?s={search_term_string}\"},\"query-input\":\"required name=search_term_string\"}],\"inLanguage\":\"fr-FR\"}]}<\/script>\n<!-- \/ Yoast SEO plugin. -->","yoast_head_json":{"title":"PHYTEAL DPIGMA ECRAN TEINTE BEIGE ROS\u00c9 SPF50+EAU MICELLAIRE A L'ALOE VERA 150ML (OFFERTE) - pharmadreams","robots":{"index":"index","follow":"follow","max-snippet":"max-snippet:-1","max-image-preview":"max-image-preview:large","max-video-preview":"max-video-preview:-1"},"canonical":"https:\/\/pharmadreams.shop\/index.php\/product\/phyteal-dpigma-ecran-teinte-beige-rose-spf50eau-micellaire-a-laloe-vera-150ml-offerte\/","og_locale":"fr_FR","og_type":"article","og_title":"PHYTEAL DPIGMA ECRAN TEINTE BEIGE ROS\u00c9 SPF50+EAU MICELLAIRE A L'ALOE VERA 150ML (OFFERTE) - pharmadreams","og_description":"Dpigma \u00c9cran Teint\u00e9 Ros\u00e9 SPF 50+ est un soin solaire 6-en-1 avec une teinte beige ros\u00e9 id\u00e9ale pour les peaux mates. Il offre une protection solaire tr\u00e8s haute (SPF 50+) gr\u00e2ce \u00e0 des filtres min\u00e9raux (oxyde de titane et oxyde de zinc) contre les UVB et UVA.","og_url":"https:\/\/pharmadreams.shop\/index.php\/product\/phyteal-dpigma-ecran-teinte-beige-rose-spf50eau-micellaire-a-laloe-vera-150ml-offerte\/","og_site_name":"pharmadreams","og_image":[{"width":452,"height":452,"url":"https:\/\/pharmadreams.shop\/wp-content\/uploads\/2024\/10\/coffret-d-pigma-ecran-teinte-beige-rose-spf50-eau-micellaire-150ml.jpg","type":"image\/jpeg"}],"twitter_card":"summary_large_image","twitter_misc":{"Dur\u00e9e de lecture estim\u00e9e":"1 minute"},"schema":{"@context":"https:\/\/schema.org","@graph":[{"@type":"WebPage","@id":"https:\/\/pharmadreams.shop\/index.php\/product\/phyteal-dpigma-ecran-teinte-beige-rose-spf50eau-micellaire-a-laloe-vera-150ml-offerte\/","url":"https:\/\/pharmadreams.shop\/index.php\/product\/phyteal-dpigma-ecran-teinte-beige-rose-spf50eau-micellaire-a-laloe-vera-150ml-offerte\/","name":"PHYTEAL DPIGMA ECRAN TEINTE BEIGE ROS\u00c9 SPF50+EAU MICELLAIRE A L'ALOE VERA 150ML (OFFERTE) - pharmadreams","isPartOf":{"@id":"https:\/\/pharmadreams.shop\/#website"},"primaryImageOfPage":{"@id":"https:\/\/pharmadreams.shop\/index.php\/product\/phyteal-dpigma-ecran-teinte-beige-rose-spf50eau-micellaire-a-laloe-vera-150ml-offerte\/#primaryimage"},"image":{"@id":"https:\/\/pharmadreams.shop\/index.php\/product\/phyteal-dpigma-ecran-teinte-beige-rose-spf50eau-micellaire-a-laloe-vera-150ml-offerte\/#primaryimage"},"thumbnailUrl":"https:\/\/pharmadreams.shop\/wp-content\/uploads\/2024\/10\/coffret-d-pigma-ecran-teinte-beige-rose-spf50-eau-micellaire-150ml.jpg","datePublished":"2024-10-21T16:47:36+00:00","dateModified":"2024-10-21T16:47:36+00:00","breadcrumb":{"@id":"https:\/\/pharmadreams.shop\/index.php\/product\/phyteal-dpigma-ecran-teinte-beige-rose-spf50eau-micellaire-a-laloe-vera-150ml-offerte\/#breadcrumb"},"inLanguage":"fr-FR","potentialAction":[{"@type":"ReadAction","target":["https:\/\/pharmadreams.shop\/index.php\/product\/phyteal-dpigma-ecran-teinte-beige-rose-spf50eau-micellaire-a-laloe-vera-150ml-offerte\/"]}]},{"@type":"ImageObject","inLanguage":"fr-FR","@id":"https:\/\/pharmadreams.shop\/index.php\/product\/phyteal-dpigma-ecran-teinte-beige-rose-spf50eau-micellaire-a-laloe-vera-150ml-offerte\/#primaryimage","url":"https:\/\/pharmadreams.shop\/wp-content\/uploads\/2024\/10\/coffret-d-pigma-ecran-teinte-beige-rose-spf50-eau-micellaire-150ml.jpg","contentUrl":"https:\/\/pharmadreams.shop\/wp-content\/uploads\/2024\/10\/coffret-d-pigma-ecran-teinte-beige-rose-spf50-eau-micellaire-150ml.jpg","width":452,"height":452},{"@type":"BreadcrumbList","@id":"https:\/\/pharmadreams.shop\/index.php\/product\/phyteal-dpigma-ecran-teinte-beige-rose-spf50eau-micellaire-a-laloe-vera-150ml-offerte\/#breadcrumb","itemListElement":[{"@type":"ListItem","position":1,"name":"Accueil","item":"https:\/\/pharmadreams.shop\/"},{"@type":"ListItem","position":2,"name":"Shop","item":"https:\/\/pharmadreams.shop\/index.php\/shop\/"},{"@type":"ListItem","position":3,"name":"PHYTEAL DPIGMA ECRAN TEINTE BEIGE ROS\u00c9 SPF50+EAU MICELLAIRE A L&#8217;ALOE VERA 150ML (OFFERTE)"}]},{"@type":"WebSite","@id":"https:\/\/pharmadreams.shop\/#website","url":"https:\/\/pharmadreams.shop\/","name":"pharmadreams","description":"Parapharmacie en ligne","potentialAction":[{"@type":"SearchAction","target":{"@type":"EntryPoint","urlTemplate":"https:\/\/pharmadreams.shop\/?s={search_term_string}"},"query-input":"required name=search_term_string"}],"inLanguage":"fr-FR"}]}},"_links":{"self":[{"href":"https:\/\/pharmadreams.shop\/index.php\/wp-json\/wp\/v2\/product\/18859","targetHints":{"allow":["GET"]}}],"collection":[{"href":"https:\/\/pharmadreams.shop\/index.php\/wp-json\/wp\/v2\/product"}],"about":[{"href":"https:\/\/pharmadreams.shop\/index.php\/wp-json\/wp\/v2\/types\/product"}],"replies":[{"embeddable":true,"href":"https:\/\/pharmadreams.shop\/index.php\/wp-json\/wp\/v2\/comments?post=18859"}],"version-history":[{"count":0,"href":"https:\/\/pharmadreams.shop\/index.php\/wp-json\/wp\/v2\/product\/18859\/revisions"}],"wp:featuredmedia":[{"embeddable":true,"href":"https:\/\/pharmadreams.shop\/index.php\/wp-json\/wp\/v2\/media\/18860"}],"wp:attachment":[{"href":"https:\/\/pharmadreams.shop\/index.php\/wp-json\/wp\/v2\/media?parent=18859"}],"wp:term":[{"taxonomy":"product_brand","embeddable":true,"href":"https:\/\/pharmadreams.shop\/index.php\/wp-json\/wp\/v2\/product_brand?post=18859"},{"taxonomy":"product_cat","embeddable":true,"href":"https:\/\/pharmadreams.shop\/index.php\/wp-json\/wp\/v2\/product_cat?post=18859"},{"taxonomy":"product_tag","embeddable":true,"href":"https:\/\/pharmadreams.shop\/index.php\/wp-json\/wp\/v2\/product_tag?post=18859"}],"curies":[{"name":"wp","href":"https:\/\/api.w.org\/{rel}","templated":true}]}}