{"id":18871,"date":"2024-10-22T13:33:22","date_gmt":"2024-10-22T12:33:22","guid":{"rendered":"https:\/\/pharmadreams.shop\/?post_type=product&#038;p=18871"},"modified":"2024-10-22T13:33:22","modified_gmt":"2024-10-22T12:33:22","slug":"clarenia-gel-eclaircissant-zones-intimes-100ml","status":"publish","type":"product","link":"https:\/\/pharmadreams.shop\/index.php\/product\/clarenia-gel-eclaircissant-zones-intimes-100ml\/","title":{"rendered":"CLARENIA GEL ECLAIRCISSANT ZONES INTIMES 100ML"},"content":{"rendered":"","protected":false},"excerpt":{"rendered":"<p>CLARENIA Gel \u00e9claircissant pour zones Intimes est bas\u00e9 sur une formule 100% naturelle non agressive qui adoucit et \u00e9claircit la peau tout en prenant soin de ne pas l\u2019agresser.<\/p>\n<p>Pour : Les zones intimes : Entre-jambes, aisselles, genoux et coudes<\/p>\n<p>Naturalit\u00e9 : 100% naturel<\/p>\n<p>Contenance\u00a0: Flacon de 100 ml<\/p>\n","protected":false},"featured_media":18872,"comment_status":"open","ping_status":"closed","template":"","meta":[],"product_brand":[],"product_cat":[289],"product_tag":[],"class_list":{"0":"post-18871","1":"product","2":"type-product","3":"status-publish","4":"has-post-thumbnail","6":"product_cat-hygiene","8":"first","9":"instock","10":"shipping-taxable","11":"purchasable","12":"product-type-simple"},"yoast_head":"<!-- This site is optimized with the Yoast SEO plugin v23.0 - https:\/\/yoast.com\/wordpress\/plugins\/seo\/ -->\n<title>CLARENIA GEL ECLAIRCISSANT ZONES INTIMES 100ML - pharmadreams<\/title>\n<meta name=\"robots\" content=\"index, follow, max-snippet:-1, max-image-preview:large, max-video-preview:-1\" \/>\n<link rel=\"canonical\" href=\"https:\/\/pharmadreams.shop\/index.php\/product\/clarenia-gel-eclaircissant-zones-intimes-100ml\/\" \/>\n<meta property=\"og:locale\" content=\"fr_FR\" \/>\n<meta property=\"og:type\" content=\"article\" \/>\n<meta property=\"og:title\" content=\"CLARENIA GEL ECLAIRCISSANT ZONES INTIMES 100ML - pharmadreams\" \/>\n<meta property=\"og:description\" content=\"CLARENIA Gel \u00e9claircissant pour zones Intimes est bas\u00e9 sur une formule 100% naturelle non agressive qui adoucit et \u00e9claircit la peau tout en prenant soin de ne pas l\u2019agresser.  Pour : Les zones intimes : Entre-jambes, aisselles, genoux et coudes  Naturalit\u00e9 : 100% naturel  Contenance\u00a0: Flacon de 100 ml\" \/>\n<meta property=\"og:url\" content=\"https:\/\/pharmadreams.shop\/index.php\/product\/clarenia-gel-eclaircissant-zones-intimes-100ml\/\" \/>\n<meta property=\"og:site_name\" content=\"pharmadreams\" \/>\n<meta property=\"og:image\" content=\"https:\/\/pharmadreams.shop\/wp-content\/uploads\/2024\/10\/clarenia-gel-eclaircissant-zones-intimes-100-ml.jpg\" \/>\n\t<meta property=\"og:image:width\" content=\"500\" \/>\n\t<meta property=\"og:image:height\" content=\"500\" \/>\n\t<meta property=\"og:image:type\" content=\"image\/jpeg\" \/>\n<meta name=\"twitter:card\" content=\"summary_large_image\" \/>\n<meta name=\"twitter:label1\" content=\"Dur\u00e9e de lecture estim\u00e9e\" \/>\n\t<meta name=\"twitter:data1\" content=\"1 minute\" \/>\n<script type=\"application\/ld+json\" class=\"yoast-schema-graph\">{\"@context\":\"https:\/\/schema.org\",\"@graph\":[{\"@type\":\"WebPage\",\"@id\":\"https:\/\/pharmadreams.shop\/index.php\/product\/clarenia-gel-eclaircissant-zones-intimes-100ml\/\",\"url\":\"https:\/\/pharmadreams.shop\/index.php\/product\/clarenia-gel-eclaircissant-zones-intimes-100ml\/\",\"name\":\"CLARENIA GEL ECLAIRCISSANT ZONES INTIMES 100ML - pharmadreams\",\"isPartOf\":{\"@id\":\"https:\/\/pharmadreams.shop\/#website\"},\"primaryImageOfPage\":{\"@id\":\"https:\/\/pharmadreams.shop\/index.php\/product\/clarenia-gel-eclaircissant-zones-intimes-100ml\/#primaryimage\"},\"image\":{\"@id\":\"https:\/\/pharmadreams.shop\/index.php\/product\/clarenia-gel-eclaircissant-zones-intimes-100ml\/#primaryimage\"},\"thumbnailUrl\":\"https:\/\/pharmadreams.shop\/wp-content\/uploads\/2024\/10\/clarenia-gel-eclaircissant-zones-intimes-100-ml.jpg\",\"datePublished\":\"2024-10-22T12:33:22+00:00\",\"dateModified\":\"2024-10-22T12:33:22+00:00\",\"breadcrumb\":{\"@id\":\"https:\/\/pharmadreams.shop\/index.php\/product\/clarenia-gel-eclaircissant-zones-intimes-100ml\/#breadcrumb\"},\"inLanguage\":\"fr-FR\",\"potentialAction\":[{\"@type\":\"ReadAction\",\"target\":[\"https:\/\/pharmadreams.shop\/index.php\/product\/clarenia-gel-eclaircissant-zones-intimes-100ml\/\"]}]},{\"@type\":\"ImageObject\",\"inLanguage\":\"fr-FR\",\"@id\":\"https:\/\/pharmadreams.shop\/index.php\/product\/clarenia-gel-eclaircissant-zones-intimes-100ml\/#primaryimage\",\"url\":\"https:\/\/pharmadreams.shop\/wp-content\/uploads\/2024\/10\/clarenia-gel-eclaircissant-zones-intimes-100-ml.jpg\",\"contentUrl\":\"https:\/\/pharmadreams.shop\/wp-content\/uploads\/2024\/10\/clarenia-gel-eclaircissant-zones-intimes-100-ml.jpg\",\"width\":500,\"height\":500},{\"@type\":\"BreadcrumbList\",\"@id\":\"https:\/\/pharmadreams.shop\/index.php\/product\/clarenia-gel-eclaircissant-zones-intimes-100ml\/#breadcrumb\",\"itemListElement\":[{\"@type\":\"ListItem\",\"position\":1,\"name\":\"Accueil\",\"item\":\"https:\/\/pharmadreams.shop\/\"},{\"@type\":\"ListItem\",\"position\":2,\"name\":\"Shop\",\"item\":\"https:\/\/pharmadreams.shop\/index.php\/shop\/\"},{\"@type\":\"ListItem\",\"position\":3,\"name\":\"CLARENIA GEL ECLAIRCISSANT ZONES INTIMES 100ML\"}]},{\"@type\":\"WebSite\",\"@id\":\"https:\/\/pharmadreams.shop\/#website\",\"url\":\"https:\/\/pharmadreams.shop\/\",\"name\":\"pharmadreams\",\"description\":\"Parapharmacie en ligne\",\"potentialAction\":[{\"@type\":\"SearchAction\",\"target\":{\"@type\":\"EntryPoint\",\"urlTemplate\":\"https:\/\/pharmadreams.shop\/?s={search_term_string}\"},\"query-input\":\"required name=search_term_string\"}],\"inLanguage\":\"fr-FR\"}]}<\/script>\n<!-- \/ Yoast SEO plugin. -->","yoast_head_json":{"title":"CLARENIA GEL ECLAIRCISSANT ZONES INTIMES 100ML - pharmadreams","robots":{"index":"index","follow":"follow","max-snippet":"max-snippet:-1","max-image-preview":"max-image-preview:large","max-video-preview":"max-video-preview:-1"},"canonical":"https:\/\/pharmadreams.shop\/index.php\/product\/clarenia-gel-eclaircissant-zones-intimes-100ml\/","og_locale":"fr_FR","og_type":"article","og_title":"CLARENIA GEL ECLAIRCISSANT ZONES INTIMES 100ML - pharmadreams","og_description":"CLARENIA Gel \u00e9claircissant pour zones Intimes est bas\u00e9 sur une formule 100% naturelle non agressive qui adoucit et \u00e9claircit la peau tout en prenant soin de ne pas l\u2019agresser.  Pour : Les zones intimes : Entre-jambes, aisselles, genoux et coudes  Naturalit\u00e9 : 100% naturel  Contenance\u00a0: Flacon de 100 ml","og_url":"https:\/\/pharmadreams.shop\/index.php\/product\/clarenia-gel-eclaircissant-zones-intimes-100ml\/","og_site_name":"pharmadreams","og_image":[{"width":500,"height":500,"url":"https:\/\/pharmadreams.shop\/wp-content\/uploads\/2024\/10\/clarenia-gel-eclaircissant-zones-intimes-100-ml.jpg","type":"image\/jpeg"}],"twitter_card":"summary_large_image","twitter_misc":{"Dur\u00e9e de lecture estim\u00e9e":"1 minute"},"schema":{"@context":"https:\/\/schema.org","@graph":[{"@type":"WebPage","@id":"https:\/\/pharmadreams.shop\/index.php\/product\/clarenia-gel-eclaircissant-zones-intimes-100ml\/","url":"https:\/\/pharmadreams.shop\/index.php\/product\/clarenia-gel-eclaircissant-zones-intimes-100ml\/","name":"CLARENIA GEL ECLAIRCISSANT ZONES INTIMES 100ML - pharmadreams","isPartOf":{"@id":"https:\/\/pharmadreams.shop\/#website"},"primaryImageOfPage":{"@id":"https:\/\/pharmadreams.shop\/index.php\/product\/clarenia-gel-eclaircissant-zones-intimes-100ml\/#primaryimage"},"image":{"@id":"https:\/\/pharmadreams.shop\/index.php\/product\/clarenia-gel-eclaircissant-zones-intimes-100ml\/#primaryimage"},"thumbnailUrl":"https:\/\/pharmadreams.shop\/wp-content\/uploads\/2024\/10\/clarenia-gel-eclaircissant-zones-intimes-100-ml.jpg","datePublished":"2024-10-22T12:33:22+00:00","dateModified":"2024-10-22T12:33:22+00:00","breadcrumb":{"@id":"https:\/\/pharmadreams.shop\/index.php\/product\/clarenia-gel-eclaircissant-zones-intimes-100ml\/#breadcrumb"},"inLanguage":"fr-FR","potentialAction":[{"@type":"ReadAction","target":["https:\/\/pharmadreams.shop\/index.php\/product\/clarenia-gel-eclaircissant-zones-intimes-100ml\/"]}]},{"@type":"ImageObject","inLanguage":"fr-FR","@id":"https:\/\/pharmadreams.shop\/index.php\/product\/clarenia-gel-eclaircissant-zones-intimes-100ml\/#primaryimage","url":"https:\/\/pharmadreams.shop\/wp-content\/uploads\/2024\/10\/clarenia-gel-eclaircissant-zones-intimes-100-ml.jpg","contentUrl":"https:\/\/pharmadreams.shop\/wp-content\/uploads\/2024\/10\/clarenia-gel-eclaircissant-zones-intimes-100-ml.jpg","width":500,"height":500},{"@type":"BreadcrumbList","@id":"https:\/\/pharmadreams.shop\/index.php\/product\/clarenia-gel-eclaircissant-zones-intimes-100ml\/#breadcrumb","itemListElement":[{"@type":"ListItem","position":1,"name":"Accueil","item":"https:\/\/pharmadreams.shop\/"},{"@type":"ListItem","position":2,"name":"Shop","item":"https:\/\/pharmadreams.shop\/index.php\/shop\/"},{"@type":"ListItem","position":3,"name":"CLARENIA GEL ECLAIRCISSANT ZONES INTIMES 100ML"}]},{"@type":"WebSite","@id":"https:\/\/pharmadreams.shop\/#website","url":"https:\/\/pharmadreams.shop\/","name":"pharmadreams","description":"Parapharmacie en ligne","potentialAction":[{"@type":"SearchAction","target":{"@type":"EntryPoint","urlTemplate":"https:\/\/pharmadreams.shop\/?s={search_term_string}"},"query-input":"required name=search_term_string"}],"inLanguage":"fr-FR"}]}},"_links":{"self":[{"href":"https:\/\/pharmadreams.shop\/index.php\/wp-json\/wp\/v2\/product\/18871","targetHints":{"allow":["GET"]}}],"collection":[{"href":"https:\/\/pharmadreams.shop\/index.php\/wp-json\/wp\/v2\/product"}],"about":[{"href":"https:\/\/pharmadreams.shop\/index.php\/wp-json\/wp\/v2\/types\/product"}],"replies":[{"embeddable":true,"href":"https:\/\/pharmadreams.shop\/index.php\/wp-json\/wp\/v2\/comments?post=18871"}],"version-history":[{"count":0,"href":"https:\/\/pharmadreams.shop\/index.php\/wp-json\/wp\/v2\/product\/18871\/revisions"}],"wp:featuredmedia":[{"embeddable":true,"href":"https:\/\/pharmadreams.shop\/index.php\/wp-json\/wp\/v2\/media\/18872"}],"wp:attachment":[{"href":"https:\/\/pharmadreams.shop\/index.php\/wp-json\/wp\/v2\/media?parent=18871"}],"wp:term":[{"taxonomy":"product_brand","embeddable":true,"href":"https:\/\/pharmadreams.shop\/index.php\/wp-json\/wp\/v2\/product_brand?post=18871"},{"taxonomy":"product_cat","embeddable":true,"href":"https:\/\/pharmadreams.shop\/index.php\/wp-json\/wp\/v2\/product_cat?post=18871"},{"taxonomy":"product_tag","embeddable":true,"href":"https:\/\/pharmadreams.shop\/index.php\/wp-json\/wp\/v2\/product_tag?post=18871"}],"curies":[{"name":"wp","href":"https:\/\/api.w.org\/{rel}","templated":true}]}}