{"id":18884,"date":"2024-10-22T14:00:05","date_gmt":"2024-10-22T13:00:05","guid":{"rendered":"https:\/\/pharmadreams.shop\/?post_type=product&#038;p=18884"},"modified":"2024-10-22T14:00:06","modified_gmt":"2024-10-22T13:00:06","slug":"clarenia-claresun-ecran-anti-age-anti-pigmentation-spf50-50ml","status":"publish","type":"product","link":"https:\/\/pharmadreams.shop\/index.php\/product\/clarenia-claresun-ecran-anti-age-anti-pigmentation-spf50-50ml\/","title":{"rendered":"CLARENIA CLARESUN ECRAN ANTI AGE ANTI PIGMENTATION SPF50+ 50ML"},"content":{"rendered":"","protected":false},"excerpt":{"rendered":"<p>Clarenia, Claresun Protect+ ANTI-AGE ANTI-PIGMENTATION, prot\u00e8ge votre peau du soleil avec une cr\u00e8me pour le visage douce mais efficace. Claresun Protect+ anti-tache et anti-\u00e2ge. 100 % min\u00e9ral avec un indice UV SPF 50 + \u00e0 l&rsquo;aide du dioxyde de titane et de l&rsquo;oxyde de zinc qui forme une barri\u00e8re protectrice sur la surface de votre peau pour aider \u00e0 pr\u00e9venir les rayons UVA et UVB du soleil. Notre formule contient de la vitamine C qui aide \u00e0 neutraliser les dommages caus\u00e9s par les radicaux libres du \u00e0 l&rsquo;exposition au soleil, de l&rsquo;alpha arbutine qui aide \u00e0 r\u00e9duire les taches caus\u00e9es par le soleil et de l&rsquo;acide hyaluronique afin de r\u00e9duire les rides apparence et ridules. Une pr\u00e9sentation d\u00e9taill\u00e9e de cet \u00e9cran solaire.<\/p>\n","protected":false},"featured_media":18885,"comment_status":"open","ping_status":"closed","template":"","meta":[],"product_brand":[],"product_cat":[100,233,20],"product_tag":[],"class_list":{"0":"post-18884","1":"product","2":"type-product","3":"status-publish","4":"has-post-thumbnail","6":"product_cat-anti-age","7":"product_cat-protection-solaire","8":"product_cat-visage","10":"first","11":"instock","12":"shipping-taxable","13":"purchasable","14":"product-type-simple"},"yoast_head":"<!-- This site is optimized with the Yoast SEO plugin v23.0 - https:\/\/yoast.com\/wordpress\/plugins\/seo\/ -->\n<title>CLARENIA CLARESUN ECRAN ANTI AGE ANTI PIGMENTATION SPF50+ 50ML - pharmadreams<\/title>\n<meta name=\"robots\" content=\"index, follow, max-snippet:-1, max-image-preview:large, max-video-preview:-1\" \/>\n<link rel=\"canonical\" href=\"https:\/\/pharmadreams.shop\/index.php\/product\/clarenia-claresun-ecran-anti-age-anti-pigmentation-spf50-50ml\/\" \/>\n<meta property=\"og:locale\" content=\"fr_FR\" \/>\n<meta property=\"og:type\" content=\"article\" \/>\n<meta property=\"og:title\" content=\"CLARENIA CLARESUN ECRAN ANTI AGE ANTI PIGMENTATION SPF50+ 50ML - pharmadreams\" \/>\n<meta property=\"og:description\" content=\"Clarenia, Claresun Protect+ ANTI-AGE ANTI-PIGMENTATION, prot\u00e8ge votre peau du soleil avec une cr\u00e8me pour le visage douce mais efficace. Claresun Protect+ anti-tache et anti-\u00e2ge. 100 % min\u00e9ral avec un indice UV SPF 50 + \u00e0 l&#039;aide du dioxyde de titane et de l&#039;oxyde de zinc qui forme une barri\u00e8re protectrice sur la surface de votre peau pour aider \u00e0 pr\u00e9venir les rayons UVA et UVB du soleil. Notre formule contient de la vitamine C qui aide \u00e0 neutraliser les dommages caus\u00e9s par les radicaux libres du \u00e0 l&#039;exposition au soleil, de l&#039;alpha arbutine qui aide \u00e0 r\u00e9duire les taches caus\u00e9es par le soleil et de l&#039;acide hyaluronique afin de r\u00e9duire les rides apparence et ridules. Une pr\u00e9sentation d\u00e9taill\u00e9e de cet \u00e9cran solaire.\" \/>\n<meta property=\"og:url\" content=\"https:\/\/pharmadreams.shop\/index.php\/product\/clarenia-claresun-ecran-anti-age-anti-pigmentation-spf50-50ml\/\" \/>\n<meta property=\"og:site_name\" content=\"pharmadreams\" \/>\n<meta property=\"article:modified_time\" content=\"2024-10-22T13:00:06+00:00\" \/>\n<meta property=\"og:image\" content=\"https:\/\/pharmadreams.shop\/wp-content\/uploads\/2024\/10\/clarenia-claresun-ecran-anti-age-anti-pigmentation-spf50-50ml.jpg\" \/>\n\t<meta property=\"og:image:width\" content=\"500\" \/>\n\t<meta property=\"og:image:height\" content=\"500\" \/>\n\t<meta property=\"og:image:type\" content=\"image\/jpeg\" \/>\n<meta name=\"twitter:card\" content=\"summary_large_image\" \/>\n<meta name=\"twitter:label1\" content=\"Dur\u00e9e de lecture estim\u00e9e\" \/>\n\t<meta name=\"twitter:data1\" content=\"1 minute\" \/>\n<script type=\"application\/ld+json\" class=\"yoast-schema-graph\">{\"@context\":\"https:\/\/schema.org\",\"@graph\":[{\"@type\":\"WebPage\",\"@id\":\"https:\/\/pharmadreams.shop\/index.php\/product\/clarenia-claresun-ecran-anti-age-anti-pigmentation-spf50-50ml\/\",\"url\":\"https:\/\/pharmadreams.shop\/index.php\/product\/clarenia-claresun-ecran-anti-age-anti-pigmentation-spf50-50ml\/\",\"name\":\"CLARENIA CLARESUN ECRAN ANTI AGE ANTI PIGMENTATION SPF50+ 50ML - pharmadreams\",\"isPartOf\":{\"@id\":\"https:\/\/pharmadreams.shop\/#website\"},\"primaryImageOfPage\":{\"@id\":\"https:\/\/pharmadreams.shop\/index.php\/product\/clarenia-claresun-ecran-anti-age-anti-pigmentation-spf50-50ml\/#primaryimage\"},\"image\":{\"@id\":\"https:\/\/pharmadreams.shop\/index.php\/product\/clarenia-claresun-ecran-anti-age-anti-pigmentation-spf50-50ml\/#primaryimage\"},\"thumbnailUrl\":\"https:\/\/pharmadreams.shop\/wp-content\/uploads\/2024\/10\/clarenia-claresun-ecran-anti-age-anti-pigmentation-spf50-50ml.jpg\",\"datePublished\":\"2024-10-22T13:00:05+00:00\",\"dateModified\":\"2024-10-22T13:00:06+00:00\",\"breadcrumb\":{\"@id\":\"https:\/\/pharmadreams.shop\/index.php\/product\/clarenia-claresun-ecran-anti-age-anti-pigmentation-spf50-50ml\/#breadcrumb\"},\"inLanguage\":\"fr-FR\",\"potentialAction\":[{\"@type\":\"ReadAction\",\"target\":[\"https:\/\/pharmadreams.shop\/index.php\/product\/clarenia-claresun-ecran-anti-age-anti-pigmentation-spf50-50ml\/\"]}]},{\"@type\":\"ImageObject\",\"inLanguage\":\"fr-FR\",\"@id\":\"https:\/\/pharmadreams.shop\/index.php\/product\/clarenia-claresun-ecran-anti-age-anti-pigmentation-spf50-50ml\/#primaryimage\",\"url\":\"https:\/\/pharmadreams.shop\/wp-content\/uploads\/2024\/10\/clarenia-claresun-ecran-anti-age-anti-pigmentation-spf50-50ml.jpg\",\"contentUrl\":\"https:\/\/pharmadreams.shop\/wp-content\/uploads\/2024\/10\/clarenia-claresun-ecran-anti-age-anti-pigmentation-spf50-50ml.jpg\",\"width\":500,\"height\":500},{\"@type\":\"BreadcrumbList\",\"@id\":\"https:\/\/pharmadreams.shop\/index.php\/product\/clarenia-claresun-ecran-anti-age-anti-pigmentation-spf50-50ml\/#breadcrumb\",\"itemListElement\":[{\"@type\":\"ListItem\",\"position\":1,\"name\":\"Accueil\",\"item\":\"https:\/\/pharmadreams.shop\/\"},{\"@type\":\"ListItem\",\"position\":2,\"name\":\"Shop\",\"item\":\"https:\/\/pharmadreams.shop\/index.php\/shop\/\"},{\"@type\":\"ListItem\",\"position\":3,\"name\":\"CLARENIA CLARESUN ECRAN ANTI AGE ANTI PIGMENTATION SPF50+ 50ML\"}]},{\"@type\":\"WebSite\",\"@id\":\"https:\/\/pharmadreams.shop\/#website\",\"url\":\"https:\/\/pharmadreams.shop\/\",\"name\":\"pharmadreams\",\"description\":\"Parapharmacie en ligne\",\"potentialAction\":[{\"@type\":\"SearchAction\",\"target\":{\"@type\":\"EntryPoint\",\"urlTemplate\":\"https:\/\/pharmadreams.shop\/?s={search_term_string}\"},\"query-input\":\"required name=search_term_string\"}],\"inLanguage\":\"fr-FR\"}]}<\/script>\n<!-- \/ Yoast SEO plugin. -->","yoast_head_json":{"title":"CLARENIA CLARESUN ECRAN ANTI AGE ANTI PIGMENTATION SPF50+ 50ML - pharmadreams","robots":{"index":"index","follow":"follow","max-snippet":"max-snippet:-1","max-image-preview":"max-image-preview:large","max-video-preview":"max-video-preview:-1"},"canonical":"https:\/\/pharmadreams.shop\/index.php\/product\/clarenia-claresun-ecran-anti-age-anti-pigmentation-spf50-50ml\/","og_locale":"fr_FR","og_type":"article","og_title":"CLARENIA CLARESUN ECRAN ANTI AGE ANTI PIGMENTATION SPF50+ 50ML - pharmadreams","og_description":"Clarenia, Claresun Protect+ ANTI-AGE ANTI-PIGMENTATION, prot\u00e8ge votre peau du soleil avec une cr\u00e8me pour le visage douce mais efficace. Claresun Protect+ anti-tache et anti-\u00e2ge. 100 % min\u00e9ral avec un indice UV SPF 50 + \u00e0 l'aide du dioxyde de titane et de l'oxyde de zinc qui forme une barri\u00e8re protectrice sur la surface de votre peau pour aider \u00e0 pr\u00e9venir les rayons UVA et UVB du soleil. Notre formule contient de la vitamine C qui aide \u00e0 neutraliser les dommages caus\u00e9s par les radicaux libres du \u00e0 l'exposition au soleil, de l'alpha arbutine qui aide \u00e0 r\u00e9duire les taches caus\u00e9es par le soleil et de l'acide hyaluronique afin de r\u00e9duire les rides apparence et ridules. Une pr\u00e9sentation d\u00e9taill\u00e9e de cet \u00e9cran solaire.","og_url":"https:\/\/pharmadreams.shop\/index.php\/product\/clarenia-claresun-ecran-anti-age-anti-pigmentation-spf50-50ml\/","og_site_name":"pharmadreams","article_modified_time":"2024-10-22T13:00:06+00:00","og_image":[{"width":500,"height":500,"url":"https:\/\/pharmadreams.shop\/wp-content\/uploads\/2024\/10\/clarenia-claresun-ecran-anti-age-anti-pigmentation-spf50-50ml.jpg","type":"image\/jpeg"}],"twitter_card":"summary_large_image","twitter_misc":{"Dur\u00e9e de lecture estim\u00e9e":"1 minute"},"schema":{"@context":"https:\/\/schema.org","@graph":[{"@type":"WebPage","@id":"https:\/\/pharmadreams.shop\/index.php\/product\/clarenia-claresun-ecran-anti-age-anti-pigmentation-spf50-50ml\/","url":"https:\/\/pharmadreams.shop\/index.php\/product\/clarenia-claresun-ecran-anti-age-anti-pigmentation-spf50-50ml\/","name":"CLARENIA CLARESUN ECRAN ANTI AGE ANTI PIGMENTATION SPF50+ 50ML - pharmadreams","isPartOf":{"@id":"https:\/\/pharmadreams.shop\/#website"},"primaryImageOfPage":{"@id":"https:\/\/pharmadreams.shop\/index.php\/product\/clarenia-claresun-ecran-anti-age-anti-pigmentation-spf50-50ml\/#primaryimage"},"image":{"@id":"https:\/\/pharmadreams.shop\/index.php\/product\/clarenia-claresun-ecran-anti-age-anti-pigmentation-spf50-50ml\/#primaryimage"},"thumbnailUrl":"https:\/\/pharmadreams.shop\/wp-content\/uploads\/2024\/10\/clarenia-claresun-ecran-anti-age-anti-pigmentation-spf50-50ml.jpg","datePublished":"2024-10-22T13:00:05+00:00","dateModified":"2024-10-22T13:00:06+00:00","breadcrumb":{"@id":"https:\/\/pharmadreams.shop\/index.php\/product\/clarenia-claresun-ecran-anti-age-anti-pigmentation-spf50-50ml\/#breadcrumb"},"inLanguage":"fr-FR","potentialAction":[{"@type":"ReadAction","target":["https:\/\/pharmadreams.shop\/index.php\/product\/clarenia-claresun-ecran-anti-age-anti-pigmentation-spf50-50ml\/"]}]},{"@type":"ImageObject","inLanguage":"fr-FR","@id":"https:\/\/pharmadreams.shop\/index.php\/product\/clarenia-claresun-ecran-anti-age-anti-pigmentation-spf50-50ml\/#primaryimage","url":"https:\/\/pharmadreams.shop\/wp-content\/uploads\/2024\/10\/clarenia-claresun-ecran-anti-age-anti-pigmentation-spf50-50ml.jpg","contentUrl":"https:\/\/pharmadreams.shop\/wp-content\/uploads\/2024\/10\/clarenia-claresun-ecran-anti-age-anti-pigmentation-spf50-50ml.jpg","width":500,"height":500},{"@type":"BreadcrumbList","@id":"https:\/\/pharmadreams.shop\/index.php\/product\/clarenia-claresun-ecran-anti-age-anti-pigmentation-spf50-50ml\/#breadcrumb","itemListElement":[{"@type":"ListItem","position":1,"name":"Accueil","item":"https:\/\/pharmadreams.shop\/"},{"@type":"ListItem","position":2,"name":"Shop","item":"https:\/\/pharmadreams.shop\/index.php\/shop\/"},{"@type":"ListItem","position":3,"name":"CLARENIA CLARESUN ECRAN ANTI AGE ANTI PIGMENTATION SPF50+ 50ML"}]},{"@type":"WebSite","@id":"https:\/\/pharmadreams.shop\/#website","url":"https:\/\/pharmadreams.shop\/","name":"pharmadreams","description":"Parapharmacie en ligne","potentialAction":[{"@type":"SearchAction","target":{"@type":"EntryPoint","urlTemplate":"https:\/\/pharmadreams.shop\/?s={search_term_string}"},"query-input":"required name=search_term_string"}],"inLanguage":"fr-FR"}]}},"_links":{"self":[{"href":"https:\/\/pharmadreams.shop\/index.php\/wp-json\/wp\/v2\/product\/18884","targetHints":{"allow":["GET"]}}],"collection":[{"href":"https:\/\/pharmadreams.shop\/index.php\/wp-json\/wp\/v2\/product"}],"about":[{"href":"https:\/\/pharmadreams.shop\/index.php\/wp-json\/wp\/v2\/types\/product"}],"replies":[{"embeddable":true,"href":"https:\/\/pharmadreams.shop\/index.php\/wp-json\/wp\/v2\/comments?post=18884"}],"version-history":[{"count":0,"href":"https:\/\/pharmadreams.shop\/index.php\/wp-json\/wp\/v2\/product\/18884\/revisions"}],"wp:featuredmedia":[{"embeddable":true,"href":"https:\/\/pharmadreams.shop\/index.php\/wp-json\/wp\/v2\/media\/18885"}],"wp:attachment":[{"href":"https:\/\/pharmadreams.shop\/index.php\/wp-json\/wp\/v2\/media?parent=18884"}],"wp:term":[{"taxonomy":"product_brand","embeddable":true,"href":"https:\/\/pharmadreams.shop\/index.php\/wp-json\/wp\/v2\/product_brand?post=18884"},{"taxonomy":"product_cat","embeddable":true,"href":"https:\/\/pharmadreams.shop\/index.php\/wp-json\/wp\/v2\/product_cat?post=18884"},{"taxonomy":"product_tag","embeddable":true,"href":"https:\/\/pharmadreams.shop\/index.php\/wp-json\/wp\/v2\/product_tag?post=18884"}],"curies":[{"name":"wp","href":"https:\/\/api.w.org\/{rel}","templated":true}]}}