{"id":18887,"date":"2024-10-22T14:11:48","date_gmt":"2024-10-22T13:11:48","guid":{"rendered":"https:\/\/pharmadreams.shop\/?post_type=product&#038;p=18887"},"modified":"2024-10-22T14:11:49","modified_gmt":"2024-10-22T13:11:49","slug":"clarenia-claresun-ecran-gel-creme-toucher-sec-spf50-50ml","status":"publish","type":"product","link":"https:\/\/pharmadreams.shop\/index.php\/product\/clarenia-claresun-ecran-gel-creme-toucher-sec-spf50-50ml\/","title":{"rendered":"CLARENIA CLARESUN ECRAN GEL CREME TOUCHER SEC SPF50+ 50ML"},"content":{"rendered":"","protected":false},"excerpt":{"rendered":"<p>ClareSun Gel-Cr\u00e8me Toucher sec est une solution de protection solaire con\u00e7ue pour offrir une couverture compl\u00e8te contre les rayons UVA et UVB gr\u00e2ce \u00e0 son filtre \u00e0 large spectre. Ce produit est sp\u00e9cifiquement formul\u00e9 pour combattre les effets n\u00e9fastes du soleil, y compris le vieillissement pr\u00e9matur\u00e9 de la peau et le risque de dommages cellulaires.<\/p>\n","protected":false},"featured_media":18888,"comment_status":"open","ping_status":"closed","template":"","meta":[],"product_brand":[],"product_cat":[231,20],"product_tag":[],"class_list":{"0":"post-18887","1":"product","2":"type-product","3":"status-publish","4":"has-post-thumbnail","6":"product_cat-ecran-solaire","7":"product_cat-visage","9":"first","10":"instock","11":"shipping-taxable","12":"purchasable","13":"product-type-simple"},"yoast_head":"<!-- This site is optimized with the Yoast SEO plugin v23.0 - https:\/\/yoast.com\/wordpress\/plugins\/seo\/ -->\n<title>CLARENIA CLARESUN ECRAN GEL CREME TOUCHER SEC SPF50+ 50ML - pharmadreams<\/title>\n<meta name=\"robots\" content=\"index, follow, max-snippet:-1, max-image-preview:large, max-video-preview:-1\" \/>\n<link rel=\"canonical\" href=\"https:\/\/pharmadreams.shop\/index.php\/product\/clarenia-claresun-ecran-gel-creme-toucher-sec-spf50-50ml\/\" \/>\n<meta property=\"og:locale\" content=\"fr_FR\" \/>\n<meta property=\"og:type\" content=\"article\" \/>\n<meta property=\"og:title\" content=\"CLARENIA CLARESUN ECRAN GEL CREME TOUCHER SEC SPF50+ 50ML - pharmadreams\" \/>\n<meta property=\"og:description\" content=\"ClareSun Gel-Cr\u00e8me Toucher sec est une solution de protection solaire con\u00e7ue pour offrir une couverture compl\u00e8te contre les rayons UVA et UVB gr\u00e2ce \u00e0 son filtre \u00e0 large spectre. Ce produit est sp\u00e9cifiquement formul\u00e9 pour combattre les effets n\u00e9fastes du soleil, y compris le vieillissement pr\u00e9matur\u00e9 de la peau et le risque de dommages cellulaires.\" \/>\n<meta property=\"og:url\" content=\"https:\/\/pharmadreams.shop\/index.php\/product\/clarenia-claresun-ecran-gel-creme-toucher-sec-spf50-50ml\/\" \/>\n<meta property=\"og:site_name\" content=\"pharmadreams\" \/>\n<meta property=\"article:modified_time\" content=\"2024-10-22T13:11:49+00:00\" \/>\n<meta property=\"og:image\" content=\"https:\/\/pharmadreams.shop\/wp-content\/uploads\/2024\/10\/clarenia-claresun-ecran-gel-creme-toucher-sec-spf50-50ml.jpg\" \/>\n\t<meta property=\"og:image:width\" content=\"500\" \/>\n\t<meta property=\"og:image:height\" content=\"500\" \/>\n\t<meta property=\"og:image:type\" content=\"image\/jpeg\" \/>\n<meta name=\"twitter:card\" content=\"summary_large_image\" \/>\n<meta name=\"twitter:label1\" content=\"Dur\u00e9e de lecture estim\u00e9e\" \/>\n\t<meta name=\"twitter:data1\" content=\"1 minute\" \/>\n<script type=\"application\/ld+json\" class=\"yoast-schema-graph\">{\"@context\":\"https:\/\/schema.org\",\"@graph\":[{\"@type\":\"WebPage\",\"@id\":\"https:\/\/pharmadreams.shop\/index.php\/product\/clarenia-claresun-ecran-gel-creme-toucher-sec-spf50-50ml\/\",\"url\":\"https:\/\/pharmadreams.shop\/index.php\/product\/clarenia-claresun-ecran-gel-creme-toucher-sec-spf50-50ml\/\",\"name\":\"CLARENIA CLARESUN ECRAN GEL CREME TOUCHER SEC SPF50+ 50ML - pharmadreams\",\"isPartOf\":{\"@id\":\"https:\/\/pharmadreams.shop\/#website\"},\"primaryImageOfPage\":{\"@id\":\"https:\/\/pharmadreams.shop\/index.php\/product\/clarenia-claresun-ecran-gel-creme-toucher-sec-spf50-50ml\/#primaryimage\"},\"image\":{\"@id\":\"https:\/\/pharmadreams.shop\/index.php\/product\/clarenia-claresun-ecran-gel-creme-toucher-sec-spf50-50ml\/#primaryimage\"},\"thumbnailUrl\":\"https:\/\/pharmadreams.shop\/wp-content\/uploads\/2024\/10\/clarenia-claresun-ecran-gel-creme-toucher-sec-spf50-50ml.jpg\",\"datePublished\":\"2024-10-22T13:11:48+00:00\",\"dateModified\":\"2024-10-22T13:11:49+00:00\",\"breadcrumb\":{\"@id\":\"https:\/\/pharmadreams.shop\/index.php\/product\/clarenia-claresun-ecran-gel-creme-toucher-sec-spf50-50ml\/#breadcrumb\"},\"inLanguage\":\"fr-FR\",\"potentialAction\":[{\"@type\":\"ReadAction\",\"target\":[\"https:\/\/pharmadreams.shop\/index.php\/product\/clarenia-claresun-ecran-gel-creme-toucher-sec-spf50-50ml\/\"]}]},{\"@type\":\"ImageObject\",\"inLanguage\":\"fr-FR\",\"@id\":\"https:\/\/pharmadreams.shop\/index.php\/product\/clarenia-claresun-ecran-gel-creme-toucher-sec-spf50-50ml\/#primaryimage\",\"url\":\"https:\/\/pharmadreams.shop\/wp-content\/uploads\/2024\/10\/clarenia-claresun-ecran-gel-creme-toucher-sec-spf50-50ml.jpg\",\"contentUrl\":\"https:\/\/pharmadreams.shop\/wp-content\/uploads\/2024\/10\/clarenia-claresun-ecran-gel-creme-toucher-sec-spf50-50ml.jpg\",\"width\":500,\"height\":500},{\"@type\":\"BreadcrumbList\",\"@id\":\"https:\/\/pharmadreams.shop\/index.php\/product\/clarenia-claresun-ecran-gel-creme-toucher-sec-spf50-50ml\/#breadcrumb\",\"itemListElement\":[{\"@type\":\"ListItem\",\"position\":1,\"name\":\"Accueil\",\"item\":\"https:\/\/pharmadreams.shop\/\"},{\"@type\":\"ListItem\",\"position\":2,\"name\":\"Shop\",\"item\":\"https:\/\/pharmadreams.shop\/index.php\/shop\/\"},{\"@type\":\"ListItem\",\"position\":3,\"name\":\"CLARENIA CLARESUN ECRAN GEL CREME TOUCHER SEC SPF50+ 50ML\"}]},{\"@type\":\"WebSite\",\"@id\":\"https:\/\/pharmadreams.shop\/#website\",\"url\":\"https:\/\/pharmadreams.shop\/\",\"name\":\"pharmadreams\",\"description\":\"Parapharmacie en ligne\",\"potentialAction\":[{\"@type\":\"SearchAction\",\"target\":{\"@type\":\"EntryPoint\",\"urlTemplate\":\"https:\/\/pharmadreams.shop\/?s={search_term_string}\"},\"query-input\":\"required name=search_term_string\"}],\"inLanguage\":\"fr-FR\"}]}<\/script>\n<!-- \/ Yoast SEO plugin. -->","yoast_head_json":{"title":"CLARENIA CLARESUN ECRAN GEL CREME TOUCHER SEC SPF50+ 50ML - pharmadreams","robots":{"index":"index","follow":"follow","max-snippet":"max-snippet:-1","max-image-preview":"max-image-preview:large","max-video-preview":"max-video-preview:-1"},"canonical":"https:\/\/pharmadreams.shop\/index.php\/product\/clarenia-claresun-ecran-gel-creme-toucher-sec-spf50-50ml\/","og_locale":"fr_FR","og_type":"article","og_title":"CLARENIA CLARESUN ECRAN GEL CREME TOUCHER SEC SPF50+ 50ML - pharmadreams","og_description":"ClareSun Gel-Cr\u00e8me Toucher sec est une solution de protection solaire con\u00e7ue pour offrir une couverture compl\u00e8te contre les rayons UVA et UVB gr\u00e2ce \u00e0 son filtre \u00e0 large spectre. Ce produit est sp\u00e9cifiquement formul\u00e9 pour combattre les effets n\u00e9fastes du soleil, y compris le vieillissement pr\u00e9matur\u00e9 de la peau et le risque de dommages cellulaires.","og_url":"https:\/\/pharmadreams.shop\/index.php\/product\/clarenia-claresun-ecran-gel-creme-toucher-sec-spf50-50ml\/","og_site_name":"pharmadreams","article_modified_time":"2024-10-22T13:11:49+00:00","og_image":[{"width":500,"height":500,"url":"https:\/\/pharmadreams.shop\/wp-content\/uploads\/2024\/10\/clarenia-claresun-ecran-gel-creme-toucher-sec-spf50-50ml.jpg","type":"image\/jpeg"}],"twitter_card":"summary_large_image","twitter_misc":{"Dur\u00e9e de lecture estim\u00e9e":"1 minute"},"schema":{"@context":"https:\/\/schema.org","@graph":[{"@type":"WebPage","@id":"https:\/\/pharmadreams.shop\/index.php\/product\/clarenia-claresun-ecran-gel-creme-toucher-sec-spf50-50ml\/","url":"https:\/\/pharmadreams.shop\/index.php\/product\/clarenia-claresun-ecran-gel-creme-toucher-sec-spf50-50ml\/","name":"CLARENIA CLARESUN ECRAN GEL CREME TOUCHER SEC SPF50+ 50ML - pharmadreams","isPartOf":{"@id":"https:\/\/pharmadreams.shop\/#website"},"primaryImageOfPage":{"@id":"https:\/\/pharmadreams.shop\/index.php\/product\/clarenia-claresun-ecran-gel-creme-toucher-sec-spf50-50ml\/#primaryimage"},"image":{"@id":"https:\/\/pharmadreams.shop\/index.php\/product\/clarenia-claresun-ecran-gel-creme-toucher-sec-spf50-50ml\/#primaryimage"},"thumbnailUrl":"https:\/\/pharmadreams.shop\/wp-content\/uploads\/2024\/10\/clarenia-claresun-ecran-gel-creme-toucher-sec-spf50-50ml.jpg","datePublished":"2024-10-22T13:11:48+00:00","dateModified":"2024-10-22T13:11:49+00:00","breadcrumb":{"@id":"https:\/\/pharmadreams.shop\/index.php\/product\/clarenia-claresun-ecran-gel-creme-toucher-sec-spf50-50ml\/#breadcrumb"},"inLanguage":"fr-FR","potentialAction":[{"@type":"ReadAction","target":["https:\/\/pharmadreams.shop\/index.php\/product\/clarenia-claresun-ecran-gel-creme-toucher-sec-spf50-50ml\/"]}]},{"@type":"ImageObject","inLanguage":"fr-FR","@id":"https:\/\/pharmadreams.shop\/index.php\/product\/clarenia-claresun-ecran-gel-creme-toucher-sec-spf50-50ml\/#primaryimage","url":"https:\/\/pharmadreams.shop\/wp-content\/uploads\/2024\/10\/clarenia-claresun-ecran-gel-creme-toucher-sec-spf50-50ml.jpg","contentUrl":"https:\/\/pharmadreams.shop\/wp-content\/uploads\/2024\/10\/clarenia-claresun-ecran-gel-creme-toucher-sec-spf50-50ml.jpg","width":500,"height":500},{"@type":"BreadcrumbList","@id":"https:\/\/pharmadreams.shop\/index.php\/product\/clarenia-claresun-ecran-gel-creme-toucher-sec-spf50-50ml\/#breadcrumb","itemListElement":[{"@type":"ListItem","position":1,"name":"Accueil","item":"https:\/\/pharmadreams.shop\/"},{"@type":"ListItem","position":2,"name":"Shop","item":"https:\/\/pharmadreams.shop\/index.php\/shop\/"},{"@type":"ListItem","position":3,"name":"CLARENIA CLARESUN ECRAN GEL CREME TOUCHER SEC SPF50+ 50ML"}]},{"@type":"WebSite","@id":"https:\/\/pharmadreams.shop\/#website","url":"https:\/\/pharmadreams.shop\/","name":"pharmadreams","description":"Parapharmacie en ligne","potentialAction":[{"@type":"SearchAction","target":{"@type":"EntryPoint","urlTemplate":"https:\/\/pharmadreams.shop\/?s={search_term_string}"},"query-input":"required name=search_term_string"}],"inLanguage":"fr-FR"}]}},"_links":{"self":[{"href":"https:\/\/pharmadreams.shop\/index.php\/wp-json\/wp\/v2\/product\/18887","targetHints":{"allow":["GET"]}}],"collection":[{"href":"https:\/\/pharmadreams.shop\/index.php\/wp-json\/wp\/v2\/product"}],"about":[{"href":"https:\/\/pharmadreams.shop\/index.php\/wp-json\/wp\/v2\/types\/product"}],"replies":[{"embeddable":true,"href":"https:\/\/pharmadreams.shop\/index.php\/wp-json\/wp\/v2\/comments?post=18887"}],"version-history":[{"count":0,"href":"https:\/\/pharmadreams.shop\/index.php\/wp-json\/wp\/v2\/product\/18887\/revisions"}],"wp:featuredmedia":[{"embeddable":true,"href":"https:\/\/pharmadreams.shop\/index.php\/wp-json\/wp\/v2\/media\/18888"}],"wp:attachment":[{"href":"https:\/\/pharmadreams.shop\/index.php\/wp-json\/wp\/v2\/media?parent=18887"}],"wp:term":[{"taxonomy":"product_brand","embeddable":true,"href":"https:\/\/pharmadreams.shop\/index.php\/wp-json\/wp\/v2\/product_brand?post=18887"},{"taxonomy":"product_cat","embeddable":true,"href":"https:\/\/pharmadreams.shop\/index.php\/wp-json\/wp\/v2\/product_cat?post=18887"},{"taxonomy":"product_tag","embeddable":true,"href":"https:\/\/pharmadreams.shop\/index.php\/wp-json\/wp\/v2\/product_tag?post=18887"}],"curies":[{"name":"wp","href":"https:\/\/api.w.org\/{rel}","templated":true}]}}