{"id":18894,"date":"2024-10-22T17:29:26","date_gmt":"2024-10-22T16:29:26","guid":{"rendered":"https:\/\/pharmadreams.shop\/?post_type=product&#038;p=18894"},"modified":"2024-10-22T17:29:26","modified_gmt":"2024-10-22T16:29:26","slug":"phyteal-deodorant-anti-transpirant-50ml","status":"publish","type":"product","link":"https:\/\/pharmadreams.shop\/index.php\/product\/phyteal-deodorant-anti-transpirant-50ml\/","title":{"rendered":"PHYTEAL DEODORANT ANTI TRANSPIRANT 50ML"},"content":{"rendered":"","protected":false},"excerpt":{"rendered":"<p>Formul\u00e9 \u00e0 partir de d\u2019extrait d\u2019alo\u00e9 vera, le\u00a0DEODORANT anti-transpirant<strong>\u00a0<\/strong>des Laboratoires Phyt\u00e9al a \u00e9t\u00e9 con\u00e7u sp\u00e9cialement pour r\u00e9guler la transpiration et l\u2019hypersudation.<\/p>\n<p>Sans sels d\u2019aluminium et sans alcool, il prot\u00e9gera les peaux ultra-sensibles des aisselles apr\u00e8s le rasage ou l\u2019\u00e9pilation. Gr\u00e2ce \u00e0 l\u2019oxyde de zinc, il apportera un effet d\u00e9sodorisant toute la journ\u00e9e.<\/p>\n<h2>Composition<\/h2>\n<div>-Extrait d\u2019alo\u00e9 vera<\/div>\n<div>-Sans parab\u00e8ne<\/div>\n<div>-Sans alcool<\/div>\n","protected":false},"featured_media":18895,"comment_status":"open","ping_status":"closed","template":"","meta":[],"product_brand":[],"product_cat":[127,103],"product_tag":[],"class_list":{"0":"post-18894","1":"product","2":"type-product","3":"status-publish","4":"has-post-thumbnail","6":"product_cat-anti-transpirant","7":"product_cat-deodorant","9":"first","10":"instock","11":"sale","12":"shipping-taxable","13":"purchasable","14":"product-type-simple"},"yoast_head":"<!-- This site is optimized with the Yoast SEO plugin v23.0 - https:\/\/yoast.com\/wordpress\/plugins\/seo\/ -->\n<title>PHYTEAL DEODORANT ANTI TRANSPIRANT 50ML - pharmadreams<\/title>\n<meta name=\"robots\" content=\"index, follow, max-snippet:-1, max-image-preview:large, max-video-preview:-1\" \/>\n<link rel=\"canonical\" href=\"https:\/\/pharmadreams.shop\/index.php\/product\/phyteal-deodorant-anti-transpirant-50ml\/\" \/>\n<meta property=\"og:locale\" content=\"fr_FR\" \/>\n<meta property=\"og:type\" content=\"article\" \/>\n<meta property=\"og:title\" content=\"PHYTEAL DEODORANT ANTI TRANSPIRANT 50ML - pharmadreams\" \/>\n<meta property=\"og:description\" content=\"Formul\u00e9 \u00e0 partir de d\u2019extrait d\u2019alo\u00e9 vera, le\u00a0DEODORANT anti-transpirant\u00a0des Laboratoires Phyt\u00e9al a \u00e9t\u00e9 con\u00e7u sp\u00e9cialement pour r\u00e9guler la transpiration et l\u2019hypersudation.  Sans sels d\u2019aluminium et sans alcool, il prot\u00e9gera les peaux ultra-sensibles des aisselles apr\u00e8s le rasage ou l\u2019\u00e9pilation. Gr\u00e2ce \u00e0 l\u2019oxyde de zinc, il apportera un effet d\u00e9sodorisant toute la journ\u00e9e. Composition -Extrait d\u2019alo\u00e9 vera -Sans parab\u00e8ne -Sans alcool\" \/>\n<meta property=\"og:url\" content=\"https:\/\/pharmadreams.shop\/index.php\/product\/phyteal-deodorant-anti-transpirant-50ml\/\" \/>\n<meta property=\"og:site_name\" content=\"pharmadreams\" \/>\n<meta property=\"og:image\" content=\"https:\/\/pharmadreams.shop\/wp-content\/uploads\/2024\/10\/phyteal-ultraliss-serum-traitant-a-la-keratine-40ml.jpg\" \/>\n\t<meta property=\"og:image:width\" content=\"800\" \/>\n\t<meta property=\"og:image:height\" content=\"800\" \/>\n\t<meta property=\"og:image:type\" content=\"image\/jpeg\" \/>\n<meta name=\"twitter:card\" content=\"summary_large_image\" \/>\n<meta name=\"twitter:label1\" content=\"Dur\u00e9e de lecture estim\u00e9e\" \/>\n\t<meta name=\"twitter:data1\" content=\"1 minute\" \/>\n<script type=\"application\/ld+json\" class=\"yoast-schema-graph\">{\"@context\":\"https:\/\/schema.org\",\"@graph\":[{\"@type\":\"WebPage\",\"@id\":\"https:\/\/pharmadreams.shop\/index.php\/product\/phyteal-deodorant-anti-transpirant-50ml\/\",\"url\":\"https:\/\/pharmadreams.shop\/index.php\/product\/phyteal-deodorant-anti-transpirant-50ml\/\",\"name\":\"PHYTEAL DEODORANT ANTI TRANSPIRANT 50ML - pharmadreams\",\"isPartOf\":{\"@id\":\"https:\/\/pharmadreams.shop\/#website\"},\"primaryImageOfPage\":{\"@id\":\"https:\/\/pharmadreams.shop\/index.php\/product\/phyteal-deodorant-anti-transpirant-50ml\/#primaryimage\"},\"image\":{\"@id\":\"https:\/\/pharmadreams.shop\/index.php\/product\/phyteal-deodorant-anti-transpirant-50ml\/#primaryimage\"},\"thumbnailUrl\":\"https:\/\/pharmadreams.shop\/wp-content\/uploads\/2024\/10\/phyteal-ultraliss-serum-traitant-a-la-keratine-40ml.jpg\",\"datePublished\":\"2024-10-22T16:29:26+00:00\",\"dateModified\":\"2024-10-22T16:29:26+00:00\",\"breadcrumb\":{\"@id\":\"https:\/\/pharmadreams.shop\/index.php\/product\/phyteal-deodorant-anti-transpirant-50ml\/#breadcrumb\"},\"inLanguage\":\"fr-FR\",\"potentialAction\":[{\"@type\":\"ReadAction\",\"target\":[\"https:\/\/pharmadreams.shop\/index.php\/product\/phyteal-deodorant-anti-transpirant-50ml\/\"]}]},{\"@type\":\"ImageObject\",\"inLanguage\":\"fr-FR\",\"@id\":\"https:\/\/pharmadreams.shop\/index.php\/product\/phyteal-deodorant-anti-transpirant-50ml\/#primaryimage\",\"url\":\"https:\/\/pharmadreams.shop\/wp-content\/uploads\/2024\/10\/phyteal-ultraliss-serum-traitant-a-la-keratine-40ml.jpg\",\"contentUrl\":\"https:\/\/pharmadreams.shop\/wp-content\/uploads\/2024\/10\/phyteal-ultraliss-serum-traitant-a-la-keratine-40ml.jpg\",\"width\":800,\"height\":800},{\"@type\":\"BreadcrumbList\",\"@id\":\"https:\/\/pharmadreams.shop\/index.php\/product\/phyteal-deodorant-anti-transpirant-50ml\/#breadcrumb\",\"itemListElement\":[{\"@type\":\"ListItem\",\"position\":1,\"name\":\"Accueil\",\"item\":\"https:\/\/pharmadreams.shop\/\"},{\"@type\":\"ListItem\",\"position\":2,\"name\":\"Shop\",\"item\":\"https:\/\/pharmadreams.shop\/index.php\/shop\/\"},{\"@type\":\"ListItem\",\"position\":3,\"name\":\"PHYTEAL DEODORANT ANTI TRANSPIRANT 50ML\"}]},{\"@type\":\"WebSite\",\"@id\":\"https:\/\/pharmadreams.shop\/#website\",\"url\":\"https:\/\/pharmadreams.shop\/\",\"name\":\"pharmadreams\",\"description\":\"Parapharmacie en ligne\",\"potentialAction\":[{\"@type\":\"SearchAction\",\"target\":{\"@type\":\"EntryPoint\",\"urlTemplate\":\"https:\/\/pharmadreams.shop\/?s={search_term_string}\"},\"query-input\":\"required name=search_term_string\"}],\"inLanguage\":\"fr-FR\"}]}<\/script>\n<!-- \/ Yoast SEO plugin. -->","yoast_head_json":{"title":"PHYTEAL DEODORANT ANTI TRANSPIRANT 50ML - pharmadreams","robots":{"index":"index","follow":"follow","max-snippet":"max-snippet:-1","max-image-preview":"max-image-preview:large","max-video-preview":"max-video-preview:-1"},"canonical":"https:\/\/pharmadreams.shop\/index.php\/product\/phyteal-deodorant-anti-transpirant-50ml\/","og_locale":"fr_FR","og_type":"article","og_title":"PHYTEAL DEODORANT ANTI TRANSPIRANT 50ML - pharmadreams","og_description":"Formul\u00e9 \u00e0 partir de d\u2019extrait d\u2019alo\u00e9 vera, le\u00a0DEODORANT anti-transpirant\u00a0des Laboratoires Phyt\u00e9al a \u00e9t\u00e9 con\u00e7u sp\u00e9cialement pour r\u00e9guler la transpiration et l\u2019hypersudation.  Sans sels d\u2019aluminium et sans alcool, il prot\u00e9gera les peaux ultra-sensibles des aisselles apr\u00e8s le rasage ou l\u2019\u00e9pilation. Gr\u00e2ce \u00e0 l\u2019oxyde de zinc, il apportera un effet d\u00e9sodorisant toute la journ\u00e9e. Composition -Extrait d\u2019alo\u00e9 vera -Sans parab\u00e8ne -Sans alcool","og_url":"https:\/\/pharmadreams.shop\/index.php\/product\/phyteal-deodorant-anti-transpirant-50ml\/","og_site_name":"pharmadreams","og_image":[{"width":800,"height":800,"url":"https:\/\/pharmadreams.shop\/wp-content\/uploads\/2024\/10\/phyteal-ultraliss-serum-traitant-a-la-keratine-40ml.jpg","type":"image\/jpeg"}],"twitter_card":"summary_large_image","twitter_misc":{"Dur\u00e9e de lecture estim\u00e9e":"1 minute"},"schema":{"@context":"https:\/\/schema.org","@graph":[{"@type":"WebPage","@id":"https:\/\/pharmadreams.shop\/index.php\/product\/phyteal-deodorant-anti-transpirant-50ml\/","url":"https:\/\/pharmadreams.shop\/index.php\/product\/phyteal-deodorant-anti-transpirant-50ml\/","name":"PHYTEAL DEODORANT ANTI TRANSPIRANT 50ML - pharmadreams","isPartOf":{"@id":"https:\/\/pharmadreams.shop\/#website"},"primaryImageOfPage":{"@id":"https:\/\/pharmadreams.shop\/index.php\/product\/phyteal-deodorant-anti-transpirant-50ml\/#primaryimage"},"image":{"@id":"https:\/\/pharmadreams.shop\/index.php\/product\/phyteal-deodorant-anti-transpirant-50ml\/#primaryimage"},"thumbnailUrl":"https:\/\/pharmadreams.shop\/wp-content\/uploads\/2024\/10\/phyteal-ultraliss-serum-traitant-a-la-keratine-40ml.jpg","datePublished":"2024-10-22T16:29:26+00:00","dateModified":"2024-10-22T16:29:26+00:00","breadcrumb":{"@id":"https:\/\/pharmadreams.shop\/index.php\/product\/phyteal-deodorant-anti-transpirant-50ml\/#breadcrumb"},"inLanguage":"fr-FR","potentialAction":[{"@type":"ReadAction","target":["https:\/\/pharmadreams.shop\/index.php\/product\/phyteal-deodorant-anti-transpirant-50ml\/"]}]},{"@type":"ImageObject","inLanguage":"fr-FR","@id":"https:\/\/pharmadreams.shop\/index.php\/product\/phyteal-deodorant-anti-transpirant-50ml\/#primaryimage","url":"https:\/\/pharmadreams.shop\/wp-content\/uploads\/2024\/10\/phyteal-ultraliss-serum-traitant-a-la-keratine-40ml.jpg","contentUrl":"https:\/\/pharmadreams.shop\/wp-content\/uploads\/2024\/10\/phyteal-ultraliss-serum-traitant-a-la-keratine-40ml.jpg","width":800,"height":800},{"@type":"BreadcrumbList","@id":"https:\/\/pharmadreams.shop\/index.php\/product\/phyteal-deodorant-anti-transpirant-50ml\/#breadcrumb","itemListElement":[{"@type":"ListItem","position":1,"name":"Accueil","item":"https:\/\/pharmadreams.shop\/"},{"@type":"ListItem","position":2,"name":"Shop","item":"https:\/\/pharmadreams.shop\/index.php\/shop\/"},{"@type":"ListItem","position":3,"name":"PHYTEAL DEODORANT ANTI TRANSPIRANT 50ML"}]},{"@type":"WebSite","@id":"https:\/\/pharmadreams.shop\/#website","url":"https:\/\/pharmadreams.shop\/","name":"pharmadreams","description":"Parapharmacie en ligne","potentialAction":[{"@type":"SearchAction","target":{"@type":"EntryPoint","urlTemplate":"https:\/\/pharmadreams.shop\/?s={search_term_string}"},"query-input":"required name=search_term_string"}],"inLanguage":"fr-FR"}]}},"_links":{"self":[{"href":"https:\/\/pharmadreams.shop\/index.php\/wp-json\/wp\/v2\/product\/18894","targetHints":{"allow":["GET"]}}],"collection":[{"href":"https:\/\/pharmadreams.shop\/index.php\/wp-json\/wp\/v2\/product"}],"about":[{"href":"https:\/\/pharmadreams.shop\/index.php\/wp-json\/wp\/v2\/types\/product"}],"replies":[{"embeddable":true,"href":"https:\/\/pharmadreams.shop\/index.php\/wp-json\/wp\/v2\/comments?post=18894"}],"version-history":[{"count":0,"href":"https:\/\/pharmadreams.shop\/index.php\/wp-json\/wp\/v2\/product\/18894\/revisions"}],"wp:featuredmedia":[{"embeddable":true,"href":"https:\/\/pharmadreams.shop\/index.php\/wp-json\/wp\/v2\/media\/18895"}],"wp:attachment":[{"href":"https:\/\/pharmadreams.shop\/index.php\/wp-json\/wp\/v2\/media?parent=18894"}],"wp:term":[{"taxonomy":"product_brand","embeddable":true,"href":"https:\/\/pharmadreams.shop\/index.php\/wp-json\/wp\/v2\/product_brand?post=18894"},{"taxonomy":"product_cat","embeddable":true,"href":"https:\/\/pharmadreams.shop\/index.php\/wp-json\/wp\/v2\/product_cat?post=18894"},{"taxonomy":"product_tag","embeddable":true,"href":"https:\/\/pharmadreams.shop\/index.php\/wp-json\/wp\/v2\/product_tag?post=18894"}],"curies":[{"name":"wp","href":"https:\/\/api.w.org\/{rel}","templated":true}]}}