{"id":18901,"date":"2024-10-22T17:39:20","date_gmt":"2024-10-22T16:39:20","guid":{"rendered":"https:\/\/pharmadreams.shop\/?post_type=product&#038;p=18901"},"modified":"2024-10-22T17:39:20","modified_gmt":"2024-10-22T16:39:20","slug":"loramel-serum-capillaire-intense-en-argan-keratine-vitamine-e-50ml","status":"publish","type":"product","link":"https:\/\/pharmadreams.shop\/index.php\/product\/loramel-serum-capillaire-intense-en-argan-keratine-vitamine-e-50ml\/","title":{"rendered":"L&rsquo;Oramel &#8211; S\u00e9rum capillaire intense en Argan K\u00e9ratine Vitamine E &#8211; 50ml"},"content":{"rendered":"","protected":false},"excerpt":{"rendered":"<p>Ce s\u00e9rum, gorg\u00e9 d&rsquo;huile d&rsquo;argan, de k\u00e9ratine et de vitamine E, offre une hydratation en profondeur, laissant vos cheveux soyeux et \u00e9clatants. Renforcez-les en profondeur tout en assurant une protection optimale<\/p>\n<p>&#8211; Tous types de cheveux<\/p>\n<p>&#8211; S\u00e9rum non gras au toucher sec<\/p>\n<p>&#8211; Riche en vitamine E<\/p>\n<p>&#8211; Hydratation &#8211; lissage &#8211; Brillance &#8211; protection des cheveux<\/p>\n","protected":false},"featured_media":18902,"comment_status":"open","ping_status":"closed","template":"","meta":[],"product_brand":[],"product_cat":[53,94],"product_tag":[],"class_list":{"0":"post-18901","1":"product","2":"type-product","3":"status-publish","4":"has-post-thumbnail","6":"product_cat-cheveux","7":"product_cat-serum","9":"first","10":"instock","11":"sale","12":"shipping-taxable","13":"purchasable","14":"product-type-simple"},"yoast_head":"<!-- This site is optimized with the Yoast SEO plugin v23.0 - https:\/\/yoast.com\/wordpress\/plugins\/seo\/ -->\n<title>L&#039;Oramel - S\u00e9rum capillaire intense en Argan K\u00e9ratine Vitamine E - 50ml - pharmadreams<\/title>\n<meta name=\"robots\" content=\"index, follow, max-snippet:-1, max-image-preview:large, max-video-preview:-1\" \/>\n<link rel=\"canonical\" href=\"https:\/\/pharmadreams.shop\/index.php\/product\/loramel-serum-capillaire-intense-en-argan-keratine-vitamine-e-50ml\/\" \/>\n<meta property=\"og:locale\" content=\"fr_FR\" \/>\n<meta property=\"og:type\" content=\"article\" \/>\n<meta property=\"og:title\" content=\"L&#039;Oramel - S\u00e9rum capillaire intense en Argan K\u00e9ratine Vitamine E - 50ml - pharmadreams\" \/>\n<meta property=\"og:description\" content=\"Ce s\u00e9rum, gorg\u00e9 d&#039;huile d&#039;argan, de k\u00e9ratine et de vitamine E, offre une hydratation en profondeur, laissant vos cheveux soyeux et \u00e9clatants. Renforcez-les en profondeur tout en assurant une protection optimale  - Tous types de cheveux  - S\u00e9rum non gras au toucher sec  - Riche en vitamine E  - Hydratation - lissage - Brillance - protection des cheveux\" \/>\n<meta property=\"og:url\" content=\"https:\/\/pharmadreams.shop\/index.php\/product\/loramel-serum-capillaire-intense-en-argan-keratine-vitamine-e-50ml\/\" \/>\n<meta property=\"og:site_name\" content=\"pharmadreams\" \/>\n<meta property=\"og:image\" content=\"https:\/\/pharmadreams.shop\/wp-content\/uploads\/2024\/10\/serum-capillaire-intense-en-argan-keratine-vitamine-e-l-oramel-50ml.jpg\" \/>\n\t<meta property=\"og:image:width\" content=\"250\" \/>\n\t<meta property=\"og:image:height\" content=\"250\" \/>\n\t<meta property=\"og:image:type\" content=\"image\/jpeg\" \/>\n<meta name=\"twitter:card\" content=\"summary_large_image\" \/>\n<meta name=\"twitter:label1\" content=\"Dur\u00e9e de lecture estim\u00e9e\" \/>\n\t<meta name=\"twitter:data1\" content=\"1 minute\" \/>\n<script type=\"application\/ld+json\" class=\"yoast-schema-graph\">{\"@context\":\"https:\/\/schema.org\",\"@graph\":[{\"@type\":\"WebPage\",\"@id\":\"https:\/\/pharmadreams.shop\/index.php\/product\/loramel-serum-capillaire-intense-en-argan-keratine-vitamine-e-50ml\/\",\"url\":\"https:\/\/pharmadreams.shop\/index.php\/product\/loramel-serum-capillaire-intense-en-argan-keratine-vitamine-e-50ml\/\",\"name\":\"L'Oramel - S\u00e9rum capillaire intense en Argan K\u00e9ratine Vitamine E - 50ml - pharmadreams\",\"isPartOf\":{\"@id\":\"https:\/\/pharmadreams.shop\/#website\"},\"primaryImageOfPage\":{\"@id\":\"https:\/\/pharmadreams.shop\/index.php\/product\/loramel-serum-capillaire-intense-en-argan-keratine-vitamine-e-50ml\/#primaryimage\"},\"image\":{\"@id\":\"https:\/\/pharmadreams.shop\/index.php\/product\/loramel-serum-capillaire-intense-en-argan-keratine-vitamine-e-50ml\/#primaryimage\"},\"thumbnailUrl\":\"https:\/\/pharmadreams.shop\/wp-content\/uploads\/2024\/10\/serum-capillaire-intense-en-argan-keratine-vitamine-e-l-oramel-50ml.jpg\",\"datePublished\":\"2024-10-22T16:39:20+00:00\",\"dateModified\":\"2024-10-22T16:39:20+00:00\",\"breadcrumb\":{\"@id\":\"https:\/\/pharmadreams.shop\/index.php\/product\/loramel-serum-capillaire-intense-en-argan-keratine-vitamine-e-50ml\/#breadcrumb\"},\"inLanguage\":\"fr-FR\",\"potentialAction\":[{\"@type\":\"ReadAction\",\"target\":[\"https:\/\/pharmadreams.shop\/index.php\/product\/loramel-serum-capillaire-intense-en-argan-keratine-vitamine-e-50ml\/\"]}]},{\"@type\":\"ImageObject\",\"inLanguage\":\"fr-FR\",\"@id\":\"https:\/\/pharmadreams.shop\/index.php\/product\/loramel-serum-capillaire-intense-en-argan-keratine-vitamine-e-50ml\/#primaryimage\",\"url\":\"https:\/\/pharmadreams.shop\/wp-content\/uploads\/2024\/10\/serum-capillaire-intense-en-argan-keratine-vitamine-e-l-oramel-50ml.jpg\",\"contentUrl\":\"https:\/\/pharmadreams.shop\/wp-content\/uploads\/2024\/10\/serum-capillaire-intense-en-argan-keratine-vitamine-e-l-oramel-50ml.jpg\",\"width\":250,\"height\":250},{\"@type\":\"BreadcrumbList\",\"@id\":\"https:\/\/pharmadreams.shop\/index.php\/product\/loramel-serum-capillaire-intense-en-argan-keratine-vitamine-e-50ml\/#breadcrumb\",\"itemListElement\":[{\"@type\":\"ListItem\",\"position\":1,\"name\":\"Accueil\",\"item\":\"https:\/\/pharmadreams.shop\/\"},{\"@type\":\"ListItem\",\"position\":2,\"name\":\"Shop\",\"item\":\"https:\/\/pharmadreams.shop\/index.php\/shop\/\"},{\"@type\":\"ListItem\",\"position\":3,\"name\":\"L&#8217;Oramel &#8211; S\u00e9rum capillaire intense en Argan K\u00e9ratine Vitamine E &#8211; 50ml\"}]},{\"@type\":\"WebSite\",\"@id\":\"https:\/\/pharmadreams.shop\/#website\",\"url\":\"https:\/\/pharmadreams.shop\/\",\"name\":\"pharmadreams\",\"description\":\"Parapharmacie en ligne\",\"potentialAction\":[{\"@type\":\"SearchAction\",\"target\":{\"@type\":\"EntryPoint\",\"urlTemplate\":\"https:\/\/pharmadreams.shop\/?s={search_term_string}\"},\"query-input\":\"required name=search_term_string\"}],\"inLanguage\":\"fr-FR\"}]}<\/script>\n<!-- \/ Yoast SEO plugin. -->","yoast_head_json":{"title":"L'Oramel - S\u00e9rum capillaire intense en Argan K\u00e9ratine Vitamine E - 50ml - pharmadreams","robots":{"index":"index","follow":"follow","max-snippet":"max-snippet:-1","max-image-preview":"max-image-preview:large","max-video-preview":"max-video-preview:-1"},"canonical":"https:\/\/pharmadreams.shop\/index.php\/product\/loramel-serum-capillaire-intense-en-argan-keratine-vitamine-e-50ml\/","og_locale":"fr_FR","og_type":"article","og_title":"L'Oramel - S\u00e9rum capillaire intense en Argan K\u00e9ratine Vitamine E - 50ml - pharmadreams","og_description":"Ce s\u00e9rum, gorg\u00e9 d'huile d'argan, de k\u00e9ratine et de vitamine E, offre une hydratation en profondeur, laissant vos cheveux soyeux et \u00e9clatants. Renforcez-les en profondeur tout en assurant une protection optimale  - Tous types de cheveux  - S\u00e9rum non gras au toucher sec  - Riche en vitamine E  - Hydratation - lissage - Brillance - protection des cheveux","og_url":"https:\/\/pharmadreams.shop\/index.php\/product\/loramel-serum-capillaire-intense-en-argan-keratine-vitamine-e-50ml\/","og_site_name":"pharmadreams","og_image":[{"width":250,"height":250,"url":"https:\/\/pharmadreams.shop\/wp-content\/uploads\/2024\/10\/serum-capillaire-intense-en-argan-keratine-vitamine-e-l-oramel-50ml.jpg","type":"image\/jpeg"}],"twitter_card":"summary_large_image","twitter_misc":{"Dur\u00e9e de lecture estim\u00e9e":"1 minute"},"schema":{"@context":"https:\/\/schema.org","@graph":[{"@type":"WebPage","@id":"https:\/\/pharmadreams.shop\/index.php\/product\/loramel-serum-capillaire-intense-en-argan-keratine-vitamine-e-50ml\/","url":"https:\/\/pharmadreams.shop\/index.php\/product\/loramel-serum-capillaire-intense-en-argan-keratine-vitamine-e-50ml\/","name":"L'Oramel - S\u00e9rum capillaire intense en Argan K\u00e9ratine Vitamine E - 50ml - pharmadreams","isPartOf":{"@id":"https:\/\/pharmadreams.shop\/#website"},"primaryImageOfPage":{"@id":"https:\/\/pharmadreams.shop\/index.php\/product\/loramel-serum-capillaire-intense-en-argan-keratine-vitamine-e-50ml\/#primaryimage"},"image":{"@id":"https:\/\/pharmadreams.shop\/index.php\/product\/loramel-serum-capillaire-intense-en-argan-keratine-vitamine-e-50ml\/#primaryimage"},"thumbnailUrl":"https:\/\/pharmadreams.shop\/wp-content\/uploads\/2024\/10\/serum-capillaire-intense-en-argan-keratine-vitamine-e-l-oramel-50ml.jpg","datePublished":"2024-10-22T16:39:20+00:00","dateModified":"2024-10-22T16:39:20+00:00","breadcrumb":{"@id":"https:\/\/pharmadreams.shop\/index.php\/product\/loramel-serum-capillaire-intense-en-argan-keratine-vitamine-e-50ml\/#breadcrumb"},"inLanguage":"fr-FR","potentialAction":[{"@type":"ReadAction","target":["https:\/\/pharmadreams.shop\/index.php\/product\/loramel-serum-capillaire-intense-en-argan-keratine-vitamine-e-50ml\/"]}]},{"@type":"ImageObject","inLanguage":"fr-FR","@id":"https:\/\/pharmadreams.shop\/index.php\/product\/loramel-serum-capillaire-intense-en-argan-keratine-vitamine-e-50ml\/#primaryimage","url":"https:\/\/pharmadreams.shop\/wp-content\/uploads\/2024\/10\/serum-capillaire-intense-en-argan-keratine-vitamine-e-l-oramel-50ml.jpg","contentUrl":"https:\/\/pharmadreams.shop\/wp-content\/uploads\/2024\/10\/serum-capillaire-intense-en-argan-keratine-vitamine-e-l-oramel-50ml.jpg","width":250,"height":250},{"@type":"BreadcrumbList","@id":"https:\/\/pharmadreams.shop\/index.php\/product\/loramel-serum-capillaire-intense-en-argan-keratine-vitamine-e-50ml\/#breadcrumb","itemListElement":[{"@type":"ListItem","position":1,"name":"Accueil","item":"https:\/\/pharmadreams.shop\/"},{"@type":"ListItem","position":2,"name":"Shop","item":"https:\/\/pharmadreams.shop\/index.php\/shop\/"},{"@type":"ListItem","position":3,"name":"L&#8217;Oramel &#8211; S\u00e9rum capillaire intense en Argan K\u00e9ratine Vitamine E &#8211; 50ml"}]},{"@type":"WebSite","@id":"https:\/\/pharmadreams.shop\/#website","url":"https:\/\/pharmadreams.shop\/","name":"pharmadreams","description":"Parapharmacie en ligne","potentialAction":[{"@type":"SearchAction","target":{"@type":"EntryPoint","urlTemplate":"https:\/\/pharmadreams.shop\/?s={search_term_string}"},"query-input":"required name=search_term_string"}],"inLanguage":"fr-FR"}]}},"_links":{"self":[{"href":"https:\/\/pharmadreams.shop\/index.php\/wp-json\/wp\/v2\/product\/18901","targetHints":{"allow":["GET"]}}],"collection":[{"href":"https:\/\/pharmadreams.shop\/index.php\/wp-json\/wp\/v2\/product"}],"about":[{"href":"https:\/\/pharmadreams.shop\/index.php\/wp-json\/wp\/v2\/types\/product"}],"replies":[{"embeddable":true,"href":"https:\/\/pharmadreams.shop\/index.php\/wp-json\/wp\/v2\/comments?post=18901"}],"version-history":[{"count":0,"href":"https:\/\/pharmadreams.shop\/index.php\/wp-json\/wp\/v2\/product\/18901\/revisions"}],"wp:featuredmedia":[{"embeddable":true,"href":"https:\/\/pharmadreams.shop\/index.php\/wp-json\/wp\/v2\/media\/18902"}],"wp:attachment":[{"href":"https:\/\/pharmadreams.shop\/index.php\/wp-json\/wp\/v2\/media?parent=18901"}],"wp:term":[{"taxonomy":"product_brand","embeddable":true,"href":"https:\/\/pharmadreams.shop\/index.php\/wp-json\/wp\/v2\/product_brand?post=18901"},{"taxonomy":"product_cat","embeddable":true,"href":"https:\/\/pharmadreams.shop\/index.php\/wp-json\/wp\/v2\/product_cat?post=18901"},{"taxonomy":"product_tag","embeddable":true,"href":"https:\/\/pharmadreams.shop\/index.php\/wp-json\/wp\/v2\/product_tag?post=18901"}],"curies":[{"name":"wp","href":"https:\/\/api.w.org\/{rel}","templated":true}]}}