{"id":18907,"date":"2024-10-22T17:51:57","date_gmt":"2024-10-22T16:51:57","guid":{"rendered":"https:\/\/pharmadreams.shop\/?post_type=product&#038;p=18907"},"modified":"2024-10-22T17:51:57","modified_gmt":"2024-10-22T16:51:57","slug":"loramel-hyalurosun-spray-solaire-familial-spf50-170ml","status":"publish","type":"product","link":"https:\/\/pharmadreams.shop\/index.php\/product\/loramel-hyalurosun-spray-solaire-familial-spf50-170ml\/","title":{"rendered":"L&rsquo;Oramel Hyalurosun &#8211; Spray solaire familial spf50+ &#8211; 170ml"},"content":{"rendered":"","protected":false},"excerpt":{"rendered":"<p><strong>Spray solaire familial spf50+<\/strong><\/p>\n<ul>\n<li>Hyaluro Sun spray invisible spf50+ est un fluide de tr\u00e8s haute protection solaire \u00e0 large spectre adapt\u00e9 \u00e0 la peau sensible de l&rsquo;enfant et de l&rsquo;adulte.<\/li>\n<li>\u00a0Sa formule riche en filtres UVA et UVB performants, en vitamine E et en provitamine B5, offre une protection optimale pour le visage et le corps contre les dommages cellulaires caus\u00e9s par les rayons solaires nocifs, pr\u00e9vient l&rsquo;apparition des t\u00e2ches, procure une meilleure hydratation.<\/li>\n<li>Hyaluro Sun est un fluide formul\u00e9 \u00e0 base d&rsquo;eau thermale bienfaisante de Korbpus, riche en min\u00e9raux et oligo-\u00e9l\u00e9ments qui apaise la peau et pr\u00e9vient les irritations. ultra pratique gr\u00e2ce \u00e0 son format familial qui permet une utilisation par tous, de plus petits aux plus grands.<\/li>\n<li>Hyaluro Sun est un fluide transparent \u00e0 texture l\u00e9g\u00e8re et d\u00e9licieusement fondante au fini invisible, non gras, sans t\u00e2ches blanches et ultra-r\u00e9sistant \u00e0 l&rsquo;eau et \u00e0 la transpiration.<\/li>\n<li><\/li>\n<\/ul>\n<p>Visage et corps<\/p>\n","protected":false},"featured_media":18908,"comment_status":"open","ping_status":"closed","template":"","meta":[],"product_brand":[],"product_cat":[28,233],"product_tag":[],"class_list":{"0":"post-18907","1":"product","2":"type-product","3":"status-publish","4":"has-post-thumbnail","6":"product_cat-corps","7":"product_cat-protection-solaire","9":"first","10":"instock","11":"shipping-taxable","12":"purchasable","13":"product-type-simple"},"yoast_head":"<!-- This site is optimized with the Yoast SEO plugin v23.0 - https:\/\/yoast.com\/wordpress\/plugins\/seo\/ -->\n<title>L&#039;Oramel Hyalurosun - Spray solaire familial spf50+ - 170ml - pharmadreams<\/title>\n<meta name=\"robots\" content=\"index, follow, max-snippet:-1, max-image-preview:large, max-video-preview:-1\" \/>\n<link rel=\"canonical\" href=\"https:\/\/pharmadreams.shop\/index.php\/product\/loramel-hyalurosun-spray-solaire-familial-spf50-170ml\/\" \/>\n<meta property=\"og:locale\" content=\"fr_FR\" \/>\n<meta property=\"og:type\" content=\"article\" \/>\n<meta property=\"og:title\" content=\"L&#039;Oramel Hyalurosun - Spray solaire familial spf50+ - 170ml - pharmadreams\" \/>\n<meta property=\"og:description\" content=\"Spray solaire familial spf50+   Hyaluro Sun spray invisible spf50+ est un fluide de tr\u00e8s haute protection solaire \u00e0 large spectre adapt\u00e9 \u00e0 la peau sensible de l&#039;enfant et de l&#039;adulte.  \u00a0Sa formule riche en filtres UVA et UVB performants, en vitamine E et en provitamine B5, offre une protection optimale pour le visage et le corps contre les dommages cellulaires caus\u00e9s par les rayons solaires nocifs, pr\u00e9vient l&#039;apparition des t\u00e2ches, procure une meilleure hydratation.  Hyaluro Sun est un fluide formul\u00e9 \u00e0 base d&#039;eau thermale bienfaisante de Korbpus, riche en min\u00e9raux et oligo-\u00e9l\u00e9ments qui apaise la peau et pr\u00e9vient les irritations. ultra pratique gr\u00e2ce \u00e0 son format familial qui permet une utilisation par tous, de plus petits aux plus grands.  Hyaluro Sun est un fluide transparent \u00e0 texture l\u00e9g\u00e8re et d\u00e9licieusement fondante au fini invisible, non gras, sans t\u00e2ches blanches et ultra-r\u00e9sistant \u00e0 l&#039;eau et \u00e0 la transpiration.    Visage et corps\" \/>\n<meta property=\"og:url\" content=\"https:\/\/pharmadreams.shop\/index.php\/product\/loramel-hyalurosun-spray-solaire-familial-spf50-170ml\/\" \/>\n<meta property=\"og:site_name\" content=\"pharmadreams\" \/>\n<meta property=\"og:image\" content=\"https:\/\/pharmadreams.shop\/wp-content\/uploads\/2024\/10\/spray-solaire-familial-spf50-l-oramel-hyalurosun-170ml.jpg\" \/>\n\t<meta property=\"og:image:width\" content=\"800\" \/>\n\t<meta property=\"og:image:height\" content=\"800\" \/>\n\t<meta property=\"og:image:type\" content=\"image\/jpeg\" \/>\n<meta name=\"twitter:card\" content=\"summary_large_image\" \/>\n<meta name=\"twitter:label1\" content=\"Dur\u00e9e de lecture estim\u00e9e\" \/>\n\t<meta name=\"twitter:data1\" content=\"1 minute\" \/>\n<script type=\"application\/ld+json\" class=\"yoast-schema-graph\">{\"@context\":\"https:\/\/schema.org\",\"@graph\":[{\"@type\":\"WebPage\",\"@id\":\"https:\/\/pharmadreams.shop\/index.php\/product\/loramel-hyalurosun-spray-solaire-familial-spf50-170ml\/\",\"url\":\"https:\/\/pharmadreams.shop\/index.php\/product\/loramel-hyalurosun-spray-solaire-familial-spf50-170ml\/\",\"name\":\"L'Oramel Hyalurosun - Spray solaire familial spf50+ - 170ml - pharmadreams\",\"isPartOf\":{\"@id\":\"https:\/\/pharmadreams.shop\/#website\"},\"primaryImageOfPage\":{\"@id\":\"https:\/\/pharmadreams.shop\/index.php\/product\/loramel-hyalurosun-spray-solaire-familial-spf50-170ml\/#primaryimage\"},\"image\":{\"@id\":\"https:\/\/pharmadreams.shop\/index.php\/product\/loramel-hyalurosun-spray-solaire-familial-spf50-170ml\/#primaryimage\"},\"thumbnailUrl\":\"https:\/\/pharmadreams.shop\/wp-content\/uploads\/2024\/10\/spray-solaire-familial-spf50-l-oramel-hyalurosun-170ml.jpg\",\"datePublished\":\"2024-10-22T16:51:57+00:00\",\"dateModified\":\"2024-10-22T16:51:57+00:00\",\"breadcrumb\":{\"@id\":\"https:\/\/pharmadreams.shop\/index.php\/product\/loramel-hyalurosun-spray-solaire-familial-spf50-170ml\/#breadcrumb\"},\"inLanguage\":\"fr-FR\",\"potentialAction\":[{\"@type\":\"ReadAction\",\"target\":[\"https:\/\/pharmadreams.shop\/index.php\/product\/loramel-hyalurosun-spray-solaire-familial-spf50-170ml\/\"]}]},{\"@type\":\"ImageObject\",\"inLanguage\":\"fr-FR\",\"@id\":\"https:\/\/pharmadreams.shop\/index.php\/product\/loramel-hyalurosun-spray-solaire-familial-spf50-170ml\/#primaryimage\",\"url\":\"https:\/\/pharmadreams.shop\/wp-content\/uploads\/2024\/10\/spray-solaire-familial-spf50-l-oramel-hyalurosun-170ml.jpg\",\"contentUrl\":\"https:\/\/pharmadreams.shop\/wp-content\/uploads\/2024\/10\/spray-solaire-familial-spf50-l-oramel-hyalurosun-170ml.jpg\",\"width\":800,\"height\":800},{\"@type\":\"BreadcrumbList\",\"@id\":\"https:\/\/pharmadreams.shop\/index.php\/product\/loramel-hyalurosun-spray-solaire-familial-spf50-170ml\/#breadcrumb\",\"itemListElement\":[{\"@type\":\"ListItem\",\"position\":1,\"name\":\"Accueil\",\"item\":\"https:\/\/pharmadreams.shop\/\"},{\"@type\":\"ListItem\",\"position\":2,\"name\":\"Shop\",\"item\":\"https:\/\/pharmadreams.shop\/index.php\/shop\/\"},{\"@type\":\"ListItem\",\"position\":3,\"name\":\"L&#8217;Oramel Hyalurosun &#8211; Spray solaire familial spf50+ &#8211; 170ml\"}]},{\"@type\":\"WebSite\",\"@id\":\"https:\/\/pharmadreams.shop\/#website\",\"url\":\"https:\/\/pharmadreams.shop\/\",\"name\":\"pharmadreams\",\"description\":\"Parapharmacie en ligne\",\"potentialAction\":[{\"@type\":\"SearchAction\",\"target\":{\"@type\":\"EntryPoint\",\"urlTemplate\":\"https:\/\/pharmadreams.shop\/?s={search_term_string}\"},\"query-input\":\"required name=search_term_string\"}],\"inLanguage\":\"fr-FR\"}]}<\/script>\n<!-- \/ Yoast SEO plugin. -->","yoast_head_json":{"title":"L'Oramel Hyalurosun - Spray solaire familial spf50+ - 170ml - pharmadreams","robots":{"index":"index","follow":"follow","max-snippet":"max-snippet:-1","max-image-preview":"max-image-preview:large","max-video-preview":"max-video-preview:-1"},"canonical":"https:\/\/pharmadreams.shop\/index.php\/product\/loramel-hyalurosun-spray-solaire-familial-spf50-170ml\/","og_locale":"fr_FR","og_type":"article","og_title":"L'Oramel Hyalurosun - Spray solaire familial spf50+ - 170ml - pharmadreams","og_description":"Spray solaire familial spf50+   Hyaluro Sun spray invisible spf50+ est un fluide de tr\u00e8s haute protection solaire \u00e0 large spectre adapt\u00e9 \u00e0 la peau sensible de l'enfant et de l'adulte.  \u00a0Sa formule riche en filtres UVA et UVB performants, en vitamine E et en provitamine B5, offre une protection optimale pour le visage et le corps contre les dommages cellulaires caus\u00e9s par les rayons solaires nocifs, pr\u00e9vient l'apparition des t\u00e2ches, procure une meilleure hydratation.  Hyaluro Sun est un fluide formul\u00e9 \u00e0 base d'eau thermale bienfaisante de Korbpus, riche en min\u00e9raux et oligo-\u00e9l\u00e9ments qui apaise la peau et pr\u00e9vient les irritations. ultra pratique gr\u00e2ce \u00e0 son format familial qui permet une utilisation par tous, de plus petits aux plus grands.  Hyaluro Sun est un fluide transparent \u00e0 texture l\u00e9g\u00e8re et d\u00e9licieusement fondante au fini invisible, non gras, sans t\u00e2ches blanches et ultra-r\u00e9sistant \u00e0 l'eau et \u00e0 la transpiration.    Visage et corps","og_url":"https:\/\/pharmadreams.shop\/index.php\/product\/loramel-hyalurosun-spray-solaire-familial-spf50-170ml\/","og_site_name":"pharmadreams","og_image":[{"width":800,"height":800,"url":"https:\/\/pharmadreams.shop\/wp-content\/uploads\/2024\/10\/spray-solaire-familial-spf50-l-oramel-hyalurosun-170ml.jpg","type":"image\/jpeg"}],"twitter_card":"summary_large_image","twitter_misc":{"Dur\u00e9e de lecture estim\u00e9e":"1 minute"},"schema":{"@context":"https:\/\/schema.org","@graph":[{"@type":"WebPage","@id":"https:\/\/pharmadreams.shop\/index.php\/product\/loramel-hyalurosun-spray-solaire-familial-spf50-170ml\/","url":"https:\/\/pharmadreams.shop\/index.php\/product\/loramel-hyalurosun-spray-solaire-familial-spf50-170ml\/","name":"L'Oramel Hyalurosun - Spray solaire familial spf50+ - 170ml - pharmadreams","isPartOf":{"@id":"https:\/\/pharmadreams.shop\/#website"},"primaryImageOfPage":{"@id":"https:\/\/pharmadreams.shop\/index.php\/product\/loramel-hyalurosun-spray-solaire-familial-spf50-170ml\/#primaryimage"},"image":{"@id":"https:\/\/pharmadreams.shop\/index.php\/product\/loramel-hyalurosun-spray-solaire-familial-spf50-170ml\/#primaryimage"},"thumbnailUrl":"https:\/\/pharmadreams.shop\/wp-content\/uploads\/2024\/10\/spray-solaire-familial-spf50-l-oramel-hyalurosun-170ml.jpg","datePublished":"2024-10-22T16:51:57+00:00","dateModified":"2024-10-22T16:51:57+00:00","breadcrumb":{"@id":"https:\/\/pharmadreams.shop\/index.php\/product\/loramel-hyalurosun-spray-solaire-familial-spf50-170ml\/#breadcrumb"},"inLanguage":"fr-FR","potentialAction":[{"@type":"ReadAction","target":["https:\/\/pharmadreams.shop\/index.php\/product\/loramel-hyalurosun-spray-solaire-familial-spf50-170ml\/"]}]},{"@type":"ImageObject","inLanguage":"fr-FR","@id":"https:\/\/pharmadreams.shop\/index.php\/product\/loramel-hyalurosun-spray-solaire-familial-spf50-170ml\/#primaryimage","url":"https:\/\/pharmadreams.shop\/wp-content\/uploads\/2024\/10\/spray-solaire-familial-spf50-l-oramel-hyalurosun-170ml.jpg","contentUrl":"https:\/\/pharmadreams.shop\/wp-content\/uploads\/2024\/10\/spray-solaire-familial-spf50-l-oramel-hyalurosun-170ml.jpg","width":800,"height":800},{"@type":"BreadcrumbList","@id":"https:\/\/pharmadreams.shop\/index.php\/product\/loramel-hyalurosun-spray-solaire-familial-spf50-170ml\/#breadcrumb","itemListElement":[{"@type":"ListItem","position":1,"name":"Accueil","item":"https:\/\/pharmadreams.shop\/"},{"@type":"ListItem","position":2,"name":"Shop","item":"https:\/\/pharmadreams.shop\/index.php\/shop\/"},{"@type":"ListItem","position":3,"name":"L&#8217;Oramel Hyalurosun &#8211; Spray solaire familial spf50+ &#8211; 170ml"}]},{"@type":"WebSite","@id":"https:\/\/pharmadreams.shop\/#website","url":"https:\/\/pharmadreams.shop\/","name":"pharmadreams","description":"Parapharmacie en ligne","potentialAction":[{"@type":"SearchAction","target":{"@type":"EntryPoint","urlTemplate":"https:\/\/pharmadreams.shop\/?s={search_term_string}"},"query-input":"required name=search_term_string"}],"inLanguage":"fr-FR"}]}},"_links":{"self":[{"href":"https:\/\/pharmadreams.shop\/index.php\/wp-json\/wp\/v2\/product\/18907","targetHints":{"allow":["GET"]}}],"collection":[{"href":"https:\/\/pharmadreams.shop\/index.php\/wp-json\/wp\/v2\/product"}],"about":[{"href":"https:\/\/pharmadreams.shop\/index.php\/wp-json\/wp\/v2\/types\/product"}],"replies":[{"embeddable":true,"href":"https:\/\/pharmadreams.shop\/index.php\/wp-json\/wp\/v2\/comments?post=18907"}],"version-history":[{"count":0,"href":"https:\/\/pharmadreams.shop\/index.php\/wp-json\/wp\/v2\/product\/18907\/revisions"}],"wp:featuredmedia":[{"embeddable":true,"href":"https:\/\/pharmadreams.shop\/index.php\/wp-json\/wp\/v2\/media\/18908"}],"wp:attachment":[{"href":"https:\/\/pharmadreams.shop\/index.php\/wp-json\/wp\/v2\/media?parent=18907"}],"wp:term":[{"taxonomy":"product_brand","embeddable":true,"href":"https:\/\/pharmadreams.shop\/index.php\/wp-json\/wp\/v2\/product_brand?post=18907"},{"taxonomy":"product_cat","embeddable":true,"href":"https:\/\/pharmadreams.shop\/index.php\/wp-json\/wp\/v2\/product_cat?post=18907"},{"taxonomy":"product_tag","embeddable":true,"href":"https:\/\/pharmadreams.shop\/index.php\/wp-json\/wp\/v2\/product_tag?post=18907"}],"curies":[{"name":"wp","href":"https:\/\/api.w.org\/{rel}","templated":true}]}}