{"id":18913,"date":"2024-10-22T18:00:49","date_gmt":"2024-10-22T17:00:49","guid":{"rendered":"https:\/\/pharmadreams.shop\/?post_type=product&#038;p=18913"},"modified":"2024-10-22T18:00:49","modified_gmt":"2024-10-22T17:00:49","slug":"loramel-kit-de-lissage-et-soin-capillaire-petit-format","status":"publish","type":"product","link":"https:\/\/pharmadreams.shop\/index.php\/product\/loramel-kit-de-lissage-et-soin-capillaire-petit-format\/","title":{"rendered":"L&rsquo;Oramel &#8211; Kit de Lissage et Soin Capillaire &#8211; Petit format"},"content":{"rendered":"","protected":false},"excerpt":{"rendered":"<p>Kit de Lissage et Soin Capillaire L&rsquo;Oramel<\/p>\n<p>ce pack est contient:<\/p>\n<p>1- Shampoing Clarifiant Detox<\/p>\n<p>2- Prot\u00e9ine Collag\u00e8ne Traitement Caviar+<\/p>\n<p>3- Collag\u00e8ne Caviar Masque Fixateur<\/p>\n<p>4- Collag\u00e8ne Caviar Shampoing<\/p>\n<p>5- Collag\u00e8ne Caviar Apres Shampoing<\/p>\n","protected":false},"featured_media":18914,"comment_status":"open","ping_status":"closed","template":"","meta":[],"product_brand":[],"product_cat":[53],"product_tag":[],"class_list":{"0":"post-18913","1":"product","2":"type-product","3":"status-publish","4":"has-post-thumbnail","6":"product_cat-cheveux","8":"first","9":"instock","10":"sale","11":"shipping-taxable","12":"purchasable","13":"product-type-simple"},"yoast_head":"<!-- This site is optimized with the Yoast SEO plugin v23.0 - https:\/\/yoast.com\/wordpress\/plugins\/seo\/ -->\n<title>L&#039;Oramel - Kit de Lissage et Soin Capillaire - Petit format - pharmadreams<\/title>\n<meta name=\"robots\" content=\"index, follow, max-snippet:-1, max-image-preview:large, max-video-preview:-1\" \/>\n<link rel=\"canonical\" href=\"https:\/\/pharmadreams.shop\/index.php\/product\/loramel-kit-de-lissage-et-soin-capillaire-petit-format\/\" \/>\n<meta property=\"og:locale\" content=\"fr_FR\" \/>\n<meta property=\"og:type\" content=\"article\" \/>\n<meta property=\"og:title\" content=\"L&#039;Oramel - Kit de Lissage et Soin Capillaire - Petit format - pharmadreams\" \/>\n<meta property=\"og:description\" content=\"Kit de Lissage et Soin Capillaire L&#039;Oramel  ce pack est contient:  1- Shampoing Clarifiant Detox  2- Prot\u00e9ine Collag\u00e8ne Traitement Caviar+  3- Collag\u00e8ne Caviar Masque Fixateur  4- Collag\u00e8ne Caviar Shampoing  5- Collag\u00e8ne Caviar Apres Shampoing\" \/>\n<meta property=\"og:url\" content=\"https:\/\/pharmadreams.shop\/index.php\/product\/loramel-kit-de-lissage-et-soin-capillaire-petit-format\/\" \/>\n<meta property=\"og:site_name\" content=\"pharmadreams\" \/>\n<meta property=\"og:image\" content=\"https:\/\/pharmadreams.shop\/wp-content\/uploads\/2024\/10\/kit-de-lissage-et-soin-capillaire-loramel.jpg\" \/>\n\t<meta property=\"og:image:width\" content=\"800\" \/>\n\t<meta property=\"og:image:height\" content=\"800\" \/>\n\t<meta property=\"og:image:type\" content=\"image\/jpeg\" \/>\n<meta name=\"twitter:card\" content=\"summary_large_image\" \/>\n<meta name=\"twitter:label1\" content=\"Dur\u00e9e de lecture estim\u00e9e\" \/>\n\t<meta name=\"twitter:data1\" content=\"1 minute\" \/>\n<script type=\"application\/ld+json\" class=\"yoast-schema-graph\">{\"@context\":\"https:\/\/schema.org\",\"@graph\":[{\"@type\":\"WebPage\",\"@id\":\"https:\/\/pharmadreams.shop\/index.php\/product\/loramel-kit-de-lissage-et-soin-capillaire-petit-format\/\",\"url\":\"https:\/\/pharmadreams.shop\/index.php\/product\/loramel-kit-de-lissage-et-soin-capillaire-petit-format\/\",\"name\":\"L'Oramel - Kit de Lissage et Soin Capillaire - Petit format - pharmadreams\",\"isPartOf\":{\"@id\":\"https:\/\/pharmadreams.shop\/#website\"},\"primaryImageOfPage\":{\"@id\":\"https:\/\/pharmadreams.shop\/index.php\/product\/loramel-kit-de-lissage-et-soin-capillaire-petit-format\/#primaryimage\"},\"image\":{\"@id\":\"https:\/\/pharmadreams.shop\/index.php\/product\/loramel-kit-de-lissage-et-soin-capillaire-petit-format\/#primaryimage\"},\"thumbnailUrl\":\"https:\/\/pharmadreams.shop\/wp-content\/uploads\/2024\/10\/kit-de-lissage-et-soin-capillaire-loramel.jpg\",\"datePublished\":\"2024-10-22T17:00:49+00:00\",\"dateModified\":\"2024-10-22T17:00:49+00:00\",\"breadcrumb\":{\"@id\":\"https:\/\/pharmadreams.shop\/index.php\/product\/loramel-kit-de-lissage-et-soin-capillaire-petit-format\/#breadcrumb\"},\"inLanguage\":\"fr-FR\",\"potentialAction\":[{\"@type\":\"ReadAction\",\"target\":[\"https:\/\/pharmadreams.shop\/index.php\/product\/loramel-kit-de-lissage-et-soin-capillaire-petit-format\/\"]}]},{\"@type\":\"ImageObject\",\"inLanguage\":\"fr-FR\",\"@id\":\"https:\/\/pharmadreams.shop\/index.php\/product\/loramel-kit-de-lissage-et-soin-capillaire-petit-format\/#primaryimage\",\"url\":\"https:\/\/pharmadreams.shop\/wp-content\/uploads\/2024\/10\/kit-de-lissage-et-soin-capillaire-loramel.jpg\",\"contentUrl\":\"https:\/\/pharmadreams.shop\/wp-content\/uploads\/2024\/10\/kit-de-lissage-et-soin-capillaire-loramel.jpg\",\"width\":800,\"height\":800},{\"@type\":\"BreadcrumbList\",\"@id\":\"https:\/\/pharmadreams.shop\/index.php\/product\/loramel-kit-de-lissage-et-soin-capillaire-petit-format\/#breadcrumb\",\"itemListElement\":[{\"@type\":\"ListItem\",\"position\":1,\"name\":\"Accueil\",\"item\":\"https:\/\/pharmadreams.shop\/\"},{\"@type\":\"ListItem\",\"position\":2,\"name\":\"Shop\",\"item\":\"https:\/\/pharmadreams.shop\/index.php\/shop\/\"},{\"@type\":\"ListItem\",\"position\":3,\"name\":\"L&#8217;Oramel &#8211; Kit de Lissage et Soin Capillaire &#8211; Petit format\"}]},{\"@type\":\"WebSite\",\"@id\":\"https:\/\/pharmadreams.shop\/#website\",\"url\":\"https:\/\/pharmadreams.shop\/\",\"name\":\"pharmadreams\",\"description\":\"Parapharmacie en ligne\",\"potentialAction\":[{\"@type\":\"SearchAction\",\"target\":{\"@type\":\"EntryPoint\",\"urlTemplate\":\"https:\/\/pharmadreams.shop\/?s={search_term_string}\"},\"query-input\":\"required name=search_term_string\"}],\"inLanguage\":\"fr-FR\"}]}<\/script>\n<!-- \/ Yoast SEO plugin. -->","yoast_head_json":{"title":"L'Oramel - Kit de Lissage et Soin Capillaire - Petit format - pharmadreams","robots":{"index":"index","follow":"follow","max-snippet":"max-snippet:-1","max-image-preview":"max-image-preview:large","max-video-preview":"max-video-preview:-1"},"canonical":"https:\/\/pharmadreams.shop\/index.php\/product\/loramel-kit-de-lissage-et-soin-capillaire-petit-format\/","og_locale":"fr_FR","og_type":"article","og_title":"L'Oramel - Kit de Lissage et Soin Capillaire - Petit format - pharmadreams","og_description":"Kit de Lissage et Soin Capillaire L'Oramel  ce pack est contient:  1- Shampoing Clarifiant Detox  2- Prot\u00e9ine Collag\u00e8ne Traitement Caviar+  3- Collag\u00e8ne Caviar Masque Fixateur  4- Collag\u00e8ne Caviar Shampoing  5- Collag\u00e8ne Caviar Apres Shampoing","og_url":"https:\/\/pharmadreams.shop\/index.php\/product\/loramel-kit-de-lissage-et-soin-capillaire-petit-format\/","og_site_name":"pharmadreams","og_image":[{"width":800,"height":800,"url":"https:\/\/pharmadreams.shop\/wp-content\/uploads\/2024\/10\/kit-de-lissage-et-soin-capillaire-loramel.jpg","type":"image\/jpeg"}],"twitter_card":"summary_large_image","twitter_misc":{"Dur\u00e9e de lecture estim\u00e9e":"1 minute"},"schema":{"@context":"https:\/\/schema.org","@graph":[{"@type":"WebPage","@id":"https:\/\/pharmadreams.shop\/index.php\/product\/loramel-kit-de-lissage-et-soin-capillaire-petit-format\/","url":"https:\/\/pharmadreams.shop\/index.php\/product\/loramel-kit-de-lissage-et-soin-capillaire-petit-format\/","name":"L'Oramel - Kit de Lissage et Soin Capillaire - Petit format - pharmadreams","isPartOf":{"@id":"https:\/\/pharmadreams.shop\/#website"},"primaryImageOfPage":{"@id":"https:\/\/pharmadreams.shop\/index.php\/product\/loramel-kit-de-lissage-et-soin-capillaire-petit-format\/#primaryimage"},"image":{"@id":"https:\/\/pharmadreams.shop\/index.php\/product\/loramel-kit-de-lissage-et-soin-capillaire-petit-format\/#primaryimage"},"thumbnailUrl":"https:\/\/pharmadreams.shop\/wp-content\/uploads\/2024\/10\/kit-de-lissage-et-soin-capillaire-loramel.jpg","datePublished":"2024-10-22T17:00:49+00:00","dateModified":"2024-10-22T17:00:49+00:00","breadcrumb":{"@id":"https:\/\/pharmadreams.shop\/index.php\/product\/loramel-kit-de-lissage-et-soin-capillaire-petit-format\/#breadcrumb"},"inLanguage":"fr-FR","potentialAction":[{"@type":"ReadAction","target":["https:\/\/pharmadreams.shop\/index.php\/product\/loramel-kit-de-lissage-et-soin-capillaire-petit-format\/"]}]},{"@type":"ImageObject","inLanguage":"fr-FR","@id":"https:\/\/pharmadreams.shop\/index.php\/product\/loramel-kit-de-lissage-et-soin-capillaire-petit-format\/#primaryimage","url":"https:\/\/pharmadreams.shop\/wp-content\/uploads\/2024\/10\/kit-de-lissage-et-soin-capillaire-loramel.jpg","contentUrl":"https:\/\/pharmadreams.shop\/wp-content\/uploads\/2024\/10\/kit-de-lissage-et-soin-capillaire-loramel.jpg","width":800,"height":800},{"@type":"BreadcrumbList","@id":"https:\/\/pharmadreams.shop\/index.php\/product\/loramel-kit-de-lissage-et-soin-capillaire-petit-format\/#breadcrumb","itemListElement":[{"@type":"ListItem","position":1,"name":"Accueil","item":"https:\/\/pharmadreams.shop\/"},{"@type":"ListItem","position":2,"name":"Shop","item":"https:\/\/pharmadreams.shop\/index.php\/shop\/"},{"@type":"ListItem","position":3,"name":"L&#8217;Oramel &#8211; Kit de Lissage et Soin Capillaire &#8211; Petit format"}]},{"@type":"WebSite","@id":"https:\/\/pharmadreams.shop\/#website","url":"https:\/\/pharmadreams.shop\/","name":"pharmadreams","description":"Parapharmacie en ligne","potentialAction":[{"@type":"SearchAction","target":{"@type":"EntryPoint","urlTemplate":"https:\/\/pharmadreams.shop\/?s={search_term_string}"},"query-input":"required name=search_term_string"}],"inLanguage":"fr-FR"}]}},"_links":{"self":[{"href":"https:\/\/pharmadreams.shop\/index.php\/wp-json\/wp\/v2\/product\/18913","targetHints":{"allow":["GET"]}}],"collection":[{"href":"https:\/\/pharmadreams.shop\/index.php\/wp-json\/wp\/v2\/product"}],"about":[{"href":"https:\/\/pharmadreams.shop\/index.php\/wp-json\/wp\/v2\/types\/product"}],"replies":[{"embeddable":true,"href":"https:\/\/pharmadreams.shop\/index.php\/wp-json\/wp\/v2\/comments?post=18913"}],"version-history":[{"count":0,"href":"https:\/\/pharmadreams.shop\/index.php\/wp-json\/wp\/v2\/product\/18913\/revisions"}],"wp:featuredmedia":[{"embeddable":true,"href":"https:\/\/pharmadreams.shop\/index.php\/wp-json\/wp\/v2\/media\/18914"}],"wp:attachment":[{"href":"https:\/\/pharmadreams.shop\/index.php\/wp-json\/wp\/v2\/media?parent=18913"}],"wp:term":[{"taxonomy":"product_brand","embeddable":true,"href":"https:\/\/pharmadreams.shop\/index.php\/wp-json\/wp\/v2\/product_brand?post=18913"},{"taxonomy":"product_cat","embeddable":true,"href":"https:\/\/pharmadreams.shop\/index.php\/wp-json\/wp\/v2\/product_cat?post=18913"},{"taxonomy":"product_tag","embeddable":true,"href":"https:\/\/pharmadreams.shop\/index.php\/wp-json\/wp\/v2\/product_tag?post=18913"}],"curies":[{"name":"wp","href":"https:\/\/api.w.org\/{rel}","templated":true}]}}