{"id":18916,"date":"2024-10-22T18:15:43","date_gmt":"2024-10-22T17:15:43","guid":{"rendered":"https:\/\/pharmadreams.shop\/?post_type=product&#038;p=18916"},"modified":"2024-10-22T18:15:44","modified_gmt":"2024-10-22T17:15:44","slug":"novaclear-gluta-white-plus-facial-foam-100ml","status":"publish","type":"product","link":"https:\/\/pharmadreams.shop\/index.php\/product\/novaclear-gluta-white-plus-facial-foam-100ml\/","title":{"rendered":"NOVACLEAR GLUTA WHITE PLUS FACIAL FOAM 100ML"},"content":{"rendered":"","protected":false},"excerpt":{"rendered":"<p style=\"font-weight: 400;\">NOVACLEAR GLUTA WHITE PLUS FACIAL FOAM avec une formule nettoyante enrichie en actifs nettoie votre peau en profondeur.<\/p>\n<p style=\"font-weight: 400;\">La brosse en silicone exfolie et masse la peau en am\u00e9liorant la circulation sanguine et l&rsquo;absorption des ingr\u00e9dients actifs..<\/p>\n<p style=\"font-weight: 400;\">La mousse faciale NOVACLEAR GLUTA WHITE PLUS FACIAL FOAM avec une brosse en silicone nettoie votre peau en profondeur, la laissant lisse, douce et pr\u00e9par\u00e9e pour les prochaines \u00e9tapes de soins de la peau.<\/p>\n<p style=\"font-weight: 400;\">La brosse en silicone est facile \u00e0 nettoyer, il suffit de la retirer et de la nettoyer sous l&rsquo;eau courante.<\/p>\n<ul style=\"font-weight: 400;\">\n<li>Nettoie et exfolie la peau en profondeur<\/li>\n<li>Laisse la peau douce et lisse<\/li>\n<li>Hydrate et apaise la peau<\/li>\n<\/ul>\n","protected":false},"featured_media":18917,"comment_status":"open","ping_status":"closed","template":"","meta":[],"product_brand":[],"product_cat":[214,20],"product_tag":[],"class_list":{"0":"post-18916","1":"product","2":"type-product","3":"status-publish","4":"has-post-thumbnail","6":"product_cat-mousse-nettoyante","7":"product_cat-visage","9":"first","10":"instock","11":"sale","12":"shipping-taxable","13":"purchasable","14":"product-type-simple"},"yoast_head":"<!-- This site is optimized with the Yoast SEO plugin v23.0 - https:\/\/yoast.com\/wordpress\/plugins\/seo\/ -->\n<title>NOVACLEAR GLUTA WHITE PLUS FACIAL FOAM 100ML - pharmadreams<\/title>\n<meta name=\"robots\" content=\"index, follow, max-snippet:-1, max-image-preview:large, max-video-preview:-1\" \/>\n<link rel=\"canonical\" href=\"https:\/\/pharmadreams.shop\/index.php\/product\/novaclear-gluta-white-plus-facial-foam-100ml\/\" \/>\n<meta property=\"og:locale\" content=\"fr_FR\" \/>\n<meta property=\"og:type\" content=\"article\" \/>\n<meta property=\"og:title\" content=\"NOVACLEAR GLUTA WHITE PLUS FACIAL FOAM 100ML - pharmadreams\" \/>\n<meta property=\"og:description\" content=\"NOVACLEAR GLUTA WHITE PLUS FACIAL FOAM avec une formule nettoyante enrichie en actifs nettoie votre peau en profondeur. La brosse en silicone exfolie et masse la peau en am\u00e9liorant la circulation sanguine et l&#039;absorption des ingr\u00e9dients actifs.. La mousse faciale NOVACLEAR GLUTA WHITE PLUS FACIAL FOAM avec une brosse en silicone nettoie votre peau en profondeur, la laissant lisse, douce et pr\u00e9par\u00e9e pour les prochaines \u00e9tapes de soins de la peau. La brosse en silicone est facile \u00e0 nettoyer, il suffit de la retirer et de la nettoyer sous l&#039;eau courante.    Nettoie et exfolie la peau en profondeur  Laisse la peau douce et lisse  Hydrate et apaise la peau\" \/>\n<meta property=\"og:url\" content=\"https:\/\/pharmadreams.shop\/index.php\/product\/novaclear-gluta-white-plus-facial-foam-100ml\/\" \/>\n<meta property=\"og:site_name\" content=\"pharmadreams\" \/>\n<meta property=\"article:modified_time\" content=\"2024-10-22T17:15:44+00:00\" \/>\n<meta property=\"og:image\" content=\"https:\/\/pharmadreams.shop\/wp-content\/uploads\/2024\/10\/novaclear-gluta-white-plus-facial-foam-100ml.png\" \/>\n\t<meta property=\"og:image:width\" content=\"500\" \/>\n\t<meta property=\"og:image:height\" content=\"500\" \/>\n\t<meta property=\"og:image:type\" content=\"image\/png\" \/>\n<meta name=\"twitter:card\" content=\"summary_large_image\" \/>\n<meta name=\"twitter:label1\" content=\"Dur\u00e9e de lecture estim\u00e9e\" \/>\n\t<meta name=\"twitter:data1\" content=\"1 minute\" \/>\n<script type=\"application\/ld+json\" class=\"yoast-schema-graph\">{\"@context\":\"https:\/\/schema.org\",\"@graph\":[{\"@type\":\"WebPage\",\"@id\":\"https:\/\/pharmadreams.shop\/index.php\/product\/novaclear-gluta-white-plus-facial-foam-100ml\/\",\"url\":\"https:\/\/pharmadreams.shop\/index.php\/product\/novaclear-gluta-white-plus-facial-foam-100ml\/\",\"name\":\"NOVACLEAR GLUTA WHITE PLUS FACIAL FOAM 100ML - pharmadreams\",\"isPartOf\":{\"@id\":\"https:\/\/pharmadreams.shop\/#website\"},\"primaryImageOfPage\":{\"@id\":\"https:\/\/pharmadreams.shop\/index.php\/product\/novaclear-gluta-white-plus-facial-foam-100ml\/#primaryimage\"},\"image\":{\"@id\":\"https:\/\/pharmadreams.shop\/index.php\/product\/novaclear-gluta-white-plus-facial-foam-100ml\/#primaryimage\"},\"thumbnailUrl\":\"https:\/\/pharmadreams.shop\/wp-content\/uploads\/2024\/10\/novaclear-gluta-white-plus-facial-foam-100ml.png\",\"datePublished\":\"2024-10-22T17:15:43+00:00\",\"dateModified\":\"2024-10-22T17:15:44+00:00\",\"breadcrumb\":{\"@id\":\"https:\/\/pharmadreams.shop\/index.php\/product\/novaclear-gluta-white-plus-facial-foam-100ml\/#breadcrumb\"},\"inLanguage\":\"fr-FR\",\"potentialAction\":[{\"@type\":\"ReadAction\",\"target\":[\"https:\/\/pharmadreams.shop\/index.php\/product\/novaclear-gluta-white-plus-facial-foam-100ml\/\"]}]},{\"@type\":\"ImageObject\",\"inLanguage\":\"fr-FR\",\"@id\":\"https:\/\/pharmadreams.shop\/index.php\/product\/novaclear-gluta-white-plus-facial-foam-100ml\/#primaryimage\",\"url\":\"https:\/\/pharmadreams.shop\/wp-content\/uploads\/2024\/10\/novaclear-gluta-white-plus-facial-foam-100ml.png\",\"contentUrl\":\"https:\/\/pharmadreams.shop\/wp-content\/uploads\/2024\/10\/novaclear-gluta-white-plus-facial-foam-100ml.png\",\"width\":500,\"height\":500},{\"@type\":\"BreadcrumbList\",\"@id\":\"https:\/\/pharmadreams.shop\/index.php\/product\/novaclear-gluta-white-plus-facial-foam-100ml\/#breadcrumb\",\"itemListElement\":[{\"@type\":\"ListItem\",\"position\":1,\"name\":\"Accueil\",\"item\":\"https:\/\/pharmadreams.shop\/\"},{\"@type\":\"ListItem\",\"position\":2,\"name\":\"Shop\",\"item\":\"https:\/\/pharmadreams.shop\/index.php\/shop\/\"},{\"@type\":\"ListItem\",\"position\":3,\"name\":\"NOVACLEAR GLUTA WHITE PLUS FACIAL FOAM 100ML\"}]},{\"@type\":\"WebSite\",\"@id\":\"https:\/\/pharmadreams.shop\/#website\",\"url\":\"https:\/\/pharmadreams.shop\/\",\"name\":\"pharmadreams\",\"description\":\"Parapharmacie en ligne\",\"potentialAction\":[{\"@type\":\"SearchAction\",\"target\":{\"@type\":\"EntryPoint\",\"urlTemplate\":\"https:\/\/pharmadreams.shop\/?s={search_term_string}\"},\"query-input\":\"required name=search_term_string\"}],\"inLanguage\":\"fr-FR\"}]}<\/script>\n<!-- \/ Yoast SEO plugin. -->","yoast_head_json":{"title":"NOVACLEAR GLUTA WHITE PLUS FACIAL FOAM 100ML - pharmadreams","robots":{"index":"index","follow":"follow","max-snippet":"max-snippet:-1","max-image-preview":"max-image-preview:large","max-video-preview":"max-video-preview:-1"},"canonical":"https:\/\/pharmadreams.shop\/index.php\/product\/novaclear-gluta-white-plus-facial-foam-100ml\/","og_locale":"fr_FR","og_type":"article","og_title":"NOVACLEAR GLUTA WHITE PLUS FACIAL FOAM 100ML - pharmadreams","og_description":"NOVACLEAR GLUTA WHITE PLUS FACIAL FOAM avec une formule nettoyante enrichie en actifs nettoie votre peau en profondeur. La brosse en silicone exfolie et masse la peau en am\u00e9liorant la circulation sanguine et l'absorption des ingr\u00e9dients actifs.. La mousse faciale NOVACLEAR GLUTA WHITE PLUS FACIAL FOAM avec une brosse en silicone nettoie votre peau en profondeur, la laissant lisse, douce et pr\u00e9par\u00e9e pour les prochaines \u00e9tapes de soins de la peau. La brosse en silicone est facile \u00e0 nettoyer, il suffit de la retirer et de la nettoyer sous l'eau courante.    Nettoie et exfolie la peau en profondeur  Laisse la peau douce et lisse  Hydrate et apaise la peau","og_url":"https:\/\/pharmadreams.shop\/index.php\/product\/novaclear-gluta-white-plus-facial-foam-100ml\/","og_site_name":"pharmadreams","article_modified_time":"2024-10-22T17:15:44+00:00","og_image":[{"width":500,"height":500,"url":"https:\/\/pharmadreams.shop\/wp-content\/uploads\/2024\/10\/novaclear-gluta-white-plus-facial-foam-100ml.png","type":"image\/png"}],"twitter_card":"summary_large_image","twitter_misc":{"Dur\u00e9e de lecture estim\u00e9e":"1 minute"},"schema":{"@context":"https:\/\/schema.org","@graph":[{"@type":"WebPage","@id":"https:\/\/pharmadreams.shop\/index.php\/product\/novaclear-gluta-white-plus-facial-foam-100ml\/","url":"https:\/\/pharmadreams.shop\/index.php\/product\/novaclear-gluta-white-plus-facial-foam-100ml\/","name":"NOVACLEAR GLUTA WHITE PLUS FACIAL FOAM 100ML - pharmadreams","isPartOf":{"@id":"https:\/\/pharmadreams.shop\/#website"},"primaryImageOfPage":{"@id":"https:\/\/pharmadreams.shop\/index.php\/product\/novaclear-gluta-white-plus-facial-foam-100ml\/#primaryimage"},"image":{"@id":"https:\/\/pharmadreams.shop\/index.php\/product\/novaclear-gluta-white-plus-facial-foam-100ml\/#primaryimage"},"thumbnailUrl":"https:\/\/pharmadreams.shop\/wp-content\/uploads\/2024\/10\/novaclear-gluta-white-plus-facial-foam-100ml.png","datePublished":"2024-10-22T17:15:43+00:00","dateModified":"2024-10-22T17:15:44+00:00","breadcrumb":{"@id":"https:\/\/pharmadreams.shop\/index.php\/product\/novaclear-gluta-white-plus-facial-foam-100ml\/#breadcrumb"},"inLanguage":"fr-FR","potentialAction":[{"@type":"ReadAction","target":["https:\/\/pharmadreams.shop\/index.php\/product\/novaclear-gluta-white-plus-facial-foam-100ml\/"]}]},{"@type":"ImageObject","inLanguage":"fr-FR","@id":"https:\/\/pharmadreams.shop\/index.php\/product\/novaclear-gluta-white-plus-facial-foam-100ml\/#primaryimage","url":"https:\/\/pharmadreams.shop\/wp-content\/uploads\/2024\/10\/novaclear-gluta-white-plus-facial-foam-100ml.png","contentUrl":"https:\/\/pharmadreams.shop\/wp-content\/uploads\/2024\/10\/novaclear-gluta-white-plus-facial-foam-100ml.png","width":500,"height":500},{"@type":"BreadcrumbList","@id":"https:\/\/pharmadreams.shop\/index.php\/product\/novaclear-gluta-white-plus-facial-foam-100ml\/#breadcrumb","itemListElement":[{"@type":"ListItem","position":1,"name":"Accueil","item":"https:\/\/pharmadreams.shop\/"},{"@type":"ListItem","position":2,"name":"Shop","item":"https:\/\/pharmadreams.shop\/index.php\/shop\/"},{"@type":"ListItem","position":3,"name":"NOVACLEAR GLUTA WHITE PLUS FACIAL FOAM 100ML"}]},{"@type":"WebSite","@id":"https:\/\/pharmadreams.shop\/#website","url":"https:\/\/pharmadreams.shop\/","name":"pharmadreams","description":"Parapharmacie en ligne","potentialAction":[{"@type":"SearchAction","target":{"@type":"EntryPoint","urlTemplate":"https:\/\/pharmadreams.shop\/?s={search_term_string}"},"query-input":"required name=search_term_string"}],"inLanguage":"fr-FR"}]}},"_links":{"self":[{"href":"https:\/\/pharmadreams.shop\/index.php\/wp-json\/wp\/v2\/product\/18916","targetHints":{"allow":["GET"]}}],"collection":[{"href":"https:\/\/pharmadreams.shop\/index.php\/wp-json\/wp\/v2\/product"}],"about":[{"href":"https:\/\/pharmadreams.shop\/index.php\/wp-json\/wp\/v2\/types\/product"}],"replies":[{"embeddable":true,"href":"https:\/\/pharmadreams.shop\/index.php\/wp-json\/wp\/v2\/comments?post=18916"}],"version-history":[{"count":0,"href":"https:\/\/pharmadreams.shop\/index.php\/wp-json\/wp\/v2\/product\/18916\/revisions"}],"wp:featuredmedia":[{"embeddable":true,"href":"https:\/\/pharmadreams.shop\/index.php\/wp-json\/wp\/v2\/media\/18917"}],"wp:attachment":[{"href":"https:\/\/pharmadreams.shop\/index.php\/wp-json\/wp\/v2\/media?parent=18916"}],"wp:term":[{"taxonomy":"product_brand","embeddable":true,"href":"https:\/\/pharmadreams.shop\/index.php\/wp-json\/wp\/v2\/product_brand?post=18916"},{"taxonomy":"product_cat","embeddable":true,"href":"https:\/\/pharmadreams.shop\/index.php\/wp-json\/wp\/v2\/product_cat?post=18916"},{"taxonomy":"product_tag","embeddable":true,"href":"https:\/\/pharmadreams.shop\/index.php\/wp-json\/wp\/v2\/product_tag?post=18916"}],"curies":[{"name":"wp","href":"https:\/\/api.w.org\/{rel}","templated":true}]}}