{"id":18919,"date":"2024-10-22T18:19:07","date_gmt":"2024-10-22T17:19:07","guid":{"rendered":"https:\/\/pharmadreams.shop\/?post_type=product&#038;p=18919"},"modified":"2024-10-22T18:32:12","modified_gmt":"2024-10-22T17:32:12","slug":"novaclear-hydro-mousse-facial-100ml-novaclear-hydro-mousse-facial-100mlbrosse","status":"publish","type":"product","link":"https:\/\/pharmadreams.shop\/index.php\/product\/novaclear-hydro-mousse-facial-100ml-novaclear-hydro-mousse-facial-100mlbrosse\/","title":{"rendered":"NOVACLEAR HYDRO MOUSSE FACIAL 100ML+BROSSE"},"content":{"rendered":"","protected":false},"excerpt":{"rendered":"<p>Nettoyez le visage des impuret\u00e9s et du maquillage et donnez imm\u00e9diatement un soin hydratant avec la mousse pour le visage Novaclear HYDRO. La mousse pour le visage Novaclear HYDRO est une mousse hydratante pour le visage \u00e0 l&rsquo;acide hydraluronique. Il \u00e9limine en douceur les impuret\u00e9s de la surface de la peau en la laissant lisse et douce au toucher. Le maquillage est \u00e9galement parfaitement nettoy\u00e9 de la peau. L&rsquo;ingr\u00e9dient extrait de riz assure, entre autres, que la d\u00e9shydratation est \u00e9vit\u00e9e et que la peau reste apais\u00e9e. Le produit a \u00e9t\u00e9 test\u00e9 dermatologiquement.<\/p>\n","protected":false},"featured_media":18920,"comment_status":"open","ping_status":"closed","template":"","meta":[],"product_brand":[],"product_cat":[214,20],"product_tag":[],"class_list":{"0":"post-18919","1":"product","2":"type-product","3":"status-publish","4":"has-post-thumbnail","6":"product_cat-mousse-nettoyante","7":"product_cat-visage","9":"first","10":"instock","11":"sale","12":"shipping-taxable","13":"purchasable","14":"product-type-simple"},"yoast_head":"<!-- This site is optimized with the Yoast SEO plugin v23.0 - https:\/\/yoast.com\/wordpress\/plugins\/seo\/ -->\n<title>NOVACLEAR HYDRO MOUSSE FACIAL 100ML+BROSSE - pharmadreams<\/title>\n<meta name=\"robots\" content=\"index, follow, max-snippet:-1, max-image-preview:large, max-video-preview:-1\" \/>\n<link rel=\"canonical\" href=\"https:\/\/pharmadreams.shop\/index.php\/product\/novaclear-hydro-mousse-facial-100ml-novaclear-hydro-mousse-facial-100mlbrosse\/\" \/>\n<meta property=\"og:locale\" content=\"fr_FR\" \/>\n<meta property=\"og:type\" content=\"article\" \/>\n<meta property=\"og:title\" content=\"NOVACLEAR HYDRO MOUSSE FACIAL 100ML+BROSSE - pharmadreams\" \/>\n<meta property=\"og:description\" content=\"Nettoyez le visage des impuret\u00e9s et du maquillage et donnez imm\u00e9diatement un soin hydratant avec la mousse pour le visage Novaclear HYDRO. La mousse pour le visage Novaclear HYDRO est une mousse hydratante pour le visage \u00e0 l&#039;acide hydraluronique. Il \u00e9limine en douceur les impuret\u00e9s de la surface de la peau en la laissant lisse et douce au toucher. Le maquillage est \u00e9galement parfaitement nettoy\u00e9 de la peau. L&#039;ingr\u00e9dient extrait de riz assure, entre autres, que la d\u00e9shydratation est \u00e9vit\u00e9e et que la peau reste apais\u00e9e. Le produit a \u00e9t\u00e9 test\u00e9 dermatologiquement.\" \/>\n<meta property=\"og:url\" content=\"https:\/\/pharmadreams.shop\/index.php\/product\/novaclear-hydro-mousse-facial-100ml-novaclear-hydro-mousse-facial-100mlbrosse\/\" \/>\n<meta property=\"og:site_name\" content=\"pharmadreams\" \/>\n<meta property=\"article:modified_time\" content=\"2024-10-22T17:32:12+00:00\" \/>\n<meta property=\"og:image\" content=\"https:\/\/pharmadreams.shop\/wp-content\/uploads\/2024\/10\/novaclear-hydro-facial-foam-with-hyaluronic-acid-100ml.jpg\" \/>\n\t<meta property=\"og:image:width\" content=\"500\" \/>\n\t<meta property=\"og:image:height\" content=\"500\" \/>\n\t<meta property=\"og:image:type\" content=\"image\/jpeg\" \/>\n<meta name=\"twitter:card\" content=\"summary_large_image\" \/>\n<meta name=\"twitter:label1\" content=\"Dur\u00e9e de lecture estim\u00e9e\" \/>\n\t<meta name=\"twitter:data1\" content=\"1 minute\" \/>\n<script type=\"application\/ld+json\" class=\"yoast-schema-graph\">{\"@context\":\"https:\/\/schema.org\",\"@graph\":[{\"@type\":\"WebPage\",\"@id\":\"https:\/\/pharmadreams.shop\/index.php\/product\/novaclear-hydro-mousse-facial-100ml-novaclear-hydro-mousse-facial-100mlbrosse\/\",\"url\":\"https:\/\/pharmadreams.shop\/index.php\/product\/novaclear-hydro-mousse-facial-100ml-novaclear-hydro-mousse-facial-100mlbrosse\/\",\"name\":\"NOVACLEAR HYDRO MOUSSE FACIAL 100ML+BROSSE - pharmadreams\",\"isPartOf\":{\"@id\":\"https:\/\/pharmadreams.shop\/#website\"},\"primaryImageOfPage\":{\"@id\":\"https:\/\/pharmadreams.shop\/index.php\/product\/novaclear-hydro-mousse-facial-100ml-novaclear-hydro-mousse-facial-100mlbrosse\/#primaryimage\"},\"image\":{\"@id\":\"https:\/\/pharmadreams.shop\/index.php\/product\/novaclear-hydro-mousse-facial-100ml-novaclear-hydro-mousse-facial-100mlbrosse\/#primaryimage\"},\"thumbnailUrl\":\"https:\/\/pharmadreams.shop\/wp-content\/uploads\/2024\/10\/novaclear-hydro-facial-foam-with-hyaluronic-acid-100ml.jpg\",\"datePublished\":\"2024-10-22T17:19:07+00:00\",\"dateModified\":\"2024-10-22T17:32:12+00:00\",\"breadcrumb\":{\"@id\":\"https:\/\/pharmadreams.shop\/index.php\/product\/novaclear-hydro-mousse-facial-100ml-novaclear-hydro-mousse-facial-100mlbrosse\/#breadcrumb\"},\"inLanguage\":\"fr-FR\",\"potentialAction\":[{\"@type\":\"ReadAction\",\"target\":[\"https:\/\/pharmadreams.shop\/index.php\/product\/novaclear-hydro-mousse-facial-100ml-novaclear-hydro-mousse-facial-100mlbrosse\/\"]}]},{\"@type\":\"ImageObject\",\"inLanguage\":\"fr-FR\",\"@id\":\"https:\/\/pharmadreams.shop\/index.php\/product\/novaclear-hydro-mousse-facial-100ml-novaclear-hydro-mousse-facial-100mlbrosse\/#primaryimage\",\"url\":\"https:\/\/pharmadreams.shop\/wp-content\/uploads\/2024\/10\/novaclear-hydro-facial-foam-with-hyaluronic-acid-100ml.jpg\",\"contentUrl\":\"https:\/\/pharmadreams.shop\/wp-content\/uploads\/2024\/10\/novaclear-hydro-facial-foam-with-hyaluronic-acid-100ml.jpg\",\"width\":500,\"height\":500},{\"@type\":\"BreadcrumbList\",\"@id\":\"https:\/\/pharmadreams.shop\/index.php\/product\/novaclear-hydro-mousse-facial-100ml-novaclear-hydro-mousse-facial-100mlbrosse\/#breadcrumb\",\"itemListElement\":[{\"@type\":\"ListItem\",\"position\":1,\"name\":\"Accueil\",\"item\":\"https:\/\/pharmadreams.shop\/\"},{\"@type\":\"ListItem\",\"position\":2,\"name\":\"Shop\",\"item\":\"https:\/\/pharmadreams.shop\/index.php\/shop\/\"},{\"@type\":\"ListItem\",\"position\":3,\"name\":\"NOVACLEAR HYDRO MOUSSE FACIAL 100ML+BROSSE\"}]},{\"@type\":\"WebSite\",\"@id\":\"https:\/\/pharmadreams.shop\/#website\",\"url\":\"https:\/\/pharmadreams.shop\/\",\"name\":\"pharmadreams\",\"description\":\"Parapharmacie en ligne\",\"potentialAction\":[{\"@type\":\"SearchAction\",\"target\":{\"@type\":\"EntryPoint\",\"urlTemplate\":\"https:\/\/pharmadreams.shop\/?s={search_term_string}\"},\"query-input\":\"required name=search_term_string\"}],\"inLanguage\":\"fr-FR\"}]}<\/script>\n<!-- \/ Yoast SEO plugin. -->","yoast_head_json":{"title":"NOVACLEAR HYDRO MOUSSE FACIAL 100ML+BROSSE - pharmadreams","robots":{"index":"index","follow":"follow","max-snippet":"max-snippet:-1","max-image-preview":"max-image-preview:large","max-video-preview":"max-video-preview:-1"},"canonical":"https:\/\/pharmadreams.shop\/index.php\/product\/novaclear-hydro-mousse-facial-100ml-novaclear-hydro-mousse-facial-100mlbrosse\/","og_locale":"fr_FR","og_type":"article","og_title":"NOVACLEAR HYDRO MOUSSE FACIAL 100ML+BROSSE - pharmadreams","og_description":"Nettoyez le visage des impuret\u00e9s et du maquillage et donnez imm\u00e9diatement un soin hydratant avec la mousse pour le visage Novaclear HYDRO. La mousse pour le visage Novaclear HYDRO est une mousse hydratante pour le visage \u00e0 l'acide hydraluronique. Il \u00e9limine en douceur les impuret\u00e9s de la surface de la peau en la laissant lisse et douce au toucher. Le maquillage est \u00e9galement parfaitement nettoy\u00e9 de la peau. L'ingr\u00e9dient extrait de riz assure, entre autres, que la d\u00e9shydratation est \u00e9vit\u00e9e et que la peau reste apais\u00e9e. Le produit a \u00e9t\u00e9 test\u00e9 dermatologiquement.","og_url":"https:\/\/pharmadreams.shop\/index.php\/product\/novaclear-hydro-mousse-facial-100ml-novaclear-hydro-mousse-facial-100mlbrosse\/","og_site_name":"pharmadreams","article_modified_time":"2024-10-22T17:32:12+00:00","og_image":[{"width":500,"height":500,"url":"https:\/\/pharmadreams.shop\/wp-content\/uploads\/2024\/10\/novaclear-hydro-facial-foam-with-hyaluronic-acid-100ml.jpg","type":"image\/jpeg"}],"twitter_card":"summary_large_image","twitter_misc":{"Dur\u00e9e de lecture estim\u00e9e":"1 minute"},"schema":{"@context":"https:\/\/schema.org","@graph":[{"@type":"WebPage","@id":"https:\/\/pharmadreams.shop\/index.php\/product\/novaclear-hydro-mousse-facial-100ml-novaclear-hydro-mousse-facial-100mlbrosse\/","url":"https:\/\/pharmadreams.shop\/index.php\/product\/novaclear-hydro-mousse-facial-100ml-novaclear-hydro-mousse-facial-100mlbrosse\/","name":"NOVACLEAR HYDRO MOUSSE FACIAL 100ML+BROSSE - pharmadreams","isPartOf":{"@id":"https:\/\/pharmadreams.shop\/#website"},"primaryImageOfPage":{"@id":"https:\/\/pharmadreams.shop\/index.php\/product\/novaclear-hydro-mousse-facial-100ml-novaclear-hydro-mousse-facial-100mlbrosse\/#primaryimage"},"image":{"@id":"https:\/\/pharmadreams.shop\/index.php\/product\/novaclear-hydro-mousse-facial-100ml-novaclear-hydro-mousse-facial-100mlbrosse\/#primaryimage"},"thumbnailUrl":"https:\/\/pharmadreams.shop\/wp-content\/uploads\/2024\/10\/novaclear-hydro-facial-foam-with-hyaluronic-acid-100ml.jpg","datePublished":"2024-10-22T17:19:07+00:00","dateModified":"2024-10-22T17:32:12+00:00","breadcrumb":{"@id":"https:\/\/pharmadreams.shop\/index.php\/product\/novaclear-hydro-mousse-facial-100ml-novaclear-hydro-mousse-facial-100mlbrosse\/#breadcrumb"},"inLanguage":"fr-FR","potentialAction":[{"@type":"ReadAction","target":["https:\/\/pharmadreams.shop\/index.php\/product\/novaclear-hydro-mousse-facial-100ml-novaclear-hydro-mousse-facial-100mlbrosse\/"]}]},{"@type":"ImageObject","inLanguage":"fr-FR","@id":"https:\/\/pharmadreams.shop\/index.php\/product\/novaclear-hydro-mousse-facial-100ml-novaclear-hydro-mousse-facial-100mlbrosse\/#primaryimage","url":"https:\/\/pharmadreams.shop\/wp-content\/uploads\/2024\/10\/novaclear-hydro-facial-foam-with-hyaluronic-acid-100ml.jpg","contentUrl":"https:\/\/pharmadreams.shop\/wp-content\/uploads\/2024\/10\/novaclear-hydro-facial-foam-with-hyaluronic-acid-100ml.jpg","width":500,"height":500},{"@type":"BreadcrumbList","@id":"https:\/\/pharmadreams.shop\/index.php\/product\/novaclear-hydro-mousse-facial-100ml-novaclear-hydro-mousse-facial-100mlbrosse\/#breadcrumb","itemListElement":[{"@type":"ListItem","position":1,"name":"Accueil","item":"https:\/\/pharmadreams.shop\/"},{"@type":"ListItem","position":2,"name":"Shop","item":"https:\/\/pharmadreams.shop\/index.php\/shop\/"},{"@type":"ListItem","position":3,"name":"NOVACLEAR HYDRO MOUSSE FACIAL 100ML+BROSSE"}]},{"@type":"WebSite","@id":"https:\/\/pharmadreams.shop\/#website","url":"https:\/\/pharmadreams.shop\/","name":"pharmadreams","description":"Parapharmacie en ligne","potentialAction":[{"@type":"SearchAction","target":{"@type":"EntryPoint","urlTemplate":"https:\/\/pharmadreams.shop\/?s={search_term_string}"},"query-input":"required name=search_term_string"}],"inLanguage":"fr-FR"}]}},"_links":{"self":[{"href":"https:\/\/pharmadreams.shop\/index.php\/wp-json\/wp\/v2\/product\/18919","targetHints":{"allow":["GET"]}}],"collection":[{"href":"https:\/\/pharmadreams.shop\/index.php\/wp-json\/wp\/v2\/product"}],"about":[{"href":"https:\/\/pharmadreams.shop\/index.php\/wp-json\/wp\/v2\/types\/product"}],"replies":[{"embeddable":true,"href":"https:\/\/pharmadreams.shop\/index.php\/wp-json\/wp\/v2\/comments?post=18919"}],"version-history":[{"count":0,"href":"https:\/\/pharmadreams.shop\/index.php\/wp-json\/wp\/v2\/product\/18919\/revisions"}],"wp:featuredmedia":[{"embeddable":true,"href":"https:\/\/pharmadreams.shop\/index.php\/wp-json\/wp\/v2\/media\/18920"}],"wp:attachment":[{"href":"https:\/\/pharmadreams.shop\/index.php\/wp-json\/wp\/v2\/media?parent=18919"}],"wp:term":[{"taxonomy":"product_brand","embeddable":true,"href":"https:\/\/pharmadreams.shop\/index.php\/wp-json\/wp\/v2\/product_brand?post=18919"},{"taxonomy":"product_cat","embeddable":true,"href":"https:\/\/pharmadreams.shop\/index.php\/wp-json\/wp\/v2\/product_cat?post=18919"},{"taxonomy":"product_tag","embeddable":true,"href":"https:\/\/pharmadreams.shop\/index.php\/wp-json\/wp\/v2\/product_tag?post=18919"}],"curies":[{"name":"wp","href":"https:\/\/api.w.org\/{rel}","templated":true}]}}