{"id":18922,"date":"2024-10-22T18:21:27","date_gmt":"2024-10-22T17:21:27","guid":{"rendered":"https:\/\/pharmadreams.shop\/?post_type=product&#038;p=18922"},"modified":"2024-10-22T18:28:27","modified_gmt":"2024-10-22T17:28:27","slug":"novaclear-collagen-facial-foam-100ml-pharmashop-novaclear-collagen-facial-foam-100ml","status":"publish","type":"product","link":"https:\/\/pharmadreams.shop\/index.php\/product\/novaclear-collagen-facial-foam-100ml-pharmashop-novaclear-collagen-facial-foam-100ml\/","title":{"rendered":"NOVACLEAR COLLAGEN FACIAL FOAM 100ML"},"content":{"rendered":"","protected":false},"excerpt":{"rendered":"<p style=\"font-weight: 400;\">NOVACLEAR COLLAGEN FACIAL FOAM est une mousse nettoyante visage avec une brosse en silicone pour le soin quotidien des peaux pr\u00e9sentant les premiers signes de l&rsquo;\u00e2ge : en manque de fermet\u00e9 et d&rsquo;\u00e9clat.<\/p>\n<p style=\"font-weight: 400;\">NOVACLEAR COLLAGEN FACIAL FOAM au collag\u00e8ne marin sous forme d&rsquo;acides amin\u00e9s et d&rsquo;extrait de caviar nettoie en profondeur la peau des impuret\u00e9s et du maquillage, la laissant lisse et douce au toucher.<\/p>\n<p style=\"font-weight: 400;\">La brosse en silicone agit comme un gommage, aide \u00e0 \u00e9liminer les peaux mortes, aide \u00e0 d\u00e9boucher les pores, masse doucement et stimule la circulation sanguine.<\/p>\n<p style=\"font-weight: 400;\">L&rsquo;extrait de caviar et le collag\u00e8ne marin sous forme d&rsquo;acides amin\u00e9s aident \u00e0 am\u00e9liorer l&rsquo;\u00e9tat et l&rsquo;apparence jeune de la peau.<\/p>\n<p style=\"font-weight: 400;\">Une combinaison d&rsquo;extraits naturels de fleurs de pivoine, d&rsquo;arnica et d&rsquo;\u00e9glantier soigne la peau en douceur et a un effet apaisant.<\/p>\n<ul style=\"font-weight: 400;\">\n<li>Nettoie en profondeur et laisse la peau douce au toucher<\/li>\n<li>Ne dess\u00e8che pas la peau<\/li>\n<li>Facilite l&rsquo;absorption des ingr\u00e9dients actifs<\/li>\n<\/ul>\n","protected":false},"featured_media":18923,"comment_status":"open","ping_status":"closed","template":"","meta":[],"product_brand":[],"product_cat":[214,20],"product_tag":[],"class_list":{"0":"post-18922","1":"product","2":"type-product","3":"status-publish","4":"has-post-thumbnail","6":"product_cat-mousse-nettoyante","7":"product_cat-visage","9":"first","10":"instock","11":"sale","12":"shipping-taxable","13":"purchasable","14":"product-type-simple"},"yoast_head":"<!-- This site is optimized with the Yoast SEO plugin v23.0 - https:\/\/yoast.com\/wordpress\/plugins\/seo\/ -->\n<title>NOVACLEAR COLLAGEN FACIAL FOAM 100ML - pharmadreams<\/title>\n<meta name=\"robots\" content=\"index, follow, max-snippet:-1, max-image-preview:large, max-video-preview:-1\" \/>\n<link rel=\"canonical\" href=\"https:\/\/pharmadreams.shop\/index.php\/product\/novaclear-collagen-facial-foam-100ml-pharmashop-novaclear-collagen-facial-foam-100ml\/\" \/>\n<meta property=\"og:locale\" content=\"fr_FR\" \/>\n<meta property=\"og:type\" content=\"article\" \/>\n<meta property=\"og:title\" content=\"NOVACLEAR COLLAGEN FACIAL FOAM 100ML - pharmadreams\" \/>\n<meta property=\"og:description\" content=\"NOVACLEAR COLLAGEN FACIAL FOAM est une mousse nettoyante visage avec une brosse en silicone pour le soin quotidien des peaux pr\u00e9sentant les premiers signes de l&#039;\u00e2ge : en manque de fermet\u00e9 et d&#039;\u00e9clat. NOVACLEAR COLLAGEN FACIAL FOAM au collag\u00e8ne marin sous forme d&#039;acides amin\u00e9s et d&#039;extrait de caviar nettoie en profondeur la peau des impuret\u00e9s et du maquillage, la laissant lisse et douce au toucher. La brosse en silicone agit comme un gommage, aide \u00e0 \u00e9liminer les peaux mortes, aide \u00e0 d\u00e9boucher les pores, masse doucement et stimule la circulation sanguine. L&#039;extrait de caviar et le collag\u00e8ne marin sous forme d&#039;acides amin\u00e9s aident \u00e0 am\u00e9liorer l&#039;\u00e9tat et l&#039;apparence jeune de la peau. Une combinaison d&#039;extraits naturels de fleurs de pivoine, d&#039;arnica et d&#039;\u00e9glantier soigne la peau en douceur et a un effet apaisant.    Nettoie en profondeur et laisse la peau douce au toucher  Ne dess\u00e8che pas la peau  Facilite l&#039;absorption des ingr\u00e9dients actifs\" \/>\n<meta property=\"og:url\" content=\"https:\/\/pharmadreams.shop\/index.php\/product\/novaclear-collagen-facial-foam-100ml-pharmashop-novaclear-collagen-facial-foam-100ml\/\" \/>\n<meta property=\"og:site_name\" content=\"pharmadreams\" \/>\n<meta property=\"article:modified_time\" content=\"2024-10-22T17:28:27+00:00\" \/>\n<meta property=\"og:image\" content=\"https:\/\/pharmadreams.shop\/wp-content\/uploads\/2024\/10\/novaclear-collagen-facial-foam-100ml.png\" \/>\n\t<meta property=\"og:image:width\" content=\"500\" \/>\n\t<meta property=\"og:image:height\" content=\"500\" \/>\n\t<meta property=\"og:image:type\" content=\"image\/png\" \/>\n<meta name=\"twitter:card\" content=\"summary_large_image\" \/>\n<meta name=\"twitter:label1\" content=\"Dur\u00e9e de lecture estim\u00e9e\" \/>\n\t<meta name=\"twitter:data1\" content=\"1 minute\" \/>\n<script type=\"application\/ld+json\" class=\"yoast-schema-graph\">{\"@context\":\"https:\/\/schema.org\",\"@graph\":[{\"@type\":\"WebPage\",\"@id\":\"https:\/\/pharmadreams.shop\/index.php\/product\/novaclear-collagen-facial-foam-100ml-pharmashop-novaclear-collagen-facial-foam-100ml\/\",\"url\":\"https:\/\/pharmadreams.shop\/index.php\/product\/novaclear-collagen-facial-foam-100ml-pharmashop-novaclear-collagen-facial-foam-100ml\/\",\"name\":\"NOVACLEAR COLLAGEN FACIAL FOAM 100ML - pharmadreams\",\"isPartOf\":{\"@id\":\"https:\/\/pharmadreams.shop\/#website\"},\"primaryImageOfPage\":{\"@id\":\"https:\/\/pharmadreams.shop\/index.php\/product\/novaclear-collagen-facial-foam-100ml-pharmashop-novaclear-collagen-facial-foam-100ml\/#primaryimage\"},\"image\":{\"@id\":\"https:\/\/pharmadreams.shop\/index.php\/product\/novaclear-collagen-facial-foam-100ml-pharmashop-novaclear-collagen-facial-foam-100ml\/#primaryimage\"},\"thumbnailUrl\":\"https:\/\/pharmadreams.shop\/wp-content\/uploads\/2024\/10\/novaclear-collagen-facial-foam-100ml.png\",\"datePublished\":\"2024-10-22T17:21:27+00:00\",\"dateModified\":\"2024-10-22T17:28:27+00:00\",\"breadcrumb\":{\"@id\":\"https:\/\/pharmadreams.shop\/index.php\/product\/novaclear-collagen-facial-foam-100ml-pharmashop-novaclear-collagen-facial-foam-100ml\/#breadcrumb\"},\"inLanguage\":\"fr-FR\",\"potentialAction\":[{\"@type\":\"ReadAction\",\"target\":[\"https:\/\/pharmadreams.shop\/index.php\/product\/novaclear-collagen-facial-foam-100ml-pharmashop-novaclear-collagen-facial-foam-100ml\/\"]}]},{\"@type\":\"ImageObject\",\"inLanguage\":\"fr-FR\",\"@id\":\"https:\/\/pharmadreams.shop\/index.php\/product\/novaclear-collagen-facial-foam-100ml-pharmashop-novaclear-collagen-facial-foam-100ml\/#primaryimage\",\"url\":\"https:\/\/pharmadreams.shop\/wp-content\/uploads\/2024\/10\/novaclear-collagen-facial-foam-100ml.png\",\"contentUrl\":\"https:\/\/pharmadreams.shop\/wp-content\/uploads\/2024\/10\/novaclear-collagen-facial-foam-100ml.png\",\"width\":500,\"height\":500},{\"@type\":\"BreadcrumbList\",\"@id\":\"https:\/\/pharmadreams.shop\/index.php\/product\/novaclear-collagen-facial-foam-100ml-pharmashop-novaclear-collagen-facial-foam-100ml\/#breadcrumb\",\"itemListElement\":[{\"@type\":\"ListItem\",\"position\":1,\"name\":\"Accueil\",\"item\":\"https:\/\/pharmadreams.shop\/\"},{\"@type\":\"ListItem\",\"position\":2,\"name\":\"Shop\",\"item\":\"https:\/\/pharmadreams.shop\/index.php\/shop\/\"},{\"@type\":\"ListItem\",\"position\":3,\"name\":\"NOVACLEAR COLLAGEN FACIAL FOAM 100ML\"}]},{\"@type\":\"WebSite\",\"@id\":\"https:\/\/pharmadreams.shop\/#website\",\"url\":\"https:\/\/pharmadreams.shop\/\",\"name\":\"pharmadreams\",\"description\":\"Parapharmacie en ligne\",\"potentialAction\":[{\"@type\":\"SearchAction\",\"target\":{\"@type\":\"EntryPoint\",\"urlTemplate\":\"https:\/\/pharmadreams.shop\/?s={search_term_string}\"},\"query-input\":\"required name=search_term_string\"}],\"inLanguage\":\"fr-FR\"}]}<\/script>\n<!-- \/ Yoast SEO plugin. -->","yoast_head_json":{"title":"NOVACLEAR COLLAGEN FACIAL FOAM 100ML - pharmadreams","robots":{"index":"index","follow":"follow","max-snippet":"max-snippet:-1","max-image-preview":"max-image-preview:large","max-video-preview":"max-video-preview:-1"},"canonical":"https:\/\/pharmadreams.shop\/index.php\/product\/novaclear-collagen-facial-foam-100ml-pharmashop-novaclear-collagen-facial-foam-100ml\/","og_locale":"fr_FR","og_type":"article","og_title":"NOVACLEAR COLLAGEN FACIAL FOAM 100ML - pharmadreams","og_description":"NOVACLEAR COLLAGEN FACIAL FOAM est une mousse nettoyante visage avec une brosse en silicone pour le soin quotidien des peaux pr\u00e9sentant les premiers signes de l'\u00e2ge : en manque de fermet\u00e9 et d'\u00e9clat. NOVACLEAR COLLAGEN FACIAL FOAM au collag\u00e8ne marin sous forme d'acides amin\u00e9s et d'extrait de caviar nettoie en profondeur la peau des impuret\u00e9s et du maquillage, la laissant lisse et douce au toucher. La brosse en silicone agit comme un gommage, aide \u00e0 \u00e9liminer les peaux mortes, aide \u00e0 d\u00e9boucher les pores, masse doucement et stimule la circulation sanguine. L'extrait de caviar et le collag\u00e8ne marin sous forme d'acides amin\u00e9s aident \u00e0 am\u00e9liorer l'\u00e9tat et l'apparence jeune de la peau. Une combinaison d'extraits naturels de fleurs de pivoine, d'arnica et d'\u00e9glantier soigne la peau en douceur et a un effet apaisant.    Nettoie en profondeur et laisse la peau douce au toucher  Ne dess\u00e8che pas la peau  Facilite l'absorption des ingr\u00e9dients actifs","og_url":"https:\/\/pharmadreams.shop\/index.php\/product\/novaclear-collagen-facial-foam-100ml-pharmashop-novaclear-collagen-facial-foam-100ml\/","og_site_name":"pharmadreams","article_modified_time":"2024-10-22T17:28:27+00:00","og_image":[{"width":500,"height":500,"url":"https:\/\/pharmadreams.shop\/wp-content\/uploads\/2024\/10\/novaclear-collagen-facial-foam-100ml.png","type":"image\/png"}],"twitter_card":"summary_large_image","twitter_misc":{"Dur\u00e9e de lecture estim\u00e9e":"1 minute"},"schema":{"@context":"https:\/\/schema.org","@graph":[{"@type":"WebPage","@id":"https:\/\/pharmadreams.shop\/index.php\/product\/novaclear-collagen-facial-foam-100ml-pharmashop-novaclear-collagen-facial-foam-100ml\/","url":"https:\/\/pharmadreams.shop\/index.php\/product\/novaclear-collagen-facial-foam-100ml-pharmashop-novaclear-collagen-facial-foam-100ml\/","name":"NOVACLEAR COLLAGEN FACIAL FOAM 100ML - pharmadreams","isPartOf":{"@id":"https:\/\/pharmadreams.shop\/#website"},"primaryImageOfPage":{"@id":"https:\/\/pharmadreams.shop\/index.php\/product\/novaclear-collagen-facial-foam-100ml-pharmashop-novaclear-collagen-facial-foam-100ml\/#primaryimage"},"image":{"@id":"https:\/\/pharmadreams.shop\/index.php\/product\/novaclear-collagen-facial-foam-100ml-pharmashop-novaclear-collagen-facial-foam-100ml\/#primaryimage"},"thumbnailUrl":"https:\/\/pharmadreams.shop\/wp-content\/uploads\/2024\/10\/novaclear-collagen-facial-foam-100ml.png","datePublished":"2024-10-22T17:21:27+00:00","dateModified":"2024-10-22T17:28:27+00:00","breadcrumb":{"@id":"https:\/\/pharmadreams.shop\/index.php\/product\/novaclear-collagen-facial-foam-100ml-pharmashop-novaclear-collagen-facial-foam-100ml\/#breadcrumb"},"inLanguage":"fr-FR","potentialAction":[{"@type":"ReadAction","target":["https:\/\/pharmadreams.shop\/index.php\/product\/novaclear-collagen-facial-foam-100ml-pharmashop-novaclear-collagen-facial-foam-100ml\/"]}]},{"@type":"ImageObject","inLanguage":"fr-FR","@id":"https:\/\/pharmadreams.shop\/index.php\/product\/novaclear-collagen-facial-foam-100ml-pharmashop-novaclear-collagen-facial-foam-100ml\/#primaryimage","url":"https:\/\/pharmadreams.shop\/wp-content\/uploads\/2024\/10\/novaclear-collagen-facial-foam-100ml.png","contentUrl":"https:\/\/pharmadreams.shop\/wp-content\/uploads\/2024\/10\/novaclear-collagen-facial-foam-100ml.png","width":500,"height":500},{"@type":"BreadcrumbList","@id":"https:\/\/pharmadreams.shop\/index.php\/product\/novaclear-collagen-facial-foam-100ml-pharmashop-novaclear-collagen-facial-foam-100ml\/#breadcrumb","itemListElement":[{"@type":"ListItem","position":1,"name":"Accueil","item":"https:\/\/pharmadreams.shop\/"},{"@type":"ListItem","position":2,"name":"Shop","item":"https:\/\/pharmadreams.shop\/index.php\/shop\/"},{"@type":"ListItem","position":3,"name":"NOVACLEAR COLLAGEN FACIAL FOAM 100ML"}]},{"@type":"WebSite","@id":"https:\/\/pharmadreams.shop\/#website","url":"https:\/\/pharmadreams.shop\/","name":"pharmadreams","description":"Parapharmacie en ligne","potentialAction":[{"@type":"SearchAction","target":{"@type":"EntryPoint","urlTemplate":"https:\/\/pharmadreams.shop\/?s={search_term_string}"},"query-input":"required name=search_term_string"}],"inLanguage":"fr-FR"}]}},"_links":{"self":[{"href":"https:\/\/pharmadreams.shop\/index.php\/wp-json\/wp\/v2\/product\/18922","targetHints":{"allow":["GET"]}}],"collection":[{"href":"https:\/\/pharmadreams.shop\/index.php\/wp-json\/wp\/v2\/product"}],"about":[{"href":"https:\/\/pharmadreams.shop\/index.php\/wp-json\/wp\/v2\/types\/product"}],"replies":[{"embeddable":true,"href":"https:\/\/pharmadreams.shop\/index.php\/wp-json\/wp\/v2\/comments?post=18922"}],"version-history":[{"count":0,"href":"https:\/\/pharmadreams.shop\/index.php\/wp-json\/wp\/v2\/product\/18922\/revisions"}],"wp:featuredmedia":[{"embeddable":true,"href":"https:\/\/pharmadreams.shop\/index.php\/wp-json\/wp\/v2\/media\/18923"}],"wp:attachment":[{"href":"https:\/\/pharmadreams.shop\/index.php\/wp-json\/wp\/v2\/media?parent=18922"}],"wp:term":[{"taxonomy":"product_brand","embeddable":true,"href":"https:\/\/pharmadreams.shop\/index.php\/wp-json\/wp\/v2\/product_brand?post=18922"},{"taxonomy":"product_cat","embeddable":true,"href":"https:\/\/pharmadreams.shop\/index.php\/wp-json\/wp\/v2\/product_cat?post=18922"},{"taxonomy":"product_tag","embeddable":true,"href":"https:\/\/pharmadreams.shop\/index.php\/wp-json\/wp\/v2\/product_tag?post=18922"}],"curies":[{"name":"wp","href":"https:\/\/api.w.org\/{rel}","templated":true}]}}