{"id":18926,"date":"2024-10-22T18:30:37","date_gmt":"2024-10-22T17:30:37","guid":{"rendered":"https:\/\/pharmadreams.shop\/?post_type=product&#038;p=18926"},"modified":"2024-10-22T18:30:37","modified_gmt":"2024-10-22T17:30:37","slug":"novaclear-hydro-gel-creme-de-jour-a-lacide-hyaluronique-50ml","status":"publish","type":"product","link":"https:\/\/pharmadreams.shop\/index.php\/product\/novaclear-hydro-gel-creme-de-jour-a-lacide-hyaluronique-50ml\/","title":{"rendered":"NOVACLEAR HYDRO GEL-CREME DE JOUR A L&rsquo;ACIDE HYALURONIQUE 50ML"},"content":{"rendered":"","protected":false},"excerpt":{"rendered":"<p style=\"font-weight: 400;\">La formule l\u00e9g\u00e8re de la cr\u00e8me influence le processus d&rsquo;hydratation de la peau, contribuant \u00e0 am\u00e9liorer son \u00e9lasticit\u00e9, \u00e0 r\u00e9duire l&rsquo;apparence des premiers signes du vieillissement et \u00e0 procurer une hydratation longue dur\u00e9e.<\/p>\n<p style=\"font-weight: 400;\">Deux types de mol\u00e9cules d&rsquo;Acide Hyaluronique assurent une hydratation imm\u00e9diate et durable de la peau.<\/p>\n<p style=\"font-weight: 400;\">L&rsquo;acide hyaluronique de faible poids mol\u00e9culaire p\u00e9n\u00e8tre dans les couches profondes de la peau en retenant l&rsquo;eau pour une hydratation longue dur\u00e9e.<\/p>\n<p style=\"font-weight: 400;\">L&rsquo;acide hyaluronique de poids mol\u00e9culaire moyen pr\u00e9vient la perte d&rsquo;eau trans\u00e9pidermique (TEWL).<\/p>\n<p style=\"font-weight: 400;\">Une combinaison d&rsquo;antioxydants puissants : la Vit E avec l&rsquo;extrait de rose musqu\u00e9e et l&rsquo;extrait de th\u00e9 vert prot\u00e8ge la peau des premiers signes de l&rsquo;\u00e2ge.<\/p>\n<p style=\"font-weight: 400;\">L&rsquo;extrait de riz et le panth\u00e9nol apaisent les irritations et am\u00e9liorent l&rsquo;\u00e9tat g\u00e9n\u00e9ral de la peau.<\/p>\n<p style=\"font-weight: 400;\">La combinaison d&rsquo;ingr\u00e9dients actifs procure une hydratation longue dur\u00e9e, am\u00e9liorant l&rsquo;\u00e9lasticit\u00e9 de la peau.<\/p>\n","protected":false},"featured_media":18927,"comment_status":"open","ping_status":"closed","template":"","meta":[],"product_brand":[],"product_cat":[98,81,20],"product_tag":[],"class_list":{"0":"post-18926","1":"product","2":"type-product","3":"status-publish","4":"has-post-thumbnail","6":"product_cat-hydratation","7":"product_cat-soins-hydratants","8":"product_cat-visage","10":"first","11":"instock","12":"shipping-taxable","13":"purchasable","14":"product-type-simple"},"yoast_head":"<!-- This site is optimized with the Yoast SEO plugin v23.0 - https:\/\/yoast.com\/wordpress\/plugins\/seo\/ -->\n<title>NOVACLEAR HYDRO GEL-CREME DE JOUR A L&#039;ACIDE HYALURONIQUE 50ML - pharmadreams<\/title>\n<meta name=\"robots\" content=\"index, follow, max-snippet:-1, max-image-preview:large, max-video-preview:-1\" \/>\n<link rel=\"canonical\" href=\"https:\/\/pharmadreams.shop\/index.php\/product\/novaclear-hydro-gel-creme-de-jour-a-lacide-hyaluronique-50ml\/\" \/>\n<meta property=\"og:locale\" content=\"fr_FR\" \/>\n<meta property=\"og:type\" content=\"article\" \/>\n<meta property=\"og:title\" content=\"NOVACLEAR HYDRO GEL-CREME DE JOUR A L&#039;ACIDE HYALURONIQUE 50ML - pharmadreams\" \/>\n<meta property=\"og:description\" content=\"La formule l\u00e9g\u00e8re de la cr\u00e8me influence le processus d&#039;hydratation de la peau, contribuant \u00e0 am\u00e9liorer son \u00e9lasticit\u00e9, \u00e0 r\u00e9duire l&#039;apparence des premiers signes du vieillissement et \u00e0 procurer une hydratation longue dur\u00e9e. Deux types de mol\u00e9cules d&#039;Acide Hyaluronique assurent une hydratation imm\u00e9diate et durable de la peau. L&#039;acide hyaluronique de faible poids mol\u00e9culaire p\u00e9n\u00e8tre dans les couches profondes de la peau en retenant l&#039;eau pour une hydratation longue dur\u00e9e. L&#039;acide hyaluronique de poids mol\u00e9culaire moyen pr\u00e9vient la perte d&#039;eau trans\u00e9pidermique (TEWL). Une combinaison d&#039;antioxydants puissants : la Vit E avec l&#039;extrait de rose musqu\u00e9e et l&#039;extrait de th\u00e9 vert prot\u00e8ge la peau des premiers signes de l&#039;\u00e2ge. L&#039;extrait de riz et le panth\u00e9nol apaisent les irritations et am\u00e9liorent l&#039;\u00e9tat g\u00e9n\u00e9ral de la peau. La combinaison d&#039;ingr\u00e9dients actifs procure une hydratation longue dur\u00e9e, am\u00e9liorant l&#039;\u00e9lasticit\u00e9 de la peau.\" \/>\n<meta property=\"og:url\" content=\"https:\/\/pharmadreams.shop\/index.php\/product\/novaclear-hydro-gel-creme-de-jour-a-lacide-hyaluronique-50ml\/\" \/>\n<meta property=\"og:site_name\" content=\"pharmadreams\" \/>\n<meta property=\"og:image\" content=\"https:\/\/pharmadreams.shop\/wp-content\/uploads\/2024\/10\/novaclear-hydro-gel-creme-de-jour-a-l-acide-hyaluronique-50ml.jpg\" \/>\n\t<meta property=\"og:image:width\" content=\"500\" \/>\n\t<meta property=\"og:image:height\" content=\"500\" \/>\n\t<meta property=\"og:image:type\" content=\"image\/jpeg\" \/>\n<meta name=\"twitter:card\" content=\"summary_large_image\" \/>\n<meta name=\"twitter:label1\" content=\"Dur\u00e9e de lecture estim\u00e9e\" \/>\n\t<meta name=\"twitter:data1\" content=\"1 minute\" \/>\n<script type=\"application\/ld+json\" class=\"yoast-schema-graph\">{\"@context\":\"https:\/\/schema.org\",\"@graph\":[{\"@type\":\"WebPage\",\"@id\":\"https:\/\/pharmadreams.shop\/index.php\/product\/novaclear-hydro-gel-creme-de-jour-a-lacide-hyaluronique-50ml\/\",\"url\":\"https:\/\/pharmadreams.shop\/index.php\/product\/novaclear-hydro-gel-creme-de-jour-a-lacide-hyaluronique-50ml\/\",\"name\":\"NOVACLEAR HYDRO GEL-CREME DE JOUR A L'ACIDE HYALURONIQUE 50ML - pharmadreams\",\"isPartOf\":{\"@id\":\"https:\/\/pharmadreams.shop\/#website\"},\"primaryImageOfPage\":{\"@id\":\"https:\/\/pharmadreams.shop\/index.php\/product\/novaclear-hydro-gel-creme-de-jour-a-lacide-hyaluronique-50ml\/#primaryimage\"},\"image\":{\"@id\":\"https:\/\/pharmadreams.shop\/index.php\/product\/novaclear-hydro-gel-creme-de-jour-a-lacide-hyaluronique-50ml\/#primaryimage\"},\"thumbnailUrl\":\"https:\/\/pharmadreams.shop\/wp-content\/uploads\/2024\/10\/novaclear-hydro-gel-creme-de-jour-a-l-acide-hyaluronique-50ml.jpg\",\"datePublished\":\"2024-10-22T17:30:37+00:00\",\"dateModified\":\"2024-10-22T17:30:37+00:00\",\"breadcrumb\":{\"@id\":\"https:\/\/pharmadreams.shop\/index.php\/product\/novaclear-hydro-gel-creme-de-jour-a-lacide-hyaluronique-50ml\/#breadcrumb\"},\"inLanguage\":\"fr-FR\",\"potentialAction\":[{\"@type\":\"ReadAction\",\"target\":[\"https:\/\/pharmadreams.shop\/index.php\/product\/novaclear-hydro-gel-creme-de-jour-a-lacide-hyaluronique-50ml\/\"]}]},{\"@type\":\"ImageObject\",\"inLanguage\":\"fr-FR\",\"@id\":\"https:\/\/pharmadreams.shop\/index.php\/product\/novaclear-hydro-gel-creme-de-jour-a-lacide-hyaluronique-50ml\/#primaryimage\",\"url\":\"https:\/\/pharmadreams.shop\/wp-content\/uploads\/2024\/10\/novaclear-hydro-gel-creme-de-jour-a-l-acide-hyaluronique-50ml.jpg\",\"contentUrl\":\"https:\/\/pharmadreams.shop\/wp-content\/uploads\/2024\/10\/novaclear-hydro-gel-creme-de-jour-a-l-acide-hyaluronique-50ml.jpg\",\"width\":500,\"height\":500},{\"@type\":\"BreadcrumbList\",\"@id\":\"https:\/\/pharmadreams.shop\/index.php\/product\/novaclear-hydro-gel-creme-de-jour-a-lacide-hyaluronique-50ml\/#breadcrumb\",\"itemListElement\":[{\"@type\":\"ListItem\",\"position\":1,\"name\":\"Accueil\",\"item\":\"https:\/\/pharmadreams.shop\/\"},{\"@type\":\"ListItem\",\"position\":2,\"name\":\"Shop\",\"item\":\"https:\/\/pharmadreams.shop\/index.php\/shop\/\"},{\"@type\":\"ListItem\",\"position\":3,\"name\":\"NOVACLEAR HYDRO GEL-CREME DE JOUR A L&#8217;ACIDE HYALURONIQUE 50ML\"}]},{\"@type\":\"WebSite\",\"@id\":\"https:\/\/pharmadreams.shop\/#website\",\"url\":\"https:\/\/pharmadreams.shop\/\",\"name\":\"pharmadreams\",\"description\":\"Parapharmacie en ligne\",\"potentialAction\":[{\"@type\":\"SearchAction\",\"target\":{\"@type\":\"EntryPoint\",\"urlTemplate\":\"https:\/\/pharmadreams.shop\/?s={search_term_string}\"},\"query-input\":\"required name=search_term_string\"}],\"inLanguage\":\"fr-FR\"}]}<\/script>\n<!-- \/ Yoast SEO plugin. -->","yoast_head_json":{"title":"NOVACLEAR HYDRO GEL-CREME DE JOUR A L'ACIDE HYALURONIQUE 50ML - pharmadreams","robots":{"index":"index","follow":"follow","max-snippet":"max-snippet:-1","max-image-preview":"max-image-preview:large","max-video-preview":"max-video-preview:-1"},"canonical":"https:\/\/pharmadreams.shop\/index.php\/product\/novaclear-hydro-gel-creme-de-jour-a-lacide-hyaluronique-50ml\/","og_locale":"fr_FR","og_type":"article","og_title":"NOVACLEAR HYDRO GEL-CREME DE JOUR A L'ACIDE HYALURONIQUE 50ML - pharmadreams","og_description":"La formule l\u00e9g\u00e8re de la cr\u00e8me influence le processus d'hydratation de la peau, contribuant \u00e0 am\u00e9liorer son \u00e9lasticit\u00e9, \u00e0 r\u00e9duire l'apparence des premiers signes du vieillissement et \u00e0 procurer une hydratation longue dur\u00e9e. Deux types de mol\u00e9cules d'Acide Hyaluronique assurent une hydratation imm\u00e9diate et durable de la peau. L'acide hyaluronique de faible poids mol\u00e9culaire p\u00e9n\u00e8tre dans les couches profondes de la peau en retenant l'eau pour une hydratation longue dur\u00e9e. L'acide hyaluronique de poids mol\u00e9culaire moyen pr\u00e9vient la perte d'eau trans\u00e9pidermique (TEWL). Une combinaison d'antioxydants puissants : la Vit E avec l'extrait de rose musqu\u00e9e et l'extrait de th\u00e9 vert prot\u00e8ge la peau des premiers signes de l'\u00e2ge. L'extrait de riz et le panth\u00e9nol apaisent les irritations et am\u00e9liorent l'\u00e9tat g\u00e9n\u00e9ral de la peau. La combinaison d'ingr\u00e9dients actifs procure une hydratation longue dur\u00e9e, am\u00e9liorant l'\u00e9lasticit\u00e9 de la peau.","og_url":"https:\/\/pharmadreams.shop\/index.php\/product\/novaclear-hydro-gel-creme-de-jour-a-lacide-hyaluronique-50ml\/","og_site_name":"pharmadreams","og_image":[{"width":500,"height":500,"url":"https:\/\/pharmadreams.shop\/wp-content\/uploads\/2024\/10\/novaclear-hydro-gel-creme-de-jour-a-l-acide-hyaluronique-50ml.jpg","type":"image\/jpeg"}],"twitter_card":"summary_large_image","twitter_misc":{"Dur\u00e9e de lecture estim\u00e9e":"1 minute"},"schema":{"@context":"https:\/\/schema.org","@graph":[{"@type":"WebPage","@id":"https:\/\/pharmadreams.shop\/index.php\/product\/novaclear-hydro-gel-creme-de-jour-a-lacide-hyaluronique-50ml\/","url":"https:\/\/pharmadreams.shop\/index.php\/product\/novaclear-hydro-gel-creme-de-jour-a-lacide-hyaluronique-50ml\/","name":"NOVACLEAR HYDRO GEL-CREME DE JOUR A L'ACIDE HYALURONIQUE 50ML - pharmadreams","isPartOf":{"@id":"https:\/\/pharmadreams.shop\/#website"},"primaryImageOfPage":{"@id":"https:\/\/pharmadreams.shop\/index.php\/product\/novaclear-hydro-gel-creme-de-jour-a-lacide-hyaluronique-50ml\/#primaryimage"},"image":{"@id":"https:\/\/pharmadreams.shop\/index.php\/product\/novaclear-hydro-gel-creme-de-jour-a-lacide-hyaluronique-50ml\/#primaryimage"},"thumbnailUrl":"https:\/\/pharmadreams.shop\/wp-content\/uploads\/2024\/10\/novaclear-hydro-gel-creme-de-jour-a-l-acide-hyaluronique-50ml.jpg","datePublished":"2024-10-22T17:30:37+00:00","dateModified":"2024-10-22T17:30:37+00:00","breadcrumb":{"@id":"https:\/\/pharmadreams.shop\/index.php\/product\/novaclear-hydro-gel-creme-de-jour-a-lacide-hyaluronique-50ml\/#breadcrumb"},"inLanguage":"fr-FR","potentialAction":[{"@type":"ReadAction","target":["https:\/\/pharmadreams.shop\/index.php\/product\/novaclear-hydro-gel-creme-de-jour-a-lacide-hyaluronique-50ml\/"]}]},{"@type":"ImageObject","inLanguage":"fr-FR","@id":"https:\/\/pharmadreams.shop\/index.php\/product\/novaclear-hydro-gel-creme-de-jour-a-lacide-hyaluronique-50ml\/#primaryimage","url":"https:\/\/pharmadreams.shop\/wp-content\/uploads\/2024\/10\/novaclear-hydro-gel-creme-de-jour-a-l-acide-hyaluronique-50ml.jpg","contentUrl":"https:\/\/pharmadreams.shop\/wp-content\/uploads\/2024\/10\/novaclear-hydro-gel-creme-de-jour-a-l-acide-hyaluronique-50ml.jpg","width":500,"height":500},{"@type":"BreadcrumbList","@id":"https:\/\/pharmadreams.shop\/index.php\/product\/novaclear-hydro-gel-creme-de-jour-a-lacide-hyaluronique-50ml\/#breadcrumb","itemListElement":[{"@type":"ListItem","position":1,"name":"Accueil","item":"https:\/\/pharmadreams.shop\/"},{"@type":"ListItem","position":2,"name":"Shop","item":"https:\/\/pharmadreams.shop\/index.php\/shop\/"},{"@type":"ListItem","position":3,"name":"NOVACLEAR HYDRO GEL-CREME DE JOUR A L&#8217;ACIDE HYALURONIQUE 50ML"}]},{"@type":"WebSite","@id":"https:\/\/pharmadreams.shop\/#website","url":"https:\/\/pharmadreams.shop\/","name":"pharmadreams","description":"Parapharmacie en ligne","potentialAction":[{"@type":"SearchAction","target":{"@type":"EntryPoint","urlTemplate":"https:\/\/pharmadreams.shop\/?s={search_term_string}"},"query-input":"required name=search_term_string"}],"inLanguage":"fr-FR"}]}},"_links":{"self":[{"href":"https:\/\/pharmadreams.shop\/index.php\/wp-json\/wp\/v2\/product\/18926","targetHints":{"allow":["GET"]}}],"collection":[{"href":"https:\/\/pharmadreams.shop\/index.php\/wp-json\/wp\/v2\/product"}],"about":[{"href":"https:\/\/pharmadreams.shop\/index.php\/wp-json\/wp\/v2\/types\/product"}],"replies":[{"embeddable":true,"href":"https:\/\/pharmadreams.shop\/index.php\/wp-json\/wp\/v2\/comments?post=18926"}],"version-history":[{"count":0,"href":"https:\/\/pharmadreams.shop\/index.php\/wp-json\/wp\/v2\/product\/18926\/revisions"}],"wp:featuredmedia":[{"embeddable":true,"href":"https:\/\/pharmadreams.shop\/index.php\/wp-json\/wp\/v2\/media\/18927"}],"wp:attachment":[{"href":"https:\/\/pharmadreams.shop\/index.php\/wp-json\/wp\/v2\/media?parent=18926"}],"wp:term":[{"taxonomy":"product_brand","embeddable":true,"href":"https:\/\/pharmadreams.shop\/index.php\/wp-json\/wp\/v2\/product_brand?post=18926"},{"taxonomy":"product_cat","embeddable":true,"href":"https:\/\/pharmadreams.shop\/index.php\/wp-json\/wp\/v2\/product_cat?post=18926"},{"taxonomy":"product_tag","embeddable":true,"href":"https:\/\/pharmadreams.shop\/index.php\/wp-json\/wp\/v2\/product_tag?post=18926"}],"curies":[{"name":"wp","href":"https:\/\/api.w.org\/{rel}","templated":true}]}}