{"id":18936,"date":"2024-10-25T11:56:33","date_gmt":"2024-10-25T10:56:33","guid":{"rendered":"https:\/\/pharmadreams.shop\/?post_type=product&#038;p=18936"},"modified":"2024-10-25T11:56:33","modified_gmt":"2024-10-25T10:56:33","slug":"novaclear-urban-sunblock-oily-skin-spf50-40ml","status":"publish","type":"product","link":"https:\/\/pharmadreams.shop\/index.php\/product\/novaclear-urban-sunblock-oily-skin-spf50-40ml\/","title":{"rendered":"NOVACLEAR URBAN SUNBLOCK OILY SKIN SPF50+ 40ML"},"content":{"rendered":"","protected":false},"excerpt":{"rendered":"<p>La cr\u00e8me SPF 50 + offre une tr\u00e8s haute protection contre les rayons UVA \/ UVB et IR nocifs. Les extraits de sauge et d&rsquo;hamam\u00e9lis r\u00e9gulent la s\u00e9cr\u00e9tion de s\u00e9bum. La cr\u00e8me \u00e0 absorption rapide offre une tr\u00e8s haute protection contre le soleil urbain et la pollution.<\/p>\n<p>Convient sous le maquillage. Tenir hors de port\u00e9e des enfants.<\/p>\n<p>Appliquez g\u00e9n\u00e9reusement Sunblock SPF 50+ sur le visage 30 minutes avant l&rsquo;exposition au soleil. R\u00e9appliquez toutes les 2 heures. \u00c9viter le contact visuel. Ne restez pas trop longtemps au soleil, m\u00eame en utilisant un produit de protection solaire.<\/p>\n","protected":false},"featured_media":18937,"comment_status":"open","ping_status":"closed","template":"","meta":[],"product_brand":[],"product_cat":[231,225],"product_tag":[],"class_list":{"0":"post-18936","1":"product","2":"type-product","3":"status-publish","4":"has-post-thumbnail","6":"product_cat-ecran-solaire","7":"product_cat-peaux-grasses","9":"first","10":"instock","11":"shipping-taxable","12":"purchasable","13":"product-type-simple"},"yoast_head":"<!-- This site is optimized with the Yoast SEO plugin v23.0 - https:\/\/yoast.com\/wordpress\/plugins\/seo\/ -->\n<title>NOVACLEAR URBAN SUNBLOCK OILY SKIN SPF50+ 40ML - pharmadreams<\/title>\n<meta name=\"robots\" content=\"index, follow, max-snippet:-1, max-image-preview:large, max-video-preview:-1\" \/>\n<link rel=\"canonical\" href=\"https:\/\/pharmadreams.shop\/index.php\/product\/novaclear-urban-sunblock-oily-skin-spf50-40ml\/\" \/>\n<meta property=\"og:locale\" content=\"fr_FR\" \/>\n<meta property=\"og:type\" content=\"article\" \/>\n<meta property=\"og:title\" content=\"NOVACLEAR URBAN SUNBLOCK OILY SKIN SPF50+ 40ML - pharmadreams\" \/>\n<meta property=\"og:description\" content=\"La cr\u00e8me SPF 50 + offre une tr\u00e8s haute protection contre les rayons UVA \/ UVB et IR nocifs. Les extraits de sauge et d&#039;hamam\u00e9lis r\u00e9gulent la s\u00e9cr\u00e9tion de s\u00e9bum. La cr\u00e8me \u00e0 absorption rapide offre une tr\u00e8s haute protection contre le soleil urbain et la pollution.  Convient sous le maquillage. Tenir hors de port\u00e9e des enfants.  Appliquez g\u00e9n\u00e9reusement Sunblock SPF 50+ sur le visage 30 minutes avant l&#039;exposition au soleil. R\u00e9appliquez toutes les 2 heures. \u00c9viter le contact visuel. Ne restez pas trop longtemps au soleil, m\u00eame en utilisant un produit de protection solaire.\" \/>\n<meta property=\"og:url\" content=\"https:\/\/pharmadreams.shop\/index.php\/product\/novaclear-urban-sunblock-oily-skin-spf50-40ml\/\" \/>\n<meta property=\"og:site_name\" content=\"pharmadreams\" \/>\n<meta property=\"og:image\" content=\"https:\/\/pharmadreams.shop\/wp-content\/uploads\/2024\/10\/novaclear-urban-sunblock-oily-skin-spf50-40ml.jpg\" \/>\n\t<meta property=\"og:image:width\" content=\"500\" \/>\n\t<meta property=\"og:image:height\" content=\"500\" \/>\n\t<meta property=\"og:image:type\" content=\"image\/jpeg\" \/>\n<meta name=\"twitter:card\" content=\"summary_large_image\" \/>\n<meta name=\"twitter:label1\" content=\"Dur\u00e9e de lecture estim\u00e9e\" \/>\n\t<meta name=\"twitter:data1\" content=\"1 minute\" \/>\n<script type=\"application\/ld+json\" class=\"yoast-schema-graph\">{\"@context\":\"https:\/\/schema.org\",\"@graph\":[{\"@type\":\"WebPage\",\"@id\":\"https:\/\/pharmadreams.shop\/index.php\/product\/novaclear-urban-sunblock-oily-skin-spf50-40ml\/\",\"url\":\"https:\/\/pharmadreams.shop\/index.php\/product\/novaclear-urban-sunblock-oily-skin-spf50-40ml\/\",\"name\":\"NOVACLEAR URBAN SUNBLOCK OILY SKIN SPF50+ 40ML - pharmadreams\",\"isPartOf\":{\"@id\":\"https:\/\/pharmadreams.shop\/#website\"},\"primaryImageOfPage\":{\"@id\":\"https:\/\/pharmadreams.shop\/index.php\/product\/novaclear-urban-sunblock-oily-skin-spf50-40ml\/#primaryimage\"},\"image\":{\"@id\":\"https:\/\/pharmadreams.shop\/index.php\/product\/novaclear-urban-sunblock-oily-skin-spf50-40ml\/#primaryimage\"},\"thumbnailUrl\":\"https:\/\/pharmadreams.shop\/wp-content\/uploads\/2024\/10\/novaclear-urban-sunblock-oily-skin-spf50-40ml.jpg\",\"datePublished\":\"2024-10-25T10:56:33+00:00\",\"dateModified\":\"2024-10-25T10:56:33+00:00\",\"breadcrumb\":{\"@id\":\"https:\/\/pharmadreams.shop\/index.php\/product\/novaclear-urban-sunblock-oily-skin-spf50-40ml\/#breadcrumb\"},\"inLanguage\":\"fr-FR\",\"potentialAction\":[{\"@type\":\"ReadAction\",\"target\":[\"https:\/\/pharmadreams.shop\/index.php\/product\/novaclear-urban-sunblock-oily-skin-spf50-40ml\/\"]}]},{\"@type\":\"ImageObject\",\"inLanguage\":\"fr-FR\",\"@id\":\"https:\/\/pharmadreams.shop\/index.php\/product\/novaclear-urban-sunblock-oily-skin-spf50-40ml\/#primaryimage\",\"url\":\"https:\/\/pharmadreams.shop\/wp-content\/uploads\/2024\/10\/novaclear-urban-sunblock-oily-skin-spf50-40ml.jpg\",\"contentUrl\":\"https:\/\/pharmadreams.shop\/wp-content\/uploads\/2024\/10\/novaclear-urban-sunblock-oily-skin-spf50-40ml.jpg\",\"width\":500,\"height\":500},{\"@type\":\"BreadcrumbList\",\"@id\":\"https:\/\/pharmadreams.shop\/index.php\/product\/novaclear-urban-sunblock-oily-skin-spf50-40ml\/#breadcrumb\",\"itemListElement\":[{\"@type\":\"ListItem\",\"position\":1,\"name\":\"Accueil\",\"item\":\"https:\/\/pharmadreams.shop\/\"},{\"@type\":\"ListItem\",\"position\":2,\"name\":\"Shop\",\"item\":\"https:\/\/pharmadreams.shop\/index.php\/shop\/\"},{\"@type\":\"ListItem\",\"position\":3,\"name\":\"NOVACLEAR URBAN SUNBLOCK OILY SKIN SPF50+ 40ML\"}]},{\"@type\":\"WebSite\",\"@id\":\"https:\/\/pharmadreams.shop\/#website\",\"url\":\"https:\/\/pharmadreams.shop\/\",\"name\":\"pharmadreams\",\"description\":\"Parapharmacie en ligne\",\"potentialAction\":[{\"@type\":\"SearchAction\",\"target\":{\"@type\":\"EntryPoint\",\"urlTemplate\":\"https:\/\/pharmadreams.shop\/?s={search_term_string}\"},\"query-input\":\"required name=search_term_string\"}],\"inLanguage\":\"fr-FR\"}]}<\/script>\n<!-- \/ Yoast SEO plugin. -->","yoast_head_json":{"title":"NOVACLEAR URBAN SUNBLOCK OILY SKIN SPF50+ 40ML - pharmadreams","robots":{"index":"index","follow":"follow","max-snippet":"max-snippet:-1","max-image-preview":"max-image-preview:large","max-video-preview":"max-video-preview:-1"},"canonical":"https:\/\/pharmadreams.shop\/index.php\/product\/novaclear-urban-sunblock-oily-skin-spf50-40ml\/","og_locale":"fr_FR","og_type":"article","og_title":"NOVACLEAR URBAN SUNBLOCK OILY SKIN SPF50+ 40ML - pharmadreams","og_description":"La cr\u00e8me SPF 50 + offre une tr\u00e8s haute protection contre les rayons UVA \/ UVB et IR nocifs. Les extraits de sauge et d'hamam\u00e9lis r\u00e9gulent la s\u00e9cr\u00e9tion de s\u00e9bum. La cr\u00e8me \u00e0 absorption rapide offre une tr\u00e8s haute protection contre le soleil urbain et la pollution.  Convient sous le maquillage. Tenir hors de port\u00e9e des enfants.  Appliquez g\u00e9n\u00e9reusement Sunblock SPF 50+ sur le visage 30 minutes avant l'exposition au soleil. R\u00e9appliquez toutes les 2 heures. \u00c9viter le contact visuel. Ne restez pas trop longtemps au soleil, m\u00eame en utilisant un produit de protection solaire.","og_url":"https:\/\/pharmadreams.shop\/index.php\/product\/novaclear-urban-sunblock-oily-skin-spf50-40ml\/","og_site_name":"pharmadreams","og_image":[{"width":500,"height":500,"url":"https:\/\/pharmadreams.shop\/wp-content\/uploads\/2024\/10\/novaclear-urban-sunblock-oily-skin-spf50-40ml.jpg","type":"image\/jpeg"}],"twitter_card":"summary_large_image","twitter_misc":{"Dur\u00e9e de lecture estim\u00e9e":"1 minute"},"schema":{"@context":"https:\/\/schema.org","@graph":[{"@type":"WebPage","@id":"https:\/\/pharmadreams.shop\/index.php\/product\/novaclear-urban-sunblock-oily-skin-spf50-40ml\/","url":"https:\/\/pharmadreams.shop\/index.php\/product\/novaclear-urban-sunblock-oily-skin-spf50-40ml\/","name":"NOVACLEAR URBAN SUNBLOCK OILY SKIN SPF50+ 40ML - pharmadreams","isPartOf":{"@id":"https:\/\/pharmadreams.shop\/#website"},"primaryImageOfPage":{"@id":"https:\/\/pharmadreams.shop\/index.php\/product\/novaclear-urban-sunblock-oily-skin-spf50-40ml\/#primaryimage"},"image":{"@id":"https:\/\/pharmadreams.shop\/index.php\/product\/novaclear-urban-sunblock-oily-skin-spf50-40ml\/#primaryimage"},"thumbnailUrl":"https:\/\/pharmadreams.shop\/wp-content\/uploads\/2024\/10\/novaclear-urban-sunblock-oily-skin-spf50-40ml.jpg","datePublished":"2024-10-25T10:56:33+00:00","dateModified":"2024-10-25T10:56:33+00:00","breadcrumb":{"@id":"https:\/\/pharmadreams.shop\/index.php\/product\/novaclear-urban-sunblock-oily-skin-spf50-40ml\/#breadcrumb"},"inLanguage":"fr-FR","potentialAction":[{"@type":"ReadAction","target":["https:\/\/pharmadreams.shop\/index.php\/product\/novaclear-urban-sunblock-oily-skin-spf50-40ml\/"]}]},{"@type":"ImageObject","inLanguage":"fr-FR","@id":"https:\/\/pharmadreams.shop\/index.php\/product\/novaclear-urban-sunblock-oily-skin-spf50-40ml\/#primaryimage","url":"https:\/\/pharmadreams.shop\/wp-content\/uploads\/2024\/10\/novaclear-urban-sunblock-oily-skin-spf50-40ml.jpg","contentUrl":"https:\/\/pharmadreams.shop\/wp-content\/uploads\/2024\/10\/novaclear-urban-sunblock-oily-skin-spf50-40ml.jpg","width":500,"height":500},{"@type":"BreadcrumbList","@id":"https:\/\/pharmadreams.shop\/index.php\/product\/novaclear-urban-sunblock-oily-skin-spf50-40ml\/#breadcrumb","itemListElement":[{"@type":"ListItem","position":1,"name":"Accueil","item":"https:\/\/pharmadreams.shop\/"},{"@type":"ListItem","position":2,"name":"Shop","item":"https:\/\/pharmadreams.shop\/index.php\/shop\/"},{"@type":"ListItem","position":3,"name":"NOVACLEAR URBAN SUNBLOCK OILY SKIN SPF50+ 40ML"}]},{"@type":"WebSite","@id":"https:\/\/pharmadreams.shop\/#website","url":"https:\/\/pharmadreams.shop\/","name":"pharmadreams","description":"Parapharmacie en ligne","potentialAction":[{"@type":"SearchAction","target":{"@type":"EntryPoint","urlTemplate":"https:\/\/pharmadreams.shop\/?s={search_term_string}"},"query-input":"required name=search_term_string"}],"inLanguage":"fr-FR"}]}},"_links":{"self":[{"href":"https:\/\/pharmadreams.shop\/index.php\/wp-json\/wp\/v2\/product\/18936","targetHints":{"allow":["GET"]}}],"collection":[{"href":"https:\/\/pharmadreams.shop\/index.php\/wp-json\/wp\/v2\/product"}],"about":[{"href":"https:\/\/pharmadreams.shop\/index.php\/wp-json\/wp\/v2\/types\/product"}],"replies":[{"embeddable":true,"href":"https:\/\/pharmadreams.shop\/index.php\/wp-json\/wp\/v2\/comments?post=18936"}],"version-history":[{"count":0,"href":"https:\/\/pharmadreams.shop\/index.php\/wp-json\/wp\/v2\/product\/18936\/revisions"}],"wp:featuredmedia":[{"embeddable":true,"href":"https:\/\/pharmadreams.shop\/index.php\/wp-json\/wp\/v2\/media\/18937"}],"wp:attachment":[{"href":"https:\/\/pharmadreams.shop\/index.php\/wp-json\/wp\/v2\/media?parent=18936"}],"wp:term":[{"taxonomy":"product_brand","embeddable":true,"href":"https:\/\/pharmadreams.shop\/index.php\/wp-json\/wp\/v2\/product_brand?post=18936"},{"taxonomy":"product_cat","embeddable":true,"href":"https:\/\/pharmadreams.shop\/index.php\/wp-json\/wp\/v2\/product_cat?post=18936"},{"taxonomy":"product_tag","embeddable":true,"href":"https:\/\/pharmadreams.shop\/index.php\/wp-json\/wp\/v2\/product_tag?post=18936"}],"curies":[{"name":"wp","href":"https:\/\/api.w.org\/{rel}","templated":true}]}}