{"id":18939,"date":"2024-10-25T12:08:25","date_gmt":"2024-10-25T11:08:25","guid":{"rendered":"https:\/\/pharmadreams.shop\/?post_type=product&#038;p=18939"},"modified":"2024-10-25T12:08:25","modified_gmt":"2024-10-25T11:08:25","slug":"kinder-health-vitalite-30-gummies","status":"publish","type":"product","link":"https:\/\/pharmadreams.shop\/index.php\/product\/kinder-health-vitalite-30-gummies\/","title":{"rendered":"KINDER HEALTH VITALITE 30 GUMMIES"},"content":{"rendered":"","protected":false},"excerpt":{"rendered":"<p>Kinder Healthy vitalit\u00e9 est un complexe de vitamines, de min\u00e9raux et d\u2019antioxydants pour la vitalit\u00e9, l\u2019\u00e9nergie et le bien-\u00eatre. Ce complexe contient toutes les vitamines et min\u00e9raux au dosage sup\u00e9rieur, destin\u00e9 aux personnes actives et aux sportifs soumis \u00e0 des cycles d\u2019entra\u00eenements intensifs.<\/p>\n<p>Compl\u00e9ment alimentaire \u00e0 base de vitamines et min\u00e9raux<\/p>\n<ul>\n<li>R\u00e9duit la fatigue.<\/li>\n<li>Croissance osseuse.<\/li>\n<li>Etat de convalescence.<\/li>\n<li>Rythme scolaire, examens.<\/li>\n<li>R\u00e9gime alimentaire mal \u00e9quilibr\u00e9.<\/li>\n<li>Pratique intensive de sport.<\/li>\n<li>Changement de saison.<\/li>\n<\/ul>\n<p>Pot avec s\u00e9curit\u00e9 enfant.<\/p>\n<p>Texture : 30 GUMMIES.<\/p>\n<p>Propri\u00e9t\u00e9s :\u00a0Go\u00fbt Myrtille<\/p>\n","protected":false},"featured_media":18940,"comment_status":"open","ping_status":"closed","template":"","meta":[],"product_brand":[],"product_cat":[32,123],"product_tag":[],"class_list":{"0":"post-18939","1":"product","2":"type-product","3":"status-publish","4":"has-post-thumbnail","6":"product_cat-complements-alimentaires","7":"product_cat-vitamines","9":"first","10":"instock","11":"shipping-taxable","12":"purchasable","13":"product-type-simple"},"yoast_head":"<!-- This site is optimized with the Yoast SEO plugin v23.0 - https:\/\/yoast.com\/wordpress\/plugins\/seo\/ -->\n<title>KINDER HEALTH VITALITE 30 GUMMIES - pharmadreams<\/title>\n<meta name=\"robots\" content=\"index, follow, max-snippet:-1, max-image-preview:large, max-video-preview:-1\" \/>\n<link rel=\"canonical\" href=\"https:\/\/pharmadreams.shop\/index.php\/product\/kinder-health-vitalite-30-gummies\/\" \/>\n<meta property=\"og:locale\" content=\"fr_FR\" \/>\n<meta property=\"og:type\" content=\"article\" \/>\n<meta property=\"og:title\" content=\"KINDER HEALTH VITALITE 30 GUMMIES - pharmadreams\" \/>\n<meta property=\"og:description\" content=\"Kinder Healthy vitalit\u00e9 est un complexe de vitamines, de min\u00e9raux et d\u2019antioxydants pour la vitalit\u00e9, l\u2019\u00e9nergie et le bien-\u00eatre. Ce complexe contient toutes les vitamines et min\u00e9raux au dosage sup\u00e9rieur, destin\u00e9 aux personnes actives et aux sportifs soumis \u00e0 des cycles d\u2019entra\u00eenements intensifs.  Compl\u00e9ment alimentaire \u00e0 base de vitamines et min\u00e9raux   R\u00e9duit la fatigue.  Croissance osseuse.  Etat de convalescence.  Rythme scolaire, examens.  R\u00e9gime alimentaire mal \u00e9quilibr\u00e9.  Pratique intensive de sport.  Changement de saison.  Pot avec s\u00e9curit\u00e9 enfant.  Texture : 30 GUMMIES.  Propri\u00e9t\u00e9s :\u00a0Go\u00fbt Myrtille\" \/>\n<meta property=\"og:url\" content=\"https:\/\/pharmadreams.shop\/index.php\/product\/kinder-health-vitalite-30-gummies\/\" \/>\n<meta property=\"og:site_name\" content=\"pharmadreams\" \/>\n<meta property=\"og:image\" content=\"https:\/\/pharmadreams.shop\/wp-content\/uploads\/2024\/10\/kinder-health-vitalite-30-gummies.jpg\" \/>\n\t<meta property=\"og:image:width\" content=\"500\" \/>\n\t<meta property=\"og:image:height\" content=\"500\" \/>\n\t<meta property=\"og:image:type\" content=\"image\/jpeg\" \/>\n<meta name=\"twitter:card\" content=\"summary_large_image\" \/>\n<meta name=\"twitter:label1\" content=\"Dur\u00e9e de lecture estim\u00e9e\" \/>\n\t<meta name=\"twitter:data1\" content=\"1 minute\" \/>\n<script type=\"application\/ld+json\" class=\"yoast-schema-graph\">{\"@context\":\"https:\/\/schema.org\",\"@graph\":[{\"@type\":\"WebPage\",\"@id\":\"https:\/\/pharmadreams.shop\/index.php\/product\/kinder-health-vitalite-30-gummies\/\",\"url\":\"https:\/\/pharmadreams.shop\/index.php\/product\/kinder-health-vitalite-30-gummies\/\",\"name\":\"KINDER HEALTH VITALITE 30 GUMMIES - pharmadreams\",\"isPartOf\":{\"@id\":\"https:\/\/pharmadreams.shop\/#website\"},\"primaryImageOfPage\":{\"@id\":\"https:\/\/pharmadreams.shop\/index.php\/product\/kinder-health-vitalite-30-gummies\/#primaryimage\"},\"image\":{\"@id\":\"https:\/\/pharmadreams.shop\/index.php\/product\/kinder-health-vitalite-30-gummies\/#primaryimage\"},\"thumbnailUrl\":\"https:\/\/pharmadreams.shop\/wp-content\/uploads\/2024\/10\/kinder-health-vitalite-30-gummies.jpg\",\"datePublished\":\"2024-10-25T11:08:25+00:00\",\"dateModified\":\"2024-10-25T11:08:25+00:00\",\"breadcrumb\":{\"@id\":\"https:\/\/pharmadreams.shop\/index.php\/product\/kinder-health-vitalite-30-gummies\/#breadcrumb\"},\"inLanguage\":\"fr-FR\",\"potentialAction\":[{\"@type\":\"ReadAction\",\"target\":[\"https:\/\/pharmadreams.shop\/index.php\/product\/kinder-health-vitalite-30-gummies\/\"]}]},{\"@type\":\"ImageObject\",\"inLanguage\":\"fr-FR\",\"@id\":\"https:\/\/pharmadreams.shop\/index.php\/product\/kinder-health-vitalite-30-gummies\/#primaryimage\",\"url\":\"https:\/\/pharmadreams.shop\/wp-content\/uploads\/2024\/10\/kinder-health-vitalite-30-gummies.jpg\",\"contentUrl\":\"https:\/\/pharmadreams.shop\/wp-content\/uploads\/2024\/10\/kinder-health-vitalite-30-gummies.jpg\",\"width\":500,\"height\":500},{\"@type\":\"BreadcrumbList\",\"@id\":\"https:\/\/pharmadreams.shop\/index.php\/product\/kinder-health-vitalite-30-gummies\/#breadcrumb\",\"itemListElement\":[{\"@type\":\"ListItem\",\"position\":1,\"name\":\"Accueil\",\"item\":\"https:\/\/pharmadreams.shop\/\"},{\"@type\":\"ListItem\",\"position\":2,\"name\":\"Shop\",\"item\":\"https:\/\/pharmadreams.shop\/index.php\/shop\/\"},{\"@type\":\"ListItem\",\"position\":3,\"name\":\"KINDER HEALTH VITALITE 30 GUMMIES\"}]},{\"@type\":\"WebSite\",\"@id\":\"https:\/\/pharmadreams.shop\/#website\",\"url\":\"https:\/\/pharmadreams.shop\/\",\"name\":\"pharmadreams\",\"description\":\"Parapharmacie en ligne\",\"potentialAction\":[{\"@type\":\"SearchAction\",\"target\":{\"@type\":\"EntryPoint\",\"urlTemplate\":\"https:\/\/pharmadreams.shop\/?s={search_term_string}\"},\"query-input\":\"required name=search_term_string\"}],\"inLanguage\":\"fr-FR\"}]}<\/script>\n<!-- \/ Yoast SEO plugin. -->","yoast_head_json":{"title":"KINDER HEALTH VITALITE 30 GUMMIES - pharmadreams","robots":{"index":"index","follow":"follow","max-snippet":"max-snippet:-1","max-image-preview":"max-image-preview:large","max-video-preview":"max-video-preview:-1"},"canonical":"https:\/\/pharmadreams.shop\/index.php\/product\/kinder-health-vitalite-30-gummies\/","og_locale":"fr_FR","og_type":"article","og_title":"KINDER HEALTH VITALITE 30 GUMMIES - pharmadreams","og_description":"Kinder Healthy vitalit\u00e9 est un complexe de vitamines, de min\u00e9raux et d\u2019antioxydants pour la vitalit\u00e9, l\u2019\u00e9nergie et le bien-\u00eatre. Ce complexe contient toutes les vitamines et min\u00e9raux au dosage sup\u00e9rieur, destin\u00e9 aux personnes actives et aux sportifs soumis \u00e0 des cycles d\u2019entra\u00eenements intensifs.  Compl\u00e9ment alimentaire \u00e0 base de vitamines et min\u00e9raux   R\u00e9duit la fatigue.  Croissance osseuse.  Etat de convalescence.  Rythme scolaire, examens.  R\u00e9gime alimentaire mal \u00e9quilibr\u00e9.  Pratique intensive de sport.  Changement de saison.  Pot avec s\u00e9curit\u00e9 enfant.  Texture : 30 GUMMIES.  Propri\u00e9t\u00e9s :\u00a0Go\u00fbt Myrtille","og_url":"https:\/\/pharmadreams.shop\/index.php\/product\/kinder-health-vitalite-30-gummies\/","og_site_name":"pharmadreams","og_image":[{"width":500,"height":500,"url":"https:\/\/pharmadreams.shop\/wp-content\/uploads\/2024\/10\/kinder-health-vitalite-30-gummies.jpg","type":"image\/jpeg"}],"twitter_card":"summary_large_image","twitter_misc":{"Dur\u00e9e de lecture estim\u00e9e":"1 minute"},"schema":{"@context":"https:\/\/schema.org","@graph":[{"@type":"WebPage","@id":"https:\/\/pharmadreams.shop\/index.php\/product\/kinder-health-vitalite-30-gummies\/","url":"https:\/\/pharmadreams.shop\/index.php\/product\/kinder-health-vitalite-30-gummies\/","name":"KINDER HEALTH VITALITE 30 GUMMIES - pharmadreams","isPartOf":{"@id":"https:\/\/pharmadreams.shop\/#website"},"primaryImageOfPage":{"@id":"https:\/\/pharmadreams.shop\/index.php\/product\/kinder-health-vitalite-30-gummies\/#primaryimage"},"image":{"@id":"https:\/\/pharmadreams.shop\/index.php\/product\/kinder-health-vitalite-30-gummies\/#primaryimage"},"thumbnailUrl":"https:\/\/pharmadreams.shop\/wp-content\/uploads\/2024\/10\/kinder-health-vitalite-30-gummies.jpg","datePublished":"2024-10-25T11:08:25+00:00","dateModified":"2024-10-25T11:08:25+00:00","breadcrumb":{"@id":"https:\/\/pharmadreams.shop\/index.php\/product\/kinder-health-vitalite-30-gummies\/#breadcrumb"},"inLanguage":"fr-FR","potentialAction":[{"@type":"ReadAction","target":["https:\/\/pharmadreams.shop\/index.php\/product\/kinder-health-vitalite-30-gummies\/"]}]},{"@type":"ImageObject","inLanguage":"fr-FR","@id":"https:\/\/pharmadreams.shop\/index.php\/product\/kinder-health-vitalite-30-gummies\/#primaryimage","url":"https:\/\/pharmadreams.shop\/wp-content\/uploads\/2024\/10\/kinder-health-vitalite-30-gummies.jpg","contentUrl":"https:\/\/pharmadreams.shop\/wp-content\/uploads\/2024\/10\/kinder-health-vitalite-30-gummies.jpg","width":500,"height":500},{"@type":"BreadcrumbList","@id":"https:\/\/pharmadreams.shop\/index.php\/product\/kinder-health-vitalite-30-gummies\/#breadcrumb","itemListElement":[{"@type":"ListItem","position":1,"name":"Accueil","item":"https:\/\/pharmadreams.shop\/"},{"@type":"ListItem","position":2,"name":"Shop","item":"https:\/\/pharmadreams.shop\/index.php\/shop\/"},{"@type":"ListItem","position":3,"name":"KINDER HEALTH VITALITE 30 GUMMIES"}]},{"@type":"WebSite","@id":"https:\/\/pharmadreams.shop\/#website","url":"https:\/\/pharmadreams.shop\/","name":"pharmadreams","description":"Parapharmacie en ligne","potentialAction":[{"@type":"SearchAction","target":{"@type":"EntryPoint","urlTemplate":"https:\/\/pharmadreams.shop\/?s={search_term_string}"},"query-input":"required name=search_term_string"}],"inLanguage":"fr-FR"}]}},"_links":{"self":[{"href":"https:\/\/pharmadreams.shop\/index.php\/wp-json\/wp\/v2\/product\/18939","targetHints":{"allow":["GET"]}}],"collection":[{"href":"https:\/\/pharmadreams.shop\/index.php\/wp-json\/wp\/v2\/product"}],"about":[{"href":"https:\/\/pharmadreams.shop\/index.php\/wp-json\/wp\/v2\/types\/product"}],"replies":[{"embeddable":true,"href":"https:\/\/pharmadreams.shop\/index.php\/wp-json\/wp\/v2\/comments?post=18939"}],"version-history":[{"count":0,"href":"https:\/\/pharmadreams.shop\/index.php\/wp-json\/wp\/v2\/product\/18939\/revisions"}],"wp:featuredmedia":[{"embeddable":true,"href":"https:\/\/pharmadreams.shop\/index.php\/wp-json\/wp\/v2\/media\/18940"}],"wp:attachment":[{"href":"https:\/\/pharmadreams.shop\/index.php\/wp-json\/wp\/v2\/media?parent=18939"}],"wp:term":[{"taxonomy":"product_brand","embeddable":true,"href":"https:\/\/pharmadreams.shop\/index.php\/wp-json\/wp\/v2\/product_brand?post=18939"},{"taxonomy":"product_cat","embeddable":true,"href":"https:\/\/pharmadreams.shop\/index.php\/wp-json\/wp\/v2\/product_cat?post=18939"},{"taxonomy":"product_tag","embeddable":true,"href":"https:\/\/pharmadreams.shop\/index.php\/wp-json\/wp\/v2\/product_tag?post=18939"}],"curies":[{"name":"wp","href":"https:\/\/api.w.org\/{rel}","templated":true}]}}