{"id":18942,"date":"2024-10-25T12:10:49","date_gmt":"2024-10-25T11:10:49","guid":{"rendered":"https:\/\/pharmadreams.shop\/?post_type=product&#038;p=18942"},"modified":"2024-10-25T12:10:49","modified_gmt":"2024-10-25T11:10:49","slug":"kinder-health-healthy-probiotique-30-gummies","status":"publish","type":"product","link":"https:\/\/pharmadreams.shop\/index.php\/product\/kinder-health-healthy-probiotique-30-gummies\/","title":{"rendered":"KINDER HEALTH HEALTHY PROBIOTIQUE 30 GUMMIES"},"content":{"rendered":"","protected":false},"excerpt":{"rendered":"<p>Les saisons, les humeurs et en g\u00e9n\u00e9ral notre alimentation sont des choses de notre quotidien qui perturbent notre sant\u00e9.<\/p>\n<p>Que ce soit notre sant\u00e9 g\u00e9n\u00e9rale ou digestive ou m\u00eame notre condition de peau, beaucoup d\u2019\u00e9l\u00e9ments entrent en jeu. Kinder Health Healthy probiotique est le moyen d\u00e9licieux qui favorise la sant\u00e9 digestive de votre enfant\u00a0qui existe en\u00a0pilulier de 30 ou 60 gommes extra fortes qui nourrissent activement les probiotiques.<\/p>\n<p>Ce produit peut \u00e9galement convenir \u00e0 l&rsquo;adulte de plus de 15 ans:<\/p>\n<p>Pot avec s\u00e9curit\u00e9 enfant.<\/p>\n<p><strong>Texture :<\/strong>\u00a030 GUMMIES<\/p>\n<p><strong>Propri\u00e9t\u00e9s :<\/strong>\u00a0Go\u00fbt\u00a0orange<\/p>\n<p><strong>Conseil d&rsquo;utilisation :<\/strong><\/p>\n<p>de 3 \u00e0 6 ans : m\u00e2cher 1 \u00e0 3 gommes par jour<\/p>\n<p>de 7 \u00e0 12 ans : m\u00e2cher 4 \u00e0 6 gommes par jour.<\/p>\n","protected":false},"featured_media":18943,"comment_status":"open","ping_status":"closed","template":"","meta":[],"product_brand":[],"product_cat":[32,123],"product_tag":[],"class_list":{"0":"post-18942","1":"product","2":"type-product","3":"status-publish","4":"has-post-thumbnail","6":"product_cat-complements-alimentaires","7":"product_cat-vitamines","9":"first","10":"instock","11":"shipping-taxable","12":"purchasable","13":"product-type-simple"},"yoast_head":"<!-- This site is optimized with the Yoast SEO plugin v23.0 - https:\/\/yoast.com\/wordpress\/plugins\/seo\/ -->\n<title>KINDER HEALTH HEALTHY PROBIOTIQUE 30 GUMMIES - pharmadreams<\/title>\n<meta name=\"robots\" content=\"index, follow, max-snippet:-1, max-image-preview:large, max-video-preview:-1\" \/>\n<link rel=\"canonical\" href=\"https:\/\/pharmadreams.shop\/index.php\/product\/kinder-health-healthy-probiotique-30-gummies\/\" \/>\n<meta property=\"og:locale\" content=\"fr_FR\" \/>\n<meta property=\"og:type\" content=\"article\" \/>\n<meta property=\"og:title\" content=\"KINDER HEALTH HEALTHY PROBIOTIQUE 30 GUMMIES - pharmadreams\" \/>\n<meta property=\"og:description\" content=\"Les saisons, les humeurs et en g\u00e9n\u00e9ral notre alimentation sont des choses de notre quotidien qui perturbent notre sant\u00e9.  Que ce soit notre sant\u00e9 g\u00e9n\u00e9rale ou digestive ou m\u00eame notre condition de peau, beaucoup d\u2019\u00e9l\u00e9ments entrent en jeu. Kinder Health Healthy probiotique est le moyen d\u00e9licieux qui favorise la sant\u00e9 digestive de votre enfant\u00a0qui existe en\u00a0pilulier de 30 ou 60 gommes extra fortes qui nourrissent activement les probiotiques.  Ce produit peut \u00e9galement convenir \u00e0 l&#039;adulte de plus de 15 ans:  Pot avec s\u00e9curit\u00e9 enfant.  Texture :\u00a030 GUMMIES  Propri\u00e9t\u00e9s :\u00a0Go\u00fbt\u00a0orange  Conseil d&#039;utilisation :  de 3 \u00e0 6 ans : m\u00e2cher 1 \u00e0 3 gommes par jour  de 7 \u00e0 12 ans : m\u00e2cher 4 \u00e0 6 gommes par jour.\" \/>\n<meta property=\"og:url\" content=\"https:\/\/pharmadreams.shop\/index.php\/product\/kinder-health-healthy-probiotique-30-gummies\/\" \/>\n<meta property=\"og:site_name\" content=\"pharmadreams\" \/>\n<meta property=\"og:image\" content=\"https:\/\/pharmadreams.shop\/wp-content\/uploads\/2024\/10\/kinder-health-healthy-probiotique-30-gummies.jpg\" \/>\n\t<meta property=\"og:image:width\" content=\"500\" \/>\n\t<meta property=\"og:image:height\" content=\"500\" \/>\n\t<meta property=\"og:image:type\" content=\"image\/jpeg\" \/>\n<meta name=\"twitter:card\" content=\"summary_large_image\" \/>\n<meta name=\"twitter:label1\" content=\"Dur\u00e9e de lecture estim\u00e9e\" \/>\n\t<meta name=\"twitter:data1\" content=\"1 minute\" \/>\n<script type=\"application\/ld+json\" class=\"yoast-schema-graph\">{\"@context\":\"https:\/\/schema.org\",\"@graph\":[{\"@type\":\"WebPage\",\"@id\":\"https:\/\/pharmadreams.shop\/index.php\/product\/kinder-health-healthy-probiotique-30-gummies\/\",\"url\":\"https:\/\/pharmadreams.shop\/index.php\/product\/kinder-health-healthy-probiotique-30-gummies\/\",\"name\":\"KINDER HEALTH HEALTHY PROBIOTIQUE 30 GUMMIES - pharmadreams\",\"isPartOf\":{\"@id\":\"https:\/\/pharmadreams.shop\/#website\"},\"primaryImageOfPage\":{\"@id\":\"https:\/\/pharmadreams.shop\/index.php\/product\/kinder-health-healthy-probiotique-30-gummies\/#primaryimage\"},\"image\":{\"@id\":\"https:\/\/pharmadreams.shop\/index.php\/product\/kinder-health-healthy-probiotique-30-gummies\/#primaryimage\"},\"thumbnailUrl\":\"https:\/\/pharmadreams.shop\/wp-content\/uploads\/2024\/10\/kinder-health-healthy-probiotique-30-gummies.jpg\",\"datePublished\":\"2024-10-25T11:10:49+00:00\",\"dateModified\":\"2024-10-25T11:10:49+00:00\",\"breadcrumb\":{\"@id\":\"https:\/\/pharmadreams.shop\/index.php\/product\/kinder-health-healthy-probiotique-30-gummies\/#breadcrumb\"},\"inLanguage\":\"fr-FR\",\"potentialAction\":[{\"@type\":\"ReadAction\",\"target\":[\"https:\/\/pharmadreams.shop\/index.php\/product\/kinder-health-healthy-probiotique-30-gummies\/\"]}]},{\"@type\":\"ImageObject\",\"inLanguage\":\"fr-FR\",\"@id\":\"https:\/\/pharmadreams.shop\/index.php\/product\/kinder-health-healthy-probiotique-30-gummies\/#primaryimage\",\"url\":\"https:\/\/pharmadreams.shop\/wp-content\/uploads\/2024\/10\/kinder-health-healthy-probiotique-30-gummies.jpg\",\"contentUrl\":\"https:\/\/pharmadreams.shop\/wp-content\/uploads\/2024\/10\/kinder-health-healthy-probiotique-30-gummies.jpg\",\"width\":500,\"height\":500},{\"@type\":\"BreadcrumbList\",\"@id\":\"https:\/\/pharmadreams.shop\/index.php\/product\/kinder-health-healthy-probiotique-30-gummies\/#breadcrumb\",\"itemListElement\":[{\"@type\":\"ListItem\",\"position\":1,\"name\":\"Accueil\",\"item\":\"https:\/\/pharmadreams.shop\/\"},{\"@type\":\"ListItem\",\"position\":2,\"name\":\"Shop\",\"item\":\"https:\/\/pharmadreams.shop\/index.php\/shop\/\"},{\"@type\":\"ListItem\",\"position\":3,\"name\":\"KINDER HEALTH HEALTHY PROBIOTIQUE 30 GUMMIES\"}]},{\"@type\":\"WebSite\",\"@id\":\"https:\/\/pharmadreams.shop\/#website\",\"url\":\"https:\/\/pharmadreams.shop\/\",\"name\":\"pharmadreams\",\"description\":\"Parapharmacie en ligne\",\"potentialAction\":[{\"@type\":\"SearchAction\",\"target\":{\"@type\":\"EntryPoint\",\"urlTemplate\":\"https:\/\/pharmadreams.shop\/?s={search_term_string}\"},\"query-input\":\"required name=search_term_string\"}],\"inLanguage\":\"fr-FR\"}]}<\/script>\n<!-- \/ Yoast SEO plugin. -->","yoast_head_json":{"title":"KINDER HEALTH HEALTHY PROBIOTIQUE 30 GUMMIES - pharmadreams","robots":{"index":"index","follow":"follow","max-snippet":"max-snippet:-1","max-image-preview":"max-image-preview:large","max-video-preview":"max-video-preview:-1"},"canonical":"https:\/\/pharmadreams.shop\/index.php\/product\/kinder-health-healthy-probiotique-30-gummies\/","og_locale":"fr_FR","og_type":"article","og_title":"KINDER HEALTH HEALTHY PROBIOTIQUE 30 GUMMIES - pharmadreams","og_description":"Les saisons, les humeurs et en g\u00e9n\u00e9ral notre alimentation sont des choses de notre quotidien qui perturbent notre sant\u00e9.  Que ce soit notre sant\u00e9 g\u00e9n\u00e9rale ou digestive ou m\u00eame notre condition de peau, beaucoup d\u2019\u00e9l\u00e9ments entrent en jeu. Kinder Health Healthy probiotique est le moyen d\u00e9licieux qui favorise la sant\u00e9 digestive de votre enfant\u00a0qui existe en\u00a0pilulier de 30 ou 60 gommes extra fortes qui nourrissent activement les probiotiques.  Ce produit peut \u00e9galement convenir \u00e0 l'adulte de plus de 15 ans:  Pot avec s\u00e9curit\u00e9 enfant.  Texture :\u00a030 GUMMIES  Propri\u00e9t\u00e9s :\u00a0Go\u00fbt\u00a0orange  Conseil d'utilisation :  de 3 \u00e0 6 ans : m\u00e2cher 1 \u00e0 3 gommes par jour  de 7 \u00e0 12 ans : m\u00e2cher 4 \u00e0 6 gommes par jour.","og_url":"https:\/\/pharmadreams.shop\/index.php\/product\/kinder-health-healthy-probiotique-30-gummies\/","og_site_name":"pharmadreams","og_image":[{"width":500,"height":500,"url":"https:\/\/pharmadreams.shop\/wp-content\/uploads\/2024\/10\/kinder-health-healthy-probiotique-30-gummies.jpg","type":"image\/jpeg"}],"twitter_card":"summary_large_image","twitter_misc":{"Dur\u00e9e de lecture estim\u00e9e":"1 minute"},"schema":{"@context":"https:\/\/schema.org","@graph":[{"@type":"WebPage","@id":"https:\/\/pharmadreams.shop\/index.php\/product\/kinder-health-healthy-probiotique-30-gummies\/","url":"https:\/\/pharmadreams.shop\/index.php\/product\/kinder-health-healthy-probiotique-30-gummies\/","name":"KINDER HEALTH HEALTHY PROBIOTIQUE 30 GUMMIES - pharmadreams","isPartOf":{"@id":"https:\/\/pharmadreams.shop\/#website"},"primaryImageOfPage":{"@id":"https:\/\/pharmadreams.shop\/index.php\/product\/kinder-health-healthy-probiotique-30-gummies\/#primaryimage"},"image":{"@id":"https:\/\/pharmadreams.shop\/index.php\/product\/kinder-health-healthy-probiotique-30-gummies\/#primaryimage"},"thumbnailUrl":"https:\/\/pharmadreams.shop\/wp-content\/uploads\/2024\/10\/kinder-health-healthy-probiotique-30-gummies.jpg","datePublished":"2024-10-25T11:10:49+00:00","dateModified":"2024-10-25T11:10:49+00:00","breadcrumb":{"@id":"https:\/\/pharmadreams.shop\/index.php\/product\/kinder-health-healthy-probiotique-30-gummies\/#breadcrumb"},"inLanguage":"fr-FR","potentialAction":[{"@type":"ReadAction","target":["https:\/\/pharmadreams.shop\/index.php\/product\/kinder-health-healthy-probiotique-30-gummies\/"]}]},{"@type":"ImageObject","inLanguage":"fr-FR","@id":"https:\/\/pharmadreams.shop\/index.php\/product\/kinder-health-healthy-probiotique-30-gummies\/#primaryimage","url":"https:\/\/pharmadreams.shop\/wp-content\/uploads\/2024\/10\/kinder-health-healthy-probiotique-30-gummies.jpg","contentUrl":"https:\/\/pharmadreams.shop\/wp-content\/uploads\/2024\/10\/kinder-health-healthy-probiotique-30-gummies.jpg","width":500,"height":500},{"@type":"BreadcrumbList","@id":"https:\/\/pharmadreams.shop\/index.php\/product\/kinder-health-healthy-probiotique-30-gummies\/#breadcrumb","itemListElement":[{"@type":"ListItem","position":1,"name":"Accueil","item":"https:\/\/pharmadreams.shop\/"},{"@type":"ListItem","position":2,"name":"Shop","item":"https:\/\/pharmadreams.shop\/index.php\/shop\/"},{"@type":"ListItem","position":3,"name":"KINDER HEALTH HEALTHY PROBIOTIQUE 30 GUMMIES"}]},{"@type":"WebSite","@id":"https:\/\/pharmadreams.shop\/#website","url":"https:\/\/pharmadreams.shop\/","name":"pharmadreams","description":"Parapharmacie en ligne","potentialAction":[{"@type":"SearchAction","target":{"@type":"EntryPoint","urlTemplate":"https:\/\/pharmadreams.shop\/?s={search_term_string}"},"query-input":"required name=search_term_string"}],"inLanguage":"fr-FR"}]}},"_links":{"self":[{"href":"https:\/\/pharmadreams.shop\/index.php\/wp-json\/wp\/v2\/product\/18942","targetHints":{"allow":["GET"]}}],"collection":[{"href":"https:\/\/pharmadreams.shop\/index.php\/wp-json\/wp\/v2\/product"}],"about":[{"href":"https:\/\/pharmadreams.shop\/index.php\/wp-json\/wp\/v2\/types\/product"}],"replies":[{"embeddable":true,"href":"https:\/\/pharmadreams.shop\/index.php\/wp-json\/wp\/v2\/comments?post=18942"}],"version-history":[{"count":0,"href":"https:\/\/pharmadreams.shop\/index.php\/wp-json\/wp\/v2\/product\/18942\/revisions"}],"wp:featuredmedia":[{"embeddable":true,"href":"https:\/\/pharmadreams.shop\/index.php\/wp-json\/wp\/v2\/media\/18943"}],"wp:attachment":[{"href":"https:\/\/pharmadreams.shop\/index.php\/wp-json\/wp\/v2\/media?parent=18942"}],"wp:term":[{"taxonomy":"product_brand","embeddable":true,"href":"https:\/\/pharmadreams.shop\/index.php\/wp-json\/wp\/v2\/product_brand?post=18942"},{"taxonomy":"product_cat","embeddable":true,"href":"https:\/\/pharmadreams.shop\/index.php\/wp-json\/wp\/v2\/product_cat?post=18942"},{"taxonomy":"product_tag","embeddable":true,"href":"https:\/\/pharmadreams.shop\/index.php\/wp-json\/wp\/v2\/product_tag?post=18942"}],"curies":[{"name":"wp","href":"https:\/\/api.w.org\/{rel}","templated":true}]}}