{"id":18945,"date":"2024-10-25T12:13:06","date_gmt":"2024-10-25T11:13:06","guid":{"rendered":"https:\/\/pharmadreams.shop\/?post_type=product&#038;p=18945"},"modified":"2024-10-25T12:13:06","modified_gmt":"2024-10-25T11:13:06","slug":"kinder-health-healthy-fer-30-gummies","status":"publish","type":"product","link":"https:\/\/pharmadreams.shop\/index.php\/product\/kinder-health-healthy-fer-30-gummies\/","title":{"rendered":"KINDER HEALTH HEALTHY FER 30 GUMMIES"},"content":{"rendered":"","protected":false},"excerpt":{"rendered":"<p>La carence en fer est le probl\u00e8me nutritionnel le plus r\u00e9pandu chez les enfants.<\/p>\n<p>Cette carence appara\u00eet graduellement et peut conduire \u00e0 l\u2019an\u00e9mie ferriprive.<\/p>\n<p>Kinder Healthy Fer est le moyen qui lutte contre cette carence:\u00a0les gommes qui constituent la source de nutriment et qui apporte bien \u00e9videmment le fer \u00e0 l\u2019organisme en favorisant son absorption \u00e0 travers les vitamines essentielles.<\/p>\n<p>Ce produit peut \u00e9galement convenir \u00e0 l&rsquo;adulte de plus de 15 ans<\/p>\n<p>Pot avec s\u00e9curit\u00e9 enfant<\/p>\n<p>Texture : 30 GUMMIES<\/p>\n<p>Propri\u00e9t\u00e9s :\u00a0Gout tutti frutti<\/p>\n<p>Conseil d&rsquo;utilisation :\u00a0de 3 \u00e0 6 ans : m\u00e2cher 1 \u00e0 3 gommes par jour de 7 \u00e0 12 ans : m\u00e2cher 4 \u00e0 6 gommes par jour.<\/p>\n","protected":false},"featured_media":18946,"comment_status":"open","ping_status":"closed","template":"","meta":[],"product_brand":[],"product_cat":[32,123],"product_tag":[],"class_list":{"0":"post-18945","1":"product","2":"type-product","3":"status-publish","4":"has-post-thumbnail","6":"product_cat-complements-alimentaires","7":"product_cat-vitamines","9":"first","10":"instock","11":"shipping-taxable","12":"purchasable","13":"product-type-simple"},"yoast_head":"<!-- This site is optimized with the Yoast SEO plugin v23.0 - https:\/\/yoast.com\/wordpress\/plugins\/seo\/ -->\n<title>KINDER HEALTH HEALTHY FER 30 GUMMIES - pharmadreams<\/title>\n<meta name=\"robots\" content=\"index, follow, max-snippet:-1, max-image-preview:large, max-video-preview:-1\" \/>\n<link rel=\"canonical\" href=\"https:\/\/pharmadreams.shop\/index.php\/product\/kinder-health-healthy-fer-30-gummies\/\" \/>\n<meta property=\"og:locale\" content=\"fr_FR\" \/>\n<meta property=\"og:type\" content=\"article\" \/>\n<meta property=\"og:title\" content=\"KINDER HEALTH HEALTHY FER 30 GUMMIES - pharmadreams\" \/>\n<meta property=\"og:description\" content=\"La carence en fer est le probl\u00e8me nutritionnel le plus r\u00e9pandu chez les enfants.  Cette carence appara\u00eet graduellement et peut conduire \u00e0 l\u2019an\u00e9mie ferriprive.  Kinder Healthy Fer est le moyen qui lutte contre cette carence:\u00a0les gommes qui constituent la source de nutriment et qui apporte bien \u00e9videmment le fer \u00e0 l\u2019organisme en favorisant son absorption \u00e0 travers les vitamines essentielles.  Ce produit peut \u00e9galement convenir \u00e0 l&#039;adulte de plus de 15 ans  Pot avec s\u00e9curit\u00e9 enfant  Texture : 30 GUMMIES  Propri\u00e9t\u00e9s :\u00a0Gout tutti frutti  Conseil d&#039;utilisation :\u00a0de 3 \u00e0 6 ans : m\u00e2cher 1 \u00e0 3 gommes par jour de 7 \u00e0 12 ans : m\u00e2cher 4 \u00e0 6 gommes par jour.\" \/>\n<meta property=\"og:url\" content=\"https:\/\/pharmadreams.shop\/index.php\/product\/kinder-health-healthy-fer-30-gummies\/\" \/>\n<meta property=\"og:site_name\" content=\"pharmadreams\" \/>\n<meta property=\"og:image\" content=\"https:\/\/pharmadreams.shop\/wp-content\/uploads\/2024\/10\/kinder-health-healthy-fer-30-gummies.jpg\" \/>\n\t<meta property=\"og:image:width\" content=\"500\" \/>\n\t<meta property=\"og:image:height\" content=\"500\" \/>\n\t<meta property=\"og:image:type\" content=\"image\/jpeg\" \/>\n<meta name=\"twitter:card\" content=\"summary_large_image\" \/>\n<meta name=\"twitter:label1\" content=\"Dur\u00e9e de lecture estim\u00e9e\" \/>\n\t<meta name=\"twitter:data1\" content=\"1 minute\" \/>\n<script type=\"application\/ld+json\" class=\"yoast-schema-graph\">{\"@context\":\"https:\/\/schema.org\",\"@graph\":[{\"@type\":\"WebPage\",\"@id\":\"https:\/\/pharmadreams.shop\/index.php\/product\/kinder-health-healthy-fer-30-gummies\/\",\"url\":\"https:\/\/pharmadreams.shop\/index.php\/product\/kinder-health-healthy-fer-30-gummies\/\",\"name\":\"KINDER HEALTH HEALTHY FER 30 GUMMIES - pharmadreams\",\"isPartOf\":{\"@id\":\"https:\/\/pharmadreams.shop\/#website\"},\"primaryImageOfPage\":{\"@id\":\"https:\/\/pharmadreams.shop\/index.php\/product\/kinder-health-healthy-fer-30-gummies\/#primaryimage\"},\"image\":{\"@id\":\"https:\/\/pharmadreams.shop\/index.php\/product\/kinder-health-healthy-fer-30-gummies\/#primaryimage\"},\"thumbnailUrl\":\"https:\/\/pharmadreams.shop\/wp-content\/uploads\/2024\/10\/kinder-health-healthy-fer-30-gummies.jpg\",\"datePublished\":\"2024-10-25T11:13:06+00:00\",\"dateModified\":\"2024-10-25T11:13:06+00:00\",\"breadcrumb\":{\"@id\":\"https:\/\/pharmadreams.shop\/index.php\/product\/kinder-health-healthy-fer-30-gummies\/#breadcrumb\"},\"inLanguage\":\"fr-FR\",\"potentialAction\":[{\"@type\":\"ReadAction\",\"target\":[\"https:\/\/pharmadreams.shop\/index.php\/product\/kinder-health-healthy-fer-30-gummies\/\"]}]},{\"@type\":\"ImageObject\",\"inLanguage\":\"fr-FR\",\"@id\":\"https:\/\/pharmadreams.shop\/index.php\/product\/kinder-health-healthy-fer-30-gummies\/#primaryimage\",\"url\":\"https:\/\/pharmadreams.shop\/wp-content\/uploads\/2024\/10\/kinder-health-healthy-fer-30-gummies.jpg\",\"contentUrl\":\"https:\/\/pharmadreams.shop\/wp-content\/uploads\/2024\/10\/kinder-health-healthy-fer-30-gummies.jpg\",\"width\":500,\"height\":500},{\"@type\":\"BreadcrumbList\",\"@id\":\"https:\/\/pharmadreams.shop\/index.php\/product\/kinder-health-healthy-fer-30-gummies\/#breadcrumb\",\"itemListElement\":[{\"@type\":\"ListItem\",\"position\":1,\"name\":\"Accueil\",\"item\":\"https:\/\/pharmadreams.shop\/\"},{\"@type\":\"ListItem\",\"position\":2,\"name\":\"Shop\",\"item\":\"https:\/\/pharmadreams.shop\/index.php\/shop\/\"},{\"@type\":\"ListItem\",\"position\":3,\"name\":\"KINDER HEALTH HEALTHY FER 30 GUMMIES\"}]},{\"@type\":\"WebSite\",\"@id\":\"https:\/\/pharmadreams.shop\/#website\",\"url\":\"https:\/\/pharmadreams.shop\/\",\"name\":\"pharmadreams\",\"description\":\"Parapharmacie en ligne\",\"potentialAction\":[{\"@type\":\"SearchAction\",\"target\":{\"@type\":\"EntryPoint\",\"urlTemplate\":\"https:\/\/pharmadreams.shop\/?s={search_term_string}\"},\"query-input\":\"required name=search_term_string\"}],\"inLanguage\":\"fr-FR\"}]}<\/script>\n<!-- \/ Yoast SEO plugin. -->","yoast_head_json":{"title":"KINDER HEALTH HEALTHY FER 30 GUMMIES - pharmadreams","robots":{"index":"index","follow":"follow","max-snippet":"max-snippet:-1","max-image-preview":"max-image-preview:large","max-video-preview":"max-video-preview:-1"},"canonical":"https:\/\/pharmadreams.shop\/index.php\/product\/kinder-health-healthy-fer-30-gummies\/","og_locale":"fr_FR","og_type":"article","og_title":"KINDER HEALTH HEALTHY FER 30 GUMMIES - pharmadreams","og_description":"La carence en fer est le probl\u00e8me nutritionnel le plus r\u00e9pandu chez les enfants.  Cette carence appara\u00eet graduellement et peut conduire \u00e0 l\u2019an\u00e9mie ferriprive.  Kinder Healthy Fer est le moyen qui lutte contre cette carence:\u00a0les gommes qui constituent la source de nutriment et qui apporte bien \u00e9videmment le fer \u00e0 l\u2019organisme en favorisant son absorption \u00e0 travers les vitamines essentielles.  Ce produit peut \u00e9galement convenir \u00e0 l'adulte de plus de 15 ans  Pot avec s\u00e9curit\u00e9 enfant  Texture : 30 GUMMIES  Propri\u00e9t\u00e9s :\u00a0Gout tutti frutti  Conseil d'utilisation :\u00a0de 3 \u00e0 6 ans : m\u00e2cher 1 \u00e0 3 gommes par jour de 7 \u00e0 12 ans : m\u00e2cher 4 \u00e0 6 gommes par jour.","og_url":"https:\/\/pharmadreams.shop\/index.php\/product\/kinder-health-healthy-fer-30-gummies\/","og_site_name":"pharmadreams","og_image":[{"width":500,"height":500,"url":"https:\/\/pharmadreams.shop\/wp-content\/uploads\/2024\/10\/kinder-health-healthy-fer-30-gummies.jpg","type":"image\/jpeg"}],"twitter_card":"summary_large_image","twitter_misc":{"Dur\u00e9e de lecture estim\u00e9e":"1 minute"},"schema":{"@context":"https:\/\/schema.org","@graph":[{"@type":"WebPage","@id":"https:\/\/pharmadreams.shop\/index.php\/product\/kinder-health-healthy-fer-30-gummies\/","url":"https:\/\/pharmadreams.shop\/index.php\/product\/kinder-health-healthy-fer-30-gummies\/","name":"KINDER HEALTH HEALTHY FER 30 GUMMIES - pharmadreams","isPartOf":{"@id":"https:\/\/pharmadreams.shop\/#website"},"primaryImageOfPage":{"@id":"https:\/\/pharmadreams.shop\/index.php\/product\/kinder-health-healthy-fer-30-gummies\/#primaryimage"},"image":{"@id":"https:\/\/pharmadreams.shop\/index.php\/product\/kinder-health-healthy-fer-30-gummies\/#primaryimage"},"thumbnailUrl":"https:\/\/pharmadreams.shop\/wp-content\/uploads\/2024\/10\/kinder-health-healthy-fer-30-gummies.jpg","datePublished":"2024-10-25T11:13:06+00:00","dateModified":"2024-10-25T11:13:06+00:00","breadcrumb":{"@id":"https:\/\/pharmadreams.shop\/index.php\/product\/kinder-health-healthy-fer-30-gummies\/#breadcrumb"},"inLanguage":"fr-FR","potentialAction":[{"@type":"ReadAction","target":["https:\/\/pharmadreams.shop\/index.php\/product\/kinder-health-healthy-fer-30-gummies\/"]}]},{"@type":"ImageObject","inLanguage":"fr-FR","@id":"https:\/\/pharmadreams.shop\/index.php\/product\/kinder-health-healthy-fer-30-gummies\/#primaryimage","url":"https:\/\/pharmadreams.shop\/wp-content\/uploads\/2024\/10\/kinder-health-healthy-fer-30-gummies.jpg","contentUrl":"https:\/\/pharmadreams.shop\/wp-content\/uploads\/2024\/10\/kinder-health-healthy-fer-30-gummies.jpg","width":500,"height":500},{"@type":"BreadcrumbList","@id":"https:\/\/pharmadreams.shop\/index.php\/product\/kinder-health-healthy-fer-30-gummies\/#breadcrumb","itemListElement":[{"@type":"ListItem","position":1,"name":"Accueil","item":"https:\/\/pharmadreams.shop\/"},{"@type":"ListItem","position":2,"name":"Shop","item":"https:\/\/pharmadreams.shop\/index.php\/shop\/"},{"@type":"ListItem","position":3,"name":"KINDER HEALTH HEALTHY FER 30 GUMMIES"}]},{"@type":"WebSite","@id":"https:\/\/pharmadreams.shop\/#website","url":"https:\/\/pharmadreams.shop\/","name":"pharmadreams","description":"Parapharmacie en ligne","potentialAction":[{"@type":"SearchAction","target":{"@type":"EntryPoint","urlTemplate":"https:\/\/pharmadreams.shop\/?s={search_term_string}"},"query-input":"required name=search_term_string"}],"inLanguage":"fr-FR"}]}},"_links":{"self":[{"href":"https:\/\/pharmadreams.shop\/index.php\/wp-json\/wp\/v2\/product\/18945","targetHints":{"allow":["GET"]}}],"collection":[{"href":"https:\/\/pharmadreams.shop\/index.php\/wp-json\/wp\/v2\/product"}],"about":[{"href":"https:\/\/pharmadreams.shop\/index.php\/wp-json\/wp\/v2\/types\/product"}],"replies":[{"embeddable":true,"href":"https:\/\/pharmadreams.shop\/index.php\/wp-json\/wp\/v2\/comments?post=18945"}],"version-history":[{"count":0,"href":"https:\/\/pharmadreams.shop\/index.php\/wp-json\/wp\/v2\/product\/18945\/revisions"}],"wp:featuredmedia":[{"embeddable":true,"href":"https:\/\/pharmadreams.shop\/index.php\/wp-json\/wp\/v2\/media\/18946"}],"wp:attachment":[{"href":"https:\/\/pharmadreams.shop\/index.php\/wp-json\/wp\/v2\/media?parent=18945"}],"wp:term":[{"taxonomy":"product_brand","embeddable":true,"href":"https:\/\/pharmadreams.shop\/index.php\/wp-json\/wp\/v2\/product_brand?post=18945"},{"taxonomy":"product_cat","embeddable":true,"href":"https:\/\/pharmadreams.shop\/index.php\/wp-json\/wp\/v2\/product_cat?post=18945"},{"taxonomy":"product_tag","embeddable":true,"href":"https:\/\/pharmadreams.shop\/index.php\/wp-json\/wp\/v2\/product_tag?post=18945"}],"curies":[{"name":"wp","href":"https:\/\/api.w.org\/{rel}","templated":true}]}}