{"id":18948,"date":"2024-10-25T12:15:35","date_gmt":"2024-10-25T11:15:35","guid":{"rendered":"https:\/\/pharmadreams.shop\/?post_type=product&#038;p=18948"},"modified":"2024-10-25T12:15:35","modified_gmt":"2024-10-25T11:15:35","slug":"kinder-health-healthy-vitamine-c-30-gummies","status":"publish","type":"product","link":"https:\/\/pharmadreams.shop\/index.php\/product\/kinder-health-healthy-vitamine-c-30-gummies\/","title":{"rendered":"KINDER HEALTH HEALTHY VITAMINE C 30 GUMMIES"},"content":{"rendered":"","protected":false},"excerpt":{"rendered":"<p>Riche en vitamine C et en zinc qui a un r\u00f4le primordial pour la sant\u00e9 et particuli\u00e8rement le syst\u00e8me immunitaire,\u00a0les\u00a0g\u00e9lules contribuent \u00e0 la r\u00e9duction de\u00a0la fatigue.<\/p>\n<p>Certainement sans gluten, sans lactose, sans conservateurs et sans aucun colorant artificiel, Healthy Vitamine C garantit le m\u00e9tabolisme \u00e9nerg\u00e9tique normal.<\/p>\n<p>La vitamine C contribue \u00e0 r\u00e9duire la fatigue et \u00e0 un m\u00e9tabolisme \u00e9nerg\u00e9tique normal<\/p>\n<ul>\n<li>R\u00e9duit la fatigue.<\/li>\n<li>Soutien un m\u00e9tabolisme \u00e9nerg\u00e9tique.<\/li>\n<li>D\u00e9fenses naturelles de l&rsquo;organisme.<\/li>\n<\/ul>\n<p>Pot avec s\u00e9curit\u00e9 enfant.<\/p>\n<p><strong>Texture :<\/strong><\/p>\n<p>30 GUMMIES<\/p>\n<p><strong>Propri\u00e9t\u00e9s :\u00a0<\/strong><\/p>\n<p>Go\u00fbt Cerise<\/p>\n<p><strong>Conseil d&rsquo;utilisation :\u00a0<\/strong><\/p>\n<p>2 Gummies par jour de pr\u00e9f\u00e9rence le matin .<\/p>\n","protected":false},"featured_media":18949,"comment_status":"open","ping_status":"closed","template":"","meta":[],"product_brand":[],"product_cat":[32,123],"product_tag":[],"class_list":{"0":"post-18948","1":"product","2":"type-product","3":"status-publish","4":"has-post-thumbnail","6":"product_cat-complements-alimentaires","7":"product_cat-vitamines","9":"first","10":"instock","11":"shipping-taxable","12":"purchasable","13":"product-type-simple"},"yoast_head":"<!-- This site is optimized with the Yoast SEO plugin v23.0 - https:\/\/yoast.com\/wordpress\/plugins\/seo\/ -->\n<title>KINDER HEALTH HEALTHY VITAMINE C 30 GUMMIES - pharmadreams<\/title>\n<meta name=\"robots\" content=\"index, follow, max-snippet:-1, max-image-preview:large, max-video-preview:-1\" \/>\n<link rel=\"canonical\" href=\"https:\/\/pharmadreams.shop\/index.php\/product\/kinder-health-healthy-vitamine-c-30-gummies\/\" \/>\n<meta property=\"og:locale\" content=\"fr_FR\" \/>\n<meta property=\"og:type\" content=\"article\" \/>\n<meta property=\"og:title\" content=\"KINDER HEALTH HEALTHY VITAMINE C 30 GUMMIES - pharmadreams\" \/>\n<meta property=\"og:description\" content=\"Riche en vitamine C et en zinc qui a un r\u00f4le primordial pour la sant\u00e9 et particuli\u00e8rement le syst\u00e8me immunitaire,\u00a0les\u00a0g\u00e9lules contribuent \u00e0 la r\u00e9duction de\u00a0la fatigue.  Certainement sans gluten, sans lactose, sans conservateurs et sans aucun colorant artificiel, Healthy Vitamine C garantit le m\u00e9tabolisme \u00e9nerg\u00e9tique normal.  La vitamine C contribue \u00e0 r\u00e9duire la fatigue et \u00e0 un m\u00e9tabolisme \u00e9nerg\u00e9tique normal   R\u00e9duit la fatigue.  Soutien un m\u00e9tabolisme \u00e9nerg\u00e9tique.  D\u00e9fenses naturelles de l&#039;organisme.  Pot avec s\u00e9curit\u00e9 enfant.  Texture :  30 GUMMIES  Propri\u00e9t\u00e9s :\u00a0  Go\u00fbt Cerise  Conseil d&#039;utilisation :\u00a0  2 Gummies par jour de pr\u00e9f\u00e9rence le matin .\" \/>\n<meta property=\"og:url\" content=\"https:\/\/pharmadreams.shop\/index.php\/product\/kinder-health-healthy-vitamine-c-30-gummies\/\" \/>\n<meta property=\"og:site_name\" content=\"pharmadreams\" \/>\n<meta property=\"og:image\" content=\"https:\/\/pharmadreams.shop\/wp-content\/uploads\/2024\/10\/kinder-health-healthy-vitamine-c-30-gummies.jpg\" \/>\n\t<meta property=\"og:image:width\" content=\"500\" \/>\n\t<meta property=\"og:image:height\" content=\"500\" \/>\n\t<meta property=\"og:image:type\" content=\"image\/jpeg\" \/>\n<meta name=\"twitter:card\" content=\"summary_large_image\" \/>\n<meta name=\"twitter:label1\" content=\"Dur\u00e9e de lecture estim\u00e9e\" \/>\n\t<meta name=\"twitter:data1\" content=\"1 minute\" \/>\n<script type=\"application\/ld+json\" class=\"yoast-schema-graph\">{\"@context\":\"https:\/\/schema.org\",\"@graph\":[{\"@type\":\"WebPage\",\"@id\":\"https:\/\/pharmadreams.shop\/index.php\/product\/kinder-health-healthy-vitamine-c-30-gummies\/\",\"url\":\"https:\/\/pharmadreams.shop\/index.php\/product\/kinder-health-healthy-vitamine-c-30-gummies\/\",\"name\":\"KINDER HEALTH HEALTHY VITAMINE C 30 GUMMIES - pharmadreams\",\"isPartOf\":{\"@id\":\"https:\/\/pharmadreams.shop\/#website\"},\"primaryImageOfPage\":{\"@id\":\"https:\/\/pharmadreams.shop\/index.php\/product\/kinder-health-healthy-vitamine-c-30-gummies\/#primaryimage\"},\"image\":{\"@id\":\"https:\/\/pharmadreams.shop\/index.php\/product\/kinder-health-healthy-vitamine-c-30-gummies\/#primaryimage\"},\"thumbnailUrl\":\"https:\/\/pharmadreams.shop\/wp-content\/uploads\/2024\/10\/kinder-health-healthy-vitamine-c-30-gummies.jpg\",\"datePublished\":\"2024-10-25T11:15:35+00:00\",\"dateModified\":\"2024-10-25T11:15:35+00:00\",\"breadcrumb\":{\"@id\":\"https:\/\/pharmadreams.shop\/index.php\/product\/kinder-health-healthy-vitamine-c-30-gummies\/#breadcrumb\"},\"inLanguage\":\"fr-FR\",\"potentialAction\":[{\"@type\":\"ReadAction\",\"target\":[\"https:\/\/pharmadreams.shop\/index.php\/product\/kinder-health-healthy-vitamine-c-30-gummies\/\"]}]},{\"@type\":\"ImageObject\",\"inLanguage\":\"fr-FR\",\"@id\":\"https:\/\/pharmadreams.shop\/index.php\/product\/kinder-health-healthy-vitamine-c-30-gummies\/#primaryimage\",\"url\":\"https:\/\/pharmadreams.shop\/wp-content\/uploads\/2024\/10\/kinder-health-healthy-vitamine-c-30-gummies.jpg\",\"contentUrl\":\"https:\/\/pharmadreams.shop\/wp-content\/uploads\/2024\/10\/kinder-health-healthy-vitamine-c-30-gummies.jpg\",\"width\":500,\"height\":500},{\"@type\":\"BreadcrumbList\",\"@id\":\"https:\/\/pharmadreams.shop\/index.php\/product\/kinder-health-healthy-vitamine-c-30-gummies\/#breadcrumb\",\"itemListElement\":[{\"@type\":\"ListItem\",\"position\":1,\"name\":\"Accueil\",\"item\":\"https:\/\/pharmadreams.shop\/\"},{\"@type\":\"ListItem\",\"position\":2,\"name\":\"Shop\",\"item\":\"https:\/\/pharmadreams.shop\/index.php\/shop\/\"},{\"@type\":\"ListItem\",\"position\":3,\"name\":\"KINDER HEALTH HEALTHY VITAMINE C 30 GUMMIES\"}]},{\"@type\":\"WebSite\",\"@id\":\"https:\/\/pharmadreams.shop\/#website\",\"url\":\"https:\/\/pharmadreams.shop\/\",\"name\":\"pharmadreams\",\"description\":\"Parapharmacie en ligne\",\"potentialAction\":[{\"@type\":\"SearchAction\",\"target\":{\"@type\":\"EntryPoint\",\"urlTemplate\":\"https:\/\/pharmadreams.shop\/?s={search_term_string}\"},\"query-input\":\"required name=search_term_string\"}],\"inLanguage\":\"fr-FR\"}]}<\/script>\n<!-- \/ Yoast SEO plugin. -->","yoast_head_json":{"title":"KINDER HEALTH HEALTHY VITAMINE C 30 GUMMIES - pharmadreams","robots":{"index":"index","follow":"follow","max-snippet":"max-snippet:-1","max-image-preview":"max-image-preview:large","max-video-preview":"max-video-preview:-1"},"canonical":"https:\/\/pharmadreams.shop\/index.php\/product\/kinder-health-healthy-vitamine-c-30-gummies\/","og_locale":"fr_FR","og_type":"article","og_title":"KINDER HEALTH HEALTHY VITAMINE C 30 GUMMIES - pharmadreams","og_description":"Riche en vitamine C et en zinc qui a un r\u00f4le primordial pour la sant\u00e9 et particuli\u00e8rement le syst\u00e8me immunitaire,\u00a0les\u00a0g\u00e9lules contribuent \u00e0 la r\u00e9duction de\u00a0la fatigue.  Certainement sans gluten, sans lactose, sans conservateurs et sans aucun colorant artificiel, Healthy Vitamine C garantit le m\u00e9tabolisme \u00e9nerg\u00e9tique normal.  La vitamine C contribue \u00e0 r\u00e9duire la fatigue et \u00e0 un m\u00e9tabolisme \u00e9nerg\u00e9tique normal   R\u00e9duit la fatigue.  Soutien un m\u00e9tabolisme \u00e9nerg\u00e9tique.  D\u00e9fenses naturelles de l'organisme.  Pot avec s\u00e9curit\u00e9 enfant.  Texture :  30 GUMMIES  Propri\u00e9t\u00e9s :\u00a0  Go\u00fbt Cerise  Conseil d'utilisation :\u00a0  2 Gummies par jour de pr\u00e9f\u00e9rence le matin .","og_url":"https:\/\/pharmadreams.shop\/index.php\/product\/kinder-health-healthy-vitamine-c-30-gummies\/","og_site_name":"pharmadreams","og_image":[{"width":500,"height":500,"url":"https:\/\/pharmadreams.shop\/wp-content\/uploads\/2024\/10\/kinder-health-healthy-vitamine-c-30-gummies.jpg","type":"image\/jpeg"}],"twitter_card":"summary_large_image","twitter_misc":{"Dur\u00e9e de lecture estim\u00e9e":"1 minute"},"schema":{"@context":"https:\/\/schema.org","@graph":[{"@type":"WebPage","@id":"https:\/\/pharmadreams.shop\/index.php\/product\/kinder-health-healthy-vitamine-c-30-gummies\/","url":"https:\/\/pharmadreams.shop\/index.php\/product\/kinder-health-healthy-vitamine-c-30-gummies\/","name":"KINDER HEALTH HEALTHY VITAMINE C 30 GUMMIES - pharmadreams","isPartOf":{"@id":"https:\/\/pharmadreams.shop\/#website"},"primaryImageOfPage":{"@id":"https:\/\/pharmadreams.shop\/index.php\/product\/kinder-health-healthy-vitamine-c-30-gummies\/#primaryimage"},"image":{"@id":"https:\/\/pharmadreams.shop\/index.php\/product\/kinder-health-healthy-vitamine-c-30-gummies\/#primaryimage"},"thumbnailUrl":"https:\/\/pharmadreams.shop\/wp-content\/uploads\/2024\/10\/kinder-health-healthy-vitamine-c-30-gummies.jpg","datePublished":"2024-10-25T11:15:35+00:00","dateModified":"2024-10-25T11:15:35+00:00","breadcrumb":{"@id":"https:\/\/pharmadreams.shop\/index.php\/product\/kinder-health-healthy-vitamine-c-30-gummies\/#breadcrumb"},"inLanguage":"fr-FR","potentialAction":[{"@type":"ReadAction","target":["https:\/\/pharmadreams.shop\/index.php\/product\/kinder-health-healthy-vitamine-c-30-gummies\/"]}]},{"@type":"ImageObject","inLanguage":"fr-FR","@id":"https:\/\/pharmadreams.shop\/index.php\/product\/kinder-health-healthy-vitamine-c-30-gummies\/#primaryimage","url":"https:\/\/pharmadreams.shop\/wp-content\/uploads\/2024\/10\/kinder-health-healthy-vitamine-c-30-gummies.jpg","contentUrl":"https:\/\/pharmadreams.shop\/wp-content\/uploads\/2024\/10\/kinder-health-healthy-vitamine-c-30-gummies.jpg","width":500,"height":500},{"@type":"BreadcrumbList","@id":"https:\/\/pharmadreams.shop\/index.php\/product\/kinder-health-healthy-vitamine-c-30-gummies\/#breadcrumb","itemListElement":[{"@type":"ListItem","position":1,"name":"Accueil","item":"https:\/\/pharmadreams.shop\/"},{"@type":"ListItem","position":2,"name":"Shop","item":"https:\/\/pharmadreams.shop\/index.php\/shop\/"},{"@type":"ListItem","position":3,"name":"KINDER HEALTH HEALTHY VITAMINE C 30 GUMMIES"}]},{"@type":"WebSite","@id":"https:\/\/pharmadreams.shop\/#website","url":"https:\/\/pharmadreams.shop\/","name":"pharmadreams","description":"Parapharmacie en ligne","potentialAction":[{"@type":"SearchAction","target":{"@type":"EntryPoint","urlTemplate":"https:\/\/pharmadreams.shop\/?s={search_term_string}"},"query-input":"required name=search_term_string"}],"inLanguage":"fr-FR"}]}},"_links":{"self":[{"href":"https:\/\/pharmadreams.shop\/index.php\/wp-json\/wp\/v2\/product\/18948","targetHints":{"allow":["GET"]}}],"collection":[{"href":"https:\/\/pharmadreams.shop\/index.php\/wp-json\/wp\/v2\/product"}],"about":[{"href":"https:\/\/pharmadreams.shop\/index.php\/wp-json\/wp\/v2\/types\/product"}],"replies":[{"embeddable":true,"href":"https:\/\/pharmadreams.shop\/index.php\/wp-json\/wp\/v2\/comments?post=18948"}],"version-history":[{"count":0,"href":"https:\/\/pharmadreams.shop\/index.php\/wp-json\/wp\/v2\/product\/18948\/revisions"}],"wp:featuredmedia":[{"embeddable":true,"href":"https:\/\/pharmadreams.shop\/index.php\/wp-json\/wp\/v2\/media\/18949"}],"wp:attachment":[{"href":"https:\/\/pharmadreams.shop\/index.php\/wp-json\/wp\/v2\/media?parent=18948"}],"wp:term":[{"taxonomy":"product_brand","embeddable":true,"href":"https:\/\/pharmadreams.shop\/index.php\/wp-json\/wp\/v2\/product_brand?post=18948"},{"taxonomy":"product_cat","embeddable":true,"href":"https:\/\/pharmadreams.shop\/index.php\/wp-json\/wp\/v2\/product_cat?post=18948"},{"taxonomy":"product_tag","embeddable":true,"href":"https:\/\/pharmadreams.shop\/index.php\/wp-json\/wp\/v2\/product_tag?post=18948"}],"curies":[{"name":"wp","href":"https:\/\/api.w.org\/{rel}","templated":true}]}}