{"id":18954,"date":"2024-10-25T12:35:53","date_gmt":"2024-10-25T11:35:53","guid":{"rendered":"https:\/\/pharmadreams.shop\/?post_type=product&#038;p=18954"},"modified":"2024-10-25T12:35:53","modified_gmt":"2024-10-25T11:35:53","slug":"k-reine-ecran-protecteur-pour-cheveux-200-ml","status":"publish","type":"product","link":"https:\/\/pharmadreams.shop\/index.php\/product\/k-reine-ecran-protecteur-pour-cheveux-200-ml\/","title":{"rendered":"K-REINE ECRAN PROTECTEUR POUR CHEVEUX 200 ML"},"content":{"rendered":"","protected":false},"excerpt":{"rendered":"<p>UV solaire, sel de mer et chlore de piscine ab\u00eement la fibre capillaire. Les cheveux se dess\u00e8chent et deviennent faibles et cassants et la couleur perd son \u00e9clat. Cet \u00e9cran solaire permet de prot\u00e9ger les cheveux contre les d\u00e9g\u00e2ts de ce trio infernal.<\/p>\n<p>Il gaine et hydrate la fibre capillaire et lui conserve contre le dess\u00e8chement. Il maintient les r\u00e9sultats de lissage \u00e0 la k\u00e9ratine ou prot\u00e9ine. Il pr\u00e9serve l\u2019intensit\u00e9 et l\u2019\u00e9clat de la couleur.<\/p>\n","protected":false},"featured_media":18955,"comment_status":"open","ping_status":"closed","template":"","meta":[],"product_brand":[],"product_cat":[53,233],"product_tag":[],"class_list":{"0":"post-18954","1":"product","2":"type-product","3":"status-publish","4":"has-post-thumbnail","6":"product_cat-cheveux","7":"product_cat-protection-solaire","9":"first","10":"instock","11":"shipping-taxable","12":"purchasable","13":"product-type-simple"},"yoast_head":"<!-- This site is optimized with the Yoast SEO plugin v23.0 - https:\/\/yoast.com\/wordpress\/plugins\/seo\/ -->\n<title>K-REINE ECRAN PROTECTEUR POUR CHEVEUX 200 ML - pharmadreams<\/title>\n<meta name=\"robots\" content=\"index, follow, max-snippet:-1, max-image-preview:large, max-video-preview:-1\" \/>\n<link rel=\"canonical\" href=\"https:\/\/pharmadreams.shop\/index.php\/product\/k-reine-ecran-protecteur-pour-cheveux-200-ml\/\" \/>\n<meta property=\"og:locale\" content=\"fr_FR\" \/>\n<meta property=\"og:type\" content=\"article\" \/>\n<meta property=\"og:title\" content=\"K-REINE ECRAN PROTECTEUR POUR CHEVEUX 200 ML - pharmadreams\" \/>\n<meta property=\"og:description\" content=\"UV solaire, sel de mer et chlore de piscine ab\u00eement la fibre capillaire. Les cheveux se dess\u00e8chent et deviennent faibles et cassants et la couleur perd son \u00e9clat. Cet \u00e9cran solaire permet de prot\u00e9ger les cheveux contre les d\u00e9g\u00e2ts de ce trio infernal.  Il gaine et hydrate la fibre capillaire et lui conserve contre le dess\u00e8chement. Il maintient les r\u00e9sultats de lissage \u00e0 la k\u00e9ratine ou prot\u00e9ine. Il pr\u00e9serve l\u2019intensit\u00e9 et l\u2019\u00e9clat de la couleur.\" \/>\n<meta property=\"og:url\" content=\"https:\/\/pharmadreams.shop\/index.php\/product\/k-reine-ecran-protecteur-pour-cheveux-200-ml\/\" \/>\n<meta property=\"og:site_name\" content=\"pharmadreams\" \/>\n<meta property=\"og:image\" content=\"https:\/\/pharmadreams.shop\/wp-content\/uploads\/2024\/10\/k-reine-ecran-protecteur-pour-cheveux-200-ml.jpg\" \/>\n\t<meta property=\"og:image:width\" content=\"500\" \/>\n\t<meta property=\"og:image:height\" content=\"500\" \/>\n\t<meta property=\"og:image:type\" content=\"image\/jpeg\" \/>\n<meta name=\"twitter:card\" content=\"summary_large_image\" \/>\n<meta name=\"twitter:label1\" content=\"Dur\u00e9e de lecture estim\u00e9e\" \/>\n\t<meta name=\"twitter:data1\" content=\"1 minute\" \/>\n<script type=\"application\/ld+json\" class=\"yoast-schema-graph\">{\"@context\":\"https:\/\/schema.org\",\"@graph\":[{\"@type\":\"WebPage\",\"@id\":\"https:\/\/pharmadreams.shop\/index.php\/product\/k-reine-ecran-protecteur-pour-cheveux-200-ml\/\",\"url\":\"https:\/\/pharmadreams.shop\/index.php\/product\/k-reine-ecran-protecteur-pour-cheveux-200-ml\/\",\"name\":\"K-REINE ECRAN PROTECTEUR POUR CHEVEUX 200 ML - pharmadreams\",\"isPartOf\":{\"@id\":\"https:\/\/pharmadreams.shop\/#website\"},\"primaryImageOfPage\":{\"@id\":\"https:\/\/pharmadreams.shop\/index.php\/product\/k-reine-ecran-protecteur-pour-cheveux-200-ml\/#primaryimage\"},\"image\":{\"@id\":\"https:\/\/pharmadreams.shop\/index.php\/product\/k-reine-ecran-protecteur-pour-cheveux-200-ml\/#primaryimage\"},\"thumbnailUrl\":\"https:\/\/pharmadreams.shop\/wp-content\/uploads\/2024\/10\/k-reine-ecran-protecteur-pour-cheveux-200-ml.jpg\",\"datePublished\":\"2024-10-25T11:35:53+00:00\",\"dateModified\":\"2024-10-25T11:35:53+00:00\",\"breadcrumb\":{\"@id\":\"https:\/\/pharmadreams.shop\/index.php\/product\/k-reine-ecran-protecteur-pour-cheveux-200-ml\/#breadcrumb\"},\"inLanguage\":\"fr-FR\",\"potentialAction\":[{\"@type\":\"ReadAction\",\"target\":[\"https:\/\/pharmadreams.shop\/index.php\/product\/k-reine-ecran-protecteur-pour-cheveux-200-ml\/\"]}]},{\"@type\":\"ImageObject\",\"inLanguage\":\"fr-FR\",\"@id\":\"https:\/\/pharmadreams.shop\/index.php\/product\/k-reine-ecran-protecteur-pour-cheveux-200-ml\/#primaryimage\",\"url\":\"https:\/\/pharmadreams.shop\/wp-content\/uploads\/2024\/10\/k-reine-ecran-protecteur-pour-cheveux-200-ml.jpg\",\"contentUrl\":\"https:\/\/pharmadreams.shop\/wp-content\/uploads\/2024\/10\/k-reine-ecran-protecteur-pour-cheveux-200-ml.jpg\",\"width\":500,\"height\":500},{\"@type\":\"BreadcrumbList\",\"@id\":\"https:\/\/pharmadreams.shop\/index.php\/product\/k-reine-ecran-protecteur-pour-cheveux-200-ml\/#breadcrumb\",\"itemListElement\":[{\"@type\":\"ListItem\",\"position\":1,\"name\":\"Accueil\",\"item\":\"https:\/\/pharmadreams.shop\/\"},{\"@type\":\"ListItem\",\"position\":2,\"name\":\"Shop\",\"item\":\"https:\/\/pharmadreams.shop\/index.php\/shop\/\"},{\"@type\":\"ListItem\",\"position\":3,\"name\":\"K-REINE ECRAN PROTECTEUR POUR CHEVEUX 200 ML\"}]},{\"@type\":\"WebSite\",\"@id\":\"https:\/\/pharmadreams.shop\/#website\",\"url\":\"https:\/\/pharmadreams.shop\/\",\"name\":\"pharmadreams\",\"description\":\"Parapharmacie en ligne\",\"potentialAction\":[{\"@type\":\"SearchAction\",\"target\":{\"@type\":\"EntryPoint\",\"urlTemplate\":\"https:\/\/pharmadreams.shop\/?s={search_term_string}\"},\"query-input\":\"required name=search_term_string\"}],\"inLanguage\":\"fr-FR\"}]}<\/script>\n<!-- \/ Yoast SEO plugin. -->","yoast_head_json":{"title":"K-REINE ECRAN PROTECTEUR POUR CHEVEUX 200 ML - pharmadreams","robots":{"index":"index","follow":"follow","max-snippet":"max-snippet:-1","max-image-preview":"max-image-preview:large","max-video-preview":"max-video-preview:-1"},"canonical":"https:\/\/pharmadreams.shop\/index.php\/product\/k-reine-ecran-protecteur-pour-cheveux-200-ml\/","og_locale":"fr_FR","og_type":"article","og_title":"K-REINE ECRAN PROTECTEUR POUR CHEVEUX 200 ML - pharmadreams","og_description":"UV solaire, sel de mer et chlore de piscine ab\u00eement la fibre capillaire. Les cheveux se dess\u00e8chent et deviennent faibles et cassants et la couleur perd son \u00e9clat. Cet \u00e9cran solaire permet de prot\u00e9ger les cheveux contre les d\u00e9g\u00e2ts de ce trio infernal.  Il gaine et hydrate la fibre capillaire et lui conserve contre le dess\u00e8chement. Il maintient les r\u00e9sultats de lissage \u00e0 la k\u00e9ratine ou prot\u00e9ine. Il pr\u00e9serve l\u2019intensit\u00e9 et l\u2019\u00e9clat de la couleur.","og_url":"https:\/\/pharmadreams.shop\/index.php\/product\/k-reine-ecran-protecteur-pour-cheveux-200-ml\/","og_site_name":"pharmadreams","og_image":[{"width":500,"height":500,"url":"https:\/\/pharmadreams.shop\/wp-content\/uploads\/2024\/10\/k-reine-ecran-protecteur-pour-cheveux-200-ml.jpg","type":"image\/jpeg"}],"twitter_card":"summary_large_image","twitter_misc":{"Dur\u00e9e de lecture estim\u00e9e":"1 minute"},"schema":{"@context":"https:\/\/schema.org","@graph":[{"@type":"WebPage","@id":"https:\/\/pharmadreams.shop\/index.php\/product\/k-reine-ecran-protecteur-pour-cheveux-200-ml\/","url":"https:\/\/pharmadreams.shop\/index.php\/product\/k-reine-ecran-protecteur-pour-cheveux-200-ml\/","name":"K-REINE ECRAN PROTECTEUR POUR CHEVEUX 200 ML - pharmadreams","isPartOf":{"@id":"https:\/\/pharmadreams.shop\/#website"},"primaryImageOfPage":{"@id":"https:\/\/pharmadreams.shop\/index.php\/product\/k-reine-ecran-protecteur-pour-cheveux-200-ml\/#primaryimage"},"image":{"@id":"https:\/\/pharmadreams.shop\/index.php\/product\/k-reine-ecran-protecteur-pour-cheveux-200-ml\/#primaryimage"},"thumbnailUrl":"https:\/\/pharmadreams.shop\/wp-content\/uploads\/2024\/10\/k-reine-ecran-protecteur-pour-cheveux-200-ml.jpg","datePublished":"2024-10-25T11:35:53+00:00","dateModified":"2024-10-25T11:35:53+00:00","breadcrumb":{"@id":"https:\/\/pharmadreams.shop\/index.php\/product\/k-reine-ecran-protecteur-pour-cheveux-200-ml\/#breadcrumb"},"inLanguage":"fr-FR","potentialAction":[{"@type":"ReadAction","target":["https:\/\/pharmadreams.shop\/index.php\/product\/k-reine-ecran-protecteur-pour-cheveux-200-ml\/"]}]},{"@type":"ImageObject","inLanguage":"fr-FR","@id":"https:\/\/pharmadreams.shop\/index.php\/product\/k-reine-ecran-protecteur-pour-cheveux-200-ml\/#primaryimage","url":"https:\/\/pharmadreams.shop\/wp-content\/uploads\/2024\/10\/k-reine-ecran-protecteur-pour-cheveux-200-ml.jpg","contentUrl":"https:\/\/pharmadreams.shop\/wp-content\/uploads\/2024\/10\/k-reine-ecran-protecteur-pour-cheveux-200-ml.jpg","width":500,"height":500},{"@type":"BreadcrumbList","@id":"https:\/\/pharmadreams.shop\/index.php\/product\/k-reine-ecran-protecteur-pour-cheveux-200-ml\/#breadcrumb","itemListElement":[{"@type":"ListItem","position":1,"name":"Accueil","item":"https:\/\/pharmadreams.shop\/"},{"@type":"ListItem","position":2,"name":"Shop","item":"https:\/\/pharmadreams.shop\/index.php\/shop\/"},{"@type":"ListItem","position":3,"name":"K-REINE ECRAN PROTECTEUR POUR CHEVEUX 200 ML"}]},{"@type":"WebSite","@id":"https:\/\/pharmadreams.shop\/#website","url":"https:\/\/pharmadreams.shop\/","name":"pharmadreams","description":"Parapharmacie en ligne","potentialAction":[{"@type":"SearchAction","target":{"@type":"EntryPoint","urlTemplate":"https:\/\/pharmadreams.shop\/?s={search_term_string}"},"query-input":"required name=search_term_string"}],"inLanguage":"fr-FR"}]}},"_links":{"self":[{"href":"https:\/\/pharmadreams.shop\/index.php\/wp-json\/wp\/v2\/product\/18954","targetHints":{"allow":["GET"]}}],"collection":[{"href":"https:\/\/pharmadreams.shop\/index.php\/wp-json\/wp\/v2\/product"}],"about":[{"href":"https:\/\/pharmadreams.shop\/index.php\/wp-json\/wp\/v2\/types\/product"}],"replies":[{"embeddable":true,"href":"https:\/\/pharmadreams.shop\/index.php\/wp-json\/wp\/v2\/comments?post=18954"}],"version-history":[{"count":0,"href":"https:\/\/pharmadreams.shop\/index.php\/wp-json\/wp\/v2\/product\/18954\/revisions"}],"wp:featuredmedia":[{"embeddable":true,"href":"https:\/\/pharmadreams.shop\/index.php\/wp-json\/wp\/v2\/media\/18955"}],"wp:attachment":[{"href":"https:\/\/pharmadreams.shop\/index.php\/wp-json\/wp\/v2\/media?parent=18954"}],"wp:term":[{"taxonomy":"product_brand","embeddable":true,"href":"https:\/\/pharmadreams.shop\/index.php\/wp-json\/wp\/v2\/product_brand?post=18954"},{"taxonomy":"product_cat","embeddable":true,"href":"https:\/\/pharmadreams.shop\/index.php\/wp-json\/wp\/v2\/product_cat?post=18954"},{"taxonomy":"product_tag","embeddable":true,"href":"https:\/\/pharmadreams.shop\/index.php\/wp-json\/wp\/v2\/product_tag?post=18954"}],"curies":[{"name":"wp","href":"https:\/\/api.w.org\/{rel}","templated":true}]}}