{"id":18957,"date":"2024-10-25T12:51:56","date_gmt":"2024-10-25T11:51:56","guid":{"rendered":"https:\/\/pharmadreams.shop\/?post_type=product&#038;p=18957"},"modified":"2024-10-25T12:51:56","modified_gmt":"2024-10-25T11:51:56","slug":"pharmaceris-w-puri-albucin-mousse-nettoyante-eclaircissante-150ml","status":"publish","type":"product","link":"https:\/\/pharmadreams.shop\/index.php\/product\/pharmaceris-w-puri-albucin-mousse-nettoyante-eclaircissante-150ml\/","title":{"rendered":"PHARMACERIS W PURI ALBUCIN MOUSSE NETTOYANTE ECLAIRCISSANTE 150ML"},"content":{"rendered":"","protected":false},"excerpt":{"rendered":"<p>PHARMACERIS W PURI-ALBUCIN MOUSSE NETTOYANTE ECLAIRCISSANTE \u00a0douce pour le nettoyage quotidien\u00a0du visage et des yeux \u00a0elle remplace le savon traditionnel. Pharmaceuris puri albucin est une mousse\u00a0nettoie d\u2019une mani\u00e8re d\u00e9licatement et efficacement \u00a0la peau tout en\u00a0\u00e9liminant\u00a0les impuret\u00e9s et les r\u00e9sidus de maquillage.<\/p>\n<p>Elle se caract\u00e9rise \u00e9galement par son action \u00e9claircissante et agit pour \u00e9liminer les taches pigmentaires et diff\u00e9rentes pigmentations ind\u00e9sirables de la peau. Un excellent nettoyant pour pr\u00e9parer la peau \u00e0 recevoir son rituel de soin \u00e9claircissant.<\/p>\n<p><strong>Conseils d&rsquo;utilisation :<\/strong><\/p>\n<p>Sur une peau humide appliquez une noisette de mousse \u00e9claircissante PHARMACERIS sur le visage en massant d\u00e9licatement et rincer abondamment appliquez par la suite votre soin \u00e9claircissant.<\/p>\n","protected":false},"featured_media":18958,"comment_status":"open","ping_status":"closed","template":"","meta":[],"product_brand":[],"product_cat":[90,214,20],"product_tag":[],"class_list":{"0":"post-18957","1":"product","2":"type-product","3":"status-publish","4":"has-post-thumbnail","6":"product_cat-anti-tache","7":"product_cat-mousse-nettoyante","8":"product_cat-visage","10":"first","11":"instock","12":"shipping-taxable","13":"purchasable","14":"product-type-simple"},"yoast_head":"<!-- This site is optimized with the Yoast SEO plugin v23.0 - https:\/\/yoast.com\/wordpress\/plugins\/seo\/ -->\n<title>PHARMACERIS W PURI ALBUCIN MOUSSE NETTOYANTE ECLAIRCISSANTE 150ML - pharmadreams<\/title>\n<meta name=\"robots\" content=\"index, follow, max-snippet:-1, max-image-preview:large, max-video-preview:-1\" \/>\n<link rel=\"canonical\" href=\"https:\/\/pharmadreams.shop\/index.php\/product\/pharmaceris-w-puri-albucin-mousse-nettoyante-eclaircissante-150ml\/\" \/>\n<meta property=\"og:locale\" content=\"fr_FR\" \/>\n<meta property=\"og:type\" content=\"article\" \/>\n<meta property=\"og:title\" content=\"PHARMACERIS W PURI ALBUCIN MOUSSE NETTOYANTE ECLAIRCISSANTE 150ML - pharmadreams\" \/>\n<meta property=\"og:description\" content=\"PHARMACERIS W PURI-ALBUCIN MOUSSE NETTOYANTE ECLAIRCISSANTE \u00a0douce pour le nettoyage quotidien\u00a0du visage et des yeux \u00a0elle remplace le savon traditionnel. Pharmaceuris puri albucin est une mousse\u00a0nettoie d\u2019une mani\u00e8re d\u00e9licatement et efficacement \u00a0la peau tout en\u00a0\u00e9liminant\u00a0les impuret\u00e9s et les r\u00e9sidus de maquillage.  Elle se caract\u00e9rise \u00e9galement par son action \u00e9claircissante et agit pour \u00e9liminer les taches pigmentaires et diff\u00e9rentes pigmentations ind\u00e9sirables de la peau. Un excellent nettoyant pour pr\u00e9parer la peau \u00e0 recevoir son rituel de soin \u00e9claircissant.  Conseils d&#039;utilisation :  Sur une peau humide appliquez une noisette de mousse \u00e9claircissante PHARMACERIS sur le visage en massant d\u00e9licatement et rincer abondamment appliquez par la suite votre soin \u00e9claircissant.\" \/>\n<meta property=\"og:url\" content=\"https:\/\/pharmadreams.shop\/index.php\/product\/pharmaceris-w-puri-albucin-mousse-nettoyante-eclaircissante-150ml\/\" \/>\n<meta property=\"og:site_name\" content=\"pharmadreams\" \/>\n<meta property=\"og:image\" content=\"https:\/\/pharmadreams.shop\/wp-content\/uploads\/2024\/10\/pharmaceris-w-puri-albucin-mousse-nettoyante-eclaircissante-150ml.jpg\" \/>\n\t<meta property=\"og:image:width\" content=\"500\" \/>\n\t<meta property=\"og:image:height\" content=\"500\" \/>\n\t<meta property=\"og:image:type\" content=\"image\/jpeg\" \/>\n<meta name=\"twitter:card\" content=\"summary_large_image\" \/>\n<meta name=\"twitter:label1\" content=\"Dur\u00e9e de lecture estim\u00e9e\" \/>\n\t<meta name=\"twitter:data1\" content=\"1 minute\" \/>\n<script type=\"application\/ld+json\" class=\"yoast-schema-graph\">{\"@context\":\"https:\/\/schema.org\",\"@graph\":[{\"@type\":\"WebPage\",\"@id\":\"https:\/\/pharmadreams.shop\/index.php\/product\/pharmaceris-w-puri-albucin-mousse-nettoyante-eclaircissante-150ml\/\",\"url\":\"https:\/\/pharmadreams.shop\/index.php\/product\/pharmaceris-w-puri-albucin-mousse-nettoyante-eclaircissante-150ml\/\",\"name\":\"PHARMACERIS W PURI ALBUCIN MOUSSE NETTOYANTE ECLAIRCISSANTE 150ML - pharmadreams\",\"isPartOf\":{\"@id\":\"https:\/\/pharmadreams.shop\/#website\"},\"primaryImageOfPage\":{\"@id\":\"https:\/\/pharmadreams.shop\/index.php\/product\/pharmaceris-w-puri-albucin-mousse-nettoyante-eclaircissante-150ml\/#primaryimage\"},\"image\":{\"@id\":\"https:\/\/pharmadreams.shop\/index.php\/product\/pharmaceris-w-puri-albucin-mousse-nettoyante-eclaircissante-150ml\/#primaryimage\"},\"thumbnailUrl\":\"https:\/\/pharmadreams.shop\/wp-content\/uploads\/2024\/10\/pharmaceris-w-puri-albucin-mousse-nettoyante-eclaircissante-150ml.jpg\",\"datePublished\":\"2024-10-25T11:51:56+00:00\",\"dateModified\":\"2024-10-25T11:51:56+00:00\",\"breadcrumb\":{\"@id\":\"https:\/\/pharmadreams.shop\/index.php\/product\/pharmaceris-w-puri-albucin-mousse-nettoyante-eclaircissante-150ml\/#breadcrumb\"},\"inLanguage\":\"fr-FR\",\"potentialAction\":[{\"@type\":\"ReadAction\",\"target\":[\"https:\/\/pharmadreams.shop\/index.php\/product\/pharmaceris-w-puri-albucin-mousse-nettoyante-eclaircissante-150ml\/\"]}]},{\"@type\":\"ImageObject\",\"inLanguage\":\"fr-FR\",\"@id\":\"https:\/\/pharmadreams.shop\/index.php\/product\/pharmaceris-w-puri-albucin-mousse-nettoyante-eclaircissante-150ml\/#primaryimage\",\"url\":\"https:\/\/pharmadreams.shop\/wp-content\/uploads\/2024\/10\/pharmaceris-w-puri-albucin-mousse-nettoyante-eclaircissante-150ml.jpg\",\"contentUrl\":\"https:\/\/pharmadreams.shop\/wp-content\/uploads\/2024\/10\/pharmaceris-w-puri-albucin-mousse-nettoyante-eclaircissante-150ml.jpg\",\"width\":500,\"height\":500},{\"@type\":\"BreadcrumbList\",\"@id\":\"https:\/\/pharmadreams.shop\/index.php\/product\/pharmaceris-w-puri-albucin-mousse-nettoyante-eclaircissante-150ml\/#breadcrumb\",\"itemListElement\":[{\"@type\":\"ListItem\",\"position\":1,\"name\":\"Accueil\",\"item\":\"https:\/\/pharmadreams.shop\/\"},{\"@type\":\"ListItem\",\"position\":2,\"name\":\"Shop\",\"item\":\"https:\/\/pharmadreams.shop\/index.php\/shop\/\"},{\"@type\":\"ListItem\",\"position\":3,\"name\":\"PHARMACERIS W PURI ALBUCIN MOUSSE NETTOYANTE ECLAIRCISSANTE 150ML\"}]},{\"@type\":\"WebSite\",\"@id\":\"https:\/\/pharmadreams.shop\/#website\",\"url\":\"https:\/\/pharmadreams.shop\/\",\"name\":\"pharmadreams\",\"description\":\"Parapharmacie en ligne\",\"potentialAction\":[{\"@type\":\"SearchAction\",\"target\":{\"@type\":\"EntryPoint\",\"urlTemplate\":\"https:\/\/pharmadreams.shop\/?s={search_term_string}\"},\"query-input\":\"required name=search_term_string\"}],\"inLanguage\":\"fr-FR\"}]}<\/script>\n<!-- \/ Yoast SEO plugin. -->","yoast_head_json":{"title":"PHARMACERIS W PURI ALBUCIN MOUSSE NETTOYANTE ECLAIRCISSANTE 150ML - pharmadreams","robots":{"index":"index","follow":"follow","max-snippet":"max-snippet:-1","max-image-preview":"max-image-preview:large","max-video-preview":"max-video-preview:-1"},"canonical":"https:\/\/pharmadreams.shop\/index.php\/product\/pharmaceris-w-puri-albucin-mousse-nettoyante-eclaircissante-150ml\/","og_locale":"fr_FR","og_type":"article","og_title":"PHARMACERIS W PURI ALBUCIN MOUSSE NETTOYANTE ECLAIRCISSANTE 150ML - pharmadreams","og_description":"PHARMACERIS W PURI-ALBUCIN MOUSSE NETTOYANTE ECLAIRCISSANTE \u00a0douce pour le nettoyage quotidien\u00a0du visage et des yeux \u00a0elle remplace le savon traditionnel. Pharmaceuris puri albucin est une mousse\u00a0nettoie d\u2019une mani\u00e8re d\u00e9licatement et efficacement \u00a0la peau tout en\u00a0\u00e9liminant\u00a0les impuret\u00e9s et les r\u00e9sidus de maquillage.  Elle se caract\u00e9rise \u00e9galement par son action \u00e9claircissante et agit pour \u00e9liminer les taches pigmentaires et diff\u00e9rentes pigmentations ind\u00e9sirables de la peau. Un excellent nettoyant pour pr\u00e9parer la peau \u00e0 recevoir son rituel de soin \u00e9claircissant.  Conseils d'utilisation :  Sur une peau humide appliquez une noisette de mousse \u00e9claircissante PHARMACERIS sur le visage en massant d\u00e9licatement et rincer abondamment appliquez par la suite votre soin \u00e9claircissant.","og_url":"https:\/\/pharmadreams.shop\/index.php\/product\/pharmaceris-w-puri-albucin-mousse-nettoyante-eclaircissante-150ml\/","og_site_name":"pharmadreams","og_image":[{"width":500,"height":500,"url":"https:\/\/pharmadreams.shop\/wp-content\/uploads\/2024\/10\/pharmaceris-w-puri-albucin-mousse-nettoyante-eclaircissante-150ml.jpg","type":"image\/jpeg"}],"twitter_card":"summary_large_image","twitter_misc":{"Dur\u00e9e de lecture estim\u00e9e":"1 minute"},"schema":{"@context":"https:\/\/schema.org","@graph":[{"@type":"WebPage","@id":"https:\/\/pharmadreams.shop\/index.php\/product\/pharmaceris-w-puri-albucin-mousse-nettoyante-eclaircissante-150ml\/","url":"https:\/\/pharmadreams.shop\/index.php\/product\/pharmaceris-w-puri-albucin-mousse-nettoyante-eclaircissante-150ml\/","name":"PHARMACERIS W PURI ALBUCIN MOUSSE NETTOYANTE ECLAIRCISSANTE 150ML - pharmadreams","isPartOf":{"@id":"https:\/\/pharmadreams.shop\/#website"},"primaryImageOfPage":{"@id":"https:\/\/pharmadreams.shop\/index.php\/product\/pharmaceris-w-puri-albucin-mousse-nettoyante-eclaircissante-150ml\/#primaryimage"},"image":{"@id":"https:\/\/pharmadreams.shop\/index.php\/product\/pharmaceris-w-puri-albucin-mousse-nettoyante-eclaircissante-150ml\/#primaryimage"},"thumbnailUrl":"https:\/\/pharmadreams.shop\/wp-content\/uploads\/2024\/10\/pharmaceris-w-puri-albucin-mousse-nettoyante-eclaircissante-150ml.jpg","datePublished":"2024-10-25T11:51:56+00:00","dateModified":"2024-10-25T11:51:56+00:00","breadcrumb":{"@id":"https:\/\/pharmadreams.shop\/index.php\/product\/pharmaceris-w-puri-albucin-mousse-nettoyante-eclaircissante-150ml\/#breadcrumb"},"inLanguage":"fr-FR","potentialAction":[{"@type":"ReadAction","target":["https:\/\/pharmadreams.shop\/index.php\/product\/pharmaceris-w-puri-albucin-mousse-nettoyante-eclaircissante-150ml\/"]}]},{"@type":"ImageObject","inLanguage":"fr-FR","@id":"https:\/\/pharmadreams.shop\/index.php\/product\/pharmaceris-w-puri-albucin-mousse-nettoyante-eclaircissante-150ml\/#primaryimage","url":"https:\/\/pharmadreams.shop\/wp-content\/uploads\/2024\/10\/pharmaceris-w-puri-albucin-mousse-nettoyante-eclaircissante-150ml.jpg","contentUrl":"https:\/\/pharmadreams.shop\/wp-content\/uploads\/2024\/10\/pharmaceris-w-puri-albucin-mousse-nettoyante-eclaircissante-150ml.jpg","width":500,"height":500},{"@type":"BreadcrumbList","@id":"https:\/\/pharmadreams.shop\/index.php\/product\/pharmaceris-w-puri-albucin-mousse-nettoyante-eclaircissante-150ml\/#breadcrumb","itemListElement":[{"@type":"ListItem","position":1,"name":"Accueil","item":"https:\/\/pharmadreams.shop\/"},{"@type":"ListItem","position":2,"name":"Shop","item":"https:\/\/pharmadreams.shop\/index.php\/shop\/"},{"@type":"ListItem","position":3,"name":"PHARMACERIS W PURI ALBUCIN MOUSSE NETTOYANTE ECLAIRCISSANTE 150ML"}]},{"@type":"WebSite","@id":"https:\/\/pharmadreams.shop\/#website","url":"https:\/\/pharmadreams.shop\/","name":"pharmadreams","description":"Parapharmacie en ligne","potentialAction":[{"@type":"SearchAction","target":{"@type":"EntryPoint","urlTemplate":"https:\/\/pharmadreams.shop\/?s={search_term_string}"},"query-input":"required name=search_term_string"}],"inLanguage":"fr-FR"}]}},"_links":{"self":[{"href":"https:\/\/pharmadreams.shop\/index.php\/wp-json\/wp\/v2\/product\/18957","targetHints":{"allow":["GET"]}}],"collection":[{"href":"https:\/\/pharmadreams.shop\/index.php\/wp-json\/wp\/v2\/product"}],"about":[{"href":"https:\/\/pharmadreams.shop\/index.php\/wp-json\/wp\/v2\/types\/product"}],"replies":[{"embeddable":true,"href":"https:\/\/pharmadreams.shop\/index.php\/wp-json\/wp\/v2\/comments?post=18957"}],"version-history":[{"count":0,"href":"https:\/\/pharmadreams.shop\/index.php\/wp-json\/wp\/v2\/product\/18957\/revisions"}],"wp:featuredmedia":[{"embeddable":true,"href":"https:\/\/pharmadreams.shop\/index.php\/wp-json\/wp\/v2\/media\/18958"}],"wp:attachment":[{"href":"https:\/\/pharmadreams.shop\/index.php\/wp-json\/wp\/v2\/media?parent=18957"}],"wp:term":[{"taxonomy":"product_brand","embeddable":true,"href":"https:\/\/pharmadreams.shop\/index.php\/wp-json\/wp\/v2\/product_brand?post=18957"},{"taxonomy":"product_cat","embeddable":true,"href":"https:\/\/pharmadreams.shop\/index.php\/wp-json\/wp\/v2\/product_cat?post=18957"},{"taxonomy":"product_tag","embeddable":true,"href":"https:\/\/pharmadreams.shop\/index.php\/wp-json\/wp\/v2\/product_tag?post=18957"}],"curies":[{"name":"wp","href":"https:\/\/api.w.org\/{rel}","templated":true}]}}