{"id":18960,"date":"2024-10-25T13:05:13","date_gmt":"2024-10-25T12:05:13","guid":{"rendered":"https:\/\/pharmadreams.shop\/?post_type=product&#038;p=18960"},"modified":"2024-10-25T13:05:13","modified_gmt":"2024-10-25T12:05:13","slug":"pharmaceris-s-lait-corps-spf-50-150ml","status":"publish","type":"product","link":"https:\/\/pharmadreams.shop\/index.php\/product\/pharmaceris-s-lait-corps-spf-50-150ml\/","title":{"rendered":"PHARMACERIS S LAIT CORPS SPF 50+, 150ML"},"content":{"rendered":"","protected":false},"excerpt":{"rendered":"<p>Pharmaceris S Body Lotion est destin\u00e9e pour les peaux d\u00e9licates sensibles qui exigent une haute protection solaire.<\/p>\n<p>L\u2019utilisation de Pharmaceris S\u00a0SUN BODY PROTECT \u00e9galement recommand\u00e9e par les sp\u00e9cialistes pendant le traitement dermatologique et les proc\u00e9dures de m\u00e9decine esth\u00e9tique pour prot\u00e9ger la peau contre les d\u00e9coloration.<\/p>\n<p>Pharmaceris S sun body protect Body Lotion utilise un syst\u00e8me sp\u00e9cial de filtres photostables UVA et UVB, avec un double m\u00e9canisme d\u2019action anti-UV (r\u00e9fl\u00e9chissant et absorbant les rayons du soleil) pour assurer une protection plus efficace et tr\u00e8s \u00e9lev\u00e9e contre une exposition intense au soleil et ses effets ind\u00e9sirables.<\/p>\n<p>Pharmaceris S\u00a0SUN BODY PROTECT offre une protection anti-UV sup\u00e9rieure \u00e0 98% et minimise le risque des l\u00e9sions pigmentaires et de d\u00e9coloration. Le produit compl\u00e8te les d\u00e9ficits de lipides. Il hydrate profond\u00e9ment et nourrit la peau en cr\u00e9ant une couche protectrice qui prot\u00e8ge l\u2019\u00e9piderme contre le dess\u00e8chement excessif.<\/p>\n<p>Pharmaceris S SUN BODY PROTECT est r\u00e9sistante \u00e0 l\u2019eau adapt\u00e9e aux besoins des personnes actives et s\u2019absorbe rapidement et ne laisse pas de couche grasse sur la peau.<\/p>\n","protected":false},"featured_media":18961,"comment_status":"open","ping_status":"closed","template":"","meta":[],"product_brand":[],"product_cat":[28,231,233],"product_tag":[],"class_list":{"0":"post-18960","1":"product","2":"type-product","3":"status-publish","4":"has-post-thumbnail","6":"product_cat-corps","7":"product_cat-ecran-solaire","8":"product_cat-protection-solaire","10":"first","11":"instock","12":"shipping-taxable","13":"purchasable","14":"product-type-simple"},"yoast_head":"<!-- This site is optimized with the Yoast SEO plugin v23.0 - https:\/\/yoast.com\/wordpress\/plugins\/seo\/ -->\n<title>PHARMACERIS S LAIT CORPS SPF 50+, 150ML - pharmadreams<\/title>\n<meta name=\"robots\" content=\"index, follow, max-snippet:-1, max-image-preview:large, max-video-preview:-1\" \/>\n<link rel=\"canonical\" href=\"https:\/\/pharmadreams.shop\/index.php\/product\/pharmaceris-s-lait-corps-spf-50-150ml\/\" \/>\n<meta property=\"og:locale\" content=\"fr_FR\" \/>\n<meta property=\"og:type\" content=\"article\" \/>\n<meta property=\"og:title\" content=\"PHARMACERIS S LAIT CORPS SPF 50+, 150ML - pharmadreams\" \/>\n<meta property=\"og:description\" content=\"Pharmaceris S Body Lotion est destin\u00e9e pour les peaux d\u00e9licates sensibles qui exigent une haute protection solaire.  L\u2019utilisation de Pharmaceris S\u00a0SUN BODY PROTECT \u00e9galement recommand\u00e9e par les sp\u00e9cialistes pendant le traitement dermatologique et les proc\u00e9dures de m\u00e9decine esth\u00e9tique pour prot\u00e9ger la peau contre les d\u00e9coloration.  Pharmaceris S sun body protect Body Lotion utilise un syst\u00e8me sp\u00e9cial de filtres photostables UVA et UVB, avec un double m\u00e9canisme d\u2019action anti-UV (r\u00e9fl\u00e9chissant et absorbant les rayons du soleil) pour assurer une protection plus efficace et tr\u00e8s \u00e9lev\u00e9e contre une exposition intense au soleil et ses effets ind\u00e9sirables.  Pharmaceris S\u00a0SUN BODY PROTECT offre une protection anti-UV sup\u00e9rieure \u00e0 98% et minimise le risque des l\u00e9sions pigmentaires et de d\u00e9coloration. Le produit compl\u00e8te les d\u00e9ficits de lipides. Il hydrate profond\u00e9ment et nourrit la peau en cr\u00e9ant une couche protectrice qui prot\u00e8ge l\u2019\u00e9piderme contre le dess\u00e8chement excessif.  Pharmaceris S SUN BODY PROTECT est r\u00e9sistante \u00e0 l\u2019eau adapt\u00e9e aux besoins des personnes actives et s\u2019absorbe rapidement et ne laisse pas de couche grasse sur la peau.\" \/>\n<meta property=\"og:url\" content=\"https:\/\/pharmadreams.shop\/index.php\/product\/pharmaceris-s-lait-corps-spf-50-150ml\/\" \/>\n<meta property=\"og:site_name\" content=\"pharmadreams\" \/>\n<meta property=\"og:image\" content=\"https:\/\/pharmadreams.shop\/wp-content\/uploads\/2024\/10\/pharmaceris-s-body-lotion-spf50-150ml.webp\" \/>\n\t<meta property=\"og:image:width\" content=\"600\" \/>\n\t<meta property=\"og:image:height\" content=\"600\" \/>\n\t<meta property=\"og:image:type\" content=\"image\/webp\" \/>\n<meta name=\"twitter:card\" content=\"summary_large_image\" \/>\n<meta name=\"twitter:label1\" content=\"Dur\u00e9e de lecture estim\u00e9e\" \/>\n\t<meta name=\"twitter:data1\" content=\"1 minute\" \/>\n<script type=\"application\/ld+json\" class=\"yoast-schema-graph\">{\"@context\":\"https:\/\/schema.org\",\"@graph\":[{\"@type\":\"WebPage\",\"@id\":\"https:\/\/pharmadreams.shop\/index.php\/product\/pharmaceris-s-lait-corps-spf-50-150ml\/\",\"url\":\"https:\/\/pharmadreams.shop\/index.php\/product\/pharmaceris-s-lait-corps-spf-50-150ml\/\",\"name\":\"PHARMACERIS S LAIT CORPS SPF 50+, 150ML - pharmadreams\",\"isPartOf\":{\"@id\":\"https:\/\/pharmadreams.shop\/#website\"},\"primaryImageOfPage\":{\"@id\":\"https:\/\/pharmadreams.shop\/index.php\/product\/pharmaceris-s-lait-corps-spf-50-150ml\/#primaryimage\"},\"image\":{\"@id\":\"https:\/\/pharmadreams.shop\/index.php\/product\/pharmaceris-s-lait-corps-spf-50-150ml\/#primaryimage\"},\"thumbnailUrl\":\"https:\/\/pharmadreams.shop\/wp-content\/uploads\/2024\/10\/pharmaceris-s-body-lotion-spf50-150ml.webp\",\"datePublished\":\"2024-10-25T12:05:13+00:00\",\"dateModified\":\"2024-10-25T12:05:13+00:00\",\"breadcrumb\":{\"@id\":\"https:\/\/pharmadreams.shop\/index.php\/product\/pharmaceris-s-lait-corps-spf-50-150ml\/#breadcrumb\"},\"inLanguage\":\"fr-FR\",\"potentialAction\":[{\"@type\":\"ReadAction\",\"target\":[\"https:\/\/pharmadreams.shop\/index.php\/product\/pharmaceris-s-lait-corps-spf-50-150ml\/\"]}]},{\"@type\":\"ImageObject\",\"inLanguage\":\"fr-FR\",\"@id\":\"https:\/\/pharmadreams.shop\/index.php\/product\/pharmaceris-s-lait-corps-spf-50-150ml\/#primaryimage\",\"url\":\"https:\/\/pharmadreams.shop\/wp-content\/uploads\/2024\/10\/pharmaceris-s-body-lotion-spf50-150ml.webp\",\"contentUrl\":\"https:\/\/pharmadreams.shop\/wp-content\/uploads\/2024\/10\/pharmaceris-s-body-lotion-spf50-150ml.webp\",\"width\":600,\"height\":600},{\"@type\":\"BreadcrumbList\",\"@id\":\"https:\/\/pharmadreams.shop\/index.php\/product\/pharmaceris-s-lait-corps-spf-50-150ml\/#breadcrumb\",\"itemListElement\":[{\"@type\":\"ListItem\",\"position\":1,\"name\":\"Accueil\",\"item\":\"https:\/\/pharmadreams.shop\/\"},{\"@type\":\"ListItem\",\"position\":2,\"name\":\"Shop\",\"item\":\"https:\/\/pharmadreams.shop\/index.php\/shop\/\"},{\"@type\":\"ListItem\",\"position\":3,\"name\":\"PHARMACERIS S LAIT CORPS SPF 50+, 150ML\"}]},{\"@type\":\"WebSite\",\"@id\":\"https:\/\/pharmadreams.shop\/#website\",\"url\":\"https:\/\/pharmadreams.shop\/\",\"name\":\"pharmadreams\",\"description\":\"Parapharmacie en ligne\",\"potentialAction\":[{\"@type\":\"SearchAction\",\"target\":{\"@type\":\"EntryPoint\",\"urlTemplate\":\"https:\/\/pharmadreams.shop\/?s={search_term_string}\"},\"query-input\":\"required name=search_term_string\"}],\"inLanguage\":\"fr-FR\"}]}<\/script>\n<!-- \/ Yoast SEO plugin. -->","yoast_head_json":{"title":"PHARMACERIS S LAIT CORPS SPF 50+, 150ML - pharmadreams","robots":{"index":"index","follow":"follow","max-snippet":"max-snippet:-1","max-image-preview":"max-image-preview:large","max-video-preview":"max-video-preview:-1"},"canonical":"https:\/\/pharmadreams.shop\/index.php\/product\/pharmaceris-s-lait-corps-spf-50-150ml\/","og_locale":"fr_FR","og_type":"article","og_title":"PHARMACERIS S LAIT CORPS SPF 50+, 150ML - pharmadreams","og_description":"Pharmaceris S Body Lotion est destin\u00e9e pour les peaux d\u00e9licates sensibles qui exigent une haute protection solaire.  L\u2019utilisation de Pharmaceris S\u00a0SUN BODY PROTECT \u00e9galement recommand\u00e9e par les sp\u00e9cialistes pendant le traitement dermatologique et les proc\u00e9dures de m\u00e9decine esth\u00e9tique pour prot\u00e9ger la peau contre les d\u00e9coloration.  Pharmaceris S sun body protect Body Lotion utilise un syst\u00e8me sp\u00e9cial de filtres photostables UVA et UVB, avec un double m\u00e9canisme d\u2019action anti-UV (r\u00e9fl\u00e9chissant et absorbant les rayons du soleil) pour assurer une protection plus efficace et tr\u00e8s \u00e9lev\u00e9e contre une exposition intense au soleil et ses effets ind\u00e9sirables.  Pharmaceris S\u00a0SUN BODY PROTECT offre une protection anti-UV sup\u00e9rieure \u00e0 98% et minimise le risque des l\u00e9sions pigmentaires et de d\u00e9coloration. Le produit compl\u00e8te les d\u00e9ficits de lipides. Il hydrate profond\u00e9ment et nourrit la peau en cr\u00e9ant une couche protectrice qui prot\u00e8ge l\u2019\u00e9piderme contre le dess\u00e8chement excessif.  Pharmaceris S SUN BODY PROTECT est r\u00e9sistante \u00e0 l\u2019eau adapt\u00e9e aux besoins des personnes actives et s\u2019absorbe rapidement et ne laisse pas de couche grasse sur la peau.","og_url":"https:\/\/pharmadreams.shop\/index.php\/product\/pharmaceris-s-lait-corps-spf-50-150ml\/","og_site_name":"pharmadreams","og_image":[{"width":600,"height":600,"url":"https:\/\/pharmadreams.shop\/wp-content\/uploads\/2024\/10\/pharmaceris-s-body-lotion-spf50-150ml.webp","type":"image\/webp"}],"twitter_card":"summary_large_image","twitter_misc":{"Dur\u00e9e de lecture estim\u00e9e":"1 minute"},"schema":{"@context":"https:\/\/schema.org","@graph":[{"@type":"WebPage","@id":"https:\/\/pharmadreams.shop\/index.php\/product\/pharmaceris-s-lait-corps-spf-50-150ml\/","url":"https:\/\/pharmadreams.shop\/index.php\/product\/pharmaceris-s-lait-corps-spf-50-150ml\/","name":"PHARMACERIS S LAIT CORPS SPF 50+, 150ML - pharmadreams","isPartOf":{"@id":"https:\/\/pharmadreams.shop\/#website"},"primaryImageOfPage":{"@id":"https:\/\/pharmadreams.shop\/index.php\/product\/pharmaceris-s-lait-corps-spf-50-150ml\/#primaryimage"},"image":{"@id":"https:\/\/pharmadreams.shop\/index.php\/product\/pharmaceris-s-lait-corps-spf-50-150ml\/#primaryimage"},"thumbnailUrl":"https:\/\/pharmadreams.shop\/wp-content\/uploads\/2024\/10\/pharmaceris-s-body-lotion-spf50-150ml.webp","datePublished":"2024-10-25T12:05:13+00:00","dateModified":"2024-10-25T12:05:13+00:00","breadcrumb":{"@id":"https:\/\/pharmadreams.shop\/index.php\/product\/pharmaceris-s-lait-corps-spf-50-150ml\/#breadcrumb"},"inLanguage":"fr-FR","potentialAction":[{"@type":"ReadAction","target":["https:\/\/pharmadreams.shop\/index.php\/product\/pharmaceris-s-lait-corps-spf-50-150ml\/"]}]},{"@type":"ImageObject","inLanguage":"fr-FR","@id":"https:\/\/pharmadreams.shop\/index.php\/product\/pharmaceris-s-lait-corps-spf-50-150ml\/#primaryimage","url":"https:\/\/pharmadreams.shop\/wp-content\/uploads\/2024\/10\/pharmaceris-s-body-lotion-spf50-150ml.webp","contentUrl":"https:\/\/pharmadreams.shop\/wp-content\/uploads\/2024\/10\/pharmaceris-s-body-lotion-spf50-150ml.webp","width":600,"height":600},{"@type":"BreadcrumbList","@id":"https:\/\/pharmadreams.shop\/index.php\/product\/pharmaceris-s-lait-corps-spf-50-150ml\/#breadcrumb","itemListElement":[{"@type":"ListItem","position":1,"name":"Accueil","item":"https:\/\/pharmadreams.shop\/"},{"@type":"ListItem","position":2,"name":"Shop","item":"https:\/\/pharmadreams.shop\/index.php\/shop\/"},{"@type":"ListItem","position":3,"name":"PHARMACERIS S LAIT CORPS SPF 50+, 150ML"}]},{"@type":"WebSite","@id":"https:\/\/pharmadreams.shop\/#website","url":"https:\/\/pharmadreams.shop\/","name":"pharmadreams","description":"Parapharmacie en ligne","potentialAction":[{"@type":"SearchAction","target":{"@type":"EntryPoint","urlTemplate":"https:\/\/pharmadreams.shop\/?s={search_term_string}"},"query-input":"required name=search_term_string"}],"inLanguage":"fr-FR"}]}},"_links":{"self":[{"href":"https:\/\/pharmadreams.shop\/index.php\/wp-json\/wp\/v2\/product\/18960","targetHints":{"allow":["GET"]}}],"collection":[{"href":"https:\/\/pharmadreams.shop\/index.php\/wp-json\/wp\/v2\/product"}],"about":[{"href":"https:\/\/pharmadreams.shop\/index.php\/wp-json\/wp\/v2\/types\/product"}],"replies":[{"embeddable":true,"href":"https:\/\/pharmadreams.shop\/index.php\/wp-json\/wp\/v2\/comments?post=18960"}],"version-history":[{"count":0,"href":"https:\/\/pharmadreams.shop\/index.php\/wp-json\/wp\/v2\/product\/18960\/revisions"}],"wp:featuredmedia":[{"embeddable":true,"href":"https:\/\/pharmadreams.shop\/index.php\/wp-json\/wp\/v2\/media\/18961"}],"wp:attachment":[{"href":"https:\/\/pharmadreams.shop\/index.php\/wp-json\/wp\/v2\/media?parent=18960"}],"wp:term":[{"taxonomy":"product_brand","embeddable":true,"href":"https:\/\/pharmadreams.shop\/index.php\/wp-json\/wp\/v2\/product_brand?post=18960"},{"taxonomy":"product_cat","embeddable":true,"href":"https:\/\/pharmadreams.shop\/index.php\/wp-json\/wp\/v2\/product_cat?post=18960"},{"taxonomy":"product_tag","embeddable":true,"href":"https:\/\/pharmadreams.shop\/index.php\/wp-json\/wp\/v2\/product_tag?post=18960"}],"curies":[{"name":"wp","href":"https:\/\/api.w.org\/{rel}","templated":true}]}}