{"id":18964,"date":"2024-10-25T13:21:40","date_gmt":"2024-10-25T12:21:40","guid":{"rendered":"https:\/\/pharmadreams.shop\/?post_type=product&#038;p=18964"},"modified":"2024-10-25T13:21:40","modified_gmt":"2024-10-25T12:21:40","slug":"freshco-poudre-depilatoire-100g","status":"publish","type":"product","link":"https:\/\/pharmadreams.shop\/index.php\/product\/freshco-poudre-depilatoire-100g\/","title":{"rendered":"FRESHCO poudre d\u00e9pilatoire 100g"},"content":{"rendered":"","protected":false},"excerpt":{"rendered":"<p>La poudre d\u00e9pilatoire FRESHCO offre une solution pratique et efficace pour \u00e9liminer les poils ind\u00e9sirables sur le corps, les aisselles et le maillot. Sa formule unique agit rapidement pour vous offrir une peau lisse et soyeuse en quelques minutes seulement, tout en hydratant et en prot\u00e9geant la peau.<\/p>\n","protected":false},"featured_media":18965,"comment_status":"open","ping_status":"closed","template":"","meta":[],"product_brand":[],"product_cat":[28],"product_tag":[],"class_list":{"0":"post-18964","1":"product","2":"type-product","3":"status-publish","4":"has-post-thumbnail","6":"product_cat-corps","8":"first","9":"instock","10":"shipping-taxable","11":"purchasable","12":"product-type-simple"},"yoast_head":"<!-- This site is optimized with the Yoast SEO plugin v23.0 - https:\/\/yoast.com\/wordpress\/plugins\/seo\/ -->\n<title>FRESHCO poudre d\u00e9pilatoire 100g - pharmadreams<\/title>\n<meta name=\"robots\" content=\"index, follow, max-snippet:-1, max-image-preview:large, max-video-preview:-1\" \/>\n<link rel=\"canonical\" href=\"https:\/\/pharmadreams.shop\/index.php\/product\/freshco-poudre-depilatoire-100g\/\" \/>\n<meta property=\"og:locale\" content=\"fr_FR\" \/>\n<meta property=\"og:type\" content=\"article\" \/>\n<meta property=\"og:title\" content=\"FRESHCO poudre d\u00e9pilatoire 100g - pharmadreams\" \/>\n<meta property=\"og:description\" content=\"La poudre d\u00e9pilatoire FRESHCO offre une solution pratique et efficace pour \u00e9liminer les poils ind\u00e9sirables sur le corps, les aisselles et le maillot. Sa formule unique agit rapidement pour vous offrir une peau lisse et soyeuse en quelques minutes seulement, tout en hydratant et en prot\u00e9geant la peau.\" \/>\n<meta property=\"og:url\" content=\"https:\/\/pharmadreams.shop\/index.php\/product\/freshco-poudre-depilatoire-100g\/\" \/>\n<meta property=\"og:site_name\" content=\"pharmadreams\" \/>\n<meta property=\"og:image\" content=\"https:\/\/pharmadreams.shop\/wp-content\/uploads\/2024\/10\/FRESHCO-poudre-depilatoire-100g.jpg\" \/>\n\t<meta property=\"og:image:width\" content=\"225\" \/>\n\t<meta property=\"og:image:height\" content=\"225\" \/>\n\t<meta property=\"og:image:type\" content=\"image\/jpeg\" \/>\n<meta name=\"twitter:card\" content=\"summary_large_image\" \/>\n<meta name=\"twitter:label1\" content=\"Dur\u00e9e de lecture estim\u00e9e\" \/>\n\t<meta name=\"twitter:data1\" content=\"1 minute\" \/>\n<script type=\"application\/ld+json\" class=\"yoast-schema-graph\">{\"@context\":\"https:\/\/schema.org\",\"@graph\":[{\"@type\":\"WebPage\",\"@id\":\"https:\/\/pharmadreams.shop\/index.php\/product\/freshco-poudre-depilatoire-100g\/\",\"url\":\"https:\/\/pharmadreams.shop\/index.php\/product\/freshco-poudre-depilatoire-100g\/\",\"name\":\"FRESHCO poudre d\u00e9pilatoire 100g - pharmadreams\",\"isPartOf\":{\"@id\":\"https:\/\/pharmadreams.shop\/#website\"},\"primaryImageOfPage\":{\"@id\":\"https:\/\/pharmadreams.shop\/index.php\/product\/freshco-poudre-depilatoire-100g\/#primaryimage\"},\"image\":{\"@id\":\"https:\/\/pharmadreams.shop\/index.php\/product\/freshco-poudre-depilatoire-100g\/#primaryimage\"},\"thumbnailUrl\":\"https:\/\/pharmadreams.shop\/wp-content\/uploads\/2024\/10\/FRESHCO-poudre-depilatoire-100g.jpg\",\"datePublished\":\"2024-10-25T12:21:40+00:00\",\"dateModified\":\"2024-10-25T12:21:40+00:00\",\"breadcrumb\":{\"@id\":\"https:\/\/pharmadreams.shop\/index.php\/product\/freshco-poudre-depilatoire-100g\/#breadcrumb\"},\"inLanguage\":\"fr-FR\",\"potentialAction\":[{\"@type\":\"ReadAction\",\"target\":[\"https:\/\/pharmadreams.shop\/index.php\/product\/freshco-poudre-depilatoire-100g\/\"]}]},{\"@type\":\"ImageObject\",\"inLanguage\":\"fr-FR\",\"@id\":\"https:\/\/pharmadreams.shop\/index.php\/product\/freshco-poudre-depilatoire-100g\/#primaryimage\",\"url\":\"https:\/\/pharmadreams.shop\/wp-content\/uploads\/2024\/10\/FRESHCO-poudre-depilatoire-100g.jpg\",\"contentUrl\":\"https:\/\/pharmadreams.shop\/wp-content\/uploads\/2024\/10\/FRESHCO-poudre-depilatoire-100g.jpg\",\"width\":225,\"height\":225},{\"@type\":\"BreadcrumbList\",\"@id\":\"https:\/\/pharmadreams.shop\/index.php\/product\/freshco-poudre-depilatoire-100g\/#breadcrumb\",\"itemListElement\":[{\"@type\":\"ListItem\",\"position\":1,\"name\":\"Accueil\",\"item\":\"https:\/\/pharmadreams.shop\/\"},{\"@type\":\"ListItem\",\"position\":2,\"name\":\"Shop\",\"item\":\"https:\/\/pharmadreams.shop\/index.php\/shop\/\"},{\"@type\":\"ListItem\",\"position\":3,\"name\":\"FRESHCO poudre d\u00e9pilatoire 100g\"}]},{\"@type\":\"WebSite\",\"@id\":\"https:\/\/pharmadreams.shop\/#website\",\"url\":\"https:\/\/pharmadreams.shop\/\",\"name\":\"pharmadreams\",\"description\":\"Parapharmacie en ligne\",\"potentialAction\":[{\"@type\":\"SearchAction\",\"target\":{\"@type\":\"EntryPoint\",\"urlTemplate\":\"https:\/\/pharmadreams.shop\/?s={search_term_string}\"},\"query-input\":\"required name=search_term_string\"}],\"inLanguage\":\"fr-FR\"}]}<\/script>\n<!-- \/ Yoast SEO plugin. -->","yoast_head_json":{"title":"FRESHCO poudre d\u00e9pilatoire 100g - pharmadreams","robots":{"index":"index","follow":"follow","max-snippet":"max-snippet:-1","max-image-preview":"max-image-preview:large","max-video-preview":"max-video-preview:-1"},"canonical":"https:\/\/pharmadreams.shop\/index.php\/product\/freshco-poudre-depilatoire-100g\/","og_locale":"fr_FR","og_type":"article","og_title":"FRESHCO poudre d\u00e9pilatoire 100g - pharmadreams","og_description":"La poudre d\u00e9pilatoire FRESHCO offre une solution pratique et efficace pour \u00e9liminer les poils ind\u00e9sirables sur le corps, les aisselles et le maillot. Sa formule unique agit rapidement pour vous offrir une peau lisse et soyeuse en quelques minutes seulement, tout en hydratant et en prot\u00e9geant la peau.","og_url":"https:\/\/pharmadreams.shop\/index.php\/product\/freshco-poudre-depilatoire-100g\/","og_site_name":"pharmadreams","og_image":[{"width":225,"height":225,"url":"https:\/\/pharmadreams.shop\/wp-content\/uploads\/2024\/10\/FRESHCO-poudre-depilatoire-100g.jpg","type":"image\/jpeg"}],"twitter_card":"summary_large_image","twitter_misc":{"Dur\u00e9e de lecture estim\u00e9e":"1 minute"},"schema":{"@context":"https:\/\/schema.org","@graph":[{"@type":"WebPage","@id":"https:\/\/pharmadreams.shop\/index.php\/product\/freshco-poudre-depilatoire-100g\/","url":"https:\/\/pharmadreams.shop\/index.php\/product\/freshco-poudre-depilatoire-100g\/","name":"FRESHCO poudre d\u00e9pilatoire 100g - pharmadreams","isPartOf":{"@id":"https:\/\/pharmadreams.shop\/#website"},"primaryImageOfPage":{"@id":"https:\/\/pharmadreams.shop\/index.php\/product\/freshco-poudre-depilatoire-100g\/#primaryimage"},"image":{"@id":"https:\/\/pharmadreams.shop\/index.php\/product\/freshco-poudre-depilatoire-100g\/#primaryimage"},"thumbnailUrl":"https:\/\/pharmadreams.shop\/wp-content\/uploads\/2024\/10\/FRESHCO-poudre-depilatoire-100g.jpg","datePublished":"2024-10-25T12:21:40+00:00","dateModified":"2024-10-25T12:21:40+00:00","breadcrumb":{"@id":"https:\/\/pharmadreams.shop\/index.php\/product\/freshco-poudre-depilatoire-100g\/#breadcrumb"},"inLanguage":"fr-FR","potentialAction":[{"@type":"ReadAction","target":["https:\/\/pharmadreams.shop\/index.php\/product\/freshco-poudre-depilatoire-100g\/"]}]},{"@type":"ImageObject","inLanguage":"fr-FR","@id":"https:\/\/pharmadreams.shop\/index.php\/product\/freshco-poudre-depilatoire-100g\/#primaryimage","url":"https:\/\/pharmadreams.shop\/wp-content\/uploads\/2024\/10\/FRESHCO-poudre-depilatoire-100g.jpg","contentUrl":"https:\/\/pharmadreams.shop\/wp-content\/uploads\/2024\/10\/FRESHCO-poudre-depilatoire-100g.jpg","width":225,"height":225},{"@type":"BreadcrumbList","@id":"https:\/\/pharmadreams.shop\/index.php\/product\/freshco-poudre-depilatoire-100g\/#breadcrumb","itemListElement":[{"@type":"ListItem","position":1,"name":"Accueil","item":"https:\/\/pharmadreams.shop\/"},{"@type":"ListItem","position":2,"name":"Shop","item":"https:\/\/pharmadreams.shop\/index.php\/shop\/"},{"@type":"ListItem","position":3,"name":"FRESHCO poudre d\u00e9pilatoire 100g"}]},{"@type":"WebSite","@id":"https:\/\/pharmadreams.shop\/#website","url":"https:\/\/pharmadreams.shop\/","name":"pharmadreams","description":"Parapharmacie en ligne","potentialAction":[{"@type":"SearchAction","target":{"@type":"EntryPoint","urlTemplate":"https:\/\/pharmadreams.shop\/?s={search_term_string}"},"query-input":"required name=search_term_string"}],"inLanguage":"fr-FR"}]}},"_links":{"self":[{"href":"https:\/\/pharmadreams.shop\/index.php\/wp-json\/wp\/v2\/product\/18964","targetHints":{"allow":["GET"]}}],"collection":[{"href":"https:\/\/pharmadreams.shop\/index.php\/wp-json\/wp\/v2\/product"}],"about":[{"href":"https:\/\/pharmadreams.shop\/index.php\/wp-json\/wp\/v2\/types\/product"}],"replies":[{"embeddable":true,"href":"https:\/\/pharmadreams.shop\/index.php\/wp-json\/wp\/v2\/comments?post=18964"}],"version-history":[{"count":0,"href":"https:\/\/pharmadreams.shop\/index.php\/wp-json\/wp\/v2\/product\/18964\/revisions"}],"wp:featuredmedia":[{"embeddable":true,"href":"https:\/\/pharmadreams.shop\/index.php\/wp-json\/wp\/v2\/media\/18965"}],"wp:attachment":[{"href":"https:\/\/pharmadreams.shop\/index.php\/wp-json\/wp\/v2\/media?parent=18964"}],"wp:term":[{"taxonomy":"product_brand","embeddable":true,"href":"https:\/\/pharmadreams.shop\/index.php\/wp-json\/wp\/v2\/product_brand?post=18964"},{"taxonomy":"product_cat","embeddable":true,"href":"https:\/\/pharmadreams.shop\/index.php\/wp-json\/wp\/v2\/product_cat?post=18964"},{"taxonomy":"product_tag","embeddable":true,"href":"https:\/\/pharmadreams.shop\/index.php\/wp-json\/wp\/v2\/product_tag?post=18964"}],"curies":[{"name":"wp","href":"https:\/\/api.w.org\/{rel}","templated":true}]}}