{"id":18967,"date":"2024-10-25T13:28:42","date_gmt":"2024-10-25T12:28:42","guid":{"rendered":"https:\/\/pharmadreams.shop\/?post_type=product&#038;p=18967"},"modified":"2024-10-25T13:28:43","modified_gmt":"2024-10-25T12:28:43","slug":"dermoxen-gel-intime-lenitivo-125ml","status":"publish","type":"product","link":"https:\/\/pharmadreams.shop\/index.php\/product\/dermoxen-gel-intime-lenitivo-125ml\/","title":{"rendered":"DERMOXEN gel intime lenitivo 125ml"},"content":{"rendered":"","protected":false},"excerpt":{"rendered":"<p>DERMOXEN gel de toilette intime LENITIVO prend soin des femmes, en exer\u00e7ant une action hydratante et l\u00e9nitive, en cas de\u00a0s\u00e9cheresse vulvovaginale, d\u00e9mangeaison et rougeurs d\u2019origine diff\u00e9rente, gr\u00e2ce \u00e0 son m\u00e9lange d\u2019extraits d\u2019origine v\u00e9g\u00e9tale.<\/p>\n","protected":false},"featured_media":18968,"comment_status":"open","ping_status":"closed","template":"","meta":[],"product_brand":[],"product_cat":[125,289],"product_tag":[],"class_list":{"0":"post-18967","1":"product","2":"type-product","3":"status-publish","4":"has-post-thumbnail","6":"product_cat-gel-de-toilette","7":"product_cat-hygiene","9":"first","10":"instock","11":"shipping-taxable","12":"purchasable","13":"product-type-simple"},"yoast_head":"<!-- This site is optimized with the Yoast SEO plugin v23.0 - https:\/\/yoast.com\/wordpress\/plugins\/seo\/ -->\n<title>DERMOXEN gel intime lenitivo 125ml - pharmadreams<\/title>\n<meta name=\"robots\" content=\"index, follow, max-snippet:-1, max-image-preview:large, max-video-preview:-1\" \/>\n<link rel=\"canonical\" href=\"https:\/\/pharmadreams.shop\/index.php\/product\/dermoxen-gel-intime-lenitivo-125ml\/\" \/>\n<meta property=\"og:locale\" content=\"fr_FR\" \/>\n<meta property=\"og:type\" content=\"article\" \/>\n<meta property=\"og:title\" content=\"DERMOXEN gel intime lenitivo 125ml - pharmadreams\" \/>\n<meta property=\"og:description\" content=\"DERMOXEN gel de toilette intime LENITIVO prend soin des femmes, en exer\u00e7ant une action hydratante et l\u00e9nitive, en cas de\u00a0s\u00e9cheresse vulvovaginale, d\u00e9mangeaison et rougeurs d\u2019origine diff\u00e9rente, gr\u00e2ce \u00e0 son m\u00e9lange d\u2019extraits d\u2019origine v\u00e9g\u00e9tale.\" \/>\n<meta property=\"og:url\" content=\"https:\/\/pharmadreams.shop\/index.php\/product\/dermoxen-gel-intime-lenitivo-125ml\/\" \/>\n<meta property=\"og:site_name\" content=\"pharmadreams\" \/>\n<meta property=\"article:modified_time\" content=\"2024-10-25T12:28:43+00:00\" \/>\n<meta property=\"og:image\" content=\"https:\/\/pharmadreams.shop\/wp-content\/uploads\/2024\/10\/dermoxen-lenitivo-gel-de-toilette-intime-100ml.webp\" \/>\n\t<meta property=\"og:image:width\" content=\"500\" \/>\n\t<meta property=\"og:image:height\" content=\"500\" \/>\n\t<meta property=\"og:image:type\" content=\"image\/webp\" \/>\n<meta name=\"twitter:card\" content=\"summary_large_image\" \/>\n<meta name=\"twitter:label1\" content=\"Dur\u00e9e de lecture estim\u00e9e\" \/>\n\t<meta name=\"twitter:data1\" content=\"1 minute\" \/>\n<script type=\"application\/ld+json\" class=\"yoast-schema-graph\">{\"@context\":\"https:\/\/schema.org\",\"@graph\":[{\"@type\":\"WebPage\",\"@id\":\"https:\/\/pharmadreams.shop\/index.php\/product\/dermoxen-gel-intime-lenitivo-125ml\/\",\"url\":\"https:\/\/pharmadreams.shop\/index.php\/product\/dermoxen-gel-intime-lenitivo-125ml\/\",\"name\":\"DERMOXEN gel intime lenitivo 125ml - pharmadreams\",\"isPartOf\":{\"@id\":\"https:\/\/pharmadreams.shop\/#website\"},\"primaryImageOfPage\":{\"@id\":\"https:\/\/pharmadreams.shop\/index.php\/product\/dermoxen-gel-intime-lenitivo-125ml\/#primaryimage\"},\"image\":{\"@id\":\"https:\/\/pharmadreams.shop\/index.php\/product\/dermoxen-gel-intime-lenitivo-125ml\/#primaryimage\"},\"thumbnailUrl\":\"https:\/\/pharmadreams.shop\/wp-content\/uploads\/2024\/10\/dermoxen-lenitivo-gel-de-toilette-intime-100ml.webp\",\"datePublished\":\"2024-10-25T12:28:42+00:00\",\"dateModified\":\"2024-10-25T12:28:43+00:00\",\"breadcrumb\":{\"@id\":\"https:\/\/pharmadreams.shop\/index.php\/product\/dermoxen-gel-intime-lenitivo-125ml\/#breadcrumb\"},\"inLanguage\":\"fr-FR\",\"potentialAction\":[{\"@type\":\"ReadAction\",\"target\":[\"https:\/\/pharmadreams.shop\/index.php\/product\/dermoxen-gel-intime-lenitivo-125ml\/\"]}]},{\"@type\":\"ImageObject\",\"inLanguage\":\"fr-FR\",\"@id\":\"https:\/\/pharmadreams.shop\/index.php\/product\/dermoxen-gel-intime-lenitivo-125ml\/#primaryimage\",\"url\":\"https:\/\/pharmadreams.shop\/wp-content\/uploads\/2024\/10\/dermoxen-lenitivo-gel-de-toilette-intime-100ml.webp\",\"contentUrl\":\"https:\/\/pharmadreams.shop\/wp-content\/uploads\/2024\/10\/dermoxen-lenitivo-gel-de-toilette-intime-100ml.webp\",\"width\":500,\"height\":500},{\"@type\":\"BreadcrumbList\",\"@id\":\"https:\/\/pharmadreams.shop\/index.php\/product\/dermoxen-gel-intime-lenitivo-125ml\/#breadcrumb\",\"itemListElement\":[{\"@type\":\"ListItem\",\"position\":1,\"name\":\"Accueil\",\"item\":\"https:\/\/pharmadreams.shop\/\"},{\"@type\":\"ListItem\",\"position\":2,\"name\":\"Shop\",\"item\":\"https:\/\/pharmadreams.shop\/index.php\/shop\/\"},{\"@type\":\"ListItem\",\"position\":3,\"name\":\"DERMOXEN gel intime lenitivo 125ml\"}]},{\"@type\":\"WebSite\",\"@id\":\"https:\/\/pharmadreams.shop\/#website\",\"url\":\"https:\/\/pharmadreams.shop\/\",\"name\":\"pharmadreams\",\"description\":\"Parapharmacie en ligne\",\"potentialAction\":[{\"@type\":\"SearchAction\",\"target\":{\"@type\":\"EntryPoint\",\"urlTemplate\":\"https:\/\/pharmadreams.shop\/?s={search_term_string}\"},\"query-input\":\"required name=search_term_string\"}],\"inLanguage\":\"fr-FR\"}]}<\/script>\n<!-- \/ Yoast SEO plugin. -->","yoast_head_json":{"title":"DERMOXEN gel intime lenitivo 125ml - pharmadreams","robots":{"index":"index","follow":"follow","max-snippet":"max-snippet:-1","max-image-preview":"max-image-preview:large","max-video-preview":"max-video-preview:-1"},"canonical":"https:\/\/pharmadreams.shop\/index.php\/product\/dermoxen-gel-intime-lenitivo-125ml\/","og_locale":"fr_FR","og_type":"article","og_title":"DERMOXEN gel intime lenitivo 125ml - pharmadreams","og_description":"DERMOXEN gel de toilette intime LENITIVO prend soin des femmes, en exer\u00e7ant une action hydratante et l\u00e9nitive, en cas de\u00a0s\u00e9cheresse vulvovaginale, d\u00e9mangeaison et rougeurs d\u2019origine diff\u00e9rente, gr\u00e2ce \u00e0 son m\u00e9lange d\u2019extraits d\u2019origine v\u00e9g\u00e9tale.","og_url":"https:\/\/pharmadreams.shop\/index.php\/product\/dermoxen-gel-intime-lenitivo-125ml\/","og_site_name":"pharmadreams","article_modified_time":"2024-10-25T12:28:43+00:00","og_image":[{"width":500,"height":500,"url":"https:\/\/pharmadreams.shop\/wp-content\/uploads\/2024\/10\/dermoxen-lenitivo-gel-de-toilette-intime-100ml.webp","type":"image\/webp"}],"twitter_card":"summary_large_image","twitter_misc":{"Dur\u00e9e de lecture estim\u00e9e":"1 minute"},"schema":{"@context":"https:\/\/schema.org","@graph":[{"@type":"WebPage","@id":"https:\/\/pharmadreams.shop\/index.php\/product\/dermoxen-gel-intime-lenitivo-125ml\/","url":"https:\/\/pharmadreams.shop\/index.php\/product\/dermoxen-gel-intime-lenitivo-125ml\/","name":"DERMOXEN gel intime lenitivo 125ml - pharmadreams","isPartOf":{"@id":"https:\/\/pharmadreams.shop\/#website"},"primaryImageOfPage":{"@id":"https:\/\/pharmadreams.shop\/index.php\/product\/dermoxen-gel-intime-lenitivo-125ml\/#primaryimage"},"image":{"@id":"https:\/\/pharmadreams.shop\/index.php\/product\/dermoxen-gel-intime-lenitivo-125ml\/#primaryimage"},"thumbnailUrl":"https:\/\/pharmadreams.shop\/wp-content\/uploads\/2024\/10\/dermoxen-lenitivo-gel-de-toilette-intime-100ml.webp","datePublished":"2024-10-25T12:28:42+00:00","dateModified":"2024-10-25T12:28:43+00:00","breadcrumb":{"@id":"https:\/\/pharmadreams.shop\/index.php\/product\/dermoxen-gel-intime-lenitivo-125ml\/#breadcrumb"},"inLanguage":"fr-FR","potentialAction":[{"@type":"ReadAction","target":["https:\/\/pharmadreams.shop\/index.php\/product\/dermoxen-gel-intime-lenitivo-125ml\/"]}]},{"@type":"ImageObject","inLanguage":"fr-FR","@id":"https:\/\/pharmadreams.shop\/index.php\/product\/dermoxen-gel-intime-lenitivo-125ml\/#primaryimage","url":"https:\/\/pharmadreams.shop\/wp-content\/uploads\/2024\/10\/dermoxen-lenitivo-gel-de-toilette-intime-100ml.webp","contentUrl":"https:\/\/pharmadreams.shop\/wp-content\/uploads\/2024\/10\/dermoxen-lenitivo-gel-de-toilette-intime-100ml.webp","width":500,"height":500},{"@type":"BreadcrumbList","@id":"https:\/\/pharmadreams.shop\/index.php\/product\/dermoxen-gel-intime-lenitivo-125ml\/#breadcrumb","itemListElement":[{"@type":"ListItem","position":1,"name":"Accueil","item":"https:\/\/pharmadreams.shop\/"},{"@type":"ListItem","position":2,"name":"Shop","item":"https:\/\/pharmadreams.shop\/index.php\/shop\/"},{"@type":"ListItem","position":3,"name":"DERMOXEN gel intime lenitivo 125ml"}]},{"@type":"WebSite","@id":"https:\/\/pharmadreams.shop\/#website","url":"https:\/\/pharmadreams.shop\/","name":"pharmadreams","description":"Parapharmacie en ligne","potentialAction":[{"@type":"SearchAction","target":{"@type":"EntryPoint","urlTemplate":"https:\/\/pharmadreams.shop\/?s={search_term_string}"},"query-input":"required name=search_term_string"}],"inLanguage":"fr-FR"}]}},"_links":{"self":[{"href":"https:\/\/pharmadreams.shop\/index.php\/wp-json\/wp\/v2\/product\/18967","targetHints":{"allow":["GET"]}}],"collection":[{"href":"https:\/\/pharmadreams.shop\/index.php\/wp-json\/wp\/v2\/product"}],"about":[{"href":"https:\/\/pharmadreams.shop\/index.php\/wp-json\/wp\/v2\/types\/product"}],"replies":[{"embeddable":true,"href":"https:\/\/pharmadreams.shop\/index.php\/wp-json\/wp\/v2\/comments?post=18967"}],"version-history":[{"count":0,"href":"https:\/\/pharmadreams.shop\/index.php\/wp-json\/wp\/v2\/product\/18967\/revisions"}],"wp:featuredmedia":[{"embeddable":true,"href":"https:\/\/pharmadreams.shop\/index.php\/wp-json\/wp\/v2\/media\/18968"}],"wp:attachment":[{"href":"https:\/\/pharmadreams.shop\/index.php\/wp-json\/wp\/v2\/media?parent=18967"}],"wp:term":[{"taxonomy":"product_brand","embeddable":true,"href":"https:\/\/pharmadreams.shop\/index.php\/wp-json\/wp\/v2\/product_brand?post=18967"},{"taxonomy":"product_cat","embeddable":true,"href":"https:\/\/pharmadreams.shop\/index.php\/wp-json\/wp\/v2\/product_cat?post=18967"},{"taxonomy":"product_tag","embeddable":true,"href":"https:\/\/pharmadreams.shop\/index.php\/wp-json\/wp\/v2\/product_tag?post=18967"}],"curies":[{"name":"wp","href":"https:\/\/api.w.org\/{rel}","templated":true}]}}