{"id":18979,"date":"2024-10-25T13:45:25","date_gmt":"2024-10-25T12:45:25","guid":{"rendered":"https:\/\/pharmadreams.shop\/?post_type=product&#038;p=18979"},"modified":"2024-10-25T13:45:25","modified_gmt":"2024-10-25T12:45:25","slug":"dermoxen-vitexyl-gel-lubrifant-vaginal-20ml","status":"publish","type":"product","link":"https:\/\/pharmadreams.shop\/index.php\/product\/dermoxen-vitexyl-gel-lubrifant-vaginal-20ml\/","title":{"rendered":"DERMOXEN VITEXYL GEL LUBRIFANT VAGINAL 20ML"},"content":{"rendered":"","protected":false},"excerpt":{"rendered":"<p>DERMOXEN VITEXYL\u00a0est un gel lubrifiant avec des propri\u00e9t\u00e9s hydratantes, \u00e9mollientes et protectrices de la muqueuse vaginale. Gr\u00e2ce \u00e0 l\u2019action combin\u00e9e de ses actifs,\u00a0il cr\u00e9e un film protecteur \u00e0 l\u2019effet rafra\u00eechissant, \u00e9mollient et l\u00e9nitif. Equip\u00e9 d\u2019applicateurs monodose, faciles \u00e0 utiliser, il peut \u00eatre utilis\u00e9 en toute securit\u00e9.\u00a0Il aide \u00e0 combattre les probl\u00e8mes li\u00e9s \u00e0 la s\u00e9cheresse vaginale, quelle que soit son origine, en particulier en m\u00e9nopause et dans la p\u00e9riode qui la pr\u00e9c\u00e8de. Ne tache pas.<\/p>\n<p>DERMOXEN VITEXYL gel lubrifiant vaginal est un dispositif m\u00e9dical. Lire la notice avant l\u2019utilisation du produit.<\/p>\n","protected":false},"featured_media":18980,"comment_status":"open","ping_status":"closed","template":"","meta":[],"product_brand":[],"product_cat":[125],"product_tag":[],"class_list":{"0":"post-18979","1":"product","2":"type-product","3":"status-publish","4":"has-post-thumbnail","6":"product_cat-gel-de-toilette","8":"first","9":"instock","10":"shipping-taxable","11":"purchasable","12":"product-type-simple"},"yoast_head":"<!-- This site is optimized with the Yoast SEO plugin v23.0 - https:\/\/yoast.com\/wordpress\/plugins\/seo\/ -->\n<title>DERMOXEN VITEXYL GEL LUBRIFANT VAGINAL 20ML - pharmadreams<\/title>\n<meta name=\"robots\" content=\"index, follow, max-snippet:-1, max-image-preview:large, max-video-preview:-1\" \/>\n<link rel=\"canonical\" href=\"https:\/\/pharmadreams.shop\/index.php\/product\/dermoxen-vitexyl-gel-lubrifant-vaginal-20ml\/\" \/>\n<meta property=\"og:locale\" content=\"fr_FR\" \/>\n<meta property=\"og:type\" content=\"article\" \/>\n<meta property=\"og:title\" content=\"DERMOXEN VITEXYL GEL LUBRIFANT VAGINAL 20ML - pharmadreams\" \/>\n<meta property=\"og:description\" content=\"DERMOXEN VITEXYL\u00a0est un gel lubrifiant avec des propri\u00e9t\u00e9s hydratantes, \u00e9mollientes et protectrices de la muqueuse vaginale. Gr\u00e2ce \u00e0 l\u2019action combin\u00e9e de ses actifs,\u00a0il cr\u00e9e un film protecteur \u00e0 l\u2019effet rafra\u00eechissant, \u00e9mollient et l\u00e9nitif. Equip\u00e9 d\u2019applicateurs monodose, faciles \u00e0 utiliser, il peut \u00eatre utilis\u00e9 en toute securit\u00e9.\u00a0Il aide \u00e0 combattre les probl\u00e8mes li\u00e9s \u00e0 la s\u00e9cheresse vaginale, quelle que soit son origine, en particulier en m\u00e9nopause et dans la p\u00e9riode qui la pr\u00e9c\u00e8de. Ne tache pas.  DERMOXEN VITEXYL gel lubrifiant vaginal est un dispositif m\u00e9dical. Lire la notice avant l\u2019utilisation du produit.\" \/>\n<meta property=\"og:url\" content=\"https:\/\/pharmadreams.shop\/index.php\/product\/dermoxen-vitexyl-gel-lubrifant-vaginal-20ml\/\" \/>\n<meta property=\"og:site_name\" content=\"pharmadreams\" \/>\n<meta property=\"og:image\" content=\"https:\/\/pharmadreams.shop\/wp-content\/uploads\/2024\/10\/dermoxen-vitexyl-gel-lubrifant-vaginal-20ml.webp\" \/>\n\t<meta property=\"og:image:width\" content=\"500\" \/>\n\t<meta property=\"og:image:height\" content=\"500\" \/>\n\t<meta property=\"og:image:type\" content=\"image\/webp\" \/>\n<meta name=\"twitter:card\" content=\"summary_large_image\" \/>\n<meta name=\"twitter:label1\" content=\"Dur\u00e9e de lecture estim\u00e9e\" \/>\n\t<meta name=\"twitter:data1\" content=\"1 minute\" \/>\n<script type=\"application\/ld+json\" class=\"yoast-schema-graph\">{\"@context\":\"https:\/\/schema.org\",\"@graph\":[{\"@type\":\"WebPage\",\"@id\":\"https:\/\/pharmadreams.shop\/index.php\/product\/dermoxen-vitexyl-gel-lubrifant-vaginal-20ml\/\",\"url\":\"https:\/\/pharmadreams.shop\/index.php\/product\/dermoxen-vitexyl-gel-lubrifant-vaginal-20ml\/\",\"name\":\"DERMOXEN VITEXYL GEL LUBRIFANT VAGINAL 20ML - pharmadreams\",\"isPartOf\":{\"@id\":\"https:\/\/pharmadreams.shop\/#website\"},\"primaryImageOfPage\":{\"@id\":\"https:\/\/pharmadreams.shop\/index.php\/product\/dermoxen-vitexyl-gel-lubrifant-vaginal-20ml\/#primaryimage\"},\"image\":{\"@id\":\"https:\/\/pharmadreams.shop\/index.php\/product\/dermoxen-vitexyl-gel-lubrifant-vaginal-20ml\/#primaryimage\"},\"thumbnailUrl\":\"https:\/\/pharmadreams.shop\/wp-content\/uploads\/2024\/10\/dermoxen-vitexyl-gel-lubrifant-vaginal-20ml.webp\",\"datePublished\":\"2024-10-25T12:45:25+00:00\",\"dateModified\":\"2024-10-25T12:45:25+00:00\",\"breadcrumb\":{\"@id\":\"https:\/\/pharmadreams.shop\/index.php\/product\/dermoxen-vitexyl-gel-lubrifant-vaginal-20ml\/#breadcrumb\"},\"inLanguage\":\"fr-FR\",\"potentialAction\":[{\"@type\":\"ReadAction\",\"target\":[\"https:\/\/pharmadreams.shop\/index.php\/product\/dermoxen-vitexyl-gel-lubrifant-vaginal-20ml\/\"]}]},{\"@type\":\"ImageObject\",\"inLanguage\":\"fr-FR\",\"@id\":\"https:\/\/pharmadreams.shop\/index.php\/product\/dermoxen-vitexyl-gel-lubrifant-vaginal-20ml\/#primaryimage\",\"url\":\"https:\/\/pharmadreams.shop\/wp-content\/uploads\/2024\/10\/dermoxen-vitexyl-gel-lubrifant-vaginal-20ml.webp\",\"contentUrl\":\"https:\/\/pharmadreams.shop\/wp-content\/uploads\/2024\/10\/dermoxen-vitexyl-gel-lubrifant-vaginal-20ml.webp\",\"width\":500,\"height\":500},{\"@type\":\"BreadcrumbList\",\"@id\":\"https:\/\/pharmadreams.shop\/index.php\/product\/dermoxen-vitexyl-gel-lubrifant-vaginal-20ml\/#breadcrumb\",\"itemListElement\":[{\"@type\":\"ListItem\",\"position\":1,\"name\":\"Accueil\",\"item\":\"https:\/\/pharmadreams.shop\/\"},{\"@type\":\"ListItem\",\"position\":2,\"name\":\"Shop\",\"item\":\"https:\/\/pharmadreams.shop\/index.php\/shop\/\"},{\"@type\":\"ListItem\",\"position\":3,\"name\":\"DERMOXEN VITEXYL GEL LUBRIFANT VAGINAL 20ML\"}]},{\"@type\":\"WebSite\",\"@id\":\"https:\/\/pharmadreams.shop\/#website\",\"url\":\"https:\/\/pharmadreams.shop\/\",\"name\":\"pharmadreams\",\"description\":\"Parapharmacie en ligne\",\"potentialAction\":[{\"@type\":\"SearchAction\",\"target\":{\"@type\":\"EntryPoint\",\"urlTemplate\":\"https:\/\/pharmadreams.shop\/?s={search_term_string}\"},\"query-input\":\"required name=search_term_string\"}],\"inLanguage\":\"fr-FR\"}]}<\/script>\n<!-- \/ Yoast SEO plugin. -->","yoast_head_json":{"title":"DERMOXEN VITEXYL GEL LUBRIFANT VAGINAL 20ML - pharmadreams","robots":{"index":"index","follow":"follow","max-snippet":"max-snippet:-1","max-image-preview":"max-image-preview:large","max-video-preview":"max-video-preview:-1"},"canonical":"https:\/\/pharmadreams.shop\/index.php\/product\/dermoxen-vitexyl-gel-lubrifant-vaginal-20ml\/","og_locale":"fr_FR","og_type":"article","og_title":"DERMOXEN VITEXYL GEL LUBRIFANT VAGINAL 20ML - pharmadreams","og_description":"DERMOXEN VITEXYL\u00a0est un gel lubrifiant avec des propri\u00e9t\u00e9s hydratantes, \u00e9mollientes et protectrices de la muqueuse vaginale. Gr\u00e2ce \u00e0 l\u2019action combin\u00e9e de ses actifs,\u00a0il cr\u00e9e un film protecteur \u00e0 l\u2019effet rafra\u00eechissant, \u00e9mollient et l\u00e9nitif. Equip\u00e9 d\u2019applicateurs monodose, faciles \u00e0 utiliser, il peut \u00eatre utilis\u00e9 en toute securit\u00e9.\u00a0Il aide \u00e0 combattre les probl\u00e8mes li\u00e9s \u00e0 la s\u00e9cheresse vaginale, quelle que soit son origine, en particulier en m\u00e9nopause et dans la p\u00e9riode qui la pr\u00e9c\u00e8de. Ne tache pas.  DERMOXEN VITEXYL gel lubrifiant vaginal est un dispositif m\u00e9dical. Lire la notice avant l\u2019utilisation du produit.","og_url":"https:\/\/pharmadreams.shop\/index.php\/product\/dermoxen-vitexyl-gel-lubrifant-vaginal-20ml\/","og_site_name":"pharmadreams","og_image":[{"width":500,"height":500,"url":"https:\/\/pharmadreams.shop\/wp-content\/uploads\/2024\/10\/dermoxen-vitexyl-gel-lubrifant-vaginal-20ml.webp","type":"image\/webp"}],"twitter_card":"summary_large_image","twitter_misc":{"Dur\u00e9e de lecture estim\u00e9e":"1 minute"},"schema":{"@context":"https:\/\/schema.org","@graph":[{"@type":"WebPage","@id":"https:\/\/pharmadreams.shop\/index.php\/product\/dermoxen-vitexyl-gel-lubrifant-vaginal-20ml\/","url":"https:\/\/pharmadreams.shop\/index.php\/product\/dermoxen-vitexyl-gel-lubrifant-vaginal-20ml\/","name":"DERMOXEN VITEXYL GEL LUBRIFANT VAGINAL 20ML - pharmadreams","isPartOf":{"@id":"https:\/\/pharmadreams.shop\/#website"},"primaryImageOfPage":{"@id":"https:\/\/pharmadreams.shop\/index.php\/product\/dermoxen-vitexyl-gel-lubrifant-vaginal-20ml\/#primaryimage"},"image":{"@id":"https:\/\/pharmadreams.shop\/index.php\/product\/dermoxen-vitexyl-gel-lubrifant-vaginal-20ml\/#primaryimage"},"thumbnailUrl":"https:\/\/pharmadreams.shop\/wp-content\/uploads\/2024\/10\/dermoxen-vitexyl-gel-lubrifant-vaginal-20ml.webp","datePublished":"2024-10-25T12:45:25+00:00","dateModified":"2024-10-25T12:45:25+00:00","breadcrumb":{"@id":"https:\/\/pharmadreams.shop\/index.php\/product\/dermoxen-vitexyl-gel-lubrifant-vaginal-20ml\/#breadcrumb"},"inLanguage":"fr-FR","potentialAction":[{"@type":"ReadAction","target":["https:\/\/pharmadreams.shop\/index.php\/product\/dermoxen-vitexyl-gel-lubrifant-vaginal-20ml\/"]}]},{"@type":"ImageObject","inLanguage":"fr-FR","@id":"https:\/\/pharmadreams.shop\/index.php\/product\/dermoxen-vitexyl-gel-lubrifant-vaginal-20ml\/#primaryimage","url":"https:\/\/pharmadreams.shop\/wp-content\/uploads\/2024\/10\/dermoxen-vitexyl-gel-lubrifant-vaginal-20ml.webp","contentUrl":"https:\/\/pharmadreams.shop\/wp-content\/uploads\/2024\/10\/dermoxen-vitexyl-gel-lubrifant-vaginal-20ml.webp","width":500,"height":500},{"@type":"BreadcrumbList","@id":"https:\/\/pharmadreams.shop\/index.php\/product\/dermoxen-vitexyl-gel-lubrifant-vaginal-20ml\/#breadcrumb","itemListElement":[{"@type":"ListItem","position":1,"name":"Accueil","item":"https:\/\/pharmadreams.shop\/"},{"@type":"ListItem","position":2,"name":"Shop","item":"https:\/\/pharmadreams.shop\/index.php\/shop\/"},{"@type":"ListItem","position":3,"name":"DERMOXEN VITEXYL GEL LUBRIFANT VAGINAL 20ML"}]},{"@type":"WebSite","@id":"https:\/\/pharmadreams.shop\/#website","url":"https:\/\/pharmadreams.shop\/","name":"pharmadreams","description":"Parapharmacie en ligne","potentialAction":[{"@type":"SearchAction","target":{"@type":"EntryPoint","urlTemplate":"https:\/\/pharmadreams.shop\/?s={search_term_string}"},"query-input":"required name=search_term_string"}],"inLanguage":"fr-FR"}]}},"_links":{"self":[{"href":"https:\/\/pharmadreams.shop\/index.php\/wp-json\/wp\/v2\/product\/18979","targetHints":{"allow":["GET"]}}],"collection":[{"href":"https:\/\/pharmadreams.shop\/index.php\/wp-json\/wp\/v2\/product"}],"about":[{"href":"https:\/\/pharmadreams.shop\/index.php\/wp-json\/wp\/v2\/types\/product"}],"replies":[{"embeddable":true,"href":"https:\/\/pharmadreams.shop\/index.php\/wp-json\/wp\/v2\/comments?post=18979"}],"version-history":[{"count":0,"href":"https:\/\/pharmadreams.shop\/index.php\/wp-json\/wp\/v2\/product\/18979\/revisions"}],"wp:featuredmedia":[{"embeddable":true,"href":"https:\/\/pharmadreams.shop\/index.php\/wp-json\/wp\/v2\/media\/18980"}],"wp:attachment":[{"href":"https:\/\/pharmadreams.shop\/index.php\/wp-json\/wp\/v2\/media?parent=18979"}],"wp:term":[{"taxonomy":"product_brand","embeddable":true,"href":"https:\/\/pharmadreams.shop\/index.php\/wp-json\/wp\/v2\/product_brand?post=18979"},{"taxonomy":"product_cat","embeddable":true,"href":"https:\/\/pharmadreams.shop\/index.php\/wp-json\/wp\/v2\/product_cat?post=18979"},{"taxonomy":"product_tag","embeddable":true,"href":"https:\/\/pharmadreams.shop\/index.php\/wp-json\/wp\/v2\/product_tag?post=18979"}],"curies":[{"name":"wp","href":"https:\/\/api.w.org\/{rel}","templated":true}]}}